{"id":19150,"date":"2021-07-07T11:35:23","date_gmt":"2021-07-07T09:35:23","guid":{"rendered":"https:\/\/smartvital.eu\/?page_id=19150"},"modified":"2021-07-09T11:23:06","modified_gmt":"2021-07-09T09:23:06","slug":"veroffentlichungen","status":"publish","type":"page","link":"https:\/\/smartvital.eu\/de\/publicaties\/","title":{"rendered":"Ver\u00f6ffentlichungen"},"content":{"rendered":"<div data-elementor-type=\"wp-page\" data-elementor-id=\"19150\" class=\"elementor elementor-19150\" data-elementor-post-type=\"page\">\n\t\t\t\t\t\t<section class=\"elementor-section elementor-top-section elementor-element elementor-element-193b61bf elementor-section-boxed elementor-section-height-default elementor-section-height-default\" data-id=\"193b61bf\" data-element_type=\"section\" data-e-type=\"section\" data-settings=\"{&quot;background_background&quot;:&quot;classic&quot;}\">\n\t\t\t\t\t\t<div class=\"elementor-container elementor-column-gap-default\">\n\t\t\t\t\t<div class=\"elementor-column elementor-col-100 elementor-top-column elementor-element elementor-element-4d8825ca\" data-id=\"4d8825ca\" data-element_type=\"column\" data-e-type=\"column\">\n\t\t\t<div class=\"elementor-widget-wrap elementor-element-populated\">\n\t\t\t\t\t\t<div class=\"elementor-element elementor-element-0d357ba elementor-grid-2 elementor-posts--thumbnail-none elementor-grid-tablet-2 elementor-grid-mobile-1 elementor-card-shadow-yes elementor-posts__hover-gradient elementor-widget elementor-widget-posts\" data-id=\"0d357ba\" data-element_type=\"widget\" data-e-type=\"widget\" data-settings=\"{&quot;cards_columns&quot;:&quot;2&quot;,&quot;cards_columns_tablet&quot;:&quot;2&quot;,&quot;cards_columns_mobile&quot;:&quot;1&quot;,&quot;cards_row_gap&quot;:{&quot;unit&quot;:&quot;px&quot;,&quot;size&quot;:35,&quot;sizes&quot;:[]},&quot;cards_row_gap_tablet&quot;:{&quot;unit&quot;:&quot;px&quot;,&quot;size&quot;:&quot;&quot;,&quot;sizes&quot;:[]},&quot;cards_row_gap_mobile&quot;:{&quot;unit&quot;:&quot;px&quot;,&quot;size&quot;:&quot;&quot;,&quot;sizes&quot;:[]}}\" data-widget_type=\"posts.cards\">\n\t\t\t\t<div class=\"elementor-widget-container\">\n\t\t\t\t\t\t\t<div class=\"elementor-posts-container elementor-posts elementor-posts--skin-cards elementor-grid\" role=\"list\">\n\t\t\t\t<article class=\"elementor-post elementor-grid-item post-19286 post type-post status-publish format-standard hentry category-publicaties\" role=\"listitem\">\n\t\t\t<div class=\"elementor-post__card\">\n\t\t\t\t<div class=\"elementor-post__text\">\n\t\t\t\t<h3 class=\"elementor-post__title\">\n\t\t\t<a href=\"https:\/\/smartvital.eu\/de\/lto3-natuurlijke-hulp-bij-concentratiestoornissen\/\" >\n\t\t\t\tLTO3: nat\u00fcrliche Hilfe bei Konzentrationsst\u00f6rungen\t\t\t<\/a>\n\t\t<\/h3>\n\t\t\t\t<div class=\"elementor-post__excerpt\">\n\t\t\t<p>Die Natur kann bei Hyperaktivit\u00e4t, Konzentrationsst\u00f6rungen, Stimmungsschwankungen und Schlafproblemen helfen. Apothekerin Monique Apon-Lim und Psychologin Scarlett Kooijmans erkl\u00e4ren, wie das funktioniert.<\/p>\n\t\t<\/div>\n\t\t\n\t\t<a class=\"elementor-post__read-more\" href=\"https:\/\/smartvital.eu\/de\/lto3-natuurlijke-hulp-bij-concentratiestoornissen\/\" aria-label=\"Mehr \u00fcber LTO3: natuurlijke hulp bij concentratiestoornissen\" tabindex=\"-1\" >\n\t\t\tMehr lesen \"\t\t<\/a>\n\n\t\t\t\t<\/div>\n\t\t\t\t\t<\/div>\n\t\t<\/article>\n\t\t\t\t<article class=\"elementor-post elementor-grid-item post-19238 post type-post status-publish format-standard has-post-thumbnail hentry category-publicaties\" role=\"listitem\">\n\t\t\t<div class=\"elementor-post__card\">\n\t\t\t\t<div class=\"elementor-post__text\">\n\t\t\t\t<h3 class=\"elementor-post__title\">\n\t\t\t<a href=\"https:\/\/smartvital.eu\/de\/kinderarts-gebruikt-lto3-als-natuurlijk-alternatief-voor-medicatie-bij-concentratiestoornissen\/\" >\n\t\t\t\tKinderarzt nutzt LTO3 als nat\u00fcrliche Alternative zu Medikamenten bei Konzentrationsst\u00f6rungen\t\t\t<\/a>\n\t\t<\/h3>\n\t\t\t\t<div class=\"elementor-post__excerpt\">\n\t\t\t<p>Sander Feith ist Kinderarzt, zuletzt \u00fcber 10 Jahre lang t\u00e4tig bei AllesKits, einem unabh\u00e4ngigen Behandlungszentrum in den Niederlanden mit drei Standorten f\u00fcr Kinder zwischen vier und 18 Jahren mit Lern-, Verhaltens- und Entwicklungsst\u00f6rungen, wie z.B. ADHS oder ADS. Er berichtet von den dortigen positiven Erfahrungen<\/p>\n\t\t<\/div>\n\t\t\n\t\t<a class=\"elementor-post__read-more\" href=\"https:\/\/smartvital.eu\/de\/kinderarts-gebruikt-lto3-als-natuurlijk-alternatief-voor-medicatie-bij-concentratiestoornissen\/\" aria-label=\"Mehr \u00fcber Kinderarts gebruikt LTO3 als natuurlijk alternatief voor medicatie bij concentratiestoornissen\" tabindex=\"-1\" >\n\t\t\tMehr lesen \"\t\t<\/a>\n\n\t\t\t\t<\/div>\n\t\t\t\t\t<\/div>\n\t\t<\/article>\n\t\t\t\t<\/div>\n\t\t\n\t\t\t\t\t\t<\/div>\n\t\t\t\t<\/div>\n\t\t\t\t\t<\/div>\n\t\t<\/div>\n\t\t\t\t\t<\/div>\n\t\t<\/section>\n\t\t\t\t<\/div>","protected":false},"excerpt":{"rendered":"","protected":false},"author":2094,"featured_media":0,"parent":0,"menu_order":0,"comment_status":"closed","ping_status":"closed","template":"","meta":{"_acf_changed":false,"footnotes":""},"class_list":["post-19150","page","type-page","status-publish","hentry"],"acf":[],"_links":{"self":[{"href":"https:\/\/smartvital.eu\/de\/wp-json\/wp\/v2\/pages\/19150","targetHints":{"allow":["GET"]}}],"collection":[{"href":"https:\/\/smartvital.eu\/de\/wp-json\/wp\/v2\/pages"}],"about":[{"href":"https:\/\/smartvital.eu\/de\/wp-json\/wp\/v2\/types\/page"}],"author":[{"embeddable":true,"href":"https:\/\/smartvital.eu\/de\/wp-json\/wp\/v2\/users\/2094"}],"replies":[{"embeddable":true,"href":"https:\/\/smartvital.eu\/de\/wp-json\/wp\/v2\/comments?post=19150"}],"version-history":[{"count":0,"href":"https:\/\/smartvital.eu\/de\/wp-json\/wp\/v2\/pages\/19150\/revisions"}],"wp:attachment":[{"href":"https:\/\/smartvital.eu\/de\/wp-json\/wp\/v2\/media?parent=19150"}],"curies":[{"name":"wp","href":"https:\/\/api.w.org\/{rel}","templated":true}]}}