{"id":59753,"date":"2025-05-12T13:31:17","date_gmt":"2025-05-12T11:31:17","guid":{"rendered":"https:\/\/smartvital.eu\/?page_id=59753"},"modified":"2025-05-19T13:57:21","modified_gmt":"2025-05-19T11:57:21","slug":"vielen-dank-fur-ihre-teilnahme-an-unserer-umfrage","status":"publish","type":"page","link":"https:\/\/smartvital.eu\/de\/bedankt-voor-het-invullen-van-onze-enquete\/","title":{"rendered":"Vielen Dank f\u00fcr Ihr Feedback!"},"content":{"rendered":"<div data-elementor-type=\"wp-page\" data-elementor-id=\"59753\" class=\"elementor elementor-59753\" data-elementor-post-type=\"page\">\n\t\t\t\t<div class=\"elementor-element elementor-element-b97f981 e-flex e-con-boxed e-con e-parent\" data-id=\"b97f981\" data-element_type=\"container\" data-e-type=\"container\">\n\t\t\t\t\t<div class=\"e-con-inner\">\n\t\t\t\t<div class=\"elementor-element elementor-element-b0f3944 elementor-widget elementor-widget-text-editor\" data-id=\"b0f3944\" data-element_type=\"widget\" data-e-type=\"widget\" data-widget_type=\"text-editor.default\">\n\t\t\t\t<div class=\"elementor-widget-container\">\n\t\t\t\t\t\t\t\t\t<p>Wie sch\u00f6n, dass Sie unsere Umfrage f\u00fcr die automatische Lieferung unserer Nahrungserg\u00e4nzungsmittel ausgef\u00fcllt haben.<\/p><p>Als Dankesch\u00f6n f\u00fcr Ihr Feedback bieten wir Ihnen diesen Rabattcode an:<\/p><p><strong>DANKE5<\/strong><\/p><p>Verwenden Sie ihn bei Ihrer n\u00e4chsten Bestellung f\u00fcr 5 \u20ac Rabatt!<\/p><p>Sobald es m\u00f6glich ist, LTO3 automatisch zu bestellen, werden Sie benachrichtigt.<\/p><p>Sie erhalten den Rabattcode auch in Ihrer Mailbox.<\/p><p>Bitte \u00fcberpr\u00fcfen Sie zur Sicherheit auch Ihren Spam- oder Werbeordner. Sollten Sie dort f\u00fcndig werden, akzeptieren Sie uns bitte gleich als bekannt, damit Sie unsere zuk\u00fcnftigen E-Mails korrekt erhalten.<\/p><p>Mit gesunden Gr\u00fc\u00dfen,<\/p><p>Das SmartVital-Team<\/p>\t\t\t\t\t\t\t\t<\/div>\n\t\t\t\t<\/div>\n\t\t\t\t\t<\/div>\n\t\t\t\t<\/div>\n\t\t\t\t<\/div>","protected":false},"excerpt":{"rendered":"<p>Wat leuk dat je onze enqu\u00eate voor het automatisch leveren van onze supplementen hebt ingevuld. Als waardering voor jouw feedback bieden we je graag deze kortingscode aan: BEDANKT5 Gebruik hem bij je volgende bestelling voor \u20ac 5,- korting! Zodra het mogelijk is LTO3 automatisch te bestellen krijg je hierover bericht. Je ontvangt de kortingscode ook [&hellip;]<\/p>\n","protected":false},"author":1,"featured_media":0,"parent":0,"menu_order":0,"comment_status":"closed","ping_status":"closed","template":"","meta":{"_acf_changed":false,"footnotes":""},"class_list":["post-59753","page","type-page","status-publish","hentry"],"acf":[],"_links":{"self":[{"href":"https:\/\/smartvital.eu\/de\/wp-json\/wp\/v2\/pages\/59753","targetHints":{"allow":["GET"]}}],"collection":[{"href":"https:\/\/smartvital.eu\/de\/wp-json\/wp\/v2\/pages"}],"about":[{"href":"https:\/\/smartvital.eu\/de\/wp-json\/wp\/v2\/types\/page"}],"author":[{"embeddable":true,"href":"https:\/\/smartvital.eu\/de\/wp-json\/wp\/v2\/users\/1"}],"replies":[{"embeddable":true,"href":"https:\/\/smartvital.eu\/de\/wp-json\/wp\/v2\/comments?post=59753"}],"version-history":[{"count":31,"href":"https:\/\/smartvital.eu\/de\/wp-json\/wp\/v2\/pages\/59753\/revisions"}],"predecessor-version":[{"id":60021,"href":"https:\/\/smartvital.eu\/de\/wp-json\/wp\/v2\/pages\/59753\/revisions\/60021"}],"wp:attachment":[{"href":"https:\/\/smartvital.eu\/de\/wp-json\/wp\/v2\/media?parent=59753"}],"curies":[{"name":"wp","href":"https:\/\/api.w.org\/{rel}","templated":true}]}}