{"id":8601,"date":"2021-03-05T09:19:57","date_gmt":"2021-03-05T09:19:57","guid":{"rendered":"https:\/\/smartvital.eu\/?page_id=8601"},"modified":"2021-03-12T13:31:10","modified_gmt":"2021-03-12T13:31:10","slug":"uber-smartvital","status":"publish","type":"page","link":"https:\/\/smartvital.eu\/de\/over-smartvital\/","title":{"rendered":"\u00dcber SmartVital"},"content":{"rendered":"<div data-elementor-type=\"wp-page\" data-elementor-id=\"8601\" class=\"elementor elementor-8601\" data-elementor-post-type=\"page\">\n\t\t\t\t\t\t<section class=\"elementor-section elementor-top-section elementor-element elementor-element-c46304c elementor-section-boxed elementor-section-height-default elementor-section-height-default\" data-id=\"c46304c\" data-element_type=\"section\" data-e-type=\"section\">\n\t\t\t\t\t\t<div class=\"elementor-container elementor-column-gap-default\">\n\t\t\t\t\t<div class=\"elementor-column elementor-col-100 elementor-top-column elementor-element elementor-element-973d143\" data-id=\"973d143\" data-element_type=\"column\" data-e-type=\"column\">\n\t\t\t<div class=\"elementor-widget-wrap elementor-element-populated\">\n\t\t\t\t\t\t<div class=\"elementor-element elementor-element-a3da6fe elementor-widget elementor-widget-text-editor\" data-id=\"a3da6fe\" data-element_type=\"widget\" data-e-type=\"widget\" data-widget_type=\"text-editor.default\">\n\t\t\t\t<div class=\"elementor-widget-container\">\n\t\t\t\t\t\t\t\t\t<p>Willkommen bei SmartVital, seit 2010 der offizielle und autorisierte Vertriebspartner Europas f\u00fcr die Naturprodukte von Herb-e-Concept.<\/p><p>Bei SmartVital sind wir bestrebt, Menschen mit unterschiedlichen Anspr\u00fcchen und Herausforderungen zu helfen, ihre Lebensqualit\u00e4t zu verbessern.<\/p><p>Wir nehmen nur gepr\u00fcfte Naturprodukte in unser Sortiment auf, die den h\u00f6chsten Anspr\u00fcchen an Qualit\u00e4t und Reinheit gen\u00fcgen. Alle Produkte werden von einem EU-zertifizierten Lebensmittelsachverst\u00e4ndigen und vereidigten Sachverst\u00e4ndigen f\u00fcr Lebensmittelrecht und Chemie gepr\u00fcft und zertifiziert.<\/p><p>SmartVital w\u00e4hlt Hersteller wie Herb-e-Concept aus, f\u00fcr die h\u00f6chste Produktqualit\u00e4t und die Interessen des Anwenders an erster Stelle stehen. Der Hersteller verwendet die reinsten und nat\u00fcrlichsten Inhaltsstoffe. Die Verarbeitung und Produktion erfolgt nach hohen pharmazeutischen GMP-Standards, die h\u00f6chstm\u00f6gliche Qualit\u00e4t und Sicherheit garantieren. Der Hersteller w\u00e4hlt Lieferanten aus, die f\u00fcr kompromisslos hohe, kontrollierte Qualit\u00e4t und \u00f6kologisches Handeln (Nachhaltigkeit) bei der Beschaffung von Rohstoffen stehen.<\/p><p>Wir k\u00f6nnen Sie kompetent zu unseren Produkten beraten und den bestm\u00f6glichen Service bieten, da wir in direktem Kontakt mit dem Lieferanten stehen.<\/p><p>Aufgrund der europ\u00e4ischen Health-Claims-Verordnung (EG) Nr. 1924\/2006, die am 14. Dezember 2012 in Kraft getreten ist, d\u00fcrfen wir keine detaillierten Angaben zu unseren Nahrungserg\u00e4nzungsmitteln und deren gesundheitlichen Auswirkungen machen. Weitere Informationen zu unseren Produkten erhalten Sie direkt beim Hersteller und in den einschl\u00e4gigen Foren und Informationsportalen.<\/p><p>Ihre Anregungen, Hinweise und Kommentare sind daher jederzeit willkommen. Sie erreichen uns \u00fcber die <a href=\"https:\/\/smartvital.eu\/de\/kontakt\/\">Kontakt-Formular<\/a>.<\/p><p>Ihr SmartVital-Team<\/p>\t\t\t\t\t\t\t\t<\/div>\n\t\t\t\t<\/div>\n\t\t\t\t\t<\/div>\n\t\t<\/div>\n\t\t\t\t\t<\/div>\n\t\t<\/section>\n\t\t\t\t<\/div>","protected":false},"excerpt":{"rendered":"<p>Hartelijk welkom bij SmartVital,\u00a0sinds 2010 de offici\u00eble en geautoriseerde distribiteur van Europa voor de natuurlijke producten van Herb-e-Concept. Bij SmartVital streven wij ernaar om mensen met verschillende eisen en uitdagingen te helpen hun kwaliteit van leven te verbeteren. We nemen uitsluitend natuurlijke producten op in ons assortiment die gecontroleerd zijn en voldoen aan de hoogste [&hellip;]<\/p>\n","protected":false},"author":1,"featured_media":0,"parent":0,"menu_order":0,"comment_status":"closed","ping_status":"closed","template":"","meta":{"_acf_changed":false,"footnotes":""},"class_list":["post-8601","page","type-page","status-publish","hentry"],"acf":[],"_links":{"self":[{"href":"https:\/\/smartvital.eu\/de\/wp-json\/wp\/v2\/pages\/8601","targetHints":{"allow":["GET"]}}],"collection":[{"href":"https:\/\/smartvital.eu\/de\/wp-json\/wp\/v2\/pages"}],"about":[{"href":"https:\/\/smartvital.eu\/de\/wp-json\/wp\/v2\/types\/page"}],"author":[{"embeddable":true,"href":"https:\/\/smartvital.eu\/de\/wp-json\/wp\/v2\/users\/1"}],"replies":[{"embeddable":true,"href":"https:\/\/smartvital.eu\/de\/wp-json\/wp\/v2\/comments?post=8601"}],"version-history":[{"count":0,"href":"https:\/\/smartvital.eu\/de\/wp-json\/wp\/v2\/pages\/8601\/revisions"}],"wp:attachment":[{"href":"https:\/\/smartvital.eu\/de\/wp-json\/wp\/v2\/media?parent=8601"}],"curies":[{"name":"wp","href":"https:\/\/api.w.org\/{rel}","templated":true}]}}