{"id":8661,"date":"2021-03-05T10:04:08","date_gmt":"2021-03-05T10:04:08","guid":{"rendered":"https:\/\/smartvital.eu\/?page_id=8661"},"modified":"2021-03-11T17:13:30","modified_gmt":"2021-03-11T17:13:30","slug":"allgemeine-geschaftsbedingungen","status":"publish","type":"page","link":"https:\/\/smartvital.eu\/de\/algemene-voorwaarden\/","title":{"rendered":"Allgemeine Bedingungen und Konditionen"},"content":{"rendered":"<div data-elementor-type=\"wp-page\" data-elementor-id=\"8661\" class=\"elementor elementor-8661\" data-elementor-post-type=\"page\">\n\t\t\t\t\t\t<section class=\"elementor-section elementor-top-section elementor-element elementor-element-703c390 elementor-section-boxed elementor-section-height-default elementor-section-height-default\" data-id=\"703c390\" data-element_type=\"section\" data-e-type=\"section\">\n\t\t\t\t\t\t<div class=\"elementor-container elementor-column-gap-default\">\n\t\t\t\t\t<div class=\"elementor-column elementor-col-100 elementor-top-column elementor-element elementor-element-aabeef1\" data-id=\"aabeef1\" data-element_type=\"column\" data-e-type=\"column\">\n\t\t\t<div class=\"elementor-widget-wrap elementor-element-populated\">\n\t\t\t\t\t\t<div class=\"elementor-element elementor-element-b81870c elementor-widget elementor-widget-text-editor\" data-id=\"b81870c\" data-element_type=\"widget\" data-e-type=\"widget\" data-widget_type=\"text-editor.default\">\n\t\t\t\t<div class=\"elementor-widget-container\">\n\t\t\t\t\t\t\t\t\t<p>I. Allgemeine Gesch\u00e4ftsbedingungen (AGB)<\/p><p>\u00a7 1 Grundlegende Dienste<\/p><p>(1) Die nachstehenden Gesch\u00e4ftsbedingungen gelten f\u00fcr alle Vertr\u00e4ge, die Sie mit uns als Anbieter (SmartVital B.V.) \u00fcber die Internetseite www.smartvital.eu schlie\u00dfen. Soweit nicht anders vereinbart, wird der Einbeziehung der von Ihnen verwendeten eigenen Bedingungen gegebenenfalls widersprochen.<\/p><p>(2) Ein Verbraucher ist jede nat\u00fcrliche Person, die bei Abschluss eines Rechtsgesch\u00e4fts nicht in Aus\u00fcbung ihrer gewerblichen oder beruflichen T\u00e4tigkeit handelt. Ein Wirtschaftsteilnehmer ist jede nat\u00fcrliche oder juristische Person oder Personengesellschaft, die im Rahmen eines Rechtsgesch\u00e4fts im Namen ihrer selbst\u00e4ndigen beruflichen oder gewerblichen T\u00e4tigkeit handelt.<\/p><p>\u00a7 2 Zustandekommen des Vertrages<\/p><p>(1) Gegenstand des Vertrages ist der Verkauf von Waren.<\/p><p>(2) Bereits mit der Einstellung des jeweiligen Produkts auf unserer Website geben wir Ihnen ein verbindliches Angebot zum Abschluss eines Kaufvertrages zu den in der Produktbeschreibung genannten Konditionen ab.<\/p><p>(3) Der Kaufvertrag kommt \u00fcber das Online-Warenkorbsystem wie folgt zustande: Die zum Kauf beabsichtigte Ware wird in den \"Warenkorb\" gelegt. \u00dcber die entsprechenden Schaltfl\u00e4chen in der Navigationsleiste k\u00f6nnen Sie jederzeit auf den Warenkorb zugreifen und \u00c4nderungen vornehmen. Nach Aufruf der Seite \"Kasse\" und Eingabe der pers\u00f6nlichen Daten sowie der Zahlungs- und Versandbedingungen werden die Bestelldaten auf der Bestell\u00fcbersichtsseite nochmals angezeigt. Wenn Sie eine Direktzahlungsmethode (z.B. PayPal Express, Amazon Payments, Postpay, Direkt\u00fcberweisung) als Zahlungsmethode verwenden, werden Sie entweder zur Bestell\u00fcbersicht in unserem Online-Shop weitergeleitet oder Sie werden zun\u00e4chst auf die Website des Anbieters der Direktzahlungsmethode weitergeleitet. Wenn Sie auf die entsprechende Direktzahlungsmethode weitergeleitet werden, treffen Sie bitte die entsprechende Auswahl oder geben Sie Ihre Daten ein. Abschlie\u00dfend gelangen Sie zur\u00fcck zur Bestell\u00fcbersicht in unserem Online-Shop. Vor dem Absenden der Bestellung haben Sie hier die M\u00f6glichkeit, alle Angaben nochmals zu \u00fcberpr\u00fcfen, \u00c4nderungen vorzunehmen (auch \u00fcber die \"Zur\u00fcck\"-Funktion Ihres Internet-Browsers) oder den Kauf abzubrechen. Mit dem Absenden der Bestellung \u00fcber den Button \"zahlungspflichtig bestellen\" erkl\u00e4ren Sie die rechtsverbindliche Annahme des Angebots, wodurch der Kaufvertrag zustande kommt.<\/p><p>(4) Die Abwicklung der Bestellung und die \u00dcbersendung aller notwendigen Informationen im Zusammenhang mit dem Vertragsschluss erfolgt teilweise automatisiert per E-Mail. Dazu m\u00fcssen Sie sicherstellen, dass die uns bekannte E-Mail-Adresse korrekt ist und dass der Empfang der von uns versandten E-Mail gew\u00e4hrleistet ist, insbesondere nicht durch den Spam-Filter blockiert wird.<\/p><p>\u00a7 3 Zur\u00fcckbehaltungsrecht, Eigentumsvorbehalt<\/p><p>(1) Sie k\u00f6nnen ein Zur\u00fcckbehaltungsrecht nur aus\u00fcben, soweit es sich auf Anspr\u00fcche aus demselben Vertragsverh\u00e4ltnis bezieht.<\/p><p>(2) Die Ware bleibt bis zur vollst\u00e4ndigen Bezahlung des Kaufpreises unser Eigentum.<\/p><p>(3) Wenn Sie Unternehmer sind, gilt Folgendes:<\/p><p>a) Wir behalten uns das Eigentum an der Ware bis zur vollst\u00e4ndigen Bezahlung der Forderungen aus der laufenden Gesch\u00e4ftsbeziehung vor. Vor \u00dcbergang des Eigentums an der Ware ist eine Verpf\u00e4ndung oder eine sogenannte \"Sicherheits\u00fcbereignung\" unzul\u00e4ssig.<\/p><p>b) Sie d\u00fcrfen die Ware im normalen Gesch\u00e4ftsverkehr weiterverkaufen. In diesem Fall m\u00fcssen Sie uns bereits jetzt alle Forderungen in H\u00f6he des Rechnungsbetrages abtreten, die Ihnen aus der Weiterver\u00e4u\u00dferung erwachsen, sofern wir die Abtretung annehmen. Sie sind weiterhin zur Einziehung der Forderung berechtigt. Wenn Sie Ihren Zahlungsverpflichtungen nicht nachkommen, behalten wir uns vor, die Forderung selbst einzuziehen.<\/p><p>c) Bei Verbindung und Vermischung der Waren erwerben wir Miteigentum an der neuen Sache im Verh\u00e4ltnis des Rechnungswertes der Waren zu den anderen verarbeiteten Waren zur Zeit der Verarbeitung.<\/p><p>(d) Wir verpflichten uns, die uns zustehenden Sicherheiten auf Ihr Verlangen insoweit freizugeben, als der realisierbare Wert unserer Sicherheiten die zu sichernden Forderungen um mehr als 10% \u00fcbersteigt. Die Auswahl der freizugebenden Sicherheiten liegt bei uns.<\/p><p>\u00a7Gew\u00e4hrleistung<\/p><p>(1) Es bestehen die gesetzlichen Gew\u00e4hrleistungsrechte.<\/p><p>(2) Als Verbraucher werden Sie gebeten, die Ware sofort nach Anlieferung auf Vollst\u00e4ndigkeit, sichtbare M\u00e4ngel und Besch\u00e4digungen zu \u00fcberpr\u00fcfen und etwaige Beanstandungen sowohl uns als auch dem Transporteur schnellstm\u00f6glich mitzuteilen. Andernfalls wird Ihr gesetzlicher Gew\u00e4hrleistungsanspruch nicht beeintr\u00e4chtigt.<\/p><p>(3) Wenn Sie Unternehmer sind, gelten andere Gew\u00e4hrleistungsbestimmungen:<\/p><p>a) Als Beschaffenheit der Ware gelten nur unsere eigenen Angaben und die Produktbeschreibung des Herstellers als vereinbart, nicht jedoch sonstige Werbung, \u00f6ffentliche Preise und Herstellerangaben.<\/p><p>b) Im Falle von M\u00e4ngeln leisten wir nach unserer Wahl Gew\u00e4hr durch Nachbesserung oder Nachlieferung. Schl\u00e4gt die Nachbesserung fehl, so k\u00f6nnen Sie nach Ihrer Wahl Herabsetzung der Verg\u00fctung oder R\u00fcckg\u00e4ngigmachung des Vertrages verlangen. Die Nachbesserung erfolgt nach einem erfolglosen zweiten Versuch, wenn sich nicht aus der Art der Ware oder des Mangels oder den sonstigen Umst\u00e4nden etwas anderes ergibt. Im Falle der Nachbesserung haben wir nicht die erh\u00f6hten Kosten zu tragen, die dadurch entstehen, dass die Ware nach einem anderen Ort als dem Erf\u00fcllungsort verbracht wird, sofern die Verbringung nicht dem bestimmungsgem\u00e4\u00dfen Gebrauch der Ware entspricht.<\/p><p>c) Die Gew\u00e4hrleistungsfrist betr\u00e4gt ein Jahr ab dem Datum der Lieferung. Die verk\u00fcrzte Frist gilt nicht: bei uns zurechenbaren Sch\u00e4den aus der Verletzung des Lebens, des K\u00f6rpers oder der Gesundheit und bei sonstigen Sch\u00e4den, die wir vors\u00e4tzlich oder grob fahrl\u00e4ssig verursacht haben; wenn wir den Mangel arglistig verschwiegen oder eine Garantie f\u00fcr die Beschaffenheit der Ware \u00fcbernommen haben; bei einer Ware, die entsprechend ihrer \u00fcblichen Verwendungsweise f\u00fcr ein Bauwerk verwendet worden ist und den Mangel verursacht hat; bei gesetzlichen R\u00fcckgriffsanspr\u00fcchen, die Sie im Zusammenhang mit Gew\u00e4hrleistungsrechten gegen uns haben.<\/p><p>\u00a7 5 Rechtswahl, Zahlungsort, Gerichtsstand<\/p><p>(1) Es gilt deutsches Recht. F\u00fcr Verbraucher gilt diese Rechtswahl nur insoweit, als nicht der gew\u00e4hrte Schutz durch zwingende Bestimmungen des Rechts des Staates, in dem der Verbraucher seinen gew\u00f6hnlichen Aufenthalt hat, entzogen wird (Grundsatz von Treu und Glauben).<\/p><p>(2) Erf\u00fcllungsort f\u00fcr alle Leistungen aus den mit uns bestehenden Gesch\u00e4ftsbeziehungen sowie Gerichtsstand ist unser Sitz, soweit Sie nicht Verbraucher, sondern Kaufmann, eine juristische Person des \u00f6ffentlichen Rechts oder ein \u00f6ffentlich-rechtliches Sonderverm\u00f6gen sind. Dasselbe gilt, wenn Sie keinen allgemeinen Gerichtsstand in \u00d6sterreich oder der EU haben oder Ihr Wohnsitz oder gew\u00f6hnlicher Aufenthalt zum Zeitpunkt der Klageerhebung nicht bekannt ist. Das Recht, an einem anderen gesetzlichen Gerichtsstand zu klagen, bleibt hiervon unber\u00fchrt.<\/p><p>(3) Die Bestimmungen des US-Kaufrechts finden ausdr\u00fccklich keine Anwendung.<\/p><p>\u00a7 6 Wiederverk\u00e4ufer<\/p><p>(1) F\u00fcr Wiederverk\u00e4ufer gelten andere Preis- und Lieferbedingungen. Ein Eintrag in der Handelskammer ist erforderlich. Auf Wunsch senden wir Ihnen die entsprechenden Angebote zu. SmartVital beh\u00e4lt sich das Recht vor, die Preise jederzeit anzupassen. SmartVital ist dabei bem\u00fcht, aber nicht verpflichtet, die Wiederverk\u00e4ufer 3 Monate im Voraus \u00fcber eine beabsichtigte Anpassung zu informieren.<\/p><p>(2) Mit jeder von uns angenommenen Bestellung eines Wiederverk\u00e4ufers kommt ein gesonderter Vertrag zwischen uns und dem Wiederverk\u00e4ufer zustande. Es handelt sich ausdr\u00fccklich nicht um einen langfristigen Vertrag und der Wiederverk\u00e4ufer nimmt zur Kenntnis und akzeptiert, dass er auf jegliche Anspr\u00fcche diesbez\u00fcglich verzichtet.<\/p><p>(3) Wir sind berechtigt, die Belieferung eines Wiederverk\u00e4ufers jederzeit ohne Einhaltung einer K\u00fcndigungsfrist zu beenden, ohne zur Zahlung von Schadensersatz verpflichtet zu sein. Sollte aus irgendeinem Grund im Einzelfall eine K\u00fcndigungsfrist angemessen sein, so gilt eine K\u00fcndigungsfrist von h\u00f6chstens 6 Monaten als angemessen und der Wiederverk\u00e4ufer verzichtet auf weitere oder andere Anspr\u00fcche.<\/p><p>II. Kundeninformation<\/p><p>1. Identit\u00e4t des Verk\u00e4ufers<\/p><p>SmartVital B.V.<br \/>Markt 14<br \/>6211CJ Maastricht<br \/>Niederlande<br \/>Telefon: 31 43 328 1787 (<strong>Hinweis<\/strong>: Nur Management -\u00a0<strong>Kein Telefon-Service-Support<\/strong>\u00a0<strong><u>und<\/u>\u00a0begeisterter Verk\u00e4ufer<\/strong>)<br \/>Service und Fragen nur \u00fcber unsere E-Mail-Hotline unter:\u00a0<a href=\"mailto:vragen@smartvital.eu?subject=Vraag%20%5BNL%5D%20-\">vragen@smartvital.eu<\/a><\/p><p>Alternative Streitbeilegung:<br \/>Die Europ\u00e4ische Kommission hat eine Plattform f\u00fcr die Online-Beilegung von Verbraucherstreitigkeiten ohne Einschaltung eines Gerichts (OS-Plattform) eingerichtet, abrufbar unter\u00a0<a href=\"https:\/\/ec.europa.eu\/odr\" target=\"_blank\" rel=\"noopener\">https:\/\/ec.europa.eu\/odr<\/a>.<\/p><p>2. Informationen zum Zustandekommen des Vertrages<\/p><p>Die technischen Schritte zum Vertragsabschluss, der Vertragsabschluss selbst und die Korrekturm\u00f6glichkeiten richten sich nach den Regelungen - Vertragsabschluss - in unseren Allgemeinen Gesch\u00e4ftsbedingungen (Teil I.).<\/p><p>3. Sprache des Vertrages, au\u00dfer dem Vertragstext<\/p><p>3.1 Die Vertragssprache ist Deutsch.<\/p><p>3.2 Der vollst\u00e4ndige Vertragstext wird von uns nicht gespeichert. Vor dem Absenden der Bestellung \u00fcber das Online-Warenkorbsystem k\u00f6nnen die Vertragsdaten \u00fcber die Druckfunktion des Browsers ausgedruckt oder elektronisch gespeichert werden. Nach Eingang der Bestellung bei uns werden Ihnen die Bestelldaten, die gesetzlich vorgeschriebenen Informationen f\u00fcr Fernabsatzvertr\u00e4ge und die Allgemeinen Gesch\u00e4ftsbedingungen noch einmal per E-Mail zugesandt.<\/p><p>4. Wesentliche Merkmale der Ware oder Dienstleistung<\/p><p>Die wesentlichen Merkmale\/Bedingungen der Waren und\/oder Dienstleistungen k\u00f6nnen dem jeweiligen Angebot entnommen werden.<\/p><p>5. Preise und Zahlungsm\u00f6glichkeiten<\/p><p>5.1 Die in den jeweiligen Angeboten ausgewiesenen Preise und Versandkosten stellen den Gesamtpreis dar. Sie enthalten alle Preisbestandteile, einschlie\u00dflich aller anfallenden Steuern.<\/p><p>5.2 Die Versandkosten sind nicht im Kaufpreis enthalten. Sie sind \u00fcber eine entsprechende Schaltfl\u00e4che auf unserer Internetseite oder im jeweiligen Angebot abrufbar, werden im Laufe des Bestellvorgangs gesondert ausgewiesen und werden Ihnen zus\u00e4tzlich in Rechnung gestellt, sofern nicht eine kostenfreie Lieferung zugesagt ist.<\/p><p>5.3 Bei Lieferungen in L\u00e4nder au\u00dferhalb der Europ\u00e4ischen Union k\u00f6nnen zus\u00e4tzliche, von uns nicht zu vertretende Kosten wie Z\u00f6lle, Steuern oder Geldtransfers (\u00dcberweisungs- oder Wechselgeb\u00fchren von Kreditinstituten) anfallen, die Sie selbst tragen m\u00fcssen. Auch wenn die Ware in ein EU-Land geliefert wird, die Zahlung aber au\u00dferhalb der Europ\u00e4ischen Union erfolgt, m\u00fcssen Sie die Geb\u00fchren f\u00fcr den Geldtransfer tragen.<\/p><p>5.4 Die zur Verf\u00fcgung stehenden Zahlungsarten sind unter einer entsprechend gekennzeichneten Schaltfl\u00e4che auf unserer Internetseite oder im jeweiligen Angebot aufgef\u00fchrt.<\/p><p>5.5 Soweit nicht anders angegeben, sind die Forderungen aus dem abgeschlossenen Vertrag sofort zur Zahlung f\u00e4llig.<\/p><p>6. Lieferbedingungen<\/p><p>6.1 Die Lieferbedingungen, die Lieferfrist und eventuell bestehende Lieferbeschr\u00e4nkungen finden Sie unter einem entsprechend gekennzeichneten Button auf unserer Internetseite oder im jeweiligen Angebot.<\/p><p>6.2 Soweit Sie Verbraucher sind, geht die Gefahr des zuf\u00e4lligen Untergangs und der zuf\u00e4lligen Verschlechterung der verkauften Ware mit der \u00dcbergabe der Ware auf Sie \u00fcber, unabh\u00e4ngig davon, ob die Sendung versichert oder unversichert ist. Dies gilt nicht, wenn Sie selbst ein Transportunternehmen oder eine andere nicht von uns beauftragte Person mit der Lieferung beauftragt haben.<\/p><p>Wenn Sie Unternehmer sind, dann erfolgt die Lieferung und der Versand auf Ihre Gefahr.<\/p><p>7. Gesetzliche Gew\u00e4hrleistungsrechte<\/p><p>Die Haftung f\u00fcr M\u00e4ngel richtet sich nach der Regelung \"Gew\u00e4hrleistung\" in unseren Allgemeinen Gesch\u00e4ftsbedingungen (Teil I).<\/p><p>Diese AGB und Kundeninformationen wurden von auf IT-Recht spezialisierten Juristen des H\u00e4ndlerbundes erstellt und werden st\u00e4ndig auf ihre Rechtskonformit\u00e4t \u00fcberpr\u00fcft. Die H\u00e4ndlerbund Management AG garantiert die Rechtssicherheit der Texte und haftet im Falle eines Rechtsstreits. Weitere Informationen finden Sie unter<br \/><a href=\"http:\/\/www.haendlerbund.de\/agb-service\" target=\"_blank\" rel=\"noopener\">http:\/\/www.haendlerbund.de\/agb-service<\/a>.<\/p><p>Letzte Aktualisierung: 31.12.2019<\/p>\t\t\t\t\t\t\t\t<\/div>\n\t\t\t\t<\/div>\n\t\t\t\t\t<\/div>\n\t\t<\/div>\n\t\t\t\t\t<\/div>\n\t\t<\/section>\n\t\t\t\t<\/div>","protected":false},"excerpt":{"rendered":"<p>I. Algemene voorwaarden \u00a7 1 Basisvoorzieningen (1) De onderstaande voorwaarden gelden voor alle contracten, die u met ons als aanbieder (SmartVital B.V.) via de website www.smartvital.eu aangaat. Tenzij anders overeengekomen, wordt indien nodig de integratie van de door u gebruikte eigen voorwaarden tegengesproken. (2) Een verbruiker is elke natuurlijke persoon met het oog op een [&hellip;]<\/p>\n","protected":false},"author":1,"featured_media":0,"parent":0,"menu_order":0,"comment_status":"closed","ping_status":"closed","template":"","meta":{"_acf_changed":false,"footnotes":""},"class_list":["post-8661","page","type-page","status-publish","hentry"],"acf":[],"_links":{"self":[{"href":"https:\/\/smartvital.eu\/de\/wp-json\/wp\/v2\/pages\/8661","targetHints":{"allow":["GET"]}}],"collection":[{"href":"https:\/\/smartvital.eu\/de\/wp-json\/wp\/v2\/pages"}],"about":[{"href":"https:\/\/smartvital.eu\/de\/wp-json\/wp\/v2\/types\/page"}],"author":[{"embeddable":true,"href":"https:\/\/smartvital.eu\/de\/wp-json\/wp\/v2\/users\/1"}],"replies":[{"embeddable":true,"href":"https:\/\/smartvital.eu\/de\/wp-json\/wp\/v2\/comments?post=8661"}],"version-history":[{"count":0,"href":"https:\/\/smartvital.eu\/de\/wp-json\/wp\/v2\/pages\/8661\/revisions"}],"wp:attachment":[{"href":"https:\/\/smartvital.eu\/de\/wp-json\/wp\/v2\/media?parent=8661"}],"curies":[{"name":"wp","href":"https:\/\/api.w.org\/{rel}","templated":true}]}}