{"id":8663,"date":"2021-03-05T10:04:25","date_gmt":"2021-03-05T10:04:25","guid":{"rendered":"https:\/\/smartvital.eu\/?page_id=8663"},"modified":"2023-06-20T11:33:18","modified_gmt":"2023-06-20T09:33:18","slug":"ruckgabepolitik","status":"publish","type":"page","link":"https:\/\/smartvital.eu\/de\/verzend-retourbeleid\/","title":{"rendered":"Versand &amp; R\u00fcckgabebedingungen"},"content":{"rendered":"<div data-elementor-type=\"wp-page\" data-elementor-id=\"8663\" class=\"elementor elementor-8663\" data-elementor-post-type=\"page\">\n\t\t\t\t\t\t<section class=\"elementor-section elementor-top-section elementor-element elementor-element-63c9483 elementor-section-boxed elementor-section-height-default elementor-section-height-default\" data-id=\"63c9483\" data-element_type=\"section\" data-e-type=\"section\">\n\t\t\t\t\t\t<div class=\"elementor-container elementor-column-gap-default\">\n\t\t\t\t\t<div class=\"elementor-column elementor-col-100 elementor-top-column elementor-element elementor-element-7354fcb\" data-id=\"7354fcb\" data-element_type=\"column\" data-e-type=\"column\">\n\t\t\t<div class=\"elementor-widget-wrap elementor-element-populated\">\n\t\t\t\t\t\t<div class=\"elementor-element elementor-element-00e92c2 elementor-widget elementor-widget-text-editor\" data-id=\"00e92c2\" data-element_type=\"widget\" data-e-type=\"widget\" data-widget_type=\"text-editor.default\">\n\t\t\t\t<div class=\"elementor-widget-container\">\n\t\t\t\t\t\t\t\t\t<div style=\"overflow-x: auto;\"><p>Wenn Sie in den Niederlanden oder in Deutschland wohnen, erhalten Sie Ihre Bestellung in der Regel 1-4 Arbeitstage nach der Bestellung. Unmittelbar nach dem Versand Ihres Pakets erhalten Sie eine Versandbest\u00e4tigung per E-Mail mit einer \"Tracking-Nummer\", so dass Sie schnell sehen k\u00f6nnen, wo sich Ihre Bestellung befindet.<\/p><p>In anderen L\u00e4ndern betr\u00e4gt die Lieferzeit normalerweise 4-6 Arbeitstage.<\/p><p>Nachfolgend finden Sie eine \u00dcbersicht der Versandkosten und Lieferzeiten pro Land.<\/p><table style=\"text-align: left; height: 470px;\" border=\"1\" cellspacing=\"1\" cellpadding=\"1\"><tbody><tr><td style=\"background-color: #c0c0c0; font-weight: bold; width: 95px; height: 56px; text-align: center;\">Land<\/td><td style=\"background-color: #c0c0c0; font-weight: bold; text-align: center; width: 120px; height: 56px;\">Kosten f\u00fcr den Versand<br \/><span id=\"result_box\" class=\"short_text\" lang=\"nl\"><span class=\"hps\">Standard<\/span> <\/span><\/td><td style=\"background-color: #c0c0c0; font-weight: bold; text-align: center; width: 135px; height: 56px;\"><span id=\"result_box\" class=\"short_text\" lang=\"nl\"><span class=\"hps\">Regelm\u00e4\u00dfig<\/span> <span class=\"hps\">Lieferfrist<\/span> <\/span> <small> <small>*1*2<\/small> <\/small><\/td><td style=\"font-weight: bold; background-color: #bec0be; text-align: center; width: 110px; height: 56px;\">Option<br \/>Nachverfolgung <small> <small>*3<\/small> <\/small><\/td><td style=\"font-weight: bold; background-color: #bec0be; text-align: center; width: 110px; height: 56px;\"><span style=\"color: #008000;\">Kostenloser Versand ab Bestellwert<\/span><\/td><\/tr><tr><td style=\"color: #070300; height: 40px; font-weight: bold;\">Deutschland<\/td><td style=\"text-align: center; color: #000600; height: 40px;\">4,90 \u20ac<\/td><td style=\"text-align: center; color: #009900; height: 40px; font-weight: bold;\">1-4 Arbeitstage<\/td><td style=\"font-weight: bold; color: #009900; text-align: center; height: 40px;\">\u2713<\/td><td style=\"font-weight: bold; color: #009900; text-align: center; height: 40px;\">50 \u20ac<\/td><\/tr><tr><td style=\"color: #070300; height: 40px; font-weight: bold;\">Niederlande<\/td><td style=\"text-align: center; color: #000600; height: 40px;\">4,90 \u20ac<\/td><td style=\"text-align: center; color: #009900; height: 40px; font-weight: bold;\">1-4 Arbeitstage<\/td><td style=\"font-weight: bold; color: #009900; text-align: center; height: 40px;\">\u2713<\/td><td style=\"font-weight: bold; color: #009900; text-align: center; height: 40px;\">50 \u20ac<\/td><\/tr><tr><td style=\"color: #070300; height: 40px; font-weight: bold;\">Belgien<\/td><td style=\"text-align: center; color: #000600; height: 40px;\">4,90 \u20ac<\/td><td style=\"text-align: center; color: #009900; height: 40px; font-weight: bold;\">1-4 Arbeitstage<\/td><td style=\"font-weight: bold; color: #009900; text-align: center; height: 40px;\">\u2713<\/td><td style=\"font-weight: bold; color: #009900; text-align: center; height: 40px;\">50 \u20ac<\/td><\/tr><tr><td style=\"color: #070300; height: 40px; font-weight: bold;\"><span id=\"result_box\" class=\"short_text\" lang=\"nl\"><span class=\"hps\">\u00d6sterreich<\/span> <\/span><\/td><td style=\"text-align: center; color: #000600; height: 40px;\">4,90 \u20ac<\/td><td style=\"text-align: center; color: #009900; height: 40px; font-weight: bold;\">1-4 Arbeitstage<\/td><td style=\"font-weight: bold; color: #009900; text-align: center; height: 40px;\">\u2713<\/td><td style=\"font-weight: bold; color: #009900; text-align: center; height: 40px;\">50 \u20ac<\/td><\/tr><tr><td style=\"color: #070300; height: 40px; font-weight: bold;\"><span id=\"result_box\" class=\"short_text\" lang=\"nl\"><span class=\"hps\">Schweiz<\/span> <\/span><\/td><td style=\"text-align: center; color: #000500; height: 40px;\">4,90 \u20ac<\/td><td style=\"text-align: center; height: 40px;\">4-5 Arbeitstage<\/td><td style=\"text-align: center; height: 40px;\">-<\/td><td style=\"text-align: center; height: 40px;\"><strong><span style=\"color: #008000;\">50 \u20ac<\/span> <\/strong><\/td><\/tr><tr><td style=\"color: #070300; height: 40px; font-weight: bold;\"><span id=\"result_box\" class=\"short_text\" lang=\"nl\"><span class=\"hps\">Italien<\/span> <\/span><\/td><td style=\"text-align: center; height: 40px;\">4,90 \u20ac<\/td><td style=\"text-align: center; height: 40px;\">4-6 Arbeitstage<\/td><td style=\"text-align: center; height: 40px;\">-<\/td><td style=\"text-align: center; height: 40px;\"><strong><span style=\"color: #008000;\">50 \u20ac<\/span> <\/strong><\/td><\/tr><tr><td style=\"height: 40px; font-weight: bold;\"><span id=\"result_box\" class=\"short_text\" lang=\"nl\"><span class=\"hps\">Andere<\/span> <span class=\"hps atn\">EU<\/span> L\u00e4nder <\/span><\/td><td style=\"text-align: center; height: 40px;\">4,90 \u20ac<\/td><td style=\"text-align: center; height: 40px;\">4-6 Arbeitstage<\/td><td style=\"text-align: center; height: 40px;\"><span id=\"result_box\" class=\"short_text\" lang=\"nl\"><span class=\"hps\">auf Anforderung<\/span> <\/span><\/td><td style=\"text-align: center; height: 40px;\">\u00a0auf Anforderung<\/td><\/tr><tr><td style=\"height: 40px;\"><span style=\"font-weight: bold;\">Andere L\u00e4nder<\/span><\/td><td style=\"text-align: center; height: 40px;\"><span id=\"result_box\" class=\"short_text\" lang=\"nl\"><span class=\"hps\">auf Anforderung<\/span> <\/span><\/td><td style=\"text-align: center; height: 40px;\"><span id=\"result_box\" class=\"short_text\" lang=\"nl\"><span class=\"hps\">auf Anforderung<\/span> <\/span><\/td><td style=\"text-align: center; height: 40px;\"><span id=\"result_box\" class=\"short_text\" lang=\"nl\"><span class=\"hps\">auf Anforderung<\/span> <\/span><\/td><td style=\"text-align: center; height: 40px;\">auf Anforderung<\/td><\/tr><\/tbody><\/table><\/div><p>*<strong>1 Der Versand erfolgt nach Gutschrift des zu zahlenden Betrags auf unserem Konto.<\/strong><br \/>*<strong>2 Die Lieferung auf die Watteninseln erfolgt per Post und dauert normalerweise 4-6 Arbeitstage. Es sind keine Tracking-Informationen verf\u00fcgbar.<\/strong><br \/><strong>*3 Tracking-Daten sind\u00a0<\/strong>(falls vorhanden)<strong>\u00a0die Ihnen per Post zugeschickt werden.<\/strong><\/p><p>R\u00dcCKGABE<\/p><p>Wenn Sie eine R\u00fccksendung w\u00fcnschen, haben Sie innerhalb von 14 Tagen ohne Angabe von Gr\u00fcnden Anspruch auf eine vollst\u00e4ndige R\u00fcckerstattung einschlie\u00dflich der Versandkosten. Vorausgesetzt, dass die Verpackung unbesch\u00e4digt und unge\u00f6ffnet ist. Die Kosten f\u00fcr den R\u00fcckversand gehen zu Ihren Lasten.<\/p><p>F\u00fcr eine R\u00fccksendung f\u00fcllen Sie bitte unser <a href=\"https:\/\/smartvital.eu\/de\/kontakt\/\">Kontakt-Formular<\/a> in.<\/p>\t\t\t\t\t\t\t\t<\/div>\n\t\t\t\t<\/div>\n\t\t\t\t\t<\/div>\n\t\t<\/div>\n\t\t\t\t\t<\/div>\n\t\t<\/section>\n\t\t\t\t<\/div>","protected":false},"excerpt":{"rendered":"<p>Als u in Nederland of Duitsland woont ontvangt u uw bestelling in de regel 1-4 werkdagen na plaatsing van uw bestelling. Direct nadat uw pakje verstuurd is ontvangt u per e-mail een verzendbevestiging met een \u2018tracking nummer\u2019, waardoor u snel kunt zien waar uw bestelling zich bevindt. In andere landen is de levertijd normaal gesproken [&hellip;]<\/p>\n","protected":false},"author":1,"featured_media":0,"parent":0,"menu_order":0,"comment_status":"closed","ping_status":"closed","template":"","meta":{"_acf_changed":false,"footnotes":""},"class_list":["post-8663","page","type-page","status-publish","hentry"],"acf":[],"_links":{"self":[{"href":"https:\/\/smartvital.eu\/de\/wp-json\/wp\/v2\/pages\/8663","targetHints":{"allow":["GET"]}}],"collection":[{"href":"https:\/\/smartvital.eu\/de\/wp-json\/wp\/v2\/pages"}],"about":[{"href":"https:\/\/smartvital.eu\/de\/wp-json\/wp\/v2\/types\/page"}],"author":[{"embeddable":true,"href":"https:\/\/smartvital.eu\/de\/wp-json\/wp\/v2\/users\/1"}],"replies":[{"embeddable":true,"href":"https:\/\/smartvital.eu\/de\/wp-json\/wp\/v2\/comments?post=8663"}],"version-history":[{"count":0,"href":"https:\/\/smartvital.eu\/de\/wp-json\/wp\/v2\/pages\/8663\/revisions"}],"wp:attachment":[{"href":"https:\/\/smartvital.eu\/de\/wp-json\/wp\/v2\/media?parent=8663"}],"curies":[{"name":"wp","href":"https:\/\/api.w.org\/{rel}","templated":true}]}}