{"id":8665,"date":"2021-03-05T10:04:42","date_gmt":"2021-03-05T10:04:42","guid":{"rendered":"https:\/\/smartvital.eu\/?page_id=8665"},"modified":"2021-03-11T18:14:43","modified_gmt":"2021-03-11T18:14:43","slug":"geistiges-eigentum","status":"publish","type":"page","link":"https:\/\/smartvital.eu\/de\/intellectual-property\/","title":{"rendered":"Geistiges Eigentum"},"content":{"rendered":"<div data-elementor-type=\"wp-page\" data-elementor-id=\"8665\" class=\"elementor elementor-8665\" data-elementor-post-type=\"page\">\n\t\t\t\t\t\t<section class=\"elementor-section elementor-top-section elementor-element elementor-element-8eab3de elementor-section-boxed elementor-section-height-default elementor-section-height-default\" data-id=\"8eab3de\" data-element_type=\"section\" data-e-type=\"section\">\n\t\t\t\t\t\t<div class=\"elementor-container elementor-column-gap-default\">\n\t\t\t\t\t<div class=\"elementor-column elementor-col-100 elementor-top-column elementor-element elementor-element-e694533\" data-id=\"e694533\" data-element_type=\"column\" data-e-type=\"column\">\n\t\t\t<div class=\"elementor-widget-wrap elementor-element-populated\">\n\t\t\t\t\t\t<div class=\"elementor-element elementor-element-8643d9d elementor-widget elementor-widget-text-editor\" data-id=\"8643d9d\" data-element_type=\"widget\" data-e-type=\"widget\" data-widget_type=\"text-editor.default\">\n\t\t\t\t<div class=\"elementor-widget-container\">\n\t\t\t\t\t\t\t\t\t<p>KOPIERPRODUKTE<br \/>Der Inhaber einer Firma, die eines unserer Produkte (ganz oder teilweise) kopiert, wird wegen einer Straftat belangt und kann nach dem Gesetz und der Rechtsprechung zum geistigen Eigentum mit einer Freiheitsstrafe bestraft werden.<\/p><p>BRAND ON<br \/>Das Konzept namens \"LTO3, LTO3 No Taste\" ist in der literarischen und \/ oder k\u00fcnstlerischen Sch\u00f6pfung von Herrn Marc St-Denis und Rodrigue Tremblay mit dem Titel \"A beneficial rest\" (Editions USD System - Collection \"Passport\" Intellectual CB N \u00b0 CA1281ST1013 - Copyright N \u00b0 1114652 - OPIC 2014-07-18). Die technische und \/ oder kommerzielle Umsetzung der Prozesse und des Know-hows des Konzepts - was die Herstellung, Vervielf\u00e4ltigung und Interpretation aller oder eines Teils der in der vorgenannten Arbeit aufgezeichneten Texte und Zeichnungen einschlie\u00dft - stellen zwingend die Produkte auf dieser Website dar, ebenso wie die damit verbundenen kommerziellen und wirtschaftlichen Projekte.<\/p><p>REMINDER<br \/>Allein durch die Tatsache der Sch\u00f6pfung seines Werkes, dessen alleiniger Eigent\u00fcmer er ist, genie\u00dft der Urheber weltweite Ausschlie\u00dflichkeit \u00fcber die gesamte oder einen Teil seiner Produktion, seiner Vervielf\u00e4ltigung und seiner Interpretation im Hinblick auf die kommerzielle Verwertung des daraus resultierenden materialisierten Konzepts. Gem\u00e4\u00df den internationalen Vertr\u00e4gen und den nationalen Gesetzen der Staaten zum Urheberrecht wird diese Ausschlie\u00dflichkeit weltweit f\u00fcr die gesamte Lebenszeit des Urhebers und f\u00fcr f\u00fcnfzig bis siebzig Jahre nach seinem Tod anerkannt, und zwar je nach der Gesetzgebung des jeweiligen Staates.<\/p><p>WAS BEDEUTET INTELLECTUAL PASSPORT CB?<br \/>Intellectual Passport CB ist der Name einer weltweiten Sammlung von B\u00fcchern der exklusiven Lizenznehmer des USD System International Publishing Consortium. Ein Buch aus der Sammlung des Intellectual Passport CB ist ein Rechtsinstrument des geistigen Eigentums als literarisches und k\u00fcnstlerisches Werk.<\/p><p>Dieses Werkzeug er\u00f6ffnet neue Perspektiven f\u00fcr die wirtschaftliche Entwicklung von Innovationen, gemeinsam f\u00fcr den Erfinder und den Investor. Sie ber\u00fccksichtigt die Vorrangigkeit der Sch\u00f6pfung vor der Erfindung selbst. Sie evoziert neue pr\u00e4ventive und alternative Strategien gegen Nachahmer. Es erm\u00f6glicht die Bewertung des wirtschaftlichen Potenzials einer Innovation \u00fcber eine Projektion von 3 bis 4 Jahren.<\/p><p>Die B\u00fcchersammlung Intellectual Passport CB erm\u00f6glicht es, die Zusammenarbeit zwischen den Partnern, Investoren und Betreibern f\u00fcr die wirtschaftliche Entwicklung eines Konzepts, patentierbar oder nicht, zu harmonisieren, und dies insbesondere durch eine vorausschauende (urspr\u00fcngliche) Internationale Wirtschaft Multidisziplin\u00e4r ( PEIP) und ein Portfolio von geeigneten Vertr\u00e4gen, die ein integraler Bestandteil der Arbeit sind.<\/p><p>WAS IST DER UNTERSCHIED ZWISCHEN DEM PATENT UND EINEM UNVER\u00d6FFENTLICHTEN BUCH?<br \/><br \/>Das Patent ist ein Vertrag zwischen dem angeblichen Erfinder und der \u00d6ffentlichkeit, vertreten durch die Regierung des Staates, in dem er registriert ist. Es handelt sich um einen vorl\u00e4ufigen Titel und nicht um Eigentum. Er \u00e4hnelt einem F\u00fchrerschein, mit Rechten, Pflichten und K\u00fcndigungsm\u00f6glichkeiten, die f\u00fcr jeden Vertrag einzigartig sind. Das Erfindungspatent wird dem Inhaber im Gegenzug f\u00fcr die obligatorische Offenlegung von Geheimnissen erteilt. Um eine internationale Abdeckung zu erhalten, muss sie von einem Staat oder einer Gruppe von Staaten erweitert werden, und dies muss mit strengen Fristen und hohen finanziellen Mitteln geschehen. Es gibt dem Inhaber das Recht, Dritten die Verwertung der Erfindung in den L\u00e4ndern zu untersagen, in denen das Patent offenbart und eingetragen ist, und zwar ausschlie\u00dflich per Gesetz. Das Patent wird nicht durch den erteilenden Staat garantiert.<\/p><p>Zur Wahrung von Geheimnissen wird jedes Buch in der Sammlung des Intellektuellen Passes CB ver\u00f6ffentlicht, ohne ver\u00f6ffentlicht zu werden (nicht \/ ist geschlossen). Es verleiht dem Urheber eines originellen Konzepts (patentierbar oder nicht patentierbar) das weltweite Eigentum an dem literarischen und\/oder k\u00fcnstlerischen Werk, in das die Konzeptbeschreibung integriert ist. Diese Beschreibung ist urheberrechtlich gesch\u00fctzt, wie von den internationalen Beh\u00f6rden f\u00fcr geistiges Eigentum anerkannt. Diese Weltrechte gelten zu Lebzeiten des Urhebers und f\u00fcr mehrere Jahrzehnte nach seinem Tod (f\u00fcr seine Nachkommen).<\/p><p>Im Gegensatz zum Patent verbietet das Buch Dritten das Kopieren der Beschreibung (Pl\u00e4ne) zu kommerziellen Zwecken. Beschreibung, ohne die es Dritten nicht m\u00f6glich ist, die Erfindung oder das daraus resultierende urspr\u00fcngliche Konzept zu realisieren. Dar\u00fcber hinaus st\u00e4rken die wirtschaftlichen Aussichten und das darin enthaltene Vertragsportfolio das Projekt im Hinblick auf seine Vermarktung und auch f\u00fcr die Beurteilung von Sch\u00e4den im Falle eines Kopierprozesses. F\u00fcr ein Buch aus der Intellectual Passport CB-Kollektion \u00fcbernimmt der Verlag, der es erstellt, die Garantie.<\/p><p>WAS BEDEUTET DER NAME: GEISTIGES EIGENTUM?<br \/>Nur eine literarische und \/ oder k\u00fcnstlerische Sch\u00f6pfung ist das Eigentum des Autors! Dies ist eine weltweite Eigenschaft ohne internationale Erweiterungsgeb\u00fchr. Patente, Geschmacksmuster und\/oder Modelle und eingetragene Marken sind bezahlte, zeitlich begrenzte Titel. Deshalb sind sie Halter und nicht Eigent\u00fcmer.<\/p>\t\t\t\t\t\t\t\t<\/div>\n\t\t\t\t<\/div>\n\t\t\t\t\t<\/div>\n\t\t<\/div>\n\t\t\t\t\t<\/div>\n\t\t<\/section>\n\t\t\t\t<\/div>","protected":false},"excerpt":{"rendered":"<p>PRODUCTEN KOPI\u00cbRENDe eigenaar van een bedrijf dat een van onze producten (geheel of gedeeltelijk) kopieert, zal worden vervolgd voor een misdrijf en kan worden bestraft met gevangenisstraf volgens de wet en jurisprudentie inzake intellectueel eigendom. MERK OPHet concept genaamd &#8220;LTO3, LTO3 No Taste&#8221; is intrinsiek aan de literaire en \/ of artistieke creatie van de [&hellip;]<\/p>\n","protected":false},"author":1,"featured_media":0,"parent":0,"menu_order":0,"comment_status":"closed","ping_status":"closed","template":"","meta":{"_acf_changed":false,"footnotes":""},"class_list":["post-8665","page","type-page","status-publish","hentry"],"acf":[],"_links":{"self":[{"href":"https:\/\/smartvital.eu\/de\/wp-json\/wp\/v2\/pages\/8665","targetHints":{"allow":["GET"]}}],"collection":[{"href":"https:\/\/smartvital.eu\/de\/wp-json\/wp\/v2\/pages"}],"about":[{"href":"https:\/\/smartvital.eu\/de\/wp-json\/wp\/v2\/types\/page"}],"author":[{"embeddable":true,"href":"https:\/\/smartvital.eu\/de\/wp-json\/wp\/v2\/users\/1"}],"replies":[{"embeddable":true,"href":"https:\/\/smartvital.eu\/de\/wp-json\/wp\/v2\/comments?post=8665"}],"version-history":[{"count":0,"href":"https:\/\/smartvital.eu\/de\/wp-json\/wp\/v2\/pages\/8665\/revisions"}],"wp:attachment":[{"href":"https:\/\/smartvital.eu\/de\/wp-json\/wp\/v2\/media?parent=8665"}],"curies":[{"name":"wp","href":"https:\/\/api.w.org\/{rel}","templated":true}]}}