{"id":9251,"date":"2021-03-11T16:47:38","date_gmt":"2021-03-11T16:47:38","guid":{"rendered":"https:\/\/smartvital.eu\/?page_id=9251"},"modified":"2021-03-11T18:28:14","modified_gmt":"2021-03-11T18:28:14","slug":"bankverbindung-bestellen","status":"publish","type":"page","link":"https:\/\/smartvital.eu\/de\/opdracht-bankgegevens\/","title":{"rendered":"BESTELLUNG &amp; BANKVERBINDUNG"},"content":{"rendered":"<p><strong>Juristische Adresse:<\/strong><\/p>\n<p><strong>SmartVital B.V.<br \/>\nVerwaltung<br \/>\nMarkt 14<br \/>\n6211CJ Maastricht<br \/>\nNiederlande<br \/>\nTelefon: +31 (0)43 2031953<\/strong><\/p>\n<p><span style=\"color: #800000;\">Service und Fragen nur \u00fcber unsere E-Mail-Hotline unter:<\/span>\u00a0\u00a0<a href=\"mailto:vragen@smartvital.eu?subject=Vraag%20%5BNL%5D%20-\"><span style=\"color: #0f6000;\">vragen@smartvital.eu<\/span><\/a><\/p>\n<p><strong>Umsatzsteuer-Identifikationsnummer: NL850082924B01<br \/>\neingetragen im Handelsregister des Amtsgerichts Limburg<br \/>\nKVK-Nummer:\u00a0<\/strong><strong>51575388<\/strong><\/p>\n<p>Bank<br \/>\nKontoinhaber: SmartVital B.V.<br \/>\nIBAN-Code: NL85 ABNA 0560 3335 95<br \/>\nBIC\/SWIFT-Code: ABNANL2A<\/p>\n<p>Die Europ\u00e4ische Kommission hat eine Plattform f\u00fcr die Online-Beilegung von Verbraucherstreitigkeiten ohne Einschaltung eines Gerichts (OS-Plattform) eingerichtet, abrufbar unter\u00a0<a href=\"http:\/\/ec.europa.eu\/odr\" target=\"_blank\" rel=\"noopener\"><span style=\"color: #0f6000;\">http:\/\/ec.europa.eu\/odr<\/span><\/a><span style=\"color: #0f6000;\">.<\/span><\/p>\n<p><strong>Rechtliche Informationen zur Website<\/strong><\/p>\n<p>Alle Texte, Bilder und weitere hier ver\u00f6ffentlichte Informationen unterliegen dem Urheberrecht des Anbieters, soweit nicht Urheberrechte Dritter bestehen. In jedem Fall ist die Vervielf\u00e4ltigung, Verbreitung oder Ver\u00f6ffentlichung nur im Falle einer widerruflichen und nicht \u00fcbertragbaren Genehmigung des Anbieters gestattet.<\/p>\n<p>F\u00fcr alle \u00fcber Querverweise (Links) verbundenen Webinhalte ist der Anbieter nicht verantwortlich, da es sich dabei um keine eigenen Inhalte handelt. Die verlinkten Seiten wurden auf rechtswidrige Inhalte \u00fcberpr\u00fcft, zum Zeitpunkt der Verlinkung waren keine derartigen Inhalte erkennbar. F\u00fcr den Inhalt der verlinkten Seiten sind ausschlie\u00dflich deren Betreiber verantwortlich. Der Anbieter ist nicht zur \u00dcberwachung und Kontrolle verpflichtet. Bei Bekanntwerden von Rechtsverletzungen werden wir den entsprechenden Link umgehend entfernen.<\/p>\n<p><strong>Wir sind Mitglied der Initiative 'FairCommerce'.<\/strong><br \/>\nWeitere Informationen finden Sie unter www.faircommerce.de.<\/p>","protected":false},"excerpt":{"rendered":"<p>Juridisch adres: SmartVital B.V. Management Markt 14 6211CJ Maastricht Nederland Telefoon: +31 (0)43 2031953 Service en vragen\u00a0uitsluitend via onze e-mail hotline op:\u00a0\u00a0vragen@smartvital.eu BTW-nummer: NL850082924B01 geregistreerd in het handelsregister van de lokale rechtbank Limburg KVK-nummer:\u00a051575388 Bank Rekeninghouder: \u00a0\u00a0\u00a0 \u00a0 SmartVital B.V. IBAN-Code: \u00a0\u00a0\u00a0 \u00a0 \u00a0 \u00a0 \u00a0 \u00a0NL85 ABNA 0560 3335 95 BIC\/SWIFT-Code: \u00a0\u00a0\u00a0 ABNANL2A De [&hellip;]<\/p>\n","protected":false},"author":1,"featured_media":0,"parent":0,"menu_order":0,"comment_status":"closed","ping_status":"closed","template":"","meta":{"_acf_changed":false,"footnotes":""},"class_list":["post-9251","page","type-page","status-publish","hentry"],"acf":[],"_links":{"self":[{"href":"https:\/\/smartvital.eu\/de\/wp-json\/wp\/v2\/pages\/9251","targetHints":{"allow":["GET"]}}],"collection":[{"href":"https:\/\/smartvital.eu\/de\/wp-json\/wp\/v2\/pages"}],"about":[{"href":"https:\/\/smartvital.eu\/de\/wp-json\/wp\/v2\/types\/page"}],"author":[{"embeddable":true,"href":"https:\/\/smartvital.eu\/de\/wp-json\/wp\/v2\/users\/1"}],"replies":[{"embeddable":true,"href":"https:\/\/smartvital.eu\/de\/wp-json\/wp\/v2\/comments?post=9251"}],"version-history":[{"count":0,"href":"https:\/\/smartvital.eu\/de\/wp-json\/wp\/v2\/pages\/9251\/revisions"}],"wp:attachment":[{"href":"https:\/\/smartvital.eu\/de\/wp-json\/wp\/v2\/media?parent=9251"}],"curies":[{"name":"wp","href":"https:\/\/api.w.org\/{rel}","templated":true}]}}