{"id":9260,"date":"2021-03-11T16:47:59","date_gmt":"2021-03-11T16:47:59","guid":{"rendered":"https:\/\/smartvital.eu\/?page_id=9260"},"modified":"2021-03-11T16:47:59","modified_gmt":"2021-03-11T16:47:59","slug":"hersteller-herb-e-konzept","status":"publish","type":"page","link":"https:\/\/smartvital.eu\/de\/producent-herb-e-concept\/","title":{"rendered":"Produzent: Herb-e-Concept"},"content":{"rendered":"<p>Herb-e-Concept ist ein kanadisches Unternehmen, das seit dem Jahr 2000 nat\u00fcrliche Produkte von hervorragender Qualit\u00e4t entwickelt und anbietet. Eine einzigartige und au\u00dfergew\u00f6hnliche Produktzusammensetzung im Herb-e-Concept Sortiment ist zum Beispiel LTO3. Im Interesse des Anwenders werden alle Produkte nach dem hohen pharmazeutischen GMP-Standard hergestellt.<\/p>\n<p>Informationen \u00fcber den Hersteller:<\/p>\n<p>Herb-e-Concept<br \/>\nLES PRODUITS NATURELS HERB-E-CONCEPT INC.<br \/>\n102-17680 Rue Charles<br \/>\nJ7J 0T6 Mirabel, Quebec<br \/>\nKanada<\/p>\n<p><span style=\"color:#0F6000;\"><strong>www.herb-e-concept.com<\/strong><\/span><\/p>\n<p>Herb-e-Concept hat E-Mail-Hotlines eingerichtet, die eine schnelle und strukturelle Unterst\u00fctzung der Kunden erm\u00f6glichen:<br \/>\n<a href=\"mailto:vraag@herb-e-concept.com?subject=Vraag%20%5BNL%5D%20-\"><span style=\"color:#0F6000;\">vraag@herb-e-concept.com<\/span><\/a><\/p>\n<p><big><big><strong><span style=\"color:#006300;\">Smart<\/span><span style=\"color:#e55b00;\">Lebenswichtig<\/span><\/strong>&nbsp;<\/big>- der gepr\u00fcfte und zugelassene H\u00e4ndler<\/big><\/p>\n<p>Hier k\u00f6nnen Sie LTO3 sicher bestellen. SmartVital ist der gepr\u00fcfte und autorisierte Vertreiber von Herb-e-Concept in Europa. Wenn Sie hier als Kunde LTO3 kaufen, k\u00f6nnen Sie sicher sein, dass Sie immer \"das Original\" in h\u00f6chster und gepr\u00fcfter Qualit\u00e4t mit bestem Service erhalten.<\/p>\n<p>Dies wird durch das folgende exklusive Qualit\u00e4tssiegel in der oberen rechten Ecke unserer Website angezeigt:<\/p>\n<p><img decoding=\"async\" alt=\"SmartVital der Vertreiber von Herb-e-Concept\" src=\"https:\/\/www.smartvital.eu\/images\/sv\/herb_overlay_dutch.png\" \/><\/p>\n<p><strong>Haben Sie dieses exklusive Qualit\u00e4tssiegel auf einer anderen Website gesehen?<\/strong>&nbsp;Sch\u00fctzen Sie sich und andere Verbraucher.<br \/>\nBitte senden Sie eine kurze E-Mail mit der entsprechenden Website an:&nbsp;<a href=\"mailto:service@smartvital.eu?subject=Vraag%20%5BNL%5D%20-%20controleren%20kwaliteitszegel&amp;body=%0A%0ADas%20Qualit%C3%A4ts-Siegel%20wird%20nicht%20nur%20auf%20www.smartvital%20eu%20verwendet%2C%20sondern%20auch%20auch%20auf%20folgender%20Webseite%3A\"><span style=\"color:#0F6000;\">service@smartvital.eu<\/span><\/a><\/p>","protected":false},"excerpt":{"rendered":"<p>Herb-e-Concept is een Canadese onderneming, die sinds het jaar 2000 natuurlijke producten van voortreffelijke kwaliteit ontwikkelt en aanbiedt. Een unieke en buitengewone productcompositie in het sortiment van Herb-e-Concept is bijvoorbeeld LTO3. In het belang van de gebruiker worden alle producten volgens de hoge farmaceutische GMP- standaard geproduceerd. Informatie over de producent: Herb-e-Concept LES PRODUITS NATURELS [&hellip;]<\/p>\n","protected":false},"author":1,"featured_media":0,"parent":0,"menu_order":0,"comment_status":"closed","ping_status":"closed","template":"","meta":{"_acf_changed":false,"footnotes":""},"class_list":["post-9260","page","type-page","status-publish","hentry"],"acf":[],"_links":{"self":[{"href":"https:\/\/smartvital.eu\/de\/wp-json\/wp\/v2\/pages\/9260","targetHints":{"allow":["GET"]}}],"collection":[{"href":"https:\/\/smartvital.eu\/de\/wp-json\/wp\/v2\/pages"}],"about":[{"href":"https:\/\/smartvital.eu\/de\/wp-json\/wp\/v2\/types\/page"}],"author":[{"embeddable":true,"href":"https:\/\/smartvital.eu\/de\/wp-json\/wp\/v2\/users\/1"}],"replies":[{"embeddable":true,"href":"https:\/\/smartvital.eu\/de\/wp-json\/wp\/v2\/comments?post=9260"}],"version-history":[{"count":0,"href":"https:\/\/smartvital.eu\/de\/wp-json\/wp\/v2\/pages\/9260\/revisions"}],"wp:attachment":[{"href":"https:\/\/smartvital.eu\/de\/wp-json\/wp\/v2\/media?parent=9260"}],"curies":[{"name":"wp","href":"https:\/\/api.w.org\/{rel}","templated":true}]}}