{"id":9271,"date":"2021-03-11T16:48:38","date_gmt":"2021-03-11T16:48:38","guid":{"rendered":"https:\/\/smartvital.eu\/?page_id=9271"},"modified":"2021-03-11T16:48:38","modified_gmt":"2021-03-11T16:48:38","slug":"die-vorteile-von-smartvital","status":"publish","type":"page","link":"https:\/\/smartvital.eu\/de\/de-smartvital-voordelen\/","title":{"rendered":"Die SmartVital-Vorteile"},"content":{"rendered":"<h1><a href=\"https:\/\/smartvital.eu\/de\/shop_content.php\/?coID=21\" style=\"text-decoration:none;\"><img decoding=\"async\" alt=\"\" src=\"\/images\/checkbox.png\" \/> <span style=\"color:#f79646; font-size:12pt; font-weight:600;\">Qualit\u00e4tsprodukte<\/span> <\/a><\/h1>\n<p>\n\tReine, nat\u00fcrliche Inhaltsstoffe. Produktion nach internationalen GMP-Standards.\n<\/p>\n<p style=\"text-align: right;\">\n\t<a href=\"https:\/\/smartvital.eu\/de\/shop_content.php\/?coID=21\">Mehr...<\/a>\n<\/p>\n<h1><a href=\"https:\/\/smartvital.eu\/de\/shop_content.php\/?coID=22\" style=\"text-decoration:none;\"><img decoding=\"async\" alt=\"\" src=\"\/images\/checkbox.png\" \/> <span style=\"color:#f79646; font-size:12pt; font-weight:600;\">Sichere Produkte<\/span> <\/a><\/h1>\n<p>\n\tAlle Produkte werden von einem EU-zertifizierten Lebensmittelsachverst\u00e4ndigen und vereidigten Sachverst\u00e4ndigen f\u00fcr Lebensmittelrecht und Chemie gepr\u00fcft und zertifiziert.\n<\/p>\n<div style=\"text-align: right;\">\n\t<a href=\"https:\/\/smartvital.eu\/de\/shop_content.php\/?coID=22\">Mehr...<\/a>\n<\/div>\n<h1><a href=\"https:\/\/smartvital.eu\/de\/shop_content.php\/?coID=23\" style=\"text-decoration:none;\"><img decoding=\"async\" alt=\"\" src=\"\/images\/checkbox.png\" \/> <span style=\"color:#f79646; font-size:12pt; font-weight:600;\">Kundenbetreuung<\/span> <\/a><\/h1>\n<p>\n\tEine E-Mail-Hotline f\u00fcr alle Fragen zu den Produkten und ihrer Anwendung, unterst\u00fctzt durch das Know-how und die langj\u00e4hrige Erfahrung des Herstellers.\n<\/p>\n<div style=\"text-align: right;\">\n\t<a href=\"https:\/\/smartvital.eu\/de\/shop_content.php\/?coID=23\">Mehr...<\/a>\n<\/div>\n<h1><a href=\"https:\/\/smartvital.eu\/de\/shop_content.php\/?coID=24\" style=\"text-decoration:none;\"><img decoding=\"async\" alt=\"\" src=\"\/images\/checkbox.png\" \/> <span style=\"color:#f79646; font-size:12pt; font-weight:600;\">Schnelle Lieferung<\/span> <\/a><\/h1>\n<p>\n\tLieferung in die Niederlande, Deutschland, Belgien in 1-2 Werktagen. In andere L\u00e4nder und auf die Watteninseln betr\u00e4gt die Lieferzeit in der Regel 4-6 Arbeitstage.\n<\/p>\n<p style=\"text-align: right;\">\n\t<a href=\"https:\/\/smartvital.eu\/de\/shop_content.php\/?coID=24\">Mehr...<\/a>\n<\/p>\n<h1><a href=\"https:\/\/smartvital.eu\/de\/shop_content.php\/?coID=25\" style=\"text-decoration:none;\"><img decoding=\"async\" alt=\"\" src=\"\/images\/checkbox.png\" \/> <span style=\"color:#f79646; font-size:12pt; font-weight:600;\">Sicher bezahlen<\/span> <\/a><\/h1>\n<p>\n\tSie k\u00f6nnen sicher auf die Art und Weise bezahlen, die Sie am bequemsten finden. Sie k\u00f6nnen zwischen einer direkten Online-Zahlung, einer normalen Bank\u00fcberweisung, einer Zahlung per Kreditkarte oder PayPal w\u00e4hlen.\n<\/p>\n<p style=\"text-align: right;\">\n\t<a href=\"https:\/\/smartvital.eu\/de\/shop_content.php\/?coID=25\">Mehr...<\/a><\/p>","protected":false},"excerpt":{"rendered":"<p>Kwaliteitsproducten Zuivere, natuurlijke bestanddelen. Productie volgens de internationale GMP standaard. Meer&#8230; Veilige producten Alle producten zijn getest en gecertificeerd door een EU-gecertificeerde levensmiddelendeskundige en be&euml;digde deskundigen voor levensmiddelenrecht en -chemie. Meer&#8230; Klantenservice Een e-mail hotline voor al uw vragen over de producten en de toepassing ervan, ondersteund door de expertise en jarenlange ervaring van de [&hellip;]<\/p>\n","protected":false},"author":1,"featured_media":0,"parent":0,"menu_order":0,"comment_status":"closed","ping_status":"closed","template":"","meta":{"_acf_changed":false,"footnotes":""},"class_list":["post-9271","page","type-page","status-publish","hentry"],"acf":[],"_links":{"self":[{"href":"https:\/\/smartvital.eu\/de\/wp-json\/wp\/v2\/pages\/9271","targetHints":{"allow":["GET"]}}],"collection":[{"href":"https:\/\/smartvital.eu\/de\/wp-json\/wp\/v2\/pages"}],"about":[{"href":"https:\/\/smartvital.eu\/de\/wp-json\/wp\/v2\/types\/page"}],"author":[{"embeddable":true,"href":"https:\/\/smartvital.eu\/de\/wp-json\/wp\/v2\/users\/1"}],"replies":[{"embeddable":true,"href":"https:\/\/smartvital.eu\/de\/wp-json\/wp\/v2\/comments?post=9271"}],"version-history":[{"count":0,"href":"https:\/\/smartvital.eu\/de\/wp-json\/wp\/v2\/pages\/9271\/revisions"}],"wp:attachment":[{"href":"https:\/\/smartvital.eu\/de\/wp-json\/wp\/v2\/media?parent=9271"}],"curies":[{"name":"wp","href":"https:\/\/api.w.org\/{rel}","templated":true}]}}