{"id":9352,"date":"2021-03-11T18:16:19","date_gmt":"2021-03-11T18:16:19","guid":{"rendered":"https:\/\/smartvital.eu\/?page_id=9352"},"modified":"2021-03-11T18:18:28","modified_gmt":"2021-03-11T18:18:28","slug":"haftungsausschluss","status":"publish","type":"page","link":"https:\/\/smartvital.eu\/de\/disclaimer\/","title":{"rendered":"Haftungsausschluss"},"content":{"rendered":"<div data-elementor-type=\"wp-page\" data-elementor-id=\"9352\" class=\"elementor elementor-9352\" data-elementor-post-type=\"page\">\n\t\t\t\t\t\t<section class=\"elementor-section elementor-top-section elementor-element elementor-element-061e8f0 elementor-section-boxed elementor-section-height-default elementor-section-height-default\" data-id=\"061e8f0\" data-element_type=\"section\" data-e-type=\"section\">\n\t\t\t\t\t\t<div class=\"elementor-container elementor-column-gap-default\">\n\t\t\t\t\t<div class=\"elementor-column elementor-col-100 elementor-top-column elementor-element elementor-element-1f4481e\" data-id=\"1f4481e\" data-element_type=\"column\" data-e-type=\"column\">\n\t\t\t<div class=\"elementor-widget-wrap elementor-element-populated\">\n\t\t\t\t\t\t<div class=\"elementor-element elementor-element-1452401 elementor-widget elementor-widget-text-editor\" data-id=\"1452401\" data-element_type=\"widget\" data-e-type=\"widget\" data-widget_type=\"text-editor.default\">\n\t\t\t\t<div class=\"elementor-widget-container\">\n\t\t\t\t\t\t\t\t\t<p>SmartVital ist ein Online-Unternehmen f\u00fcr Nahrungserg\u00e4nzungsmittel und wir bieten viele gro\u00dfartige Optionen f\u00fcr nat\u00fcrliche Gesundheitsprodukte. Wir sind kein zugelassener medizinischer Anbieter und k\u00f6nnen daher keine Beratung oder Produkte zur Diagnose, Behandlung oder Heilung von Krankheiten anbieten. Es ist wichtig, dass Sie Ihren Arzt oder Therapeuten kontaktieren, wenn Sie medizinische Fragen oder Bedenken haben.<\/p><p>Der Inhalt dieser Website dient nur zu Referenzzwecken und ist nicht als Ersatz f\u00fcr die Beratung durch einen Arzt, Apotheker oder eine andere qualifizierte medizinische Fachkraft gedacht. Sie sollten diese Informationen nicht zur Selbstdiagnose oder zur Behandlung eines Gesundheitsproblems oder einer Krankheit verwenden. Sie sollten einen Arzt konsultieren, bevor Sie mit einer Di\u00e4t, einem Sport- oder Erg\u00e4nzungsprogramm beginnen, bevor Sie Medikamente einnehmen oder wenn Sie ein gesundheitliches Problem haben oder vermuten, dass Sie schwanger sind.<\/p><p>Wenn Sie einen Artikel erhalten, lesen Sie bitte sorgf\u00e4ltig alle Etiketten, Warnhinweise und Gebrauchsanweisungen. Die tats\u00e4chlichen Produktverpackungen und Materialien k\u00f6nnen mehr und\/oder andere Informationen enthalten als auf dieser Website dargestellt. Wenden Sie sich sofort an Ihren Arzt oder Ihre \u00c4rztin, wenn Sie vermuten, dass Sie ein medizinisches Problem haben. Die Informationen und Aussagen auf dieser Website zu Nahrungserg\u00e4nzungsmitteln dienen nicht der Diagnose, Behandlung, Heilung oder Vorbeugung von Krankheiten oder Gesundheitszust\u00e4nden.<\/p>\t\t\t\t\t\t\t\t<\/div>\n\t\t\t\t<\/div>\n\t\t\t\t\t<\/div>\n\t\t<\/div>\n\t\t\t\t\t<\/div>\n\t\t<\/section>\n\t\t\t\t<\/div>","protected":false},"excerpt":{"rendered":"<p>SmartVital is online bedrijf voor voedingssupplementen en we bieden veel geweldige opties in natuurlijke gezondheidsproducten. We zijn geen erkende medische zorgverlener en daarom kunnen we geen advies of producten aanbieden om een \u200b\u200bziekte te diagnosticeren, behandelen of genezen. Het is belangrijk dat u contact opneemt met uw arts of therapeut als u medische vragen of [&hellip;]<\/p>\n","protected":false},"author":1,"featured_media":0,"parent":0,"menu_order":0,"comment_status":"closed","ping_status":"closed","template":"","meta":{"_acf_changed":false,"footnotes":""},"class_list":["post-9352","page","type-page","status-publish","hentry"],"acf":[],"_links":{"self":[{"href":"https:\/\/smartvital.eu\/de\/wp-json\/wp\/v2\/pages\/9352","targetHints":{"allow":["GET"]}}],"collection":[{"href":"https:\/\/smartvital.eu\/de\/wp-json\/wp\/v2\/pages"}],"about":[{"href":"https:\/\/smartvital.eu\/de\/wp-json\/wp\/v2\/types\/page"}],"author":[{"embeddable":true,"href":"https:\/\/smartvital.eu\/de\/wp-json\/wp\/v2\/users\/1"}],"replies":[{"embeddable":true,"href":"https:\/\/smartvital.eu\/de\/wp-json\/wp\/v2\/comments?post=9352"}],"version-history":[{"count":0,"href":"https:\/\/smartvital.eu\/de\/wp-json\/wp\/v2\/pages\/9352\/revisions"}],"wp:attachment":[{"href":"https:\/\/smartvital.eu\/de\/wp-json\/wp\/v2\/media?parent=9352"}],"curies":[{"name":"wp","href":"https:\/\/api.w.org\/{rel}","templated":true}]}}