{"id":10,"date":"2021-01-13T10:46:56","date_gmt":"2021-01-13T09:46:56","guid":{"rendered":"https:\/\/smartvital.eu\/?post_type=product&#038;p=10"},"modified":"2026-04-10T00:42:42","modified_gmt":"2026-04-09T22:42:42","slug":"lto3-geschmacklos","status":"publish","type":"product","link":"https:\/\/smartvital.eu\/de\/product\/lto3-smaakloos\/","title":{"rendered":"LTO\u00b3 Geschmacksneutral"},"content":{"rendered":"<div data-elementor-type=\"product-post\" data-elementor-id=\"10\" class=\"elementor elementor-10\" data-elementor-post-type=\"product\">\n\t\t\t\t\t\t<section class=\"elementor-section elementor-top-section elementor-element elementor-element-f4d06be elementor-section-boxed elementor-section-height-default elementor-section-height-default\" data-id=\"f4d06be\" data-element_type=\"section\" data-e-type=\"section\">\n\t\t\t\t\t\t<div class=\"elementor-container elementor-column-gap-default\">\n\t\t\t\t\t<div class=\"elementor-column elementor-col-100 elementor-top-column elementor-element elementor-element-afb99be\" data-id=\"afb99be\" data-element_type=\"column\" data-e-type=\"column\">\n\t\t\t<div class=\"elementor-widget-wrap elementor-element-populated\">\n\t\t\t\t\t\t<div class=\"elementor-element elementor-element-7edf4c4 elementor-widget elementor-widget-toggle\" data-id=\"7edf4c4\" data-element_type=\"widget\" data-e-type=\"widget\" data-widget_type=\"toggle.default\">\n\t\t\t\t<div class=\"elementor-widget-container\">\n\t\t\t\t\t\t\t<div class=\"elementor-toggle\">\n\t\t\t\t\t\t\t<div class=\"elementor-toggle-item\">\n\t\t\t\t\t<div id=\"elementor-tab-title-1331\" class=\"elementor-tab-title\" data-tab=\"1\" role=\"button\" aria-controls=\"elementor-tab-content-1331\" aria-expanded=\"false\">\n\t\t\t\t\t\t\t\t\t\t\t\t<span class=\"elementor-toggle-icon elementor-toggle-icon-left\" aria-hidden=\"true\">\n\t\t\t\t\t\t\t\t\t\t\t\t\t\t\t<span class=\"elementor-toggle-icon-closed\"><i class=\"fas fa-caret-right\"><\/i><\/span>\n\t\t\t\t\t\t\t\t<span class=\"elementor-toggle-icon-opened\"><i class=\"elementor-toggle-icon-opened fas fa-caret-up\"><\/i><\/span>\n\t\t\t\t\t\t\t\t\t\t\t\t\t<\/span>\n\t\t\t\t\t\t\t\t\t\t\t\t<a class=\"elementor-toggle-title\" tabindex=\"0\">Warum so wenig Produktinformation?<\/a>\n\t\t\t\t\t<\/div>\n\n\t\t\t\t\t<div id=\"elementor-tab-content-1331\" class=\"elementor-tab-content elementor-clearfix\" data-tab=\"1\" role=\"region\" aria-labelledby=\"elementor-tab-title-1331\"><p>Aufgrund der europ\u00e4ischen Health-Claims-Verordnung (EG) Nr. 1924\/2006, die am 14. Dezember 2012 in Kraft getreten ist, d\u00fcrfen wir keine detaillierten Angaben zu unseren Nahrungserg\u00e4nzungsmitteln und deren gesundheitlichen Auswirkungen machen. Weitere Informationen zu unseren Produkten erhalten Sie direkt beim Hersteller und in den einschl\u00e4gigen Foren und Informationsportalen.\u00a0<\/p><p>Das Gesetz erlaubt es uns, Sie per Telefon und E-Mail weiter \u00fcber unsere Produkte zu informieren.<\/p><\/div>\n\t\t\t\t<\/div>\n\t\t\t\t\t\t\t\t<\/div>\n\t\t\t\t\t\t<\/div>\n\t\t\t\t<\/div>\n\t\t\t\t\t<\/div>\n\t\t<\/div>\n\t\t\t\t\t<\/div>\n\t\t<\/section>\n\t\t\t\t<section class=\"elementor-section elementor-top-section elementor-element elementor-element-66e0c5f elementor-section-boxed elementor-section-height-default elementor-section-height-default\" data-id=\"66e0c5f\" data-element_type=\"section\" data-e-type=\"section\">\n\t\t\t\t\t\t<div class=\"elementor-container elementor-column-gap-default\">\n\t\t\t\t\t<div class=\"elementor-column elementor-col-100 elementor-top-column elementor-element elementor-element-6511889\" data-id=\"6511889\" data-element_type=\"column\" data-e-type=\"column\">\n\t\t\t<div class=\"elementor-widget-wrap elementor-element-populated\">\n\t\t\t\t\t\t<div class=\"elementor-element elementor-element-4804b33 elementor-widget elementor-widget-text-editor\" data-id=\"4804b33\" data-element_type=\"widget\" data-e-type=\"widget\" data-widget_type=\"text-editor.default\">\n\t\t\t\t<div class=\"elementor-widget-container\">\n\t\t\t\t\t\t\t\t\t<p>Bei SmartVital kaufen Sie LTO\u00b3 von dem einzigen herstellerunterst\u00fctzten Spezialisten.<\/p><p>Wir sind der autorisierte und zertifizierte Distributor von Herb-e-Concept in Europa.<\/p><p>Bei uns k\u00f6nnen Sie sich auf professionelle Unterst\u00fctzung verlassen und Sie erhalten garantiert immer die Original-LTO<sup>3.<\/sup><\/p><p>Dieses Produkt ist weltweit gesch\u00fctzt durch <a href=\"https:\/\/smartvital.eu\/de\/geistiges-eigentum\/\" target=\"_blank\" rel=\"noopener\">Lizenz f\u00fcr geistiges Eigentum CA1281ST1013<\/a><\/p><p><a href=\"https:\/\/smartvital.eu\/wp-content\/uploads\/2024\/11\/Gebrauchsanleitung-LTO3-2.2.pdf\" target=\"_blank\" rel=\"noopener\"><b>Klicken Sie hier f\u00fcr die vollst\u00e4ndige Gebrauchsanleitung von LTO\u00b3.<\/b><\/a><\/p>\t\t\t\t\t\t\t\t<\/div>\n\t\t\t\t<\/div>\n\t\t\t\t\t<\/div>\n\t\t<\/div>\n\t\t\t\t\t<\/div>\n\t\t<\/section>\n\t\t\t\t<section class=\"elementor-section elementor-top-section elementor-element elementor-element-a5fb1c8 elementor-section-boxed elementor-section-height-default elementor-section-height-default\" data-id=\"a5fb1c8\" data-element_type=\"section\" data-e-type=\"section\">\n\t\t\t\t\t\t<div class=\"elementor-container elementor-column-gap-default\">\n\t\t\t\t\t<div class=\"elementor-column elementor-col-100 elementor-top-column elementor-element elementor-element-173db54\" data-id=\"173db54\" data-element_type=\"column\" data-e-type=\"column\">\n\t\t\t<div class=\"elementor-widget-wrap elementor-element-populated\">\n\t\t\t\t\t\t<div class=\"elementor-element elementor-element-80c7d86 elementor-widget elementor-widget-heading\" data-id=\"80c7d86\" data-element_type=\"widget\" data-e-type=\"widget\" data-widget_type=\"heading.default\">\n\t\t\t\t<div class=\"elementor-widget-container\">\n\t\t\t\t\t<h2 class=\"elementor-heading-title elementor-size-default\">Produkt-Beschreibung<\/h2>\t\t\t\t<\/div>\n\t\t\t\t<\/div>\n\t\t\t\t<div class=\"elementor-element elementor-element-8473c22 elementor-widget elementor-widget-text-editor\" data-id=\"8473c22\" data-element_type=\"widget\" data-e-type=\"widget\" data-widget_type=\"text-editor.default\">\n\t\t\t\t<div class=\"elementor-widget-container\">\n\t\t\t\t\t\t\t\t\t<p>Gleich wie LTO<sup>3<\/sup>Aber auch f\u00fcr Kinder und Erwachsene geeignet, die keine Kapseln einnehmen k\u00f6nnen und deshalb den Kapselinhalt in etwas Fl\u00fcssigkeit aufl\u00f6sen.<\/p><h6>HINWEIS: Der Begriff \"geschmacklos\" bezieht sich auf den spezifischen \"Fischgeschmack\", der beim Verzehr des Inhalts einer ge\u00f6ffneten Kapsel auftritt. <i>LTO\u00b3 Original<\/i>ist deutlich weniger pr\u00e4sent.<\/h6><p>Reines Naturprodukt!<\/p><p>Einzigartiger nat\u00fcrlicher Wirkstoffkomplex mit MEG-3<sup>\u00ae<\/sup>\u00a0* in Powder-loc\u2122 **, Scutellaria Lateriflora (Blue Glide), 5-N-ethyl-L-Glutamin (L-Theanin).<\/p><p>Inhalt: 90 Kapseln<\/p>\t\t\t\t\t\t\t\t<\/div>\n\t\t\t\t<\/div>\n\t\t\t\t\t<\/div>\n\t\t<\/div>\n\t\t\t\t\t<\/div>\n\t\t<\/section>\n\t\t\t\t<section class=\"elementor-section elementor-top-section elementor-element elementor-element-ab002ce elementor-section-boxed elementor-section-height-default elementor-section-height-default\" data-id=\"ab002ce\" data-element_type=\"section\" data-e-type=\"section\">\n\t\t\t\t\t\t<div class=\"elementor-container elementor-column-gap-default\">\n\t\t\t\t\t<div class=\"elementor-column elementor-col-100 elementor-top-column elementor-element elementor-element-e3791dd\" data-id=\"e3791dd\" data-element_type=\"column\" data-e-type=\"column\">\n\t\t\t<div class=\"elementor-widget-wrap elementor-element-populated\">\n\t\t\t\t\t\t<div class=\"elementor-element elementor-element-b8d387e elementor-widget elementor-widget-heading\" data-id=\"b8d387e\" data-element_type=\"widget\" data-e-type=\"widget\" data-widget_type=\"heading.default\">\n\t\t\t\t<div class=\"elementor-widget-container\">\n\t\t\t\t\t<h2 class=\"elementor-heading-title elementor-size-default\">Inhaltsstoffe<\/h2>\t\t\t\t<\/div>\n\t\t\t\t<\/div>\n\t\t\t\t<div class=\"elementor-element elementor-element-319c1ed elementor-widget elementor-widget-text-editor\" data-id=\"319c1ed\" data-element_type=\"widget\" data-e-type=\"widget\" data-widget_type=\"text-editor.default\">\n\t\t\t\t<div class=\"elementor-widget-container\">\n\t\t\t\t\t\t\t\t\t<p>MEG-3<sup>\u00ae<\/sup>\u00a0* in Powder-loc\u2122 ** (Omega-3\/-6 EPA &amp; DHA), Scutellaria Lateriflora - nur oberirdische Teile (enth\u00e4lt u.a. Bioflavonoid Scutellarin und andere Flavonoide, Harze, Gerbstoffe und \u00e4therische \u00d6le), Fisch\u00f6lkonzentrat (frei von Schwermetallen und Verunreinigungen***) mit dem Antioxidationsmittel Natriumascorbat und Tocopherolen, Raps\u00f6l, Sonnenblumen\u00f6l, nat\u00fcrliches Aroma, Lebensmittels\u00e4ure, Zitronens\u00e4ure, Pullulan (Kapseln), 5-N-Ethyl-L-Glutamin (L-Theanin), Trennmittel L-Leucin.<\/p>\t\t\t\t\t\t\t\t<\/div>\n\t\t\t\t<\/div>\n\t\t\t\t\t<\/div>\n\t\t<\/div>\n\t\t\t\t\t<\/div>\n\t\t<\/section>\n\t\t\t\t<section class=\"elementor-section elementor-top-section elementor-element elementor-element-d4d204a elementor-section-boxed elementor-section-height-default elementor-section-height-default\" data-id=\"d4d204a\" data-element_type=\"section\" data-e-type=\"section\">\n\t\t\t\t\t\t<div class=\"elementor-container elementor-column-gap-default\">\n\t\t\t\t\t<div class=\"elementor-column elementor-col-100 elementor-top-column elementor-element elementor-element-75f71e8\" data-id=\"75f71e8\" data-element_type=\"column\" data-e-type=\"column\">\n\t\t\t<div class=\"elementor-widget-wrap elementor-element-populated\">\n\t\t\t\t\t\t<div class=\"elementor-element elementor-element-573febe elementor-widget elementor-widget-text-editor\" data-id=\"573febe\" data-element_type=\"widget\" data-e-type=\"widget\" data-widget_type=\"text-editor.default\">\n\t\t\t\t<div class=\"elementor-widget-container\">\n\t\t\t\t\t\t\t\t\t<div class=\"info-content-table\"><table border=\"0\" cellspacing=\"0\" cellpadding=\"0\"><colgroup> <col width=\"156\" \/> <col width=\"92\" \/> <col span=\"2\" width=\"107\" \/><\/colgroup><tbody><tr><td width=\"156\" height=\"40\"><strong>Hauptkomponenten:<\/strong><\/td><td class=\"xl65\" width=\"92\">Pro 100 g<\/td><td class=\"xl65\" width=\"107\">Pro 2 Kapseln<\/td><td class=\"xl65\" width=\"107\">Pro 3 Kapseln<\/td><\/tr><tr><td height=\"20\">Fisch\u00f6l-Konzentrat<\/td><td class=\"xl66\">39,9 g<\/td><td class=\"xl66\">300 mg<\/td><td class=\"xl66\">450 mg<\/td><\/tr><tr><td height=\"20\">Omega-3\/-6-Fetts\u00e4uren<\/td><td class=\"xl66\">6,7 g<\/td><td class=\"xl66\">50 mg<\/td><td class=\"xl66\">75 mg<\/td><\/tr><tr><td height=\"20\">5-N-Ethyl-L-Glutamin<br \/>(L-Theanin)<\/td><td class=\"xl66\">26,6 g<\/td><td class=\"xl66\">200 mg<\/td><td class=\"xl66\">300 mg<\/td><\/tr><tr><td height=\"20\">Blaues Helmkraut<\/td><td class=\"xl66\">13,3 g<\/td><td class=\"xl66\">100 mg<\/td><td class=\"xl66\">150 mg<\/td><\/tr><\/tbody><\/table><\/div>\t\t\t\t\t\t\t\t<\/div>\n\t\t\t\t<\/div>\n\t\t\t\t\t<\/div>\n\t\t<\/div>\n\t\t\t\t\t<\/div>\n\t\t<\/section>\n\t\t\t\t<section class=\"elementor-section elementor-top-section elementor-element elementor-element-209c579 elementor-section-boxed elementor-section-height-default elementor-section-height-default\" data-id=\"209c579\" data-element_type=\"section\" data-e-type=\"section\">\n\t\t\t\t\t\t<div class=\"elementor-container elementor-column-gap-default\">\n\t\t\t\t\t<div class=\"elementor-column elementor-col-100 elementor-top-column elementor-element elementor-element-823d9dd\" data-id=\"823d9dd\" data-element_type=\"column\" data-e-type=\"column\">\n\t\t\t<div class=\"elementor-widget-wrap elementor-element-populated\">\n\t\t\t\t\t\t<div class=\"elementor-element elementor-element-53cb51e elementor-widget elementor-widget-text-editor\" data-id=\"53cb51e\" data-element_type=\"widget\" data-e-type=\"widget\" data-widget_type=\"text-editor.default\">\n\t\t\t\t<div class=\"elementor-widget-container\">\n\t\t\t\t\t\t\t\t\t<p>* MEG-3\u00ae* ist ein geschmacksneutrales, extrem reines Fisch\u00f6lkonzentrat mit Omega-3-Fetts\u00e4uren und antioxidativ aktiver ozeanischer DNA, verbessert durch die patentierte Powder-loc\u2122-Mikroverkapselung.<br \/>** Powder-loc\u2122 Mikroverkapselungsmethode mit einem doppelten Verkapselungssystem.<br \/>*** Die sorgf\u00e4ltigen Pr\u00fcf- und Reinigungsprozesse eliminieren praktisch alle Schwermetalle und Verunreinigungen, so dass nur etwa ein Zehntel der zul\u00e4ssigen Mengen (z. B. nach EC, NFSA, GOOD Omega-3\/-6) vorhanden ist.<\/p>\t\t\t\t\t\t\t\t<\/div>\n\t\t\t\t<\/div>\n\t\t\t\t\t<\/div>\n\t\t<\/div>\n\t\t\t\t\t<\/div>\n\t\t<\/section>\n\t\t\t\t<section class=\"elementor-section elementor-top-section elementor-element elementor-element-9ed51c6 elementor-section-boxed elementor-section-height-default elementor-section-height-default\" data-id=\"9ed51c6\" data-element_type=\"section\" data-e-type=\"section\">\n\t\t\t\t\t\t<div class=\"elementor-container elementor-column-gap-default\">\n\t\t\t\t\t<div class=\"elementor-column elementor-col-100 elementor-top-column elementor-element elementor-element-2c77c85\" data-id=\"2c77c85\" data-element_type=\"column\" data-e-type=\"column\">\n\t\t\t<div class=\"elementor-widget-wrap elementor-element-populated\">\n\t\t\t\t\t\t<div class=\"elementor-element elementor-element-2349ad2 elementor-widget elementor-widget-heading\" data-id=\"2349ad2\" data-element_type=\"widget\" data-e-type=\"widget\" data-widget_type=\"heading.default\">\n\t\t\t\t<div class=\"elementor-widget-container\">\n\t\t\t\t\t<h2 class=\"elementor-heading-title elementor-size-default\">Empfohlene Aufnahme<\/h2>\t\t\t\t<\/div>\n\t\t\t\t<\/div>\n\t\t\t\t<div class=\"elementor-element elementor-element-08b11a0 elementor-widget elementor-widget-text-editor\" data-id=\"08b11a0\" data-element_type=\"widget\" data-e-type=\"widget\" data-widget_type=\"text-editor.default\">\n\t\t\t\t<div class=\"elementor-widget-container\">\n\t\t\t\t\t\t\t\t\t<p>LTO\u00b3 no taste (geschmacksneutral) wurde speziell entwickelt, um ge\u00f6ffnet und in etwas Fl\u00fcssigkeit gemischt zu werden. Auf diese Weise entsteht kein fischiger Geschmack, wie es beim \u00d6ffnen von LTO\u00b3 der Fall ist.\u00a0<\/p><p>L\u00f6sen Sie den Inhalt der Kapseln t\u00e4glich 10 Minuten vor dem Fr\u00fchst\u00fcck in etwas Fl\u00fcssigkeit (m\u00f6glichst ohne Zucker) auf und schlucken Sie ihn. Sie k\u00f6nnen die Kapseln auch schlucken.<\/p><p>Die empfohlene Tagesdosis von LTO\u00b3 flavourless richtet sich nach dem K\u00f6rpergewicht.<\/p><p><strong>Von 45 kg<\/strong>: 3 Kapseln t\u00e4glich.\u00a0<\/p><p><strong>Weniger als 45 kg<\/strong>: Bei einem K\u00f6rpergewicht von weniger als 45 Pfund nehmen Sie 2 Kapseln ein.<\/p><p>Wenn die Wirkung nach 2 Wochen der Anwendung nicht ausreichend ist, k\u00f6nnen Sie die Dosis anpassen. Bitte konsultieren Sie die Gebrauchsanweisung oder mailen Sie uns an\u00a0<a href=\"https:\/\/smartvital.eu\/de\/kontakt\/\" target=\"_blank\" rel=\"noopener\">Kontakt-Formular<\/a>.<\/p><p><strong>Hochsensible Menschen<\/strong>: Beginnen Sie mit 1 Kapsel pro Tag. Erh\u00f6hen Sie dann, falls erforderlich, die Dosis mit 1 Kapsel pro Woche, bis die gew\u00fcnschte Wirkung erreicht ist (bis zu 3 Kapseln).<\/p><p><strong>Haustiere<\/strong>Bis zu 15 kg 1 Kapsel t\u00e4glich. Zwischen 15 und 40 Kilo 2 Kapseln und \u00fcber 40 Kilo 3 Kapseln t\u00e4glich.<\/p>\t\t\t\t\t\t\t\t<\/div>\n\t\t\t\t<\/div>\n\t\t\t\t\t<\/div>\n\t\t<\/div>\n\t\t\t\t\t<\/div>\n\t\t<\/section>\n\t\t\t\t<section class=\"elementor-section elementor-top-section elementor-element elementor-element-33e9fdb elementor-section-boxed elementor-section-height-default elementor-section-height-default\" data-id=\"33e9fdb\" data-element_type=\"section\" data-e-type=\"section\">\n\t\t\t\t\t\t<div class=\"elementor-container elementor-column-gap-default\">\n\t\t\t\t\t<div class=\"elementor-column elementor-col-100 elementor-top-column elementor-element elementor-element-451a232\" data-id=\"451a232\" data-element_type=\"column\" data-e-type=\"column\">\n\t\t\t<div class=\"elementor-widget-wrap elementor-element-populated\">\n\t\t\t\t\t\t<div class=\"elementor-element elementor-element-99b479d elementor-widget elementor-widget-heading\" data-id=\"99b479d\" data-element_type=\"widget\" data-e-type=\"widget\" data-widget_type=\"heading.default\">\n\t\t\t\t<div class=\"elementor-widget-container\">\n\t\t\t\t\t<h2 class=\"elementor-heading-title elementor-size-default\">Bemerkungen<\/h2>\t\t\t\t<\/div>\n\t\t\t\t<\/div>\n\t\t\t\t<div class=\"elementor-element elementor-element-2f55dde elementor-widget elementor-widget-text-editor\" data-id=\"2f55dde\" data-element_type=\"widget\" data-e-type=\"widget\" data-widget_type=\"text-editor.default\">\n\t\t\t\t<div class=\"elementor-widget-container\">\n\t\t\t\t\t\t\t\t\t<p>Nahrungserg\u00e4nzungsmittel sind kein Ersatz f\u00fcr eine ausgewogene und abwechslungsreiche Ern\u00e4hrung und eine gesunde Lebensweise. Bei Schwangerschaft und Stillzeit sollten Sie einen Arzt aufsuchen. Au\u00dferhalb der Reichweite von kleinen Kindern aufbewahren. Halten Sie die verschlossene Verpackung k\u00fchl und trocken.<\/p>\n<p>Die Verpackung ist aus 100% HDPE (High Density Polyethylene) hergestellt.<font face=\"Calibri, sans-serif\" color=\"#70ad47\"><span style=\"font-size: 14.6667px\"> <\/span><\/font>und enth\u00e4lt kein BPA (Bisphenol-A).<br><\/p>\t\t\t\t\t\t\t\t<\/div>\n\t\t\t\t<\/div>\n\t\t\t\t\t<\/div>\n\t\t<\/div>\n\t\t\t\t\t<\/div>\n\t\t<\/section>\n\t\t\t\t<section class=\"elementor-section elementor-top-section elementor-element elementor-element-035e0e1 elementor-section-boxed elementor-section-height-default elementor-section-height-default\" data-id=\"035e0e1\" data-element_type=\"section\" data-e-type=\"section\">\n\t\t\t\t\t\t<div class=\"elementor-container elementor-column-gap-default\">\n\t\t\t\t\t<div class=\"elementor-column elementor-col-100 elementor-top-column elementor-element elementor-element-67f0a68\" data-id=\"67f0a68\" data-element_type=\"column\" data-e-type=\"column\">\n\t\t\t<div class=\"elementor-widget-wrap elementor-element-populated\">\n\t\t\t\t\t\t<div class=\"elementor-element elementor-element-2fd8949 elementor-widget elementor-widget-heading\" data-id=\"2fd8949\" data-element_type=\"widget\" data-e-type=\"widget\" data-widget_type=\"heading.default\">\n\t\t\t\t<div class=\"elementor-widget-container\">\n\t\t\t\t\t<h2 class=\"elementor-heading-title elementor-size-default\">Benutzte Kapseln<\/h2>\t\t\t\t<\/div>\n\t\t\t\t<\/div>\n\t\t\t\t<div class=\"elementor-element elementor-element-25ca92d elementor-widget elementor-widget-text-editor\" data-id=\"25ca92d\" data-element_type=\"widget\" data-e-type=\"widget\" data-widget_type=\"text-editor.default\">\n\t\t\t\t<div class=\"elementor-widget-container\">\n\t\t\t\t\t\t\t\t\t<p>Plantcaps\u2122 sind die n\u00e4chste Generation von vegetarischen Kapseln aus Pullulan - einem nat\u00fcrlichen wasserl\u00f6slichen Polysaccharid. Pullulan wird durch Hefeg\u00e4rung aus Maisst\u00e4rke gewonnen.<\/p><p>Pullulan wurde systematisch auf Qualit\u00e4t und Sicherheit gepr\u00fcft und wird derzeit zunehmend in pharmazeutischen und Verbraucherprodukten eingesetzt.<\/p><p>Die Hauptmerkmale von Plantcaps\u2122 sind:<\/p>\t\t\t\t\t\t\t\t<\/div>\n\t\t\t\t<\/div>\n\t\t\t\t\t<\/div>\n\t\t<\/div>\n\t\t\t\t\t<\/div>\n\t\t<\/section>\n\t\t\t\t<section class=\"elementor-section elementor-top-section elementor-element elementor-element-8166ef8 elementor-section-boxed elementor-section-height-default elementor-section-height-default\" data-id=\"8166ef8\" data-element_type=\"section\" data-e-type=\"section\">\n\t\t\t\t\t\t<div class=\"elementor-container elementor-column-gap-default\">\n\t\t\t\t\t<div class=\"elementor-column elementor-col-50 elementor-top-column elementor-element elementor-element-8a5850d\" data-id=\"8a5850d\" data-element_type=\"column\" data-e-type=\"column\">\n\t\t\t<div class=\"elementor-widget-wrap elementor-element-populated\">\n\t\t\t\t\t\t<div class=\"elementor-element elementor-element-1ab1182 elementor-icon-list--layout-traditional elementor-list-item-link-full_width elementor-widget elementor-widget-icon-list\" data-id=\"1ab1182\" data-element_type=\"widget\" data-e-type=\"widget\" data-widget_type=\"icon-list.default\">\n\t\t\t\t<div class=\"elementor-widget-container\">\n\t\t\t\t\t\t\t<ul class=\"elementor-icon-list-items\">\n\t\t\t\t\t\t\t<li class=\"elementor-icon-list-item\">\n\t\t\t\t\t\t\t\t\t\t\t<span class=\"elementor-icon-list-icon\">\n\t\t\t\t\t\t\t<i aria-hidden=\"true\" class=\"fas fa-circle\"><\/i>\t\t\t\t\t\t<\/span>\n\t\t\t\t\t\t\t\t\t\t<span class=\"elementor-icon-list-text\">Rein nat\u00fcrlich<\/span>\n\t\t\t\t\t\t\t\t\t<\/li>\n\t\t\t\t\t\t\t\t<li class=\"elementor-icon-list-item\">\n\t\t\t\t\t\t\t\t\t\t\t<span class=\"elementor-icon-list-icon\">\n\t\t\t\t\t\t\t<i aria-hidden=\"true\" class=\"fas fa-circle\"><\/i>\t\t\t\t\t\t<\/span>\n\t\t\t\t\t\t\t\t\t\t<span class=\"elementor-icon-list-text\">Ohne St\u00e4rke<\/span>\n\t\t\t\t\t\t\t\t\t<\/li>\n\t\t\t\t\t\t\t\t<li class=\"elementor-icon-list-item\">\n\t\t\t\t\t\t\t\t\t\t\t<span class=\"elementor-icon-list-icon\">\n\t\t\t\t\t\t\t<i aria-hidden=\"true\" class=\"fas fa-circle\"><\/i>\t\t\t\t\t\t<\/span>\n\t\t\t\t\t\t\t\t\t\t<span class=\"elementor-icon-list-text\">Glutenfrei<\/span>\n\t\t\t\t\t\t\t\t\t<\/li>\n\t\t\t\t\t\t\t\t<li class=\"elementor-icon-list-item\">\n\t\t\t\t\t\t\t\t\t\t\t<span class=\"elementor-icon-list-icon\">\n\t\t\t\t\t\t\t<i aria-hidden=\"true\" class=\"fas fa-circle\"><\/i>\t\t\t\t\t\t<\/span>\n\t\t\t\t\t\t\t\t\t\t<span class=\"elementor-icon-list-text\">Ohne Konservierungsstoffe<\/span>\n\t\t\t\t\t\t\t\t\t<\/li>\n\t\t\t\t\t\t\t\t<li class=\"elementor-icon-list-item\">\n\t\t\t\t\t\t\t\t\t\t\t<span class=\"elementor-icon-list-icon\">\n\t\t\t\t\t\t\t<i aria-hidden=\"true\" class=\"fas fa-circle\"><\/i>\t\t\t\t\t\t<\/span>\n\t\t\t\t\t\t\t\t\t\t<span class=\"elementor-icon-list-text\">Ohne gentechnisch ver\u00e4nderte Quellen (Non-GMO)<\/span>\n\t\t\t\t\t\t\t\t\t<\/li>\n\t\t\t\t\t\t\t\t<li class=\"elementor-icon-list-item\">\n\t\t\t\t\t\t\t\t\t\t\t<span class=\"elementor-icon-list-icon\">\n\t\t\t\t\t\t\t<i aria-hidden=\"true\" class=\"fas fa-circle\"><\/i>\t\t\t\t\t\t<\/span>\n\t\t\t\t\t\t\t\t\t\t<span class=\"elementor-icon-list-text\">Ohne HPMC (Hydroxypropylmethylcelluose)<\/span>\n\t\t\t\t\t\t\t\t\t<\/li>\n\t\t\t\t\t\t\t\t<li class=\"elementor-icon-list-item\">\n\t\t\t\t\t\t\t\t\t\t\t<span class=\"elementor-icon-list-icon\">\n\t\t\t\t\t\t\t<i aria-hidden=\"true\" class=\"fas fa-circle\"><\/i>\t\t\t\t\t\t<\/span>\n\t\t\t\t\t\t\t\t\t\t<span class=\"elementor-icon-list-text\">Geeignet f\u00fcr Diabetiker und Patienten mit eingeschr\u00e4nkter Di\u00e4t<\/span>\n\t\t\t\t\t\t\t\t\t<\/li>\n\t\t\t\t\t\t<\/ul>\n\t\t\t\t\t\t<\/div>\n\t\t\t\t<\/div>\n\t\t\t\t\t<\/div>\n\t\t<\/div>\n\t\t\t\t<div class=\"elementor-column elementor-col-50 elementor-top-column elementor-element elementor-element-5457678\" data-id=\"5457678\" data-element_type=\"column\" data-e-type=\"column\">\n\t\t\t<div class=\"elementor-widget-wrap elementor-element-populated\">\n\t\t\t\t\t\t<div class=\"elementor-element elementor-element-3d5702e elementor-widget elementor-widget-image\" data-id=\"3d5702e\" data-element_type=\"widget\" data-e-type=\"widget\" data-widget_type=\"image.default\">\n\t\t\t\t<div class=\"elementor-widget-container\">\n\t\t\t\t\t\t\t\t\t\t\t\t<figure class=\"wp-caption\">\n\t\t\t\t\t\t\t\t\t\t<img fetchpriority=\"high\" decoding=\"async\" width=\"238\" height=\"211\" src=\"https:\/\/smartvital.eu\/wp-content\/uploads\/2021\/01\/plantcaps.jpg\" class=\"attachment-large size-large wp-image-8873\" alt=\"Pflanzenkappen\" srcset=\"https:\/\/smartvital.eu\/wp-content\/uploads\/2021\/01\/plantcaps.jpg 238w, https:\/\/smartvital.eu\/wp-content\/uploads\/2021\/01\/plantcaps-14x12.jpg 14w, https:\/\/smartvital.eu\/wp-content\/uploads\/2021\/01\/plantcaps-24x21.jpg 24w, https:\/\/smartvital.eu\/wp-content\/uploads\/2021\/01\/plantcaps-36x32.jpg 36w, https:\/\/smartvital.eu\/wp-content\/uploads\/2021\/01\/plantcaps-48x43.jpg 48w\" sizes=\"(max-width: 238px) 100vw, 238px\" \/>\t\t\t\t\t\t\t\t\t\t\t<figcaption class=\"widget-image-caption wp-caption-text\">Pflanzenkappen<\/figcaption>\n\t\t\t\t\t\t\t\t\t\t<\/figure>\n\t\t\t\t\t\t\t\t\t<\/div>\n\t\t\t\t<\/div>\n\t\t\t\t\t<\/div>\n\t\t<\/div>\n\t\t\t\t\t<\/div>\n\t\t<\/section>\n\t\t\t\t<\/div>","protected":false},"excerpt":{"rendered":"<p>LTO<sup>3<\/sup>\u00a0geschmacksneutral ist ein 100% Naturprodukt mit sehr reinen und hochwertigen, \u00f6kologischen Inhaltsstoffen.<\/p>\n<p>Es verbessert die Konzentrations- und Lernleistung, sorgt f\u00fcr einen klaren Kopf, entspannt, wirkt aufmunternd, f\u00f6rdert den Schlaf und steigert die Vitalit\u00e4t.<\/p>","protected":false},"featured_media":8859,"template":"","meta":{"_acf_changed":false},"product_brand":[],"product_cat":[609,659,16],"product_tag":[643,645,644,649,646,647,650,648],"class_list":{"0":"post-10","1":"product","2":"type-product","3":"status-publish","4":"has-post-thumbnail","6":"product_cat-lto3","7":"product_cat-producten-3950","8":"product_cat-supplementen","9":"product_tag-concentratie","10":"product_tag-heldere-geest","11":"product_tag-leerprestatie","12":"product_tag-nachtrust","13":"product_tag-ontspant","14":"product_tag-opbeurend","15":"product_tag-smaakloos","16":"product_tag-vitaliteit","18":"first","19":"instock","20":"taxable","21":"shipping-taxable","22":"purchasable","23":"product-type-simple"},"acf":[],"tiered_pricing_type":"fixed","tiered_pricing_fixed_rules":[],"tiered_pricing_product_settings":{"layout":"default","base_unit_name":{"singular":null,"plural":null},"default_variation":null},"tiered_pricing_minimum_quantity":null,"tiered_pricing_roles_data":[],"tiered_pricing_percentage_rules":[],"tiered_pricing_maximum_quantity":null,"tiered_pricing_quantity_step":null,"_links":{"self":[{"href":"https:\/\/smartvital.eu\/de\/wp-json\/wp\/v2\/product\/10","targetHints":{"allow":["GET"]}}],"collection":[{"href":"https:\/\/smartvital.eu\/de\/wp-json\/wp\/v2\/product"}],"about":[{"href":"https:\/\/smartvital.eu\/de\/wp-json\/wp\/v2\/types\/product"}],"version-history":[{"count":4,"href":"https:\/\/smartvital.eu\/de\/wp-json\/wp\/v2\/product\/10\/revisions"}],"predecessor-version":[{"id":64522,"href":"https:\/\/smartvital.eu\/de\/wp-json\/wp\/v2\/product\/10\/revisions\/64522"}],"wp:featuredmedia":[{"embeddable":true,"href":"https:\/\/smartvital.eu\/de\/wp-json\/wp\/v2\/media\/8859"}],"wp:attachment":[{"href":"https:\/\/smartvital.eu\/de\/wp-json\/wp\/v2\/media?parent=10"}],"wp:term":[{"taxonomy":"product_brand","embeddable":true,"href":"https:\/\/smartvital.eu\/de\/wp-json\/wp\/v2\/product_brand?post=10"},{"taxonomy":"product_cat","embeddable":true,"href":"https:\/\/smartvital.eu\/de\/wp-json\/wp\/v2\/product_cat?post=10"},{"taxonomy":"product_tag","embeddable":true,"href":"https:\/\/smartvital.eu\/de\/wp-json\/wp\/v2\/product_tag?post=10"}],"curies":[{"name":"wp","href":"https:\/\/api.w.org\/{rel}","templated":true}]}}