{"id":14,"date":"2021-01-13T10:53:42","date_gmt":"2021-01-13T09:53:42","guid":{"rendered":"https:\/\/smartvital.eu\/?post_type=product&#038;p=14"},"modified":"2026-04-07T22:29:39","modified_gmt":"2026-04-07T20:29:39","slug":"lto3-original","status":"publish","type":"product","link":"https:\/\/smartvital.eu\/de\/product\/lto3-origineel\/","title":{"rendered":"LTO\u00b3 Original"},"content":{"rendered":"<div data-elementor-type=\"product-post\" data-elementor-id=\"14\" class=\"elementor elementor-14\" data-elementor-post-type=\"product\">\n\t\t\t\t\t\t<section class=\"elementor-section elementor-top-section elementor-element elementor-element-5f09221 elementor-section-boxed elementor-section-height-default elementor-section-height-default\" data-id=\"5f09221\" data-element_type=\"section\" data-e-type=\"section\">\n\t\t\t\t\t\t<div class=\"elementor-container elementor-column-gap-default\">\n\t\t\t\t\t<div class=\"elementor-column elementor-col-100 elementor-top-column elementor-element elementor-element-094554f\" data-id=\"094554f\" data-element_type=\"column\" data-e-type=\"column\">\n\t\t\t<div class=\"elementor-widget-wrap elementor-element-populated\">\n\t\t\t\t\t\t<div class=\"elementor-element elementor-element-deb7011 elementor-widget elementor-widget-toggle\" data-id=\"deb7011\" data-element_type=\"widget\" data-e-type=\"widget\" data-widget_type=\"toggle.default\">\n\t\t\t\t<div class=\"elementor-widget-container\">\n\t\t\t\t\t\t\t<div class=\"elementor-toggle\">\n\t\t\t\t\t\t\t<div class=\"elementor-toggle-item\">\n\t\t\t\t\t<div id=\"elementor-tab-title-2331\" class=\"elementor-tab-title\" data-tab=\"1\" role=\"button\" aria-controls=\"elementor-tab-content-2331\" aria-expanded=\"false\">\n\t\t\t\t\t\t\t\t\t\t\t\t<span class=\"elementor-toggle-icon elementor-toggle-icon-left\" aria-hidden=\"true\">\n\t\t\t\t\t\t\t\t\t\t\t\t\t\t\t<span class=\"elementor-toggle-icon-closed\"><i class=\"fas fa-caret-right\"><\/i><\/span>\n\t\t\t\t\t\t\t\t<span class=\"elementor-toggle-icon-opened\"><i class=\"elementor-toggle-icon-opened fas fa-caret-up\"><\/i><\/span>\n\t\t\t\t\t\t\t\t\t\t\t\t\t<\/span>\n\t\t\t\t\t\t\t\t\t\t\t\t<a class=\"elementor-toggle-title\" tabindex=\"0\">Warum so wenig Produktinformation?<\/a>\n\t\t\t\t\t<\/div>\n\n\t\t\t\t\t<div id=\"elementor-tab-content-2331\" class=\"elementor-tab-content elementor-clearfix\" data-tab=\"1\" role=\"region\" aria-labelledby=\"elementor-tab-title-2331\"><p>Aufgrund der europ\u00e4ischen Health-Claims-Verordnung (EG) Nr. 1924\/2006, die am 14. Dezember 2012 in Kraft getreten ist, d\u00fcrfen wir keine detaillierten Angaben zu unseren Nahrungserg\u00e4nzungsmitteln und deren gesundheitlichen Auswirkungen machen. Weitere Informationen zu unseren Produkten erhalten Sie direkt beim Hersteller und in den einschl\u00e4gigen Foren und Informationsportalen.\u00a0<\/p><p>Das Gesetz erlaubt es uns, Sie per Telefon und E-Mail weiter \u00fcber unsere Produkte zu informieren.<\/p><\/div>\n\t\t\t\t<\/div>\n\t\t\t\t\t\t\t\t<\/div>\n\t\t\t\t\t\t<\/div>\n\t\t\t\t<\/div>\n\t\t\t\t\t<\/div>\n\t\t<\/div>\n\t\t\t\t\t<\/div>\n\t\t<\/section>\n\t\t\t\t<section class=\"elementor-section elementor-top-section elementor-element elementor-element-20d07d47 elementor-section-boxed elementor-section-height-default elementor-section-height-default\" data-id=\"20d07d47\" data-element_type=\"section\" data-e-type=\"section\">\n\t\t\t\t\t\t<div class=\"elementor-container elementor-column-gap-default\">\n\t\t\t\t\t<div class=\"elementor-column elementor-col-100 elementor-top-column elementor-element elementor-element-969a3a4\" data-id=\"969a3a4\" data-element_type=\"column\" data-e-type=\"column\">\n\t\t\t<div class=\"elementor-widget-wrap elementor-element-populated\">\n\t\t\t\t\t\t<div class=\"elementor-element elementor-element-197b1520 elementor-widget elementor-widget-text-editor\" data-id=\"197b1520\" data-element_type=\"widget\" data-e-type=\"widget\" data-widget_type=\"text-editor.default\">\n\t\t\t\t<div class=\"elementor-widget-container\">\n\t\t\t\t\t\t\t\t\t<p>Bei SmartVital kaufen Sie LTO<sup>3<\/sup> bei dem einzigen vom Hersteller unterst\u00fctzten Spezialisten.<\/p><p>Wir sind der autorisierte und zertifizierte Distributor von Herb-e-Concept in Europa.<\/p><p>Bei uns k\u00f6nnen Sie sich auf professionelle Unterst\u00fctzung verlassen und Sie erhalten garantiert immer die Original-LTO<sup>3.<\/sup><\/p><p>Dieses Produkt ist weltweit gesch\u00fctzt durch <a href=\"https:\/\/smartvital.eu\/de\/geistiges-eigentum\/\" target=\"_blank\" rel=\"noopener\">Lizenz f\u00fcr geistiges Eigentum CA1281ST1013<\/a><\/p><p><a href=\"https:\/\/smartvital.eu\/wp-content\/uploads\/2024\/11\/Gebrauchsanleitung-LTO3-2.2.pdf\" target=\"_blank\" rel=\"noopener\"><b>Klicken Sie hier f\u00fcr die vollst\u00e4ndige Gebrauchsanleitung von LTO\u00b3.<\/b><\/a><\/p>\t\t\t\t\t\t\t\t<\/div>\n\t\t\t\t<\/div>\n\t\t\t\t\t<\/div>\n\t\t<\/div>\n\t\t\t\t\t<\/div>\n\t\t<\/section>\n\t\t\t\t<section class=\"elementor-section elementor-top-section elementor-element elementor-element-f6a66a5 elementor-section-boxed elementor-section-height-default elementor-section-height-default\" data-id=\"f6a66a5\" data-element_type=\"section\" data-e-type=\"section\">\n\t\t\t\t\t\t<div class=\"elementor-container elementor-column-gap-default\">\n\t\t\t\t\t<div class=\"elementor-column elementor-col-100 elementor-top-column elementor-element elementor-element-073ab3f\" data-id=\"073ab3f\" data-element_type=\"column\" data-e-type=\"column\">\n\t\t\t<div class=\"elementor-widget-wrap elementor-element-populated\">\n\t\t\t\t\t\t<div class=\"elementor-element elementor-element-060b331 elementor-widget elementor-widget-heading\" data-id=\"060b331\" data-element_type=\"widget\" data-e-type=\"widget\" data-widget_type=\"heading.default\">\n\t\t\t\t<div class=\"elementor-widget-container\">\n\t\t\t\t\t<h2 class=\"elementor-heading-title elementor-size-default\">Produkt-Beschreibung<\/h2>\t\t\t\t<\/div>\n\t\t\t\t<\/div>\n\t\t\t\t<div class=\"elementor-element elementor-element-5dacedf elementor-widget elementor-widget-text-editor\" data-id=\"5dacedf\" data-element_type=\"widget\" data-e-type=\"widget\" data-widget_type=\"text-editor.default\">\n\t\t\t\t<div class=\"elementor-widget-container\">\n\t\t\t\t\t\t\t\t\t<p>Reines Naturprodukt!<\/p><p>Einzigartiger, nat\u00fcrlicher Wirkstoffkomplex mit Sementis*, Scutellaria Lateriflora und 5-N-Ethyl-L-Glutamin (L-Theanin).<\/p><p>Inhalt: 90 Kapseln<\/p><p>\u00a0<\/p>\t\t\t\t\t\t\t\t<\/div>\n\t\t\t\t<\/div>\n\t\t\t\t\t<\/div>\n\t\t<\/div>\n\t\t\t\t\t<\/div>\n\t\t<\/section>\n\t\t\t\t<section class=\"elementor-section elementor-top-section elementor-element elementor-element-d62db21 elementor-section-boxed elementor-section-height-default elementor-section-height-default\" data-id=\"d62db21\" data-element_type=\"section\" data-e-type=\"section\">\n\t\t\t\t\t\t<div class=\"elementor-container elementor-column-gap-default\">\n\t\t\t\t\t<div class=\"elementor-column elementor-col-100 elementor-top-column elementor-element elementor-element-40ab44b\" data-id=\"40ab44b\" data-element_type=\"column\" data-e-type=\"column\">\n\t\t\t<div class=\"elementor-widget-wrap elementor-element-populated\">\n\t\t\t\t\t\t<div class=\"elementor-element elementor-element-ca58edd elementor-widget elementor-widget-heading\" data-id=\"ca58edd\" data-element_type=\"widget\" data-e-type=\"widget\" data-widget_type=\"heading.default\">\n\t\t\t\t<div class=\"elementor-widget-container\">\n\t\t\t\t\t<h2 class=\"elementor-heading-title elementor-size-default\">Inhaltsstoffe<\/h2>\t\t\t\t<\/div>\n\t\t\t\t<\/div>\n\t\t\t\t<div class=\"elementor-element elementor-element-8ffba15 elementor-widget elementor-widget-text-editor\" data-id=\"8ffba15\" data-element_type=\"widget\" data-e-type=\"widget\" data-widget_type=\"text-editor.default\">\n\t\t\t\t<div class=\"elementor-widget-container\">\n\t\t\t\t\t\t\t\t\t<p>Sementis* (enth\u00e4lt ozeanische DNA, Polynukleotid, Omega-3\/-6 EPA &amp; DHA, Arginin, Phospholipid, Selen, Zink, Vitamin C), Scutellaria Lateriflora - nur oberirdische Teile (enth\u00e4lt das Bioflavonoid Scutellarin und andere Flavonoide, Harze, Gerbstoffe und \u00e4therische \u00d6le), 5-N-Ethyl-L-Glutamin (L-Theanin), Trennmittel L-Leucin, Pullulan-Kapsel.<\/p>\t\t\t\t\t\t\t\t<\/div>\n\t\t\t\t<\/div>\n\t\t\t\t\t<\/div>\n\t\t<\/div>\n\t\t\t\t\t<\/div>\n\t\t<\/section>\n\t\t\t\t<section class=\"elementor-section elementor-top-section elementor-element elementor-element-338a166 elementor-section-boxed elementor-section-height-default elementor-section-height-default\" data-id=\"338a166\" data-element_type=\"section\" data-e-type=\"section\">\n\t\t\t\t\t\t<div class=\"elementor-container elementor-column-gap-default\">\n\t\t\t\t\t<div class=\"elementor-column elementor-col-100 elementor-top-column elementor-element elementor-element-a246730\" data-id=\"a246730\" data-element_type=\"column\" data-e-type=\"column\">\n\t\t\t<div class=\"elementor-widget-wrap elementor-element-populated\">\n\t\t\t\t\t\t<div class=\"elementor-element elementor-element-60c4b1e elementor-widget elementor-widget-text-editor\" data-id=\"60c4b1e\" data-element_type=\"widget\" data-e-type=\"widget\" data-widget_type=\"text-editor.default\">\n\t\t\t\t<div class=\"elementor-widget-container\">\n\t\t\t\t\t\t\t\t\t<div class=\"info-content-table\"><table border=\"0\" width=\"auto\" cellspacing=\"0\" cellpadding=\"0\"><colgroup> <col \/> <col \/> <col span=\"2\" \/> <\/colgroup><tbody><tr><td height=\"40\"><strong>Hauptkomponenten<\/strong>:<\/td><td><strong>Pro 100 g<\/strong><\/td><td><strong>Pro 2 Kapseln<\/strong><\/td><td><strong>Pro 3 Kapseln<br \/><\/strong><\/td><\/tr><tr><td height=\"20\">Sementis<sup>*<\/sup><\/td><td>29,8 g<\/td><td>200 mg<\/td><td>300 mg<\/td><\/tr><tr><td height=\"20\">5-N-Ethyl-L-Glutamin<br \/>(L-Theanin)<\/td><td>29,8 g<\/td><td>200 mg<\/td><td>300 mg<\/td><\/tr><tr><td height=\"20\">Blaues Helmkraut<\/td><td>14,9 g<\/td><td>100 mg<\/td><td>150 mg<\/td><\/tr><\/tbody><\/table><\/div>\t\t\t\t\t\t\t\t<\/div>\n\t\t\t\t<\/div>\n\t\t\t\t\t<\/div>\n\t\t<\/div>\n\t\t\t\t\t<\/div>\n\t\t<\/section>\n\t\t\t\t<section class=\"elementor-section elementor-top-section elementor-element elementor-element-d973c40 elementor-section-boxed elementor-section-height-default elementor-section-height-default\" data-id=\"d973c40\" data-element_type=\"section\" data-e-type=\"section\">\n\t\t\t\t\t\t<div class=\"elementor-container elementor-column-gap-default\">\n\t\t\t\t\t<div class=\"elementor-column elementor-col-100 elementor-top-column elementor-element elementor-element-e07115d\" data-id=\"e07115d\" data-element_type=\"column\" data-e-type=\"column\">\n\t\t\t<div class=\"elementor-widget-wrap elementor-element-populated\">\n\t\t\t\t\t\t<div class=\"elementor-element elementor-element-2d44a62 elementor-widget elementor-widget-text-editor\" data-id=\"2d44a62\" data-element_type=\"widget\" data-e-type=\"widget\" data-widget_type=\"text-editor.default\">\n\t\t\t\t<div class=\"elementor-widget-container\">\n\t\t\t\t\t\t\t\t\t<p>* Sementis ist eine eingetragene Marke von OCEAN NUTRASCIENCES und enth\u00e4lt 21% bis 32% ozeanische DNA.<\/p>\t\t\t\t\t\t\t\t<\/div>\n\t\t\t\t<\/div>\n\t\t\t\t\t<\/div>\n\t\t<\/div>\n\t\t\t\t\t<\/div>\n\t\t<\/section>\n\t\t\t\t<section class=\"elementor-section elementor-top-section elementor-element elementor-element-bcc209b elementor-section-boxed elementor-section-height-default elementor-section-height-default\" data-id=\"bcc209b\" data-element_type=\"section\" data-e-type=\"section\">\n\t\t\t\t\t\t<div class=\"elementor-container elementor-column-gap-default\">\n\t\t\t\t\t<div class=\"elementor-column elementor-col-100 elementor-top-column elementor-element elementor-element-82e6573\" data-id=\"82e6573\" data-element_type=\"column\" data-e-type=\"column\">\n\t\t\t<div class=\"elementor-widget-wrap elementor-element-populated\">\n\t\t\t\t\t\t<div class=\"elementor-element elementor-element-a6c27fe elementor-widget elementor-widget-heading\" data-id=\"a6c27fe\" data-element_type=\"widget\" data-e-type=\"widget\" data-widget_type=\"heading.default\">\n\t\t\t\t<div class=\"elementor-widget-container\">\n\t\t\t\t\t<h2 class=\"elementor-heading-title elementor-size-default\">Empfohlene Aufnahme<\/h2>\t\t\t\t<\/div>\n\t\t\t\t<\/div>\n\t\t\t\t<div class=\"elementor-element elementor-element-c862eab elementor-widget elementor-widget-text-editor\" data-id=\"c862eab\" data-element_type=\"widget\" data-e-type=\"widget\" data-widget_type=\"text-editor.default\">\n\t\t\t\t<div class=\"elementor-widget-container\">\n\t\t\t\t\t\t\t\t\t<p>Um die bestm\u00f6gliche Aufnahme von LTO\u00b3 zu gew\u00e4hrleisten, empfehlen wir, die Kapseln morgens 10 Minuten vor dem Fr\u00fchst\u00fcck mit einem Getr\u00e4nk unzerkaut einzunehmen. Manchmal wurde festgestellt, dass die Einnahme mit Milch und Zuckerprodukten die Absorption leicht behindern und die Wirkung verringern kann.<\/p><p>Die empfohlene Tagesdosis von LTO\u00b3 richtet sich nach dem K\u00f6rpergewicht.<\/p><p><strong>Von 45 kg<\/strong>: 3 Kapseln t\u00e4glich.\u00a0<\/p><p><strong>Weniger als 45 kg<\/strong>: Bei einem K\u00f6rpergewicht von weniger als 45 Pfund nehmen Sie 2 Kapseln ein.<\/p><p>Wenn die Wirkung nach 2 Wochen der Anwendung nicht ausreichend ist, k\u00f6nnen Sie die Dosis anpassen. Bitte konsultieren Sie die Gebrauchsanweisung oder mailen Sie uns an\u00a0<a href=\"https:\/\/smartvital.eu\/de\/kontakt\/\" target=\"_blank\" rel=\"noopener\">Kontakt-Formular<\/a>.<\/p><p><strong>Hochsensible Menschen<\/strong>: Beginnen Sie mit 1 Kapsel pro Tag. Erh\u00f6hen Sie dann, falls erforderlich, die Dosis mit 1 Kapsel pro Woche, bis die gew\u00fcnschte Wirkung erreicht ist (bis zu 3 Kapseln).<\/p><p><strong>Haustiere<\/strong>Bis zu 15 kg 1 Kapsel t\u00e4glich. Zwischen 15 und 40 Kilo 2 Kapseln und \u00fcber 40 Kilo 3 Kapseln t\u00e4glich.<\/p>\t\t\t\t\t\t\t\t<\/div>\n\t\t\t\t<\/div>\n\t\t\t\t\t<\/div>\n\t\t<\/div>\n\t\t\t\t\t<\/div>\n\t\t<\/section>\n\t\t\t\t<section class=\"elementor-section elementor-top-section elementor-element elementor-element-ee88190 elementor-section-boxed elementor-section-height-default elementor-section-height-default\" data-id=\"ee88190\" data-element_type=\"section\" data-e-type=\"section\">\n\t\t\t\t\t\t<div class=\"elementor-container elementor-column-gap-default\">\n\t\t\t\t\t<div class=\"elementor-column elementor-col-100 elementor-top-column elementor-element elementor-element-0df6fc9\" data-id=\"0df6fc9\" data-element_type=\"column\" data-e-type=\"column\">\n\t\t\t<div class=\"elementor-widget-wrap elementor-element-populated\">\n\t\t\t\t\t\t<div class=\"elementor-element elementor-element-e4ccc13 elementor-widget elementor-widget-heading\" data-id=\"e4ccc13\" data-element_type=\"widget\" data-e-type=\"widget\" data-widget_type=\"heading.default\">\n\t\t\t\t<div class=\"elementor-widget-container\">\n\t\t\t\t\t<h2 class=\"elementor-heading-title elementor-size-default\">Bemerkungen<\/h2>\t\t\t\t<\/div>\n\t\t\t\t<\/div>\n\t\t\t\t<div class=\"elementor-element elementor-element-0973869 elementor-widget elementor-widget-text-editor\" data-id=\"0973869\" data-element_type=\"widget\" data-e-type=\"widget\" data-widget_type=\"text-editor.default\">\n\t\t\t\t<div class=\"elementor-widget-container\">\n\t\t\t\t\t\t\t\t\t<p>Nahrungserg\u00e4nzungsmittel sind kein Ersatz f\u00fcr eine ausgewogene und abwechslungsreiche Ern\u00e4hrung und eine gesunde Lebensweise. Konsultieren Sie einen Arzt, wenn Sie schwanger sind oder stillen. Au\u00dferhalb der Reichweite von Kleinkindern aufbewahren. Beh\u00e4lter k\u00fchl und trocken halten.<\/p>\n<p style=\"text-indent: -24px\">&nbsp; &nbsp; &nbsp;Die Verpackung ist aus 100% HDPE (High Density Polyethylene) hergestellt.<font color=\"#70ad47\" face=\"Calibri, sans-serif\"><span style=\"font-size: 14.6667px\"> <\/span><\/font>und enth\u00e4lt kein BPA (Bisphenol-A).<\/p>\t\t\t\t\t\t\t\t<\/div>\n\t\t\t\t<\/div>\n\t\t\t\t\t<\/div>\n\t\t<\/div>\n\t\t\t\t\t<\/div>\n\t\t<\/section>\n\t\t\t\t<section class=\"elementor-section elementor-top-section elementor-element elementor-element-4cd3e6c elementor-section-boxed elementor-section-height-default elementor-section-height-default\" data-id=\"4cd3e6c\" data-element_type=\"section\" data-e-type=\"section\">\n\t\t\t\t\t\t<div class=\"elementor-container elementor-column-gap-default\">\n\t\t\t\t\t<div class=\"elementor-column elementor-col-100 elementor-top-column elementor-element elementor-element-14913f4\" data-id=\"14913f4\" data-element_type=\"column\" data-e-type=\"column\">\n\t\t\t<div class=\"elementor-widget-wrap elementor-element-populated\">\n\t\t\t\t\t\t<div class=\"elementor-element elementor-element-05cb7d8 elementor-widget elementor-widget-heading\" data-id=\"05cb7d8\" data-element_type=\"widget\" data-e-type=\"widget\" data-widget_type=\"heading.default\">\n\t\t\t\t<div class=\"elementor-widget-container\">\n\t\t\t\t\t<h2 class=\"elementor-heading-title elementor-size-default\">Benutzte Kapseln<\/h2>\t\t\t\t<\/div>\n\t\t\t\t<\/div>\n\t\t\t\t<div class=\"elementor-element elementor-element-7a3d897 elementor-widget elementor-widget-text-editor\" data-id=\"7a3d897\" data-element_type=\"widget\" data-e-type=\"widget\" data-widget_type=\"text-editor.default\">\n\t\t\t\t<div class=\"elementor-widget-container\">\n\t\t\t\t\t\t\t\t\t<p>Plantcaps\u2122 sind die n\u00e4chste Generation von vegetarischen Kapseln aus Pullulan - einem nat\u00fcrlichen wasserl\u00f6slichen Polysaccharid. Pullulan wird durch Hefeg\u00e4rung aus Maisst\u00e4rke gewonnen.<\/p><p>Pullulan wurde systematisch auf Qualit\u00e4t und Sicherheit gepr\u00fcft und wird derzeit zunehmend in pharmazeutischen und Verbraucherprodukten eingesetzt.<\/p><p>Die Hauptmerkmale von Plantcaps\u2122 sind:<\/p>\t\t\t\t\t\t\t\t<\/div>\n\t\t\t\t<\/div>\n\t\t\t\t\t<\/div>\n\t\t<\/div>\n\t\t\t\t\t<\/div>\n\t\t<\/section>\n\t\t\t\t<section class=\"elementor-section elementor-top-section elementor-element elementor-element-ed51343 elementor-section-boxed elementor-section-height-default elementor-section-height-default\" data-id=\"ed51343\" data-element_type=\"section\" data-e-type=\"section\">\n\t\t\t\t\t\t<div class=\"elementor-container elementor-column-gap-default\">\n\t\t\t\t\t<div class=\"elementor-column elementor-col-50 elementor-top-column elementor-element elementor-element-dac424d\" data-id=\"dac424d\" data-element_type=\"column\" data-e-type=\"column\">\n\t\t\t<div class=\"elementor-widget-wrap elementor-element-populated\">\n\t\t\t\t\t\t<div class=\"elementor-element elementor-element-b6470d0 elementor-icon-list--layout-traditional elementor-list-item-link-full_width elementor-widget elementor-widget-icon-list\" data-id=\"b6470d0\" data-element_type=\"widget\" data-e-type=\"widget\" data-widget_type=\"icon-list.default\">\n\t\t\t\t<div class=\"elementor-widget-container\">\n\t\t\t\t\t\t\t<ul class=\"elementor-icon-list-items\">\n\t\t\t\t\t\t\t<li class=\"elementor-icon-list-item\">\n\t\t\t\t\t\t\t\t\t\t\t<span class=\"elementor-icon-list-icon\">\n\t\t\t\t\t\t\t<i aria-hidden=\"true\" class=\"fas fa-circle\"><\/i>\t\t\t\t\t\t<\/span>\n\t\t\t\t\t\t\t\t\t\t<span class=\"elementor-icon-list-text\">Rein nat\u00fcrlich<\/span>\n\t\t\t\t\t\t\t\t\t<\/li>\n\t\t\t\t\t\t\t\t<li class=\"elementor-icon-list-item\">\n\t\t\t\t\t\t\t\t\t\t\t<span class=\"elementor-icon-list-icon\">\n\t\t\t\t\t\t\t<i aria-hidden=\"true\" class=\"fas fa-circle\"><\/i>\t\t\t\t\t\t<\/span>\n\t\t\t\t\t\t\t\t\t\t<span class=\"elementor-icon-list-text\">Ohne St\u00e4rke<\/span>\n\t\t\t\t\t\t\t\t\t<\/li>\n\t\t\t\t\t\t\t\t<li class=\"elementor-icon-list-item\">\n\t\t\t\t\t\t\t\t\t\t\t<span class=\"elementor-icon-list-icon\">\n\t\t\t\t\t\t\t<i aria-hidden=\"true\" class=\"fas fa-circle\"><\/i>\t\t\t\t\t\t<\/span>\n\t\t\t\t\t\t\t\t\t\t<span class=\"elementor-icon-list-text\">Glutenfrei<\/span>\n\t\t\t\t\t\t\t\t\t<\/li>\n\t\t\t\t\t\t\t\t<li class=\"elementor-icon-list-item\">\n\t\t\t\t\t\t\t\t\t\t\t<span class=\"elementor-icon-list-icon\">\n\t\t\t\t\t\t\t<i aria-hidden=\"true\" class=\"fas fa-circle\"><\/i>\t\t\t\t\t\t<\/span>\n\t\t\t\t\t\t\t\t\t\t<span class=\"elementor-icon-list-text\">Ohne Konservierungsstoffe<\/span>\n\t\t\t\t\t\t\t\t\t<\/li>\n\t\t\t\t\t\t\t\t<li class=\"elementor-icon-list-item\">\n\t\t\t\t\t\t\t\t\t\t\t<span class=\"elementor-icon-list-icon\">\n\t\t\t\t\t\t\t<i aria-hidden=\"true\" class=\"fas fa-circle\"><\/i>\t\t\t\t\t\t<\/span>\n\t\t\t\t\t\t\t\t\t\t<span class=\"elementor-icon-list-text\">Ohne gentechnisch ver\u00e4nderte Quellen (Non-GMO)<\/span>\n\t\t\t\t\t\t\t\t\t<\/li>\n\t\t\t\t\t\t\t\t<li class=\"elementor-icon-list-item\">\n\t\t\t\t\t\t\t\t\t\t\t<span class=\"elementor-icon-list-icon\">\n\t\t\t\t\t\t\t<i aria-hidden=\"true\" class=\"fas fa-circle\"><\/i>\t\t\t\t\t\t<\/span>\n\t\t\t\t\t\t\t\t\t\t<span class=\"elementor-icon-list-text\">Ohne HPMC (Hydroxypropylmethylcelluose)<\/span>\n\t\t\t\t\t\t\t\t\t<\/li>\n\t\t\t\t\t\t\t\t<li class=\"elementor-icon-list-item\">\n\t\t\t\t\t\t\t\t\t\t\t<span class=\"elementor-icon-list-icon\">\n\t\t\t\t\t\t\t<i aria-hidden=\"true\" class=\"fas fa-circle\"><\/i>\t\t\t\t\t\t<\/span>\n\t\t\t\t\t\t\t\t\t\t<span class=\"elementor-icon-list-text\">Geeignet f\u00fcr Diabetiker und Patienten mit eingeschr\u00e4nkter Di\u00e4t<\/span>\n\t\t\t\t\t\t\t\t\t<\/li>\n\t\t\t\t\t\t<\/ul>\n\t\t\t\t\t\t<\/div>\n\t\t\t\t<\/div>\n\t\t\t\t\t<\/div>\n\t\t<\/div>\n\t\t\t\t<div class=\"elementor-column elementor-col-50 elementor-top-column elementor-element elementor-element-29f8300\" data-id=\"29f8300\" data-element_type=\"column\" data-e-type=\"column\">\n\t\t\t<div class=\"elementor-widget-wrap elementor-element-populated\">\n\t\t\t\t\t\t<div class=\"elementor-element elementor-element-5870a59 elementor-widget elementor-widget-image\" data-id=\"5870a59\" data-element_type=\"widget\" data-e-type=\"widget\" data-widget_type=\"image.default\">\n\t\t\t\t<div class=\"elementor-widget-container\">\n\t\t\t\t\t\t\t\t\t\t\t\t<figure class=\"wp-caption\">\n\t\t\t\t\t\t\t\t\t\t<img fetchpriority=\"high\" decoding=\"async\" width=\"238\" height=\"211\" src=\"https:\/\/smartvital.eu\/wp-content\/uploads\/2021\/01\/plantcaps.jpg\" class=\"attachment-large size-large wp-image-8873\" alt=\"Pflanzenkappen\" srcset=\"https:\/\/smartvital.eu\/wp-content\/uploads\/2021\/01\/plantcaps.jpg 238w, https:\/\/smartvital.eu\/wp-content\/uploads\/2021\/01\/plantcaps-14x12.jpg 14w, https:\/\/smartvital.eu\/wp-content\/uploads\/2021\/01\/plantcaps-24x21.jpg 24w, https:\/\/smartvital.eu\/wp-content\/uploads\/2021\/01\/plantcaps-36x32.jpg 36w, https:\/\/smartvital.eu\/wp-content\/uploads\/2021\/01\/plantcaps-48x43.jpg 48w\" sizes=\"(max-width: 238px) 100vw, 238px\" \/>\t\t\t\t\t\t\t\t\t\t\t<figcaption class=\"widget-image-caption wp-caption-text\">Pflanzenkappen<\/figcaption>\n\t\t\t\t\t\t\t\t\t\t<\/figure>\n\t\t\t\t\t\t\t\t\t<\/div>\n\t\t\t\t<\/div>\n\t\t\t\t\t<\/div>\n\t\t<\/div>\n\t\t\t\t\t<\/div>\n\t\t<\/section>\n\t\t\t\t<section class=\"elementor-section elementor-top-section elementor-element elementor-element-5ea867f elementor-section-boxed elementor-section-height-default elementor-section-height-default\" data-id=\"5ea867f\" data-element_type=\"section\" data-e-type=\"section\">\n\t\t\t\t\t\t<div class=\"elementor-container elementor-column-gap-default\">\n\t\t\t\t\t<div class=\"elementor-column elementor-col-100 elementor-top-column elementor-element elementor-element-a7440a8\" data-id=\"a7440a8\" data-element_type=\"column\" data-e-type=\"column\">\n\t\t\t<div class=\"elementor-widget-wrap elementor-element-populated\">\n\t\t\t\t\t\t<div class=\"elementor-element elementor-element-3515699 elementor-widget elementor-widget-spacer\" data-id=\"3515699\" data-element_type=\"widget\" data-e-type=\"widget\" data-widget_type=\"spacer.default\">\n\t\t\t\t<div class=\"elementor-widget-container\">\n\t\t\t\t\t\t\t<div class=\"elementor-spacer\">\n\t\t\t<div class=\"elementor-spacer-inner\"><\/div>\n\t\t<\/div>\n\t\t\t\t\t\t<\/div>\n\t\t\t\t<\/div>\n\t\t\t\t\t<\/div>\n\t\t<\/div>\n\t\t\t\t\t<\/div>\n\t\t<\/section>\n\t\t\t\t<section class=\"elementor-section elementor-top-section elementor-element elementor-element-8811857 elementor-section-boxed elementor-section-height-default elementor-section-height-default\" data-id=\"8811857\" data-element_type=\"section\" data-e-type=\"section\">\n\t\t\t\t\t\t<div class=\"elementor-container elementor-column-gap-default\">\n\t\t\t\t\t<div class=\"elementor-column elementor-col-100 elementor-top-column elementor-element elementor-element-361dc35\" data-id=\"361dc35\" data-element_type=\"column\" data-e-type=\"column\">\n\t\t\t<div class=\"elementor-widget-wrap\">\n\t\t\t\t\t\t\t<\/div>\n\t\t<\/div>\n\t\t\t\t\t<\/div>\n\t\t<\/section>\n\t\t\t\t<\/div>","protected":false},"excerpt":{"rendered":"<p>LTO<sup>3<\/sup> ist ein 100% Naturprodukt mit sehr reinen und hochwertigen, \u00f6kologischen Inhaltsstoffen.<\/p>\n<p>Es verbessert die Konzentrations- und Lernleistung, sorgt f\u00fcr einen klaren Kopf, entspannt, wirkt aufmunternd, f\u00f6rdert den Schlaf und steigert die Vitalit\u00e4t.<\/p>","protected":false},"featured_media":8855,"template":"","meta":{"_acf_changed":false},"product_brand":[],"product_cat":[609,659,16],"product_tag":[643,645,644,649,646,647,648],"class_list":{"0":"post-14","1":"product","2":"type-product","3":"status-publish","4":"has-post-thumbnail","6":"product_cat-lto3","7":"product_cat-producten-3950","8":"product_cat-supplementen","9":"product_tag-concentratie","10":"product_tag-heldere-geest","11":"product_tag-leerprestatie","12":"product_tag-nachtrust","13":"product_tag-ontspant","14":"product_tag-opbeurend","15":"product_tag-vitaliteit","17":"first","18":"instock","19":"taxable","20":"shipping-taxable","21":"purchasable","22":"product-type-simple"},"acf":[],"tiered_pricing_type":"fixed","tiered_pricing_fixed_rules":[],"tiered_pricing_product_settings":{"layout":"default","base_unit_name":{"singular":null,"plural":null},"default_variation":null},"tiered_pricing_minimum_quantity":null,"tiered_pricing_roles_data":[],"tiered_pricing_percentage_rules":[],"tiered_pricing_maximum_quantity":null,"tiered_pricing_quantity_step":null,"_links":{"self":[{"href":"https:\/\/smartvital.eu\/de\/wp-json\/wp\/v2\/product\/14","targetHints":{"allow":["GET"]}}],"collection":[{"href":"https:\/\/smartvital.eu\/de\/wp-json\/wp\/v2\/product"}],"about":[{"href":"https:\/\/smartvital.eu\/de\/wp-json\/wp\/v2\/types\/product"}],"version-history":[{"count":4,"href":"https:\/\/smartvital.eu\/de\/wp-json\/wp\/v2\/product\/14\/revisions"}],"predecessor-version":[{"id":64521,"href":"https:\/\/smartvital.eu\/de\/wp-json\/wp\/v2\/product\/14\/revisions\/64521"}],"wp:featuredmedia":[{"embeddable":true,"href":"https:\/\/smartvital.eu\/de\/wp-json\/wp\/v2\/media\/8855"}],"wp:attachment":[{"href":"https:\/\/smartvital.eu\/de\/wp-json\/wp\/v2\/media?parent=14"}],"wp:term":[{"taxonomy":"product_brand","embeddable":true,"href":"https:\/\/smartvital.eu\/de\/wp-json\/wp\/v2\/product_brand?post=14"},{"taxonomy":"product_cat","embeddable":true,"href":"https:\/\/smartvital.eu\/de\/wp-json\/wp\/v2\/product_cat?post=14"},{"taxonomy":"product_tag","embeddable":true,"href":"https:\/\/smartvital.eu\/de\/wp-json\/wp\/v2\/product_tag?post=14"}],"curies":[{"name":"wp","href":"https:\/\/api.w.org\/{rel}","templated":true}]}}