{"id":16,"date":"2021-01-13T10:58:10","date_gmt":"2021-01-13T09:58:10","guid":{"rendered":"https:\/\/smartvital.eu\/?post_type=product&#038;p=16"},"modified":"2026-04-09T18:42:30","modified_gmt":"2026-04-09T16:42:30","slug":"meno-konzept","status":"publish","type":"product","link":"https:\/\/smartvital.eu\/de\/product\/meno-concept\/","title":{"rendered":"M\u00e9no Konzept"},"content":{"rendered":"<div data-elementor-type=\"product-post\" data-elementor-id=\"16\" class=\"elementor elementor-16\" data-elementor-post-type=\"product\">\n\t\t\t\t\t\t<section class=\"elementor-section elementor-top-section elementor-element elementor-element-b5a5475 elementor-section-boxed elementor-section-height-default elementor-section-height-default\" data-id=\"b5a5475\" data-element_type=\"section\" data-e-type=\"section\">\n\t\t\t\t\t\t<div class=\"elementor-container elementor-column-gap-default\">\n\t\t\t\t\t<div class=\"elementor-column elementor-col-100 elementor-top-column elementor-element elementor-element-43c310d\" data-id=\"43c310d\" data-element_type=\"column\" data-e-type=\"column\">\n\t\t\t<div class=\"elementor-widget-wrap elementor-element-populated\">\n\t\t\t\t\t\t<div class=\"elementor-element elementor-element-20e316d elementor-alert-info elementor-widget elementor-widget-alert\" data-id=\"20e316d\" data-element_type=\"widget\" data-e-type=\"widget\" data-widget_type=\"alert.default\">\n\t\t\t\t<div class=\"elementor-widget-container\">\n\t\t\t\t\t\t\t<div class=\"elementor-alert\" role=\"alert\">\n\n\t\t\t\t\t\t<span class=\"elementor-alert-title\">Meno Concept 40% Rabattaktion<\/span>\n\t\t\t\n\t\t\t\t\t\t<span class=\"elementor-alert-description\">Wir d\u00fcrfen die Gl\u00e4ser, die wir auf Lager haben, offiziell bis Juni 2024 verkaufen, weshalb wir 40% jetzt vor\u00fcbergehend rabattieren. Die Gl\u00e4ser von Meno Concept sind mindestens bis Ende 2025 haltbar und verwendbar.<\/span>\n\t\t\t\n\t\t\t\t\t\t<button type=\"button\" class=\"elementor-alert-dismiss\" aria-label=\"Hinweis ausblenden.\" data-no-translation-aria-label=\"\">\n\t\t\t\t\t\t\t\t\t<span aria-hidden=\"true\">\u00d7<\/span>\n\t\t\t\t\t\t\t<\/button>\n\t\t\t\n\t\t<\/div>\n\t\t\t\t\t\t<\/div>\n\t\t\t\t<\/div>\n\t\t\t\t<div class=\"elementor-element elementor-element-8cb6e6f elementor-widget elementor-widget-toggle\" data-id=\"8cb6e6f\" data-element_type=\"widget\" data-e-type=\"widget\" data-widget_type=\"toggle.default\">\n\t\t\t\t<div class=\"elementor-widget-container\">\n\t\t\t\t\t\t\t<div class=\"elementor-toggle\">\n\t\t\t\t\t\t\t<div class=\"elementor-toggle-item\">\n\t\t\t\t\t<div id=\"elementor-tab-title-1471\" class=\"elementor-tab-title\" data-tab=\"1\" role=\"button\" aria-controls=\"elementor-tab-content-1471\" aria-expanded=\"false\">\n\t\t\t\t\t\t\t\t\t\t\t\t<span class=\"elementor-toggle-icon elementor-toggle-icon-left\" aria-hidden=\"true\">\n\t\t\t\t\t\t\t\t\t\t\t\t\t\t\t<span class=\"elementor-toggle-icon-closed\"><i class=\"fas fa-caret-right\"><\/i><\/span>\n\t\t\t\t\t\t\t\t<span class=\"elementor-toggle-icon-opened\"><i class=\"elementor-toggle-icon-opened fas fa-caret-up\"><\/i><\/span>\n\t\t\t\t\t\t\t\t\t\t\t\t\t<\/span>\n\t\t\t\t\t\t\t\t\t\t\t\t<a class=\"elementor-toggle-title\" tabindex=\"0\">Warum so wenig Produktinformation?<\/a>\n\t\t\t\t\t<\/div>\n\n\t\t\t\t\t<div id=\"elementor-tab-content-1471\" class=\"elementor-tab-content elementor-clearfix\" data-tab=\"1\" role=\"region\" aria-labelledby=\"elementor-tab-title-1471\"><p>Aufgrund der europ\u00e4ischen Health-Claims-Verordnung (EG) Nr. 1924\/2006, die am 14. Dezember 2012 in Kraft getreten ist, d\u00fcrfen wir keine detaillierten Angaben zu unseren Nahrungserg\u00e4nzungsmitteln und deren gesundheitlichen Auswirkungen machen. Weitere Informationen zu unseren Produkten erhalten Sie direkt beim Hersteller und in den einschl\u00e4gigen Foren und Informationsportalen.\u00a0<\/p><p>Das Gesetz erlaubt es uns, Sie per Telefon und E-Mail weiter \u00fcber unsere Produkte zu informieren.<\/p><\/div>\n\t\t\t\t<\/div>\n\t\t\t\t\t\t\t\t<\/div>\n\t\t\t\t\t\t<\/div>\n\t\t\t\t<\/div>\n\t\t\t\t\t<\/div>\n\t\t<\/div>\n\t\t\t\t\t<\/div>\n\t\t<\/section>\n\t\t\t\t<section class=\"elementor-section elementor-top-section elementor-element elementor-element-801d626 elementor-section-boxed elementor-section-height-default elementor-section-height-default\" data-id=\"801d626\" data-element_type=\"section\" data-e-type=\"section\">\n\t\t\t\t\t\t<div class=\"elementor-container elementor-column-gap-default\">\n\t\t\t\t\t<div class=\"elementor-column elementor-col-100 elementor-top-column elementor-element elementor-element-c36cccb\" data-id=\"c36cccb\" data-element_type=\"column\" data-e-type=\"column\">\n\t\t\t<div class=\"elementor-widget-wrap elementor-element-populated\">\n\t\t\t\t\t\t<div class=\"elementor-element elementor-element-aa2a0dd elementor-widget elementor-widget-heading\" data-id=\"aa2a0dd\" data-element_type=\"widget\" data-e-type=\"widget\" data-widget_type=\"heading.default\">\n\t\t\t\t<div class=\"elementor-widget-container\">\n\t\t\t\t\t<h2 class=\"elementor-heading-title elementor-size-default\">Produkt-Beschreibung<\/h2>\t\t\t\t<\/div>\n\t\t\t\t<\/div>\n\t\t\t\t<div class=\"elementor-element elementor-element-41b5cc5 elementor-widget elementor-widget-text-editor\" data-id=\"41b5cc5\" data-element_type=\"widget\" data-e-type=\"widget\" data-widget_type=\"text-editor.default\">\n\t\t\t\t<div class=\"elementor-widget-container\">\n\t\t\t\t\t\t\t\t\t<p>Reines Naturprodukt!<\/p><p>Kapseln mit Pflanzenextrakten zur ern\u00e4hrungsphysiologischen Unterst\u00fctzung in den Wechseljahren<\/p><p>Inhalt: 60 Kapseln<\/p>\t\t\t\t\t\t\t\t<\/div>\n\t\t\t\t<\/div>\n\t\t\t\t\t<\/div>\n\t\t<\/div>\n\t\t\t\t\t<\/div>\n\t\t<\/section>\n\t\t\t\t<section class=\"elementor-section elementor-top-section elementor-element elementor-element-00e7e28 elementor-section-boxed elementor-section-height-default elementor-section-height-default\" data-id=\"00e7e28\" data-element_type=\"section\" data-e-type=\"section\">\n\t\t\t\t\t\t<div class=\"elementor-container elementor-column-gap-default\">\n\t\t\t\t\t<div class=\"elementor-column elementor-col-100 elementor-top-column elementor-element elementor-element-0d10741\" data-id=\"0d10741\" data-element_type=\"column\" data-e-type=\"column\">\n\t\t\t<div class=\"elementor-widget-wrap elementor-element-populated\">\n\t\t\t\t\t\t<div class=\"elementor-element elementor-element-269d230 elementor-widget elementor-widget-heading\" data-id=\"269d230\" data-element_type=\"widget\" data-e-type=\"widget\" data-widget_type=\"heading.default\">\n\t\t\t\t<div class=\"elementor-widget-container\">\n\t\t\t\t\t<h2 class=\"elementor-heading-title elementor-size-default\">Inhaltsstoffe<\/h2>\t\t\t\t<\/div>\n\t\t\t\t<\/div>\n\t\t\t\t<div class=\"elementor-element elementor-element-3217de7 elementor-widget elementor-widget-text-editor\" data-id=\"3217de7\" data-element_type=\"widget\" data-e-type=\"widget\" data-widget_type=\"text-editor.default\">\n\t\t\t\t<div class=\"elementor-widget-container\">\n\t\t\t\t\t\t\t\t\t<p>Dong-Quai-Extrakt (enth\u00e4lt Phyto\u00f6strogene), gemahlene Hopfenbl\u00fcten, Pullulan (Kapsel), Sojabohnenextrakt, gemahlene Salbeibl\u00e4tter (enth\u00e4lt Flavonoide, \u00f6strogene Verbindungen, Saponin, Antioxidantien, \u00e4therische \u00d6le), Extrakt aus wilder Yamswurzel (enth\u00e4lt.u.a. Diosgenin, Alkaloide, Gerbstoffe) Rotklee-Extrakt (enth\u00e4lt u.a. Phyto\u00f6strogene Isoflavone, Cumarine, Salicylate, Glykoside), Trennmittel L-Leucin, Pullulan (Kapsel).<\/p>\t\t\t\t\t\t\t\t<\/div>\n\t\t\t\t<\/div>\n\t\t\t\t\t<\/div>\n\t\t<\/div>\n\t\t\t\t\t<\/div>\n\t\t<\/section>\n\t\t\t\t<section class=\"elementor-section elementor-top-section elementor-element elementor-element-b0466ae elementor-section-boxed elementor-section-height-default elementor-section-height-default\" data-id=\"b0466ae\" data-element_type=\"section\" data-e-type=\"section\">\n\t\t\t\t\t\t<div class=\"elementor-container elementor-column-gap-default\">\n\t\t\t\t\t<div class=\"elementor-column elementor-col-100 elementor-top-column elementor-element elementor-element-0153e16\" data-id=\"0153e16\" data-element_type=\"column\" data-e-type=\"column\">\n\t\t\t<div class=\"elementor-widget-wrap elementor-element-populated\">\n\t\t\t\t\t\t<div class=\"elementor-element elementor-element-6880dfb elementor-widget elementor-widget-text-editor\" data-id=\"6880dfb\" data-element_type=\"widget\" data-e-type=\"widget\" data-widget_type=\"text-editor.default\">\n\t\t\t\t<div class=\"elementor-widget-container\">\n\t\t\t\t\t\t\t\t\t<div>\u00a0<\/div><div class=\"info-content-table\"><table border=\"0\" cellspacing=\"1\" cellpadding=\"1\"><tbody><tr><td><strong>Hauptkomponenten:<\/strong><\/td><td><strong>Pro Kapsel<\/strong><\/td><td><strong>Pro 2 Kapseln<br \/><\/strong><\/td><\/tr><tr><td>Dong Quaiextrakt<br \/>(Angelica sinensis)<\/td><td align=\"center\" valign=\"middle\">100 mg<\/td><td align=\"center\" valign=\"middle\">200 mg<\/td><\/tr><tr><td>Hopfenbl\u00fctenboden<br \/>(Humulus lupulus)<\/td><td align=\"center\" valign=\"middle\">100 mg<\/td><td align=\"center\" valign=\"middle\">200 mg<\/td><\/tr><tr><td>Sojabohnenextrakt mit Isoflavonen<br \/>(Glycine max)<\/td><td align=\"center\" valign=\"middle\">65 mg<\/td><td align=\"center\" valign=\"middle\">130 mg<\/td><\/tr><tr><td>Salbeiblatt gemahlen<br \/>(Salvia officinalis)<\/td><td align=\"center\" valign=\"middle\">65 mg<\/td><td align=\"center\" valign=\"middle\">130 mg<\/td><\/tr><tr><td>Extrakt aus Wilder Yamswurzel<br \/>(Dioscorea villosa)<\/td><td align=\"center\" valign=\"middle\">60 mg<\/td><td align=\"center\" valign=\"middle\">120 mg<\/td><\/tr><tr><td>Rotklee-Extrakt<br \/>(Trifolium pratense)<\/td><td align=\"center\" valign=\"middle\">40 mg<\/td><td align=\"center\" valign=\"middle\">80 mg<\/td><\/tr><\/tbody><\/table><\/div>\t\t\t\t\t\t\t\t<\/div>\n\t\t\t\t<\/div>\n\t\t\t\t\t<\/div>\n\t\t<\/div>\n\t\t\t\t\t<\/div>\n\t\t<\/section>\n\t\t\t\t<section class=\"elementor-section elementor-top-section elementor-element elementor-element-b0a08da elementor-section-boxed elementor-section-height-default elementor-section-height-default\" data-id=\"b0a08da\" data-element_type=\"section\" data-e-type=\"section\">\n\t\t\t\t\t\t<div class=\"elementor-container elementor-column-gap-default\">\n\t\t\t\t\t<div class=\"elementor-column elementor-col-100 elementor-top-column elementor-element elementor-element-f167128\" data-id=\"f167128\" data-element_type=\"column\" data-e-type=\"column\">\n\t\t\t<div class=\"elementor-widget-wrap elementor-element-populated\">\n\t\t\t\t\t\t<div class=\"elementor-element elementor-element-670ad5b elementor-widget elementor-widget-heading\" data-id=\"670ad5b\" data-element_type=\"widget\" data-e-type=\"widget\" data-widget_type=\"heading.default\">\n\t\t\t\t<div class=\"elementor-widget-container\">\n\t\t\t\t\t<h2 class=\"elementor-heading-title elementor-size-default\">Empfohlene Aufnahme<\/h2>\t\t\t\t<\/div>\n\t\t\t\t<\/div>\n\t\t\t\t<div class=\"elementor-element elementor-element-9f94cdb elementor-widget elementor-widget-text-editor\" data-id=\"9f94cdb\" data-element_type=\"widget\" data-e-type=\"widget\" data-widget_type=\"text-editor.default\">\n\t\t\t\t<div class=\"elementor-widget-container\">\n\t\t\t\t\t\t\t\t\t<p>Nehmen Sie 2 Kapseln t\u00e4glich, vorzugsweise zwischen den Mahlzeiten, ein.<\/p>\t\t\t\t\t\t\t\t<\/div>\n\t\t\t\t<\/div>\n\t\t\t\t\t<\/div>\n\t\t<\/div>\n\t\t\t\t\t<\/div>\n\t\t<\/section>\n\t\t\t\t<section class=\"elementor-section elementor-top-section elementor-element elementor-element-428ddfd elementor-section-boxed elementor-section-height-default elementor-section-height-default\" data-id=\"428ddfd\" data-element_type=\"section\" data-e-type=\"section\">\n\t\t\t\t\t\t<div class=\"elementor-container elementor-column-gap-default\">\n\t\t\t\t\t<div class=\"elementor-column elementor-col-100 elementor-top-column elementor-element elementor-element-8e969f2\" data-id=\"8e969f2\" data-element_type=\"column\" data-e-type=\"column\">\n\t\t\t<div class=\"elementor-widget-wrap elementor-element-populated\">\n\t\t\t\t\t\t<div class=\"elementor-element elementor-element-f7ab17a elementor-widget elementor-widget-heading\" data-id=\"f7ab17a\" data-element_type=\"widget\" data-e-type=\"widget\" data-widget_type=\"heading.default\">\n\t\t\t\t<div class=\"elementor-widget-container\">\n\t\t\t\t\t<h2 class=\"elementor-heading-title elementor-size-default\">Bemerkungen<\/h2>\t\t\t\t<\/div>\n\t\t\t\t<\/div>\n\t\t\t\t<div class=\"elementor-element elementor-element-d5ca903 elementor-widget elementor-widget-text-editor\" data-id=\"d5ca903\" data-element_type=\"widget\" data-e-type=\"widget\" data-widget_type=\"text-editor.default\">\n\t\t\t\t<div class=\"elementor-widget-container\">\n\t\t\t\t\t\t\t\t\t<p>Nahrungserg\u00e4nzungsmittel sind kein Ersatz f\u00fcr eine ausgewogene und abwechslungsreiche Ern\u00e4hrung und eine gesunde Lebensweise. Die empfohlene Tagesdosis sollte nicht \u00fcberschritten werden. Bei Schwangerschaft oder Stillzeit ist ein Arzt zu konsultieren. Au\u00dferhalb der Reichweite von kleinen Kindern aufbewahren. Beh\u00e4lter dicht verschlossen an einem k\u00fchlen und trockenen Ort aufbewahren.<\/p>\n<p>Die Verpackung ist aus 100% HDPE (High Density Polyethylene) hergestellt.<font face=\"Calibri, sans-serif\" color=\"#70ad47\"><span style=\"font-size: 14.6667px\"> <\/span><\/font>und enth\u00e4lt kein BPA (Bisphenol-A).<br><\/p>\t\t\t\t\t\t\t\t<\/div>\n\t\t\t\t<\/div>\n\t\t\t\t\t<\/div>\n\t\t<\/div>\n\t\t\t\t\t<\/div>\n\t\t<\/section>\n\t\t\t\t<section class=\"elementor-section elementor-top-section elementor-element elementor-element-44ac6fc elementor-section-boxed elementor-section-height-default elementor-section-height-default\" data-id=\"44ac6fc\" data-element_type=\"section\" data-e-type=\"section\">\n\t\t\t\t\t\t<div class=\"elementor-container elementor-column-gap-default\">\n\t\t\t\t\t<div class=\"elementor-column elementor-col-100 elementor-top-column elementor-element elementor-element-cb491bc\" data-id=\"cb491bc\" data-element_type=\"column\" data-e-type=\"column\">\n\t\t\t<div class=\"elementor-widget-wrap elementor-element-populated\">\n\t\t\t\t\t\t<div class=\"elementor-element elementor-element-9ce4840 elementor-widget elementor-widget-heading\" data-id=\"9ce4840\" data-element_type=\"widget\" data-e-type=\"widget\" data-widget_type=\"heading.default\">\n\t\t\t\t<div class=\"elementor-widget-container\">\n\t\t\t\t\t<h2 class=\"elementor-heading-title elementor-size-default\">Benutzte Kapseln<\/h2>\t\t\t\t<\/div>\n\t\t\t\t<\/div>\n\t\t\t\t<div class=\"elementor-element elementor-element-f39d66f elementor-widget elementor-widget-text-editor\" data-id=\"f39d66f\" data-element_type=\"widget\" data-e-type=\"widget\" data-widget_type=\"text-editor.default\">\n\t\t\t\t<div class=\"elementor-widget-container\">\n\t\t\t\t\t\t\t\t\t<p>Plantcaps\u2122 sind die n\u00e4chste Generation von vegetarischen Kapseln aus Pullulan - einem nat\u00fcrlichen wasserl\u00f6slichen Polysaccharid. Pullulan wird durch Hefeg\u00e4rung aus Maisst\u00e4rke gewonnen.<\/p><p>Pullulan wurde systematisch auf Qualit\u00e4t und Sicherheit gepr\u00fcft und wird derzeit zunehmend in pharmazeutischen und Verbraucherprodukten eingesetzt.<\/p><p>Die Hauptmerkmale von Plantcaps\u2122 sind:<\/p>\t\t\t\t\t\t\t\t<\/div>\n\t\t\t\t<\/div>\n\t\t\t\t\t<\/div>\n\t\t<\/div>\n\t\t\t\t\t<\/div>\n\t\t<\/section>\n\t\t\t\t<section class=\"elementor-section elementor-top-section elementor-element elementor-element-b09299e elementor-section-boxed elementor-section-height-default elementor-section-height-default\" data-id=\"b09299e\" data-element_type=\"section\" data-e-type=\"section\">\n\t\t\t\t\t\t<div class=\"elementor-container elementor-column-gap-default\">\n\t\t\t\t\t<div class=\"elementor-column elementor-col-50 elementor-top-column elementor-element elementor-element-9a8f613\" data-id=\"9a8f613\" data-element_type=\"column\" data-e-type=\"column\">\n\t\t\t<div class=\"elementor-widget-wrap elementor-element-populated\">\n\t\t\t\t\t\t<div class=\"elementor-element elementor-element-ab26190 elementor-icon-list--layout-traditional elementor-list-item-link-full_width elementor-widget elementor-widget-icon-list\" data-id=\"ab26190\" data-element_type=\"widget\" data-e-type=\"widget\" data-widget_type=\"icon-list.default\">\n\t\t\t\t<div class=\"elementor-widget-container\">\n\t\t\t\t\t\t\t<ul class=\"elementor-icon-list-items\">\n\t\t\t\t\t\t\t<li class=\"elementor-icon-list-item\">\n\t\t\t\t\t\t\t\t\t\t\t<span class=\"elementor-icon-list-icon\">\n\t\t\t\t\t\t\t<i aria-hidden=\"true\" class=\"fas fa-circle\"><\/i>\t\t\t\t\t\t<\/span>\n\t\t\t\t\t\t\t\t\t\t<span class=\"elementor-icon-list-text\">Rein nat\u00fcrlich<\/span>\n\t\t\t\t\t\t\t\t\t<\/li>\n\t\t\t\t\t\t\t\t<li class=\"elementor-icon-list-item\">\n\t\t\t\t\t\t\t\t\t\t\t<span class=\"elementor-icon-list-icon\">\n\t\t\t\t\t\t\t<i aria-hidden=\"true\" class=\"fas fa-circle\"><\/i>\t\t\t\t\t\t<\/span>\n\t\t\t\t\t\t\t\t\t\t<span class=\"elementor-icon-list-text\">Ohne St\u00e4rke<\/span>\n\t\t\t\t\t\t\t\t\t<\/li>\n\t\t\t\t\t\t\t\t<li class=\"elementor-icon-list-item\">\n\t\t\t\t\t\t\t\t\t\t\t<span class=\"elementor-icon-list-icon\">\n\t\t\t\t\t\t\t<i aria-hidden=\"true\" class=\"fas fa-circle\"><\/i>\t\t\t\t\t\t<\/span>\n\t\t\t\t\t\t\t\t\t\t<span class=\"elementor-icon-list-text\">Glutenfrei<\/span>\n\t\t\t\t\t\t\t\t\t<\/li>\n\t\t\t\t\t\t\t\t<li class=\"elementor-icon-list-item\">\n\t\t\t\t\t\t\t\t\t\t\t<span class=\"elementor-icon-list-icon\">\n\t\t\t\t\t\t\t<i aria-hidden=\"true\" class=\"fas fa-circle\"><\/i>\t\t\t\t\t\t<\/span>\n\t\t\t\t\t\t\t\t\t\t<span class=\"elementor-icon-list-text\">Ohne Konservierungsstoffe<\/span>\n\t\t\t\t\t\t\t\t\t<\/li>\n\t\t\t\t\t\t\t\t<li class=\"elementor-icon-list-item\">\n\t\t\t\t\t\t\t\t\t\t\t<span class=\"elementor-icon-list-icon\">\n\t\t\t\t\t\t\t<i aria-hidden=\"true\" class=\"fas fa-circle\"><\/i>\t\t\t\t\t\t<\/span>\n\t\t\t\t\t\t\t\t\t\t<span class=\"elementor-icon-list-text\">Ohne gentechnisch ver\u00e4nderte Quellen (Non-GMO)<\/span>\n\t\t\t\t\t\t\t\t\t<\/li>\n\t\t\t\t\t\t\t\t<li class=\"elementor-icon-list-item\">\n\t\t\t\t\t\t\t\t\t\t\t<span class=\"elementor-icon-list-icon\">\n\t\t\t\t\t\t\t<i aria-hidden=\"true\" class=\"fas fa-circle\"><\/i>\t\t\t\t\t\t<\/span>\n\t\t\t\t\t\t\t\t\t\t<span class=\"elementor-icon-list-text\">Ohne HPMC (Hydroxypropylmethylcelluose)<\/span>\n\t\t\t\t\t\t\t\t\t<\/li>\n\t\t\t\t\t\t\t\t<li class=\"elementor-icon-list-item\">\n\t\t\t\t\t\t\t\t\t\t\t<span class=\"elementor-icon-list-icon\">\n\t\t\t\t\t\t\t<i aria-hidden=\"true\" class=\"fas fa-circle\"><\/i>\t\t\t\t\t\t<\/span>\n\t\t\t\t\t\t\t\t\t\t<span class=\"elementor-icon-list-text\">Geeignet f\u00fcr Diabetiker und Patienten mit eingeschr\u00e4nkter Di\u00e4t<\/span>\n\t\t\t\t\t\t\t\t\t<\/li>\n\t\t\t\t\t\t<\/ul>\n\t\t\t\t\t\t<\/div>\n\t\t\t\t<\/div>\n\t\t\t\t\t<\/div>\n\t\t<\/div>\n\t\t\t\t<div class=\"elementor-column elementor-col-50 elementor-top-column elementor-element elementor-element-6c5a30b\" data-id=\"6c5a30b\" data-element_type=\"column\" data-e-type=\"column\">\n\t\t\t<div class=\"elementor-widget-wrap elementor-element-populated\">\n\t\t\t\t\t\t<div class=\"elementor-element elementor-element-17cd6fa elementor-widget elementor-widget-image\" data-id=\"17cd6fa\" data-element_type=\"widget\" data-e-type=\"widget\" data-widget_type=\"image.default\">\n\t\t\t\t<div class=\"elementor-widget-container\">\n\t\t\t\t\t\t\t\t\t\t\t\t<figure class=\"wp-caption\">\n\t\t\t\t\t\t\t\t\t\t<img fetchpriority=\"high\" decoding=\"async\" width=\"238\" height=\"211\" src=\"https:\/\/smartvital.eu\/wp-content\/uploads\/2021\/01\/plantcaps.jpg\" class=\"attachment-large size-large wp-image-8873\" alt=\"Pflanzenkappen\" srcset=\"https:\/\/smartvital.eu\/wp-content\/uploads\/2021\/01\/plantcaps.jpg 238w, https:\/\/smartvital.eu\/wp-content\/uploads\/2021\/01\/plantcaps-14x12.jpg 14w, https:\/\/smartvital.eu\/wp-content\/uploads\/2021\/01\/plantcaps-24x21.jpg 24w, https:\/\/smartvital.eu\/wp-content\/uploads\/2021\/01\/plantcaps-36x32.jpg 36w, https:\/\/smartvital.eu\/wp-content\/uploads\/2021\/01\/plantcaps-48x43.jpg 48w\" sizes=\"(max-width: 238px) 100vw, 238px\" \/>\t\t\t\t\t\t\t\t\t\t\t<figcaption class=\"widget-image-caption wp-caption-text\">Plantcaps\u2122.<\/figcaption>\n\t\t\t\t\t\t\t\t\t\t<\/figure>\n\t\t\t\t\t\t\t\t\t<\/div>\n\t\t\t\t<\/div>\n\t\t\t\t\t<\/div>\n\t\t<\/div>\n\t\t\t\t\t<\/div>\n\t\t<\/section>\n\t\t\t\t<\/div>","protected":false},"excerpt":{"rendered":"<p>Meno Konzept ist auf die spezifischen Gesundheitsbed\u00fcrfnisse von Frauen abgestimmt. Dieses nat\u00fcrliche Nahrungserg\u00e4nzungsmittel besteht aus Inhaltsstoffen, die traditionell in der Phytotherapie verwendet werden, um die Beschwerden und Symptome der Menopause zu reduzieren. Es hilft, Hitzewallungen, n\u00e4chtliche Schwei\u00dfausbr\u00fcche und \u00fcberm\u00e4\u00dfiges Schwitzen zu reduzieren.<\/p>","protected":false},"featured_media":8862,"template":"","meta":{"_acf_changed":false},"product_brand":[],"product_cat":[659,16],"product_tag":[639,600,636,635,633,637,638,641,642,640,634],"class_list":{"0":"post-16","1":"product","2":"type-product","3":"status-publish","4":"has-post-thumbnail","6":"product_cat-producten-3950","7":"product_cat-supplementen","8":"product_tag-hartkloppingen","9":"product_tag-menopauze","10":"product_tag-nachtelijk-zweten","11":"product_tag-opvliegers","12":"product_tag-overgang","13":"product_tag-prikkelbaarheid","14":"product_tag-slapen","15":"product_tag-somberheid","16":"product_tag-vaginale-droogte","17":"product_tag-vermoeidheid","18":"product_tag-vrouwen","20":"first","21":"instock","22":"sale","23":"taxable","24":"shipping-taxable","25":"purchasable","26":"product-type-simple"},"acf":[],"tiered_pricing_type":"fixed","tiered_pricing_fixed_rules":[],"tiered_pricing_product_settings":{"layout":"default","base_unit_name":{"singular":null,"plural":null},"default_variation":null},"tiered_pricing_minimum_quantity":null,"tiered_pricing_roles_data":[],"tiered_pricing_percentage_rules":[],"tiered_pricing_maximum_quantity":null,"tiered_pricing_quantity_step":null,"_links":{"self":[{"href":"https:\/\/smartvital.eu\/de\/wp-json\/wp\/v2\/product\/16","targetHints":{"allow":["GET"]}}],"collection":[{"href":"https:\/\/smartvital.eu\/de\/wp-json\/wp\/v2\/product"}],"about":[{"href":"https:\/\/smartvital.eu\/de\/wp-json\/wp\/v2\/types\/product"}],"version-history":[{"count":2,"href":"https:\/\/smartvital.eu\/de\/wp-json\/wp\/v2\/product\/16\/revisions"}],"predecessor-version":[{"id":64523,"href":"https:\/\/smartvital.eu\/de\/wp-json\/wp\/v2\/product\/16\/revisions\/64523"}],"wp:featuredmedia":[{"embeddable":true,"href":"https:\/\/smartvital.eu\/de\/wp-json\/wp\/v2\/media\/8862"}],"wp:attachment":[{"href":"https:\/\/smartvital.eu\/de\/wp-json\/wp\/v2\/media?parent=16"}],"wp:term":[{"taxonomy":"product_brand","embeddable":true,"href":"https:\/\/smartvital.eu\/de\/wp-json\/wp\/v2\/product_brand?post=16"},{"taxonomy":"product_cat","embeddable":true,"href":"https:\/\/smartvital.eu\/de\/wp-json\/wp\/v2\/product_cat?post=16"},{"taxonomy":"product_tag","embeddable":true,"href":"https:\/\/smartvital.eu\/de\/wp-json\/wp\/v2\/product_tag?post=16"}],"curies":[{"name":"wp","href":"https:\/\/api.w.org\/{rel}","templated":true}]}}