{"id":19,"date":"2021-01-13T11:01:19","date_gmt":"2021-01-13T10:01:19","guid":{"rendered":"https:\/\/smartvital.eu\/?post_type=product&#038;p=19"},"modified":"2026-04-05T18:40:53","modified_gmt":"2026-04-05T16:40:53","slug":"energiekonzept","status":"publish","type":"product","link":"https:\/\/smartvital.eu\/de\/product\/energie-concept\/","title":{"rendered":"Energie Konzept"},"content":{"rendered":"<div data-elementor-type=\"product-post\" data-elementor-id=\"19\" class=\"elementor elementor-19\" data-elementor-post-type=\"product\">\n\t\t\t\t\t\t<section class=\"elementor-section elementor-top-section elementor-element elementor-element-c2a8328 elementor-section-boxed elementor-section-height-default elementor-section-height-default\" data-id=\"c2a8328\" data-element_type=\"section\" data-e-type=\"section\">\n\t\t\t\t\t\t<div class=\"elementor-container elementor-column-gap-default\">\n\t\t\t\t\t<div class=\"elementor-column elementor-col-100 elementor-top-column elementor-element elementor-element-fae6691\" data-id=\"fae6691\" data-element_type=\"column\" data-e-type=\"column\">\n\t\t\t<div class=\"elementor-widget-wrap elementor-element-populated\">\n\t\t\t\t\t\t<div class=\"elementor-element elementor-element-b05ad91 elementor-widget elementor-widget-toggle\" data-id=\"b05ad91\" data-element_type=\"widget\" data-e-type=\"widget\" data-widget_type=\"toggle.default\">\n\t\t\t\t<div class=\"elementor-widget-container\">\n\t\t\t\t\t\t\t<div class=\"elementor-toggle\">\n\t\t\t\t\t\t\t<div class=\"elementor-toggle-item\">\n\t\t\t\t\t<div id=\"elementor-tab-title-1841\" class=\"elementor-tab-title\" data-tab=\"1\" role=\"button\" aria-controls=\"elementor-tab-content-1841\" aria-expanded=\"false\">\n\t\t\t\t\t\t\t\t\t\t\t\t<span class=\"elementor-toggle-icon elementor-toggle-icon-left\" aria-hidden=\"true\">\n\t\t\t\t\t\t\t\t\t\t\t\t\t\t\t<span class=\"elementor-toggle-icon-closed\"><i class=\"fas fa-caret-right\"><\/i><\/span>\n\t\t\t\t\t\t\t\t<span class=\"elementor-toggle-icon-opened\"><i class=\"elementor-toggle-icon-opened fas fa-caret-up\"><\/i><\/span>\n\t\t\t\t\t\t\t\t\t\t\t\t\t<\/span>\n\t\t\t\t\t\t\t\t\t\t\t\t<a class=\"elementor-toggle-title\" tabindex=\"0\">Warum so wenig Produktinformation?<\/a>\n\t\t\t\t\t<\/div>\n\n\t\t\t\t\t<div id=\"elementor-tab-content-1841\" class=\"elementor-tab-content elementor-clearfix\" data-tab=\"1\" role=\"region\" aria-labelledby=\"elementor-tab-title-1841\"><p>Aufgrund der europ\u00e4ischen Health-Claims-Verordnung (EG) Nr. 1924\/2006, die am 14. Dezember 2012 in Kraft getreten ist, d\u00fcrfen wir keine detaillierten Angaben zu unseren Nahrungserg\u00e4nzungsmitteln und deren gesundheitlichen Auswirkungen machen. Weitere Informationen zu unseren Produkten erhalten Sie direkt beim Hersteller und in den einschl\u00e4gigen Foren und Informationsportalen.\u00a0<\/p><p>Das Gesetz erlaubt es uns, Sie per Telefon und E-Mail weiter \u00fcber unsere Produkte zu informieren.<\/p><\/div>\n\t\t\t\t<\/div>\n\t\t\t\t\t\t\t\t<\/div>\n\t\t\t\t\t\t<\/div>\n\t\t\t\t<\/div>\n\t\t\t\t\t<\/div>\n\t\t<\/div>\n\t\t\t\t\t<\/div>\n\t\t<\/section>\n\t\t\t\t<section class=\"elementor-section elementor-top-section elementor-element elementor-element-6ceb56b elementor-section-boxed elementor-section-height-default elementor-section-height-default\" data-id=\"6ceb56b\" data-element_type=\"section\" data-e-type=\"section\">\n\t\t\t\t\t\t<div class=\"elementor-container elementor-column-gap-default\">\n\t\t\t\t\t<div class=\"elementor-column elementor-col-100 elementor-top-column elementor-element elementor-element-1bf7622\" data-id=\"1bf7622\" data-element_type=\"column\" data-e-type=\"column\">\n\t\t\t<div class=\"elementor-widget-wrap elementor-element-populated\">\n\t\t\t\t\t\t<div class=\"elementor-element elementor-element-e7a5012 elementor-widget elementor-widget-heading\" data-id=\"e7a5012\" data-element_type=\"widget\" data-e-type=\"widget\" data-widget_type=\"heading.default\">\n\t\t\t\t<div class=\"elementor-widget-container\">\n\t\t\t\t\t<h2 class=\"elementor-heading-title elementor-size-default\">Produkt-Beschreibung<\/h2>\t\t\t\t<\/div>\n\t\t\t\t<\/div>\n\t\t\t\t<div class=\"elementor-element elementor-element-d397f45 elementor-widget elementor-widget-text-editor\" data-id=\"d397f45\" data-element_type=\"widget\" data-e-type=\"widget\" data-widget_type=\"text-editor.default\">\n\t\t\t\t<div class=\"elementor-widget-container\">\n\t\t\t\t\t\t\t\t\t<p>Reines Naturprodukt!<\/p><p>Aktivierender und vitalisierender Wirkstoffkomplex<\/p><p>Inhalt: 60 Kapseln<\/p>\t\t\t\t\t\t\t\t<\/div>\n\t\t\t\t<\/div>\n\t\t\t\t\t<\/div>\n\t\t<\/div>\n\t\t\t\t\t<\/div>\n\t\t<\/section>\n\t\t\t\t<section class=\"elementor-section elementor-top-section elementor-element elementor-element-d8ae31f elementor-section-boxed elementor-section-height-default elementor-section-height-default\" data-id=\"d8ae31f\" data-element_type=\"section\" data-e-type=\"section\">\n\t\t\t\t\t\t<div class=\"elementor-container elementor-column-gap-default\">\n\t\t\t\t\t<div class=\"elementor-column elementor-col-100 elementor-top-column elementor-element elementor-element-c6884c0\" data-id=\"c6884c0\" data-element_type=\"column\" data-e-type=\"column\">\n\t\t\t<div class=\"elementor-widget-wrap elementor-element-populated\">\n\t\t\t\t\t\t<div class=\"elementor-element elementor-element-10faec1 elementor-widget elementor-widget-heading\" data-id=\"10faec1\" data-element_type=\"widget\" data-e-type=\"widget\" data-widget_type=\"heading.default\">\n\t\t\t\t<div class=\"elementor-widget-container\">\n\t\t\t\t\t<h2 class=\"elementor-heading-title elementor-size-default\">Inhaltsstoffe<\/h2>\t\t\t\t<\/div>\n\t\t\t\t<\/div>\n\t\t\t\t<div class=\"elementor-element elementor-element-e458326 elementor-widget elementor-widget-text-editor\" data-id=\"e458326\" data-element_type=\"widget\" data-e-type=\"widget\" data-widget_type=\"text-editor.default\">\n\t\t\t\t<div class=\"elementor-widget-container\">\n\t\t\t\t\t\t\t\t\t<p>Maca-Extrakt (enth\u00e4lt Aminos\u00e4uren, Glucosinolate, Alkaloide, Antioxidantien, Omega-n-Fetts\u00e4uren), koreanischer Ginseng-Extrakt (enth\u00e4lt Ginsenoide, Aminos\u00e4uren), Gel\u00e9e Royale-Extrakt (enth\u00e4lt Aminos\u00e4uren, Thiamin, Riboflavin, Pantothens\u00e4ure, Biotin, Fols\u00e4ure), Pullulan (Kapseln), Trennmittel L-Leucin.<\/p>\t\t\t\t\t\t\t\t<\/div>\n\t\t\t\t<\/div>\n\t\t\t\t\t<\/div>\n\t\t<\/div>\n\t\t\t\t\t<\/div>\n\t\t<\/section>\n\t\t\t\t<section class=\"elementor-section elementor-top-section elementor-element elementor-element-43fadac elementor-section-boxed elementor-section-height-default elementor-section-height-default\" data-id=\"43fadac\" data-element_type=\"section\" data-e-type=\"section\">\n\t\t\t\t\t\t<div class=\"elementor-container elementor-column-gap-default\">\n\t\t\t\t\t<div class=\"elementor-column elementor-col-100 elementor-top-column elementor-element elementor-element-29b326b7\" data-id=\"29b326b7\" data-element_type=\"column\" data-e-type=\"column\">\n\t\t\t<div class=\"elementor-widget-wrap elementor-element-populated\">\n\t\t\t\t\t\t<div class=\"elementor-element elementor-element-e643c40 elementor-widget elementor-widget-text-editor\" data-id=\"e643c40\" data-element_type=\"widget\" data-e-type=\"widget\" data-widget_type=\"text-editor.default\">\n\t\t\t\t<div class=\"elementor-widget-container\">\n\t\t\t\t\t\t\t\t\t<div class=\"info-content-table\"><table border=\"0\" width=\"auto\" cellspacing=\"0\" cellpadding=\"0\"><colgroup> <col width=\"215\" \/> <col span=\"2\" width=\"122\" \/> <\/colgroup><tbody><tr><td width=\"215\" height=\"40\"><strong>Hauptkomponenten:<\/strong><\/td><td width=\"122\"><strong>Pro 2 Kapseln<\/strong><\/td><td width=\"122\"><strong>Pro 3 Kapseln<\/strong><\/td><\/tr><tr><td width=\"215\" height=\"20\">Maca-Extrakt<br \/>(Lepidium meyenii)<\/td><td width=\"122\">400 mg<\/td><td width=\"122\">600 mg<\/td><\/tr><tr><td width=\"215\" height=\"20\">Ginseng-Extrakt<br \/>(Panax ginseng)<\/td><td width=\"122\">400 mg<\/td><td width=\"122\">600 mg<\/td><\/tr><tr><td width=\"215\" height=\"20\">Gel\u00e9e Royale-Extrakt<\/td><td width=\"122\">200 mg<\/td><td width=\"122\">300 mg<\/td><\/tr><\/tbody><\/table><\/div>\t\t\t\t\t\t\t\t<\/div>\n\t\t\t\t<\/div>\n\t\t\t\t\t<\/div>\n\t\t<\/div>\n\t\t\t\t\t<\/div>\n\t\t<\/section>\n\t\t\t\t<section class=\"elementor-section elementor-top-section elementor-element elementor-element-a4b114d elementor-section-boxed elementor-section-height-default elementor-section-height-default\" data-id=\"a4b114d\" data-element_type=\"section\" data-e-type=\"section\">\n\t\t\t\t\t\t<div class=\"elementor-container elementor-column-gap-default\">\n\t\t\t\t\t<div class=\"elementor-column elementor-col-100 elementor-top-column elementor-element elementor-element-b261087\" data-id=\"b261087\" data-element_type=\"column\" data-e-type=\"column\">\n\t\t\t<div class=\"elementor-widget-wrap elementor-element-populated\">\n\t\t\t\t\t\t<div class=\"elementor-element elementor-element-5ebe569 elementor-widget elementor-widget-heading\" data-id=\"5ebe569\" data-element_type=\"widget\" data-e-type=\"widget\" data-widget_type=\"heading.default\">\n\t\t\t\t<div class=\"elementor-widget-container\">\n\t\t\t\t\t<h2 class=\"elementor-heading-title elementor-size-default\">Empfohlene Aufnahme<\/h2>\t\t\t\t<\/div>\n\t\t\t\t<\/div>\n\t\t\t\t<div class=\"elementor-element elementor-element-69cb9d0 elementor-widget elementor-widget-text-editor\" data-id=\"69cb9d0\" data-element_type=\"widget\" data-e-type=\"widget\" data-widget_type=\"text-editor.default\">\n\t\t\t\t<div class=\"elementor-widget-container\">\n\t\t\t\t\t\t\t\t\t<p>Nehmen Sie 2 - 3 Kapseln t\u00e4glich 10 Minuten vor dem Fr\u00fchst\u00fcck unzerkaut mit einem Getr\u00e4nk ein.<\/p>\t\t\t\t\t\t\t\t<\/div>\n\t\t\t\t<\/div>\n\t\t\t\t\t<\/div>\n\t\t<\/div>\n\t\t\t\t\t<\/div>\n\t\t<\/section>\n\t\t\t\t<section class=\"elementor-section elementor-top-section elementor-element elementor-element-4c12244 elementor-section-boxed elementor-section-height-default elementor-section-height-default\" data-id=\"4c12244\" data-element_type=\"section\" data-e-type=\"section\">\n\t\t\t\t\t\t<div class=\"elementor-container elementor-column-gap-default\">\n\t\t\t\t\t<div class=\"elementor-column elementor-col-100 elementor-top-column elementor-element elementor-element-0be057d\" data-id=\"0be057d\" data-element_type=\"column\" data-e-type=\"column\">\n\t\t\t<div class=\"elementor-widget-wrap elementor-element-populated\">\n\t\t\t\t\t\t<div class=\"elementor-element elementor-element-101fe2a elementor-widget elementor-widget-heading\" data-id=\"101fe2a\" data-element_type=\"widget\" data-e-type=\"widget\" data-widget_type=\"heading.default\">\n\t\t\t\t<div class=\"elementor-widget-container\">\n\t\t\t\t\t<h2 class=\"elementor-heading-title elementor-size-default\">Bemerkungen<\/h2>\t\t\t\t<\/div>\n\t\t\t\t<\/div>\n\t\t\t\t<div class=\"elementor-element elementor-element-6303d4f elementor-widget elementor-widget-text-editor\" data-id=\"6303d4f\" data-element_type=\"widget\" data-e-type=\"widget\" data-widget_type=\"text-editor.default\">\n\t\t\t\t<div class=\"elementor-widget-container\">\n\t\t\t\t\t\t\t\t\t<p>Nahrungserg\u00e4nzungsmittel sind kein Ersatz f\u00fcr eine ausgewogene und abwechslungsreiche Ern\u00e4hrung und eine gesunde Lebensweise. Die empfohlene Tagesdosis sollte nicht \u00fcberschritten werden.<br \/>Konsultieren Sie einen Arzt, wenn Sie schwanger sind oder stillen. Au\u00dferhalb der Reichweite von kleinen Kindern aufbewahren. Halten Sie die verschlossene Verpackung k\u00fchl und trocken.<\/p><p>Die Verpackung besteht aus 100% HDPE (High Density Polyethylene) und enth\u00e4lt kein BPA (Bisphenol-A).<\/p>\t\t\t\t\t\t\t\t<\/div>\n\t\t\t\t<\/div>\n\t\t\t\t\t<\/div>\n\t\t<\/div>\n\t\t\t\t\t<\/div>\n\t\t<\/section>\n\t\t\t\t<section class=\"elementor-section elementor-top-section elementor-element elementor-element-bed1de8 elementor-section-boxed elementor-section-height-default elementor-section-height-default\" data-id=\"bed1de8\" data-element_type=\"section\" data-e-type=\"section\">\n\t\t\t\t\t\t<div class=\"elementor-container elementor-column-gap-default\">\n\t\t\t\t\t<div class=\"elementor-column elementor-col-100 elementor-top-column elementor-element elementor-element-0dd8de5\" data-id=\"0dd8de5\" data-element_type=\"column\" data-e-type=\"column\">\n\t\t\t<div class=\"elementor-widget-wrap elementor-element-populated\">\n\t\t\t\t\t\t<div class=\"elementor-element elementor-element-931bb04 elementor-widget elementor-widget-heading\" data-id=\"931bb04\" data-element_type=\"widget\" data-e-type=\"widget\" data-widget_type=\"heading.default\">\n\t\t\t\t<div class=\"elementor-widget-container\">\n\t\t\t\t\t<h2 class=\"elementor-heading-title elementor-size-default\">Benutzte Kapseln<\/h2>\t\t\t\t<\/div>\n\t\t\t\t<\/div>\n\t\t\t\t<div class=\"elementor-element elementor-element-f40da0d elementor-widget elementor-widget-text-editor\" data-id=\"f40da0d\" data-element_type=\"widget\" data-e-type=\"widget\" data-widget_type=\"text-editor.default\">\n\t\t\t\t<div class=\"elementor-widget-container\">\n\t\t\t\t\t\t\t\t\t<p>Plantcaps\u2122 sind die n\u00e4chste Generation von vegetarischen Kapseln aus Pullulan - einem nat\u00fcrlichen wasserl\u00f6slichen Polysaccharid. Pullulan wird durch Hefeg\u00e4rung aus Maisst\u00e4rke gewonnen.<\/p><p>Pullulan wurde systematisch auf Qualit\u00e4t und Sicherheit gepr\u00fcft und wird derzeit zunehmend in pharmazeutischen und Verbraucherprodukten eingesetzt.<\/p><p>Die Hauptmerkmale von Plantcaps\u2122 sind:<\/p>\t\t\t\t\t\t\t\t<\/div>\n\t\t\t\t<\/div>\n\t\t\t\t\t<\/div>\n\t\t<\/div>\n\t\t\t\t\t<\/div>\n\t\t<\/section>\n\t\t\t\t<section class=\"elementor-section elementor-top-section elementor-element elementor-element-32417a0 elementor-section-boxed elementor-section-height-default elementor-section-height-default\" data-id=\"32417a0\" data-element_type=\"section\" data-e-type=\"section\">\n\t\t\t\t\t\t<div class=\"elementor-container elementor-column-gap-default\">\n\t\t\t\t\t<div class=\"elementor-column elementor-col-50 elementor-top-column elementor-element elementor-element-9c21bcd\" data-id=\"9c21bcd\" data-element_type=\"column\" data-e-type=\"column\">\n\t\t\t<div class=\"elementor-widget-wrap elementor-element-populated\">\n\t\t\t\t\t\t<div class=\"elementor-element elementor-element-ec1a288 elementor-icon-list--layout-traditional elementor-list-item-link-full_width elementor-widget elementor-widget-icon-list\" data-id=\"ec1a288\" data-element_type=\"widget\" data-e-type=\"widget\" data-widget_type=\"icon-list.default\">\n\t\t\t\t<div class=\"elementor-widget-container\">\n\t\t\t\t\t\t\t<ul class=\"elementor-icon-list-items\">\n\t\t\t\t\t\t\t<li class=\"elementor-icon-list-item\">\n\t\t\t\t\t\t\t\t\t\t\t<span class=\"elementor-icon-list-icon\">\n\t\t\t\t\t\t\t<i aria-hidden=\"true\" class=\"fas fa-circle\"><\/i>\t\t\t\t\t\t<\/span>\n\t\t\t\t\t\t\t\t\t\t<span class=\"elementor-icon-list-text\">Rein nat\u00fcrlich<\/span>\n\t\t\t\t\t\t\t\t\t<\/li>\n\t\t\t\t\t\t\t\t<li class=\"elementor-icon-list-item\">\n\t\t\t\t\t\t\t\t\t\t\t<span class=\"elementor-icon-list-icon\">\n\t\t\t\t\t\t\t<i aria-hidden=\"true\" class=\"fas fa-circle\"><\/i>\t\t\t\t\t\t<\/span>\n\t\t\t\t\t\t\t\t\t\t<span class=\"elementor-icon-list-text\">Ohne St\u00e4rke<\/span>\n\t\t\t\t\t\t\t\t\t<\/li>\n\t\t\t\t\t\t\t\t<li class=\"elementor-icon-list-item\">\n\t\t\t\t\t\t\t\t\t\t\t<span class=\"elementor-icon-list-icon\">\n\t\t\t\t\t\t\t<i aria-hidden=\"true\" class=\"fas fa-circle\"><\/i>\t\t\t\t\t\t<\/span>\n\t\t\t\t\t\t\t\t\t\t<span class=\"elementor-icon-list-text\">Glutenfrei<\/span>\n\t\t\t\t\t\t\t\t\t<\/li>\n\t\t\t\t\t\t\t\t<li class=\"elementor-icon-list-item\">\n\t\t\t\t\t\t\t\t\t\t\t<span class=\"elementor-icon-list-icon\">\n\t\t\t\t\t\t\t<i aria-hidden=\"true\" class=\"fas fa-circle\"><\/i>\t\t\t\t\t\t<\/span>\n\t\t\t\t\t\t\t\t\t\t<span class=\"elementor-icon-list-text\">Ohne Konservierungsstoffe<\/span>\n\t\t\t\t\t\t\t\t\t<\/li>\n\t\t\t\t\t\t\t\t<li class=\"elementor-icon-list-item\">\n\t\t\t\t\t\t\t\t\t\t\t<span class=\"elementor-icon-list-icon\">\n\t\t\t\t\t\t\t<i aria-hidden=\"true\" class=\"fas fa-circle\"><\/i>\t\t\t\t\t\t<\/span>\n\t\t\t\t\t\t\t\t\t\t<span class=\"elementor-icon-list-text\">Ohne gentechnisch ver\u00e4nderte Quellen (Non-GMO)<\/span>\n\t\t\t\t\t\t\t\t\t<\/li>\n\t\t\t\t\t\t\t\t<li class=\"elementor-icon-list-item\">\n\t\t\t\t\t\t\t\t\t\t\t<span class=\"elementor-icon-list-icon\">\n\t\t\t\t\t\t\t<i aria-hidden=\"true\" class=\"fas fa-circle\"><\/i>\t\t\t\t\t\t<\/span>\n\t\t\t\t\t\t\t\t\t\t<span class=\"elementor-icon-list-text\">Ohne HPMC (Hydroxypropylmethylcelluose)<\/span>\n\t\t\t\t\t\t\t\t\t<\/li>\n\t\t\t\t\t\t\t\t<li class=\"elementor-icon-list-item\">\n\t\t\t\t\t\t\t\t\t\t\t<span class=\"elementor-icon-list-icon\">\n\t\t\t\t\t\t\t<i aria-hidden=\"true\" class=\"fas fa-circle\"><\/i>\t\t\t\t\t\t<\/span>\n\t\t\t\t\t\t\t\t\t\t<span class=\"elementor-icon-list-text\">Geeignet f\u00fcr Diabetiker und Patienten mit eingeschr\u00e4nkter Di\u00e4t<\/span>\n\t\t\t\t\t\t\t\t\t<\/li>\n\t\t\t\t\t\t<\/ul>\n\t\t\t\t\t\t<\/div>\n\t\t\t\t<\/div>\n\t\t\t\t\t<\/div>\n\t\t<\/div>\n\t\t\t\t<div class=\"elementor-column elementor-col-50 elementor-top-column elementor-element elementor-element-e355472\" data-id=\"e355472\" data-element_type=\"column\" data-e-type=\"column\">\n\t\t\t<div class=\"elementor-widget-wrap elementor-element-populated\">\n\t\t\t\t\t\t<div class=\"elementor-element elementor-element-c1ad9d9 elementor-widget elementor-widget-image\" data-id=\"c1ad9d9\" data-element_type=\"widget\" data-e-type=\"widget\" data-widget_type=\"image.default\">\n\t\t\t\t<div class=\"elementor-widget-container\">\n\t\t\t\t\t\t\t\t\t\t\t\t<figure class=\"wp-caption\">\n\t\t\t\t\t\t\t\t\t\t<img fetchpriority=\"high\" decoding=\"async\" width=\"238\" height=\"211\" src=\"https:\/\/smartvital.eu\/wp-content\/uploads\/2021\/01\/plantcaps.jpg\" class=\"attachment-large size-large wp-image-8873\" alt=\"Pflanzenkappen\" srcset=\"https:\/\/smartvital.eu\/wp-content\/uploads\/2021\/01\/plantcaps.jpg 238w, https:\/\/smartvital.eu\/wp-content\/uploads\/2021\/01\/plantcaps-14x12.jpg 14w, https:\/\/smartvital.eu\/wp-content\/uploads\/2021\/01\/plantcaps-24x21.jpg 24w, https:\/\/smartvital.eu\/wp-content\/uploads\/2021\/01\/plantcaps-36x32.jpg 36w, https:\/\/smartvital.eu\/wp-content\/uploads\/2021\/01\/plantcaps-48x43.jpg 48w\" sizes=\"(max-width: 238px) 100vw, 238px\" \/>\t\t\t\t\t\t\t\t\t\t\t<figcaption class=\"widget-image-caption wp-caption-text\">Pflanzenkappen<\/figcaption>\n\t\t\t\t\t\t\t\t\t\t<\/figure>\n\t\t\t\t\t\t\t\t\t<\/div>\n\t\t\t\t<\/div>\n\t\t\t\t\t<\/div>\n\t\t<\/div>\n\t\t\t\t\t<\/div>\n\t\t<\/section>\n\t\t\t\t<\/div>","protected":false},"excerpt":{"rendered":"<p>Energy Concept ist ein nat\u00fcrliches Erg\u00e4nzungsmittel, das das Immunsystem st\u00e4rkt, schlechtes Cholesterin und den Blutdruck ausgleicht und hilft, einige An\u00e4mien zu korrigieren. Es wird auch zur Bek\u00e4mpfung von Stress, Nervosit\u00e4t und k\u00f6rperlicher Erm\u00fcdung eingesetzt. Es ist f\u00fcr Erwachsene gedacht, die ihre Gesundheit st\u00e4rken und ihre Energie, Kraft und Ausdauer steigern wollen.<\/p>","protected":false},"featured_media":8851,"template":"","meta":{"_acf_changed":false},"product_brand":[],"product_cat":[659,16],"product_tag":[601,630,657,629,656,628,631,648,632,655],"class_list":{"0":"post-19","1":"product","2":"type-product","3":"status-publish","4":"has-post-thumbnail","6":"product_cat-producten-3950","7":"product_cat-supplementen","8":"product_tag-energie","9":"product_tag-gezondheid","10":"product_tag-immuunsysteem","11":"product_tag-kracht","12":"product_tag-stressbestendigheid","13":"product_tag-uithoudingsvermogen","14":"product_tag-veerkracht","15":"product_tag-vitaliteit","16":"product_tag-volwassenen","17":"product_tag-weerstand","19":"first","20":"instock","21":"taxable","22":"shipping-taxable","23":"purchasable","24":"product-type-simple"},"acf":[],"tiered_pricing_type":"fixed","tiered_pricing_fixed_rules":[],"tiered_pricing_product_settings":{"layout":"default","base_unit_name":{"singular":null,"plural":null},"default_variation":null},"tiered_pricing_minimum_quantity":null,"tiered_pricing_roles_data":[],"tiered_pricing_percentage_rules":[],"tiered_pricing_maximum_quantity":null,"tiered_pricing_quantity_step":null,"_links":{"self":[{"href":"https:\/\/smartvital.eu\/de\/wp-json\/wp\/v2\/product\/19","targetHints":{"allow":["GET"]}}],"collection":[{"href":"https:\/\/smartvital.eu\/de\/wp-json\/wp\/v2\/product"}],"about":[{"href":"https:\/\/smartvital.eu\/de\/wp-json\/wp\/v2\/types\/product"}],"version-history":[{"count":1,"href":"https:\/\/smartvital.eu\/de\/wp-json\/wp\/v2\/product\/19\/revisions"}],"predecessor-version":[{"id":64524,"href":"https:\/\/smartvital.eu\/de\/wp-json\/wp\/v2\/product\/19\/revisions\/64524"}],"wp:featuredmedia":[{"embeddable":true,"href":"https:\/\/smartvital.eu\/de\/wp-json\/wp\/v2\/media\/8851"}],"wp:attachment":[{"href":"https:\/\/smartvital.eu\/de\/wp-json\/wp\/v2\/media?parent=19"}],"wp:term":[{"taxonomy":"product_brand","embeddable":true,"href":"https:\/\/smartvital.eu\/de\/wp-json\/wp\/v2\/product_brand?post=19"},{"taxonomy":"product_cat","embeddable":true,"href":"https:\/\/smartvital.eu\/de\/wp-json\/wp\/v2\/product_cat?post=19"},{"taxonomy":"product_tag","embeddable":true,"href":"https:\/\/smartvital.eu\/de\/wp-json\/wp\/v2\/product_tag?post=19"}],"curies":[{"name":"wp","href":"https:\/\/api.w.org\/{rel}","templated":true}]}}