{"id":9141,"date":"2021-03-11T16:41:01","date_gmt":"2021-03-11T16:41:01","guid":{"rendered":"https:\/\/smartvital.eu\/?page_id=9141"},"modified":"2021-03-11T16:41:01","modified_gmt":"2021-03-11T16:41:01","slug":"gutscheine","status":"publish","type":"page","link":"https:\/\/smartvital.eu\/en\/gutscheine\/","title":{"rendered":"Gutscheine"},"content":{"rendered":"<table cellspacing=\"0\" cellpadding=\"0\">\n<tbody>\n<tr>\n<td class=\"main\"><strong>Gutscheine kaufen <\/strong><\/td>\n<\/tr>\n<tr>\n<td class=\"main\">Gutscheine k\u00f6nnen, falls sie im Shop angeboten werden, wie normale Artikel gekauft werden. Sobald Sie einen Gutschein gekauft haben und dieser nach erfolgreicher Zahlung freigeschaltet wurde, erscheint der Betrag unter Ihrem Warenkorb. Nun k\u00f6nnen Sie \u00fcber den Link \" Gutschein versenden \" den gew\u00fcnschten Betrag per E-Mail versenden. <\/td>\n<\/tr>\n<\/tbody>\n<\/table>\n<table cellspacing=\"0\" cellpadding=\"0\">\n<tbody>\n<tr>\n<td class=\"main\"><strong>How to send Gutscheine <\/strong><\/td>\n<\/tr>\n<tr>\n<td class=\"main\">Um einen Gutschein zu versenden, klicken Sie bitte auf den Link \"Gutschein versenden\" in Ihrem Einkaufskorb. Um einen Gutschein zu versenden, ben\u00f6tigen wir folgende Angaben von Ihnen: Vor- und Nachname des Empf\u00e4ngers. Eine g\u00fcltige E-Mail Adresse des Empf\u00e4ngers. Den gew\u00fcnschten Betrag (Sie k\u00f6nnen auch Teilbetr\u00e4ge Ihres Guthabens versenden). Eine kurze Nachricht an den Empf\u00e4nger. Bitte \u00fcberpr\u00fcfen Sie Ihre Angaben noch einmal vor dem Versenden. Sie haben vor dem Versenden jederzeit die M\u00f6glichkeit Ihre Angaben zu korrigieren. <\/td>\n<\/tr>\n<\/tbody>\n<\/table>\n<table cellspacing=\"0\" cellpadding=\"0\">\n<tbody>\n<tr>\n<td class=\"main\"><strong>Mit Gutscheinen Einkaufen. <\/strong><\/td>\n<\/tr>\n<tr>\n<td class=\"main\">Sobald Sie \u00fcber ein Guthaben verf\u00fcgen, k\u00f6nnen Sie dieses zum Bezahlen Ihrer Bestellung verwenden. W\u00e4hrend des Bestellvorganges haben Sie die M\u00f6glichkeit Ihr Guthaben einzul\u00f6sen. Falls das Guthaben unter dem Warenwert liegt m\u00fcssen Sie Ihre bevorzugte Zahlungsweise f\u00fcr den Differenzbetrag w\u00e4hlen. \u00dcbersteigt Ihr Guthaben den Warenwert, steht Ihnen das Restguthaben selbstverst\u00e4ndlich f\u00fcr Ihre n\u00e4chste Bestellung zur Verf\u00fcgung. <\/td>\n<\/tr>\n<\/tbody>\n<\/table>\n<table cellspacing=\"0\" cellpadding=\"0\">\n<tbody>\n<tr>\n<td class=\"main\"><strong>Gutscheine verbuchen. <\/strong><\/td>\n<\/tr>\n<tr>\n<td class=\"main\">Wenn Sie einen Gutschein per E-Mail erhalten haben, k\u00f6nnen Sie den Betrag wie folgt verbuchen:. <br \/>1. Klicken Sie auf den in der E-Mail angegebenen Link. Falls Sie noch nicht \u00fcber ein pers\u00f6nliches Kundenkonto verf\u00fcgen, haben Sie die M\u00f6glichkeit ein Konto zu er\u00f6ffnen. <br \/>2. Nachdem Sie ein Produkt in den Warenkorb gelegt haben, k\u00f6nnen Sie dort Ihren Gutscheincode eingeben.<\/td>\n<\/tr>\n<\/tbody>\n<\/table>\n<table cellspacing=\"0\" cellpadding=\"0\">\n<tbody>\n<tr>\n<td class=\"main\"><strong>Falls es zu Problems kommen sollte: <\/strong><\/td>\n<\/tr>\n<tr>\n<td class=\"main\">Falls es wider Erwarten zu Problemen mit einem Gutschein kommen sollte, kontaktieren Sie uns bitte per E-Mail : you@yourdomain.com. Bitte beschreiben Sie m\u00f6glichst genau das Problem, wichtige Angaben sind unter anderem: Ihre Kundennummer, der Gutscheincode, Fehlermeldungen des Systems sowie der von Ihnen benutzte Browser. <\/td>\n<\/tr>\n<\/tbody>\n<\/table>","protected":false},"excerpt":{"rendered":"<p>Gutscheine kaufen Gutscheine k\u00f6nnen, falls sie im Shop angeboten werden, wie normale Artikel gekauft werden. Sobald Sie einen Gutschein gekauft haben und dieser nach erfolgreicher Zahlung freigeschaltet wurde, erscheint der Betrag unter Ihrem Warenkorb. Nun k\u00f6nnen Sie \u00fcber den Link &#8221; Gutschein versenden &#8221; den gew\u00fcnschten Betrag per E-Mail versenden. Wie man Gutscheine versendet Um [&hellip;]<\/p>\n","protected":false},"author":1,"featured_media":0,"parent":0,"menu_order":0,"comment_status":"closed","ping_status":"closed","template":"","meta":{"_acf_changed":false,"footnotes":""},"class_list":["post-9141","page","type-page","status-publish","hentry"],"acf":[],"_links":{"self":[{"href":"https:\/\/smartvital.eu\/en\/wp-json\/wp\/v2\/pages\/9141","targetHints":{"allow":["GET"]}}],"collection":[{"href":"https:\/\/smartvital.eu\/en\/wp-json\/wp\/v2\/pages"}],"about":[{"href":"https:\/\/smartvital.eu\/en\/wp-json\/wp\/v2\/types\/page"}],"author":[{"embeddable":true,"href":"https:\/\/smartvital.eu\/en\/wp-json\/wp\/v2\/users\/1"}],"replies":[{"embeddable":true,"href":"https:\/\/smartvital.eu\/en\/wp-json\/wp\/v2\/comments?post=9141"}],"version-history":[{"count":0,"href":"https:\/\/smartvital.eu\/en\/wp-json\/wp\/v2\/pages\/9141\/revisions"}],"wp:attachment":[{"href":"https:\/\/smartvital.eu\/en\/wp-json\/wp\/v2\/media?parent=9141"}],"curies":[{"name":"wp","href":"https:\/\/api.w.org\/{rel}","templated":true}]}}