{"id":59753,"date":"2025-05-12T13:31:17","date_gmt":"2025-05-12T11:31:17","guid":{"rendered":"https:\/\/smartvital.eu\/?page_id=59753"},"modified":"2025-05-19T13:57:21","modified_gmt":"2025-05-19T11:57:21","slug":"merci-davoir-repondu-a-notre-enquete","status":"publish","type":"page","link":"https:\/\/smartvital.eu\/fr\/bedankt-voor-het-invullen-van-onze-enquete\/","title":{"rendered":"Merci pour vos commentaires !"},"content":{"rendered":"<div data-elementor-type=\"wp-page\" data-elementor-id=\"59753\" class=\"elementor elementor-59753\" data-elementor-post-type=\"page\">\n\t\t\t\t<div class=\"elementor-element elementor-element-b97f981 e-flex e-con-boxed e-con e-parent\" data-id=\"b97f981\" data-element_type=\"container\" data-e-type=\"container\">\n\t\t\t\t\t<div class=\"e-con-inner\">\n\t\t\t\t<div class=\"elementor-element elementor-element-b0f3944 elementor-widget elementor-widget-text-editor\" data-id=\"b0f3944\" data-element_type=\"widget\" data-e-type=\"widget\" data-widget_type=\"text-editor.default\">\n\t\t\t\t<div class=\"elementor-widget-container\">\n\t\t\t\t\t\t\t\t\t<p>Nous vous remercions d'avoir r\u00e9pondu \u00e0 notre enqu\u00eate pour la livraison automatique de nos compl\u00e9ments.<\/p><p>En remerciement de vos commentaires, nous sommes heureux de vous offrir ce code de r\u00e9duction :<\/p><p><strong>MERCI5<\/strong><\/p><p>Utilisez-le lors de votre prochaine commande pour b\u00e9n\u00e9ficier d'une r\u00e9duction de \u20ac5 !<\/p><p>D\u00e8s qu'il sera possible de commander automatiquement des LTO3, vous en serez inform\u00e9.<\/p><p>Vous recevrez \u00e9galement le code de r\u00e9duction dans votre bo\u00eete aux lettres.<\/p><p>Veuillez \u00e9galement v\u00e9rifier votre dossier \"spam\" ou \"publicit\u00e9\" pour vous en assurer. Si c'est le cas, veuillez nous tutoyer imm\u00e9diatement afin de recevoir correctement nos futurs courriels.<\/p><p>Avec des salutations saines,<\/p><p>L'\u00e9quipe SmartVital<\/p>\t\t\t\t\t\t\t\t<\/div>\n\t\t\t\t<\/div>\n\t\t\t\t\t<\/div>\n\t\t\t\t<\/div>\n\t\t\t\t<\/div>","protected":false},"excerpt":{"rendered":"<p>Wat leuk dat je onze enqu\u00eate voor het automatisch leveren van onze supplementen hebt ingevuld. Als waardering voor jouw feedback bieden we je graag deze kortingscode aan: BEDANKT5 Gebruik hem bij je volgende bestelling voor \u20ac 5,- korting! Zodra het mogelijk is LTO3 automatisch te bestellen krijg je hierover bericht. Je ontvangt de kortingscode ook [&hellip;]<\/p>\n","protected":false},"author":1,"featured_media":0,"parent":0,"menu_order":0,"comment_status":"closed","ping_status":"closed","template":"","meta":{"_acf_changed":false,"footnotes":""},"class_list":["post-59753","page","type-page","status-publish","hentry"],"acf":[],"_links":{"self":[{"href":"https:\/\/smartvital.eu\/fr\/wp-json\/wp\/v2\/pages\/59753","targetHints":{"allow":["GET"]}}],"collection":[{"href":"https:\/\/smartvital.eu\/fr\/wp-json\/wp\/v2\/pages"}],"about":[{"href":"https:\/\/smartvital.eu\/fr\/wp-json\/wp\/v2\/types\/page"}],"author":[{"embeddable":true,"href":"https:\/\/smartvital.eu\/fr\/wp-json\/wp\/v2\/users\/1"}],"replies":[{"embeddable":true,"href":"https:\/\/smartvital.eu\/fr\/wp-json\/wp\/v2\/comments?post=59753"}],"version-history":[{"count":31,"href":"https:\/\/smartvital.eu\/fr\/wp-json\/wp\/v2\/pages\/59753\/revisions"}],"predecessor-version":[{"id":60021,"href":"https:\/\/smartvital.eu\/fr\/wp-json\/wp\/v2\/pages\/59753\/revisions\/60021"}],"wp:attachment":[{"href":"https:\/\/smartvital.eu\/fr\/wp-json\/wp\/v2\/media?parent=59753"}],"curies":[{"name":"wp","href":"https:\/\/api.w.org\/{rel}","templated":true}]}}