{"id":8601,"date":"2021-03-05T09:19:57","date_gmt":"2021-03-05T09:19:57","guid":{"rendered":"https:\/\/smartvital.eu\/?page_id=8601"},"modified":"2021-03-12T13:31:10","modified_gmt":"2021-03-12T13:31:10","slug":"a-propos-de-smartvital","status":"publish","type":"page","link":"https:\/\/smartvital.eu\/fr\/over-smartvital\/","title":{"rendered":"\u00c0 propos de SmartVital"},"content":{"rendered":"<div data-elementor-type=\"wp-page\" data-elementor-id=\"8601\" class=\"elementor elementor-8601\" data-elementor-post-type=\"page\">\n\t\t\t\t\t\t<section class=\"elementor-section elementor-top-section elementor-element elementor-element-c46304c elementor-section-boxed elementor-section-height-default elementor-section-height-default\" data-id=\"c46304c\" data-element_type=\"section\" data-e-type=\"section\">\n\t\t\t\t\t\t<div class=\"elementor-container elementor-column-gap-default\">\n\t\t\t\t\t<div class=\"elementor-column elementor-col-100 elementor-top-column elementor-element elementor-element-973d143\" data-id=\"973d143\" data-element_type=\"column\" data-e-type=\"column\">\n\t\t\t<div class=\"elementor-widget-wrap elementor-element-populated\">\n\t\t\t\t\t\t<div class=\"elementor-element elementor-element-a3da6fe elementor-widget elementor-widget-text-editor\" data-id=\"a3da6fe\" data-element_type=\"widget\" data-e-type=\"widget\" data-widget_type=\"text-editor.default\">\n\t\t\t\t<div class=\"elementor-widget-container\">\n\t\t\t\t\t\t\t\t\t<p>Bienvenue chez SmartVital, depuis 2010 le distributeur officiel et autoris\u00e9 de l'Europe pour les produits naturels de Herb-e-Concept.<\/p><p>Chez SmartVital, nous nous effor\u00e7ons d'aider les personnes ayant des exigences et des d\u00e9fis diff\u00e9rents \u00e0 am\u00e9liorer leur qualit\u00e9 de vie.<\/p><p>Nous n'incluons dans notre gamme que des produits naturels qui ont \u00e9t\u00e9 contr\u00f4l\u00e9s et r\u00e9pondent aux normes les plus \u00e9lev\u00e9es de qualit\u00e9 et de puret\u00e9. Tous les produits sont test\u00e9s et certifi\u00e9s par un expert alimentaire certifi\u00e9 par l'UE et par des experts asserment\u00e9s en droit et en chimie alimentaires.<\/p><p>SmartVital choisit des producteurs comme Herb-e-Concept, pour qui la plus haute qualit\u00e9 du produit et les int\u00e9r\u00eats de l'utilisateur sont primordiaux. Le producteur utilise les ingr\u00e9dients les plus purs et les plus naturels. Le traitement et la production sont effectu\u00e9s selon des normes pharmaceutiques GMP \u00e9lev\u00e9es, qui garantissent une qualit\u00e9 et une s\u00e9curit\u00e9 maximales. Le fabricant choisit des fournisseurs qui d\u00e9fendent une qualit\u00e9 \u00e9lev\u00e9e et contr\u00f4l\u00e9e sans compromis et une pratique \u00e9cologique (durabilit\u00e9) dans l'approvisionnement en mati\u00e8res premi\u00e8res.<\/p><p>Nous pouvons vous donner des conseils d'experts sur nos produits et vous offrir le meilleur service possible car nous sommes en contact direct avec le fournisseur.<\/p><p>En raison du r\u00e8glement europ\u00e9en sur les all\u00e9gations de sant\u00e9 (CE) n\u00b0 1924\/2006, entr\u00e9 en vigueur le 14 d\u00e9cembre 2012, nous ne sommes pas autoris\u00e9s \u00e0 fournir des informations d\u00e9taill\u00e9es sur nos compl\u00e9ments alimentaires ou leurs effets sur la sant\u00e9. De plus amples informations sur nos produits peuvent \u00eatre obtenues directement aupr\u00e8s du fabricant et dans les forums et portails d'information pertinents.<\/p><p>Vos suggestions, remarques et commentaires sont donc toujours les bienvenus. Vous pouvez nous joindre via le <a href=\"https:\/\/smartvital.eu\/fr\/contacter\/\">formulaire de contact<\/a>.<\/p><p>Votre \u00e9quipe SmartVital<\/p>\t\t\t\t\t\t\t\t<\/div>\n\t\t\t\t<\/div>\n\t\t\t\t\t<\/div>\n\t\t<\/div>\n\t\t\t\t\t<\/div>\n\t\t<\/section>\n\t\t\t\t<\/div>","protected":false},"excerpt":{"rendered":"<p>Hartelijk welkom bij SmartVital,\u00a0sinds 2010 de offici\u00eble en geautoriseerde distribiteur van Europa voor de natuurlijke producten van Herb-e-Concept. Bij SmartVital streven wij ernaar om mensen met verschillende eisen en uitdagingen te helpen hun kwaliteit van leven te verbeteren. We nemen uitsluitend natuurlijke producten op in ons assortiment die gecontroleerd zijn en voldoen aan de hoogste [&hellip;]<\/p>\n","protected":false},"author":1,"featured_media":0,"parent":0,"menu_order":0,"comment_status":"closed","ping_status":"closed","template":"","meta":{"_acf_changed":false,"footnotes":""},"class_list":["post-8601","page","type-page","status-publish","hentry"],"acf":[],"_links":{"self":[{"href":"https:\/\/smartvital.eu\/fr\/wp-json\/wp\/v2\/pages\/8601","targetHints":{"allow":["GET"]}}],"collection":[{"href":"https:\/\/smartvital.eu\/fr\/wp-json\/wp\/v2\/pages"}],"about":[{"href":"https:\/\/smartvital.eu\/fr\/wp-json\/wp\/v2\/types\/page"}],"author":[{"embeddable":true,"href":"https:\/\/smartvital.eu\/fr\/wp-json\/wp\/v2\/users\/1"}],"replies":[{"embeddable":true,"href":"https:\/\/smartvital.eu\/fr\/wp-json\/wp\/v2\/comments?post=8601"}],"version-history":[{"count":0,"href":"https:\/\/smartvital.eu\/fr\/wp-json\/wp\/v2\/pages\/8601\/revisions"}],"wp:attachment":[{"href":"https:\/\/smartvital.eu\/fr\/wp-json\/wp\/v2\/media?parent=8601"}],"curies":[{"name":"wp","href":"https:\/\/api.w.org\/{rel}","templated":true}]}}