{"id":8663,"date":"2021-03-05T10:04:25","date_gmt":"2021-03-05T10:04:25","guid":{"rendered":"https:\/\/smartvital.eu\/?page_id=8663"},"modified":"2023-06-20T11:33:18","modified_gmt":"2023-06-20T09:33:18","slug":"politique-de-retour","status":"publish","type":"page","link":"https:\/\/smartvital.eu\/fr\/verzend-retourbeleid\/","title":{"rendered":"Politique d'exp\u00e9dition et de retour"},"content":{"rendered":"<div data-elementor-type=\"wp-page\" data-elementor-id=\"8663\" class=\"elementor elementor-8663\" data-elementor-post-type=\"page\">\n\t\t\t\t\t\t<section class=\"elementor-section elementor-top-section elementor-element elementor-element-63c9483 elementor-section-boxed elementor-section-height-default elementor-section-height-default\" data-id=\"63c9483\" data-element_type=\"section\" data-e-type=\"section\">\n\t\t\t\t\t\t<div class=\"elementor-container elementor-column-gap-default\">\n\t\t\t\t\t<div class=\"elementor-column elementor-col-100 elementor-top-column elementor-element elementor-element-7354fcb\" data-id=\"7354fcb\" data-element_type=\"column\" data-e-type=\"column\">\n\t\t\t<div class=\"elementor-widget-wrap elementor-element-populated\">\n\t\t\t\t\t\t<div class=\"elementor-element elementor-element-00e92c2 elementor-widget elementor-widget-text-editor\" data-id=\"00e92c2\" data-element_type=\"widget\" data-e-type=\"widget\" data-widget_type=\"text-editor.default\">\n\t\t\t\t<div class=\"elementor-widget-container\">\n\t\t\t\t\t\t\t\t\t<div style=\"overflow-x: auto;\"><p>Si vous habitez aux Pays-Bas ou en Allemagne, vous recevrez g\u00e9n\u00e9ralement votre commande 1 \u00e0 4 jours ouvrables apr\u00e8s avoir pass\u00e9 votre commande. Imm\u00e9diatement apr\u00e8s l'exp\u00e9dition de votre colis, vous recevrez un e-mail de confirmation d'exp\u00e9dition avec un \"num\u00e9ro de suivi\", ce qui vous permettra de savoir rapidement o\u00f9 en est votre commande.<\/p><p>Dans les autres pays, le d\u00e9lai de livraison est normalement de 4 \u00e0 6 jours ouvrables.<\/p><p>Vous trouverez ci-dessous un aper\u00e7u des frais d'exp\u00e9dition et des d\u00e9lais de livraison par pays.<\/p><table style=\"text-align: left; height: 470px;\" border=\"1\" cellspacing=\"1\" cellpadding=\"1\"><tbody><tr><td style=\"background-color: #c0c0c0; font-weight: bold; width: 95px; height: 56px; text-align: center;\">Pays<\/td><td style=\"background-color: #c0c0c0; font-weight: bold; text-align: center; width: 120px; height: 56px;\">Frais d'exp\u00e9dition<br \/><span id=\"result_box\" class=\"short_text\" lang=\"nl\"><span class=\"hps\">standard<\/span> <\/span><\/td><td style=\"background-color: #c0c0c0; font-weight: bold; text-align: center; width: 135px; height: 56px;\"><span id=\"result_box\" class=\"short_text\" lang=\"nl\"><span class=\"hps\">R\u00e9gulier<\/span> <span class=\"hps\">le d\u00e9lai de livraison<\/span> <\/span> <small> <small>*1*2<\/small> <\/small><\/td><td style=\"font-weight: bold; background-color: #bec0be; text-align: center; width: 110px; height: 56px;\">Option<br \/>Suivi du site <small> <small>*3<\/small> <\/small><\/td><td style=\"font-weight: bold; background-color: #bec0be; text-align: center; width: 110px; height: 56px;\"><span style=\"color: #008000;\">Livraison gratuite \u00e0 partir de la valeur de la commande<\/span><\/td><\/tr><tr><td style=\"color: #070300; height: 40px; font-weight: bold;\">Allemagne<\/td><td style=\"text-align: center; color: #000600; height: 40px;\">4,90 \u20ac<\/td><td style=\"text-align: center; color: #009900; height: 40px; font-weight: bold;\">1-4 jours ouvrables<\/td><td style=\"font-weight: bold; color: #009900; text-align: center; height: 40px;\">\u2713<\/td><td style=\"font-weight: bold; color: #009900; text-align: center; height: 40px;\">50 \u20ac<\/td><\/tr><tr><td style=\"color: #070300; height: 40px; font-weight: bold;\">Pays-Bas<\/td><td style=\"text-align: center; color: #000600; height: 40px;\">4,90 \u20ac<\/td><td style=\"text-align: center; color: #009900; height: 40px; font-weight: bold;\">1-4 jours ouvrables<\/td><td style=\"font-weight: bold; color: #009900; text-align: center; height: 40px;\">\u2713<\/td><td style=\"font-weight: bold; color: #009900; text-align: center; height: 40px;\">50 \u20ac<\/td><\/tr><tr><td style=\"color: #070300; height: 40px; font-weight: bold;\">Belgique<\/td><td style=\"text-align: center; color: #000600; height: 40px;\">4,90 \u20ac<\/td><td style=\"text-align: center; color: #009900; height: 40px; font-weight: bold;\">1-4 jours ouvrables<\/td><td style=\"font-weight: bold; color: #009900; text-align: center; height: 40px;\">\u2713<\/td><td style=\"font-weight: bold; color: #009900; text-align: center; height: 40px;\">50 \u20ac<\/td><\/tr><tr><td style=\"color: #070300; height: 40px; font-weight: bold;\"><span id=\"result_box\" class=\"short_text\" lang=\"nl\"><span class=\"hps\">Autriche<\/span> <\/span><\/td><td style=\"text-align: center; color: #000600; height: 40px;\">4,90 \u20ac<\/td><td style=\"text-align: center; color: #009900; height: 40px; font-weight: bold;\">1-4 jours ouvrables<\/td><td style=\"font-weight: bold; color: #009900; text-align: center; height: 40px;\">\u2713<\/td><td style=\"font-weight: bold; color: #009900; text-align: center; height: 40px;\">50 \u20ac<\/td><\/tr><tr><td style=\"color: #070300; height: 40px; font-weight: bold;\"><span id=\"result_box\" class=\"short_text\" lang=\"nl\"><span class=\"hps\">Suisse<\/span> <\/span><\/td><td style=\"text-align: center; color: #000500; height: 40px;\">4,90 \u20ac<\/td><td style=\"text-align: center; height: 40px;\">4-5 jours ouvrables<\/td><td style=\"text-align: center; height: 40px;\">-<\/td><td style=\"text-align: center; height: 40px;\"><strong><span style=\"color: #008000;\">50 \u20ac<\/span> <\/strong><\/td><\/tr><tr><td style=\"color: #070300; height: 40px; font-weight: bold;\"><span id=\"result_box\" class=\"short_text\" lang=\"nl\"><span class=\"hps\">Italie<\/span> <\/span><\/td><td style=\"text-align: center; height: 40px;\">4,90 \u20ac<\/td><td style=\"text-align: center; height: 40px;\">4-6 jours ouvrables<\/td><td style=\"text-align: center; height: 40px;\">-<\/td><td style=\"text-align: center; height: 40px;\"><strong><span style=\"color: #008000;\">50 \u20ac<\/span> <\/strong><\/td><\/tr><tr><td style=\"height: 40px; font-weight: bold;\"><span id=\"result_box\" class=\"short_text\" lang=\"nl\"><span class=\"hps\">Autre<\/span> <span class=\"hps atn\">UE<\/span> pays <\/span><\/td><td style=\"text-align: center; height: 40px;\">4,90 \u20ac<\/td><td style=\"text-align: center; height: 40px;\">4-6 jours ouvrables<\/td><td style=\"text-align: center; height: 40px;\"><span id=\"result_box\" class=\"short_text\" lang=\"nl\"><span class=\"hps\">sur demande<\/span> <\/span><\/td><td style=\"text-align: center; height: 40px;\">\u00a0sur demande<\/td><\/tr><tr><td style=\"height: 40px;\"><span style=\"font-weight: bold;\">Autres pays<\/span><\/td><td style=\"text-align: center; height: 40px;\"><span id=\"result_box\" class=\"short_text\" lang=\"nl\"><span class=\"hps\">sur demande<\/span> <\/span><\/td><td style=\"text-align: center; height: 40px;\"><span id=\"result_box\" class=\"short_text\" lang=\"nl\"><span class=\"hps\">sur demande<\/span> <\/span><\/td><td style=\"text-align: center; height: 40px;\"><span id=\"result_box\" class=\"short_text\" lang=\"nl\"><span class=\"hps\">sur demande<\/span> <\/span><\/td><td style=\"text-align: center; height: 40px;\">sur demande<\/td><\/tr><\/tbody><\/table><\/div><p>*<strong>1 L'exp\u00e9dition a lieu apr\u00e8s que le montant \u00e0 payer a \u00e9t\u00e9 cr\u00e9dit\u00e9 sur notre compte.<\/strong><br \/>*<strong>2 La livraison aux \u00eeles Wadden s'effectue par courrier ordinaire et prend normalement 4 \u00e0 6 jours ouvrables. Il n'y a pas d'informations de suivi disponibles.<\/strong><br \/><strong>*3 Les donn\u00e9es de suivi sont\u00a0<\/strong>(si disponible)<strong>\u00a0qui vous est envoy\u00e9 par courrier.<\/strong><\/p><p>RETOURS<\/p><p>Si vous souhaitez retourner l'article, vous avez droit \u00e0 un remboursement int\u00e9gral, y compris les frais d'exp\u00e9dition, dans un d\u00e9lai de 14 jours, sans indication de motif. Pour autant que l'emballage soit intact et non ouvert. Les frais de retour sont \u00e0 votre charge.<\/p><p>Pour un retour, veuillez remplir notre <a href=\"https:\/\/smartvital.eu\/fr\/contacter\/\">formulaire de contact<\/a> dans.<\/p>\t\t\t\t\t\t\t\t<\/div>\n\t\t\t\t<\/div>\n\t\t\t\t\t<\/div>\n\t\t<\/div>\n\t\t\t\t\t<\/div>\n\t\t<\/section>\n\t\t\t\t<\/div>","protected":false},"excerpt":{"rendered":"<p>Als u in Nederland of Duitsland woont ontvangt u uw bestelling in de regel 1-4 werkdagen na plaatsing van uw bestelling. Direct nadat uw pakje verstuurd is ontvangt u per e-mail een verzendbevestiging met een \u2018tracking nummer\u2019, waardoor u snel kunt zien waar uw bestelling zich bevindt. In andere landen is de levertijd normaal gesproken [&hellip;]<\/p>\n","protected":false},"author":1,"featured_media":0,"parent":0,"menu_order":0,"comment_status":"closed","ping_status":"closed","template":"","meta":{"_acf_changed":false,"footnotes":""},"class_list":["post-8663","page","type-page","status-publish","hentry"],"acf":[],"_links":{"self":[{"href":"https:\/\/smartvital.eu\/fr\/wp-json\/wp\/v2\/pages\/8663","targetHints":{"allow":["GET"]}}],"collection":[{"href":"https:\/\/smartvital.eu\/fr\/wp-json\/wp\/v2\/pages"}],"about":[{"href":"https:\/\/smartvital.eu\/fr\/wp-json\/wp\/v2\/types\/page"}],"author":[{"embeddable":true,"href":"https:\/\/smartvital.eu\/fr\/wp-json\/wp\/v2\/users\/1"}],"replies":[{"embeddable":true,"href":"https:\/\/smartvital.eu\/fr\/wp-json\/wp\/v2\/comments?post=8663"}],"version-history":[{"count":0,"href":"https:\/\/smartvital.eu\/fr\/wp-json\/wp\/v2\/pages\/8663\/revisions"}],"wp:attachment":[{"href":"https:\/\/smartvital.eu\/fr\/wp-json\/wp\/v2\/media?parent=8663"}],"curies":[{"name":"wp","href":"https:\/\/api.w.org\/{rel}","templated":true}]}}