{"id":8665,"date":"2021-03-05T10:04:42","date_gmt":"2021-03-05T10:04:42","guid":{"rendered":"https:\/\/smartvital.eu\/?page_id=8665"},"modified":"2021-03-11T18:14:43","modified_gmt":"2021-03-11T18:14:43","slug":"la-propriete-intellectuelle","status":"publish","type":"page","link":"https:\/\/smartvital.eu\/fr\/intellectual-property\/","title":{"rendered":"Propri\u00e9t\u00e9 intellectuelle"},"content":{"rendered":"<div data-elementor-type=\"wp-page\" data-elementor-id=\"8665\" class=\"elementor elementor-8665\" data-elementor-post-type=\"page\">\n\t\t\t\t\t\t<section class=\"elementor-section elementor-top-section elementor-element elementor-element-8eab3de elementor-section-boxed elementor-section-height-default elementor-section-height-default\" data-id=\"8eab3de\" data-element_type=\"section\" data-e-type=\"section\">\n\t\t\t\t\t\t<div class=\"elementor-container elementor-column-gap-default\">\n\t\t\t\t\t<div class=\"elementor-column elementor-col-100 elementor-top-column elementor-element elementor-element-e694533\" data-id=\"e694533\" data-element_type=\"column\" data-e-type=\"column\">\n\t\t\t<div class=\"elementor-widget-wrap elementor-element-populated\">\n\t\t\t\t\t\t<div class=\"elementor-element elementor-element-8643d9d elementor-widget elementor-widget-text-editor\" data-id=\"8643d9d\" data-element_type=\"widget\" data-e-type=\"widget\" data-widget_type=\"text-editor.default\">\n\t\t\t\t<div class=\"elementor-widget-container\">\n\t\t\t\t\t\t\t\t\t<p>PRODUITS DE COPIE<br \/>Le propri\u00e9taire de toute entreprise qui copie l'un de nos produits (en totalit\u00e9 ou en partie) sera poursuivi pour un d\u00e9lit et pourra \u00eatre puni d'une peine d'emprisonnement en vertu de la loi et de la jurisprudence sur la propri\u00e9t\u00e9 intellectuelle.<\/p><p>BRAND ON<br \/>Le concept appel\u00e9 \" LTO3, LTO3 No Taste \" est intrins\u00e8que \u00e0 la cr\u00e9ation litt\u00e9raire et\/ou artistique de MM. Marc St-Denis et Rodrigue Tremblay intitul\u00e9e \" Un repos bienfaisant \" (Editions USD System - Collection \" Passeport \" CB intellectuelle N \u00b0 CA1281ST1013 - Copyright N \u00b0 1114652 - OPIC 2014-07-18). La r\u00e9alisation technique et\/ou commerciale des proc\u00e9d\u00e9s et savoir-faire du concept - qui comprend la production, la reproduction et l'interpr\u00e9tation de tout ou partie des textes et dessins enregistr\u00e9s dans l'ouvrage pr\u00e9cit\u00e9, constitue imp\u00e9rativement les produits de ce site web, ainsi que les projets commerciaux et \u00e9conomiques qui s'y rapportent.<\/p><p>RAPPEL<br \/>Du seul fait de la cr\u00e9ation de son \u0153uvre dont il est l'unique propri\u00e9taire, l'auteur jouit d'une exclusivit\u00e9 mondiale sur tout ou partie de sa production, de sa reproduction et de son interpr\u00e9tation, en ce qui concerne l'exploitation commerciale du concept mat\u00e9rialis\u00e9 qui en r\u00e9sulte. Conform\u00e9ment aux trait\u00e9s internationaux et aux lois nationales des \u00c9tats sur le droit d'auteur, cette exclusivit\u00e9 est reconnue dans le monde entier pour toute la vie de l'auteur et pour cinquante \u00e0 soixante-dix ans apr\u00e8s sa mort, et ce en fonction de la l\u00e9gislation de chaque \u00c9tat.<\/p><p>QUE SIGNIFIE LE PASSEPORT INTELLECTUEL CB ?<br \/>Passeport Intellectuel CB est le nom d'une collection mondiale d'ouvrages des licenci\u00e9s exclusifs du Consortium international d'\u00e9dition USD System. Un livre de la collection Passeport Intellectuel CB est un instrument juridique de la Propri\u00e9t\u00e9 Intellectuelle en tant qu'\u0153uvre litt\u00e9raire et artistique.<\/p><p>Cet outil ouvre de nouvelles perspectives pour le d\u00e9veloppement \u00e9conomique des innovations, conjointement pour l'inventeur et l'investisseur. Elle tient compte de l'ant\u00e9riorit\u00e9 de la cr\u00e9ation sur l'invention elle-m\u00eame. Elle \u00e9voque de nouvelles strat\u00e9gies pr\u00e9ventives et alternatives contre les imitateurs. Il permet d'\u00e9valuer le potentiel \u00e9conomique d'une innovation sur une projection de 3 \u00e0 4 ans.<\/p><p>La collection de livres Passeport Intellectuel CB permet d'harmoniser la collaboration entre les partenaires, investisseurs et exploitants pour le d\u00e9veloppement \u00e9conomique d'un concept, brevetable ou non, et ce notamment au moyen d'un pr\u00e9dictif (original) \u00e9conomique international pluridisciplinaire (PEIP) et d'un portefeuille de contrats appropri\u00e9s qui font partie int\u00e9grante de l'ouvrage.<\/p><p>QUELLE EST LA DIFF\u00c9RENCE ENTRE LE BREVET ET UN LIVRE NON PUBLI\u00c9 ?<br \/><br \/>Le brevet est un contrat entre le pr\u00e9tendu inventeur et le public, repr\u00e9sent\u00e9 par le gouvernement de l'\u00c9tat dans lequel il est enregistr\u00e9. Il s'agit d'un titre temporaire et non d'une propri\u00e9t\u00e9. Comme un permis de conduire, il s'apparente \u00e0 un permis d'\u00c9tat avec des droits, des obligations et des possibilit\u00e9s d'annulation propres \u00e0 chaque contrat. Le brevet d'invention est accord\u00e9 au propri\u00e9taire en \u00e9change de la divulgation obligatoire de secrets. Pour obtenir une couverture internationale, elle doit \u00eatre \u00e9tendue par \u00c9tat ou groupes d'\u00c9tats, ce qui doit \u00eatre fait dans des d\u00e9lais stricts et avec des ressources financi\u00e8res importantes. Il donne au titulaire le droit d'interdire \u00e0 des tiers d'exploiter l'invention dans les pays o\u00f9 le brevet est divulgu\u00e9 et enregistr\u00e9, et uniquement par la loi. Le brevet n'est pas garanti par l'\u00c9tat qui le d\u00e9livre.<\/p><p>Pour la pr\u00e9servation des secrets, chaque livre de la collection du Passeport Intellectuel CB est publi\u00e9 sans \u00eatre publi\u00e9 (pas \/ est ferm\u00e9). Il conf\u00e8re \u00e0 l'auteur d'un concept original (brevetable ou non-brevetable) la propri\u00e9t\u00e9 mondiale de l'\u0153uvre litt\u00e9raire et\/ou artistique dans laquelle la description du concept est int\u00e9gr\u00e9e. Cette description b\u00e9n\u00e9ficie de droits d'auteur, reconnus par les autorit\u00e9s internationales de la propri\u00e9t\u00e9 intellectuelle. Ces droits mondiaux sont valables pendant la vie de l'auteur et pendant plusieurs d\u00e9cennies apr\u00e8s sa mort (pour ses descendants).<\/p><p>Contrairement au brevet, le livre interdit aux tiers de copier la description (les plans) \u00e0 des fins commerciales. Description sans laquelle il n'est pas possible \u00e0 des tiers de r\u00e9aliser l'invention ou le concept original qui en d\u00e9coule. De plus, les perspectives \u00e9conomiques et le portefeuille de contrats qu'il contient renforcent le projet en vue de sa commercialisation et \u00e9galement pour l'\u00e9valuation des dommages en cas de proc\u00e8s en copie. Un livre de la collection Passeport Intellectuel CB est garanti par l'\u00e9diteur qui l'a cr\u00e9\u00e9.<\/p><p>QUE SIGNIFIE CE NOM : PROPRI\u00c9T\u00c9 INTELLECTUELLE ?<br \/>Seule une cr\u00e9ation litt\u00e9raire et \/ ou artistique est la propri\u00e9t\u00e9 de l'auteur ! Il s'agit d'une propri\u00e9t\u00e9 mondiale sans frais d'extension internationale. Les brevets, les dessins et\/ou mod\u00e8les enregistr\u00e9s et les marques d\u00e9pos\u00e9es sont des titres temporaires lib\u00e9r\u00e9s. C'est pourquoi ils sont d\u00e9tenteurs et non propri\u00e9taires.<\/p>\t\t\t\t\t\t\t\t<\/div>\n\t\t\t\t<\/div>\n\t\t\t\t\t<\/div>\n\t\t<\/div>\n\t\t\t\t\t<\/div>\n\t\t<\/section>\n\t\t\t\t<\/div>","protected":false},"excerpt":{"rendered":"<p>PRODUCTEN KOPI\u00cbRENDe eigenaar van een bedrijf dat een van onze producten (geheel of gedeeltelijk) kopieert, zal worden vervolgd voor een misdrijf en kan worden bestraft met gevangenisstraf volgens de wet en jurisprudentie inzake intellectueel eigendom. MERK OPHet concept genaamd &#8220;LTO3, LTO3 No Taste&#8221; is intrinsiek aan de literaire en \/ of artistieke creatie van de [&hellip;]<\/p>\n","protected":false},"author":1,"featured_media":0,"parent":0,"menu_order":0,"comment_status":"closed","ping_status":"closed","template":"","meta":{"_acf_changed":false,"footnotes":""},"class_list":["post-8665","page","type-page","status-publish","hentry"],"acf":[],"_links":{"self":[{"href":"https:\/\/smartvital.eu\/fr\/wp-json\/wp\/v2\/pages\/8665","targetHints":{"allow":["GET"]}}],"collection":[{"href":"https:\/\/smartvital.eu\/fr\/wp-json\/wp\/v2\/pages"}],"about":[{"href":"https:\/\/smartvital.eu\/fr\/wp-json\/wp\/v2\/types\/page"}],"author":[{"embeddable":true,"href":"https:\/\/smartvital.eu\/fr\/wp-json\/wp\/v2\/users\/1"}],"replies":[{"embeddable":true,"href":"https:\/\/smartvital.eu\/fr\/wp-json\/wp\/v2\/comments?post=8665"}],"version-history":[{"count":0,"href":"https:\/\/smartvital.eu\/fr\/wp-json\/wp\/v2\/pages\/8665\/revisions"}],"wp:attachment":[{"href":"https:\/\/smartvital.eu\/fr\/wp-json\/wp\/v2\/media?parent=8665"}],"curies":[{"name":"wp","href":"https:\/\/api.w.org\/{rel}","templated":true}]}}