{"id":9141,"date":"2021-03-11T16:41:01","date_gmt":"2021-03-11T16:41:01","guid":{"rendered":"https:\/\/smartvital.eu\/?page_id=9141"},"modified":"2021-03-11T16:41:01","modified_gmt":"2021-03-11T16:41:01","slug":"gutscheine","status":"publish","type":"page","link":"https:\/\/smartvital.eu\/fr\/gutscheine\/","title":{"rendered":"Gutscheine"},"content":{"rendered":"<table cellspacing=\"0\" cellpadding=\"0\">\n<tbody>\n<tr>\n<td class=\"main\"><strong>Acheter des billets de banque <\/strong><\/td>\n<\/tr>\n<tr>\n<td class=\"main\">Gutscheine k\u00f6nnen, falls sie im Shop angeboten werden, wie normale Artikel gekauft werden. Si vous avez achet\u00e9 un ticket de caisse et que celui-ci a \u00e9t\u00e9 lib\u00e9r\u00e9 apr\u00e8s le paiement, vous recevrez un ticket de caisse dans votre panier d'achat. Vous ne pouvez pas non plus envoyer de courrier \u00e9lectronique par le biais du lien \" Verser un ch\u00e8que \". <\/td>\n<\/tr>\n<\/tbody>\n<\/table>\n<table cellspacing=\"0\" cellpadding=\"0\">\n<tbody>\n<tr>\n<td class=\"main\"><strong>Comment envoyer des Gutscheine <\/strong><\/td>\n<\/tr>\n<tr>\n<td class=\"main\">Pour verser un ch\u00e8que cadeau, cliquez sur le lien \"Verser un ch\u00e8que cadeau\" dans votre panier d'achat. Pour verser un ch\u00e8que, nous avons besoin des informations suivantes de la part d'Ihnen : Vor- und Nachname des Empf\u00e4ngers. Eine g\u00fcltige E-Mail Adresse des Empf\u00e4ngers. Den gew\u00fcnschten Betrag (Sie k\u00f6nnen auch Teilbetr\u00e4ge Ihres Guthabens versenden). Un bref compte-rendu de l'employ\u00e9. Nous vous prions de bien vouloir nous faire part de vos commentaires avant la fin du voyage. Vous avez la possibilit\u00e9 de modifier vos pr\u00e9f\u00e9rences avant la fin de la p\u00e9riode de validit\u00e9. <\/td>\n<\/tr>\n<\/tbody>\n<\/table>\n<table cellspacing=\"0\" cellpadding=\"0\">\n<tbody>\n<tr>\n<td class=\"main\"><strong>Mit Gutscheinen Einkaufen. <\/strong><\/td>\n<\/tr>\n<tr>\n<td class=\"main\">Si vous avez besoin d'une carte de cr\u00e9dit, vous pouvez l'utiliser pour payer votre commande. Pendant la p\u00e9riode de facturation, vous avez la possibilit\u00e9 d'utiliser votre carte de cr\u00e9dit. Si le montant est inf\u00e9rieur \u00e0 la valeur de la garantie, vous devez payer la somme correspondant \u00e0 la diff\u00e9rence. \u00dcbersteigt Ihr Guthaben den Warenwert, stehnen das Restguthaben selbstverst\u00e4ndlich f\u00fcr Ihre n\u00e4chste Bestellung zur Verf\u00fcgung. <\/td>\n<\/tr>\n<\/tbody>\n<\/table>\n<table cellspacing=\"0\" cellpadding=\"0\">\n<tbody>\n<tr>\n<td class=\"main\"><strong>Gutscheine verbuchen. <\/strong><\/td>\n<\/tr>\n<tr>\n<td class=\"main\">Si vous avez re\u00e7u un ch\u00e8que-cadeau par courrier \u00e9lectronique, vous pouvez utiliser le lien suivant :. <br \/>1. Cliquez sur le lien figurant dans l'e-mail. Si vous ne disposez pas d'un compte client personnel, vous avez la possibilit\u00e9 d'ouvrir un compte. <br \/>2. Si vous avez plac\u00e9 un produit dans le panier de marchandises, vous pouvez indiquer ici votre code postal.<\/td>\n<\/tr>\n<\/tbody>\n<\/table>\n<table cellspacing=\"0\" cellpadding=\"0\">\n<tbody>\n<tr>\n<td class=\"main\"><strong>Falls es zu Problems kommen sollte : <\/strong><\/td>\n<\/tr>\n<tr>\n<td class=\"main\">Si vous avez des probl\u00e8mes avec votre commande, contactez-nous par e-mail : you@yourdomain.com. Veuillez d\u00e9crire le probl\u00e8me dans les moindres d\u00e9tails. Les informations importantes sont notamment : votre num\u00e9ro de client, votre code postal, les dysfonctionnements du syst\u00e8me et le navigateur que vous utilisez. <\/td>\n<\/tr>\n<\/tbody>\n<\/table>","protected":false},"excerpt":{"rendered":"<p>Gutscheine kaufen Gutscheine k\u00f6nnen, falls sie im Shop angeboten werden, wie normale Artikel gekauft werden. Sobald Sie einen Gutschein gekauft haben und dieser nach erfolgreicher Zahlung freigeschaltet wurde, erscheint der Betrag unter Ihrem Warenkorb. Nun k\u00f6nnen Sie \u00fcber den Link &#8221; Gutschein versenden &#8221; den gew\u00fcnschten Betrag per E-Mail versenden. Wie man Gutscheine versendet Um [&hellip;]<\/p>\n","protected":false},"author":1,"featured_media":0,"parent":0,"menu_order":0,"comment_status":"closed","ping_status":"closed","template":"","meta":{"_acf_changed":false,"footnotes":""},"class_list":["post-9141","page","type-page","status-publish","hentry"],"acf":[],"_links":{"self":[{"href":"https:\/\/smartvital.eu\/fr\/wp-json\/wp\/v2\/pages\/9141","targetHints":{"allow":["GET"]}}],"collection":[{"href":"https:\/\/smartvital.eu\/fr\/wp-json\/wp\/v2\/pages"}],"about":[{"href":"https:\/\/smartvital.eu\/fr\/wp-json\/wp\/v2\/types\/page"}],"author":[{"embeddable":true,"href":"https:\/\/smartvital.eu\/fr\/wp-json\/wp\/v2\/users\/1"}],"replies":[{"embeddable":true,"href":"https:\/\/smartvital.eu\/fr\/wp-json\/wp\/v2\/comments?post=9141"}],"version-history":[{"count":0,"href":"https:\/\/smartvital.eu\/fr\/wp-json\/wp\/v2\/pages\/9141\/revisions"}],"wp:attachment":[{"href":"https:\/\/smartvital.eu\/fr\/wp-json\/wp\/v2\/media?parent=9141"}],"curies":[{"name":"wp","href":"https:\/\/api.w.org\/{rel}","templated":true}]}}