{"id":9251,"date":"2021-03-11T16:47:38","date_gmt":"2021-03-11T16:47:38","guid":{"rendered":"https:\/\/smartvital.eu\/?page_id=9251"},"modified":"2021-03-11T18:28:14","modified_gmt":"2021-03-11T18:28:14","slug":"commander-des-coordonnees-bancaires","status":"publish","type":"page","link":"https:\/\/smartvital.eu\/fr\/opdracht-bankgegevens\/","title":{"rendered":"COMMANDE &amp; COORDONN\u00c9ES BANCAIRES"},"content":{"rendered":"<p><strong>Adresse l\u00e9gale :<\/strong><\/p>\n<p><strong>SmartVital B.V.<br \/>\nGestion<br \/>\nMarch\u00e9 14<br \/>\n6211CJ Maastricht<br \/>\nPays-Bas<br \/>\nT\u00e9l\u00e9phone : +31 (0)43 2031953<\/strong><\/p>\n<p><span style=\"color: #800000;\">Service et questions uniquement par l'interm\u00e9diaire de notre hotline e-mail \u00e0 l'adresse suivante :<\/span>\u00a0\u00a0<a href=\"mailto:vragen@smartvital.eu?subject=Vraag%20%5BNL%5D%20-\"><span style=\"color: #0f6000;\">vragen@smartvital.eu<\/span><\/a><\/p>\n<p><strong>Num\u00e9ro de TVA : NL850082924B01<br \/>\ninscrit au registre du commerce du tribunal d'instance du Limbourg<br \/>\nNum\u00e9ro KVK :\u00a0<\/strong><strong>51575388<\/strong><\/p>\n<p>Banque<br \/>\nTitulaire du compte : SmartVital B.V.<br \/>\nCode IBAN : NL85 ABNA 0560 3335 95<br \/>\nCode BIC\/SWIFT : ABNANL2A<\/p>\n<p>La Commission europ\u00e9enne a mis en place une plate-forme pour la r\u00e9solution en ligne des litiges de consommation sans intervention judiciaire (plate-forme ODR), disponible \u00e0 l'adresse suivante\u00a0<a href=\"http:\/\/ec.europa.eu\/odr\" target=\"_blank\" rel=\"noopener\"><span style=\"color: #0f6000;\">http:\/\/ec.europa.eu\/odr<\/span><\/a><span style=\"color: #0f6000;\">.<\/span><\/p>\n<p><strong>Informations juridiques sur le site web<\/strong><\/p>\n<p>Tous les textes, photos et autres informations publi\u00e9s ici sont soumis au droit d'auteur du fournisseur, sauf si des droits d'auteur de tiers s'appliquent. Dans tous les cas, la reproduction, la distribution ou la publication n'est autoris\u00e9e que dans le cas d'une autorisation r\u00e9vocable et non transf\u00e9rable du fournisseur.<\/p>\n<p>Le fournisseur n'est pas responsable de tous les contenus Web reli\u00e9s par des r\u00e9f\u00e9rences crois\u00e9es (liens), car il ne s'agit pas de ses propres contenus. Les sites li\u00e9s ont \u00e9t\u00e9 contr\u00f4l\u00e9s quant \u00e0 leur contenu ill\u00e9gal. Au moment de la cr\u00e9ation du lien, aucun contenu ill\u00e9gal n'\u00e9tait visible. Les op\u00e9rateurs sont responsables du contenu des sites li\u00e9s. Le prestataire n'est pas oblig\u00e9 de surveiller et de contr\u00f4ler. D\u00e8s la notification d'une infraction, le lien correspondant sera imm\u00e9diatement supprim\u00e9.<\/p>\n<p><strong>Nous sommes membres de l'initiative \"FairCommerce\".<\/strong><br \/>\nPour plus d'informations, consultez le site www.faircommerce.de.<\/p>","protected":false},"excerpt":{"rendered":"<p>Juridisch adres: SmartVital B.V. Management Markt 14 6211CJ Maastricht Nederland Telefoon: +31 (0)43 2031953 Service en vragen\u00a0uitsluitend via onze e-mail hotline op:\u00a0\u00a0vragen@smartvital.eu BTW-nummer: NL850082924B01 geregistreerd in het handelsregister van de lokale rechtbank Limburg KVK-nummer:\u00a051575388 Bank Rekeninghouder: \u00a0\u00a0\u00a0 \u00a0 SmartVital B.V. IBAN-Code: \u00a0\u00a0\u00a0 \u00a0 \u00a0 \u00a0 \u00a0 \u00a0NL85 ABNA 0560 3335 95 BIC\/SWIFT-Code: \u00a0\u00a0\u00a0 ABNANL2A De [&hellip;]<\/p>\n","protected":false},"author":1,"featured_media":0,"parent":0,"menu_order":0,"comment_status":"closed","ping_status":"closed","template":"","meta":{"_acf_changed":false,"footnotes":""},"class_list":["post-9251","page","type-page","status-publish","hentry"],"acf":[],"_links":{"self":[{"href":"https:\/\/smartvital.eu\/fr\/wp-json\/wp\/v2\/pages\/9251","targetHints":{"allow":["GET"]}}],"collection":[{"href":"https:\/\/smartvital.eu\/fr\/wp-json\/wp\/v2\/pages"}],"about":[{"href":"https:\/\/smartvital.eu\/fr\/wp-json\/wp\/v2\/types\/page"}],"author":[{"embeddable":true,"href":"https:\/\/smartvital.eu\/fr\/wp-json\/wp\/v2\/users\/1"}],"replies":[{"embeddable":true,"href":"https:\/\/smartvital.eu\/fr\/wp-json\/wp\/v2\/comments?post=9251"}],"version-history":[{"count":0,"href":"https:\/\/smartvital.eu\/fr\/wp-json\/wp\/v2\/pages\/9251\/revisions"}],"wp:attachment":[{"href":"https:\/\/smartvital.eu\/fr\/wp-json\/wp\/v2\/media?parent=9251"}],"curies":[{"name":"wp","href":"https:\/\/api.w.org\/{rel}","templated":true}]}}