{"id":9260,"date":"2021-03-11T16:47:59","date_gmt":"2021-03-11T16:47:59","guid":{"rendered":"https:\/\/smartvital.eu\/?page_id=9260"},"modified":"2021-03-11T16:47:59","modified_gmt":"2021-03-11T16:47:59","slug":"producteur-herb-e-concept","status":"publish","type":"page","link":"https:\/\/smartvital.eu\/fr\/producent-herb-e-concept\/","title":{"rendered":"Fabricant : Herb-e-Concept"},"content":{"rendered":"<p>Herb-e-Concept est une entreprise canadienne qui d\u00e9veloppe et propose des produits naturels de qualit\u00e9 exceptionnelle depuis 2000. Une composition de produit unique et exceptionnelle dans la gamme Herb-e-Concept est, par exemple, le LTO3. Dans l'int\u00e9r\u00eat de l'utilisateur, tous les produits sont fabriqu\u00e9s selon les normes pharmaceutiques \u00e9lev\u00e9es GMP.<\/p>\n<p>Informations sur le producteur :<\/p>\n<p>Herb-e-Concept<br \/>\nLES PRODUITS NATURELS HERB-E-CONCEPT INC.<br \/>\n102-17680 Rue Charles<br \/>\nJ7J 0T6 Mirabel, Qu\u00e9bec<br \/>\nCanada<\/p>\n<p><span style=\"color:#0F6000;\"><strong>www.herb-e-concept.com<\/strong><\/span><\/p>\n<p>Herb-e-Concept a mis en place des lignes d'assistance par e-mail, qui fournissent une aide rapide et structurelle aux clients :<br \/>\n<a href=\"mailto:vraag@herb-e-concept.com?subject=Vraag%20%5BNL%5D%20-\"><span style=\"color:#0F6000;\">vraag@herb-e-concept.com<\/span><\/a><\/p>\n<p><big><big><strong><span style=\"color:#006300;\">Smart<\/span><span style=\"color:#e55b00;\">Vital<\/span><\/strong>&nbsp;<\/big>- le distributeur v\u00e9rifi\u00e9 et autoris\u00e9<\/big><\/p>\n<p>Vous pouvez commander LTO3 en toute s\u00e9curit\u00e9 ici. SmartVital est le distributeur test\u00e9 et autoris\u00e9 de Herb-e-Concept en Europe. Si vous achetez des LTO3 ici en tant que client, vous pouvez \u00eatre s\u00fbr que vous recevrez toujours \"l'original\" de la qualit\u00e9 la plus \u00e9lev\u00e9e et v\u00e9rifi\u00e9e avec le meilleur service.<\/p>\n<p>Cela est indiqu\u00e9 par le label de qualit\u00e9 exclusif suivant, qui figure dans le coin sup\u00e9rieur droit de notre site web :<\/p>\n<p><img decoding=\"async\" alt=\"SmartVital, le distributeur de Herb-e-Concept\" src=\"https:\/\/www.smartvital.eu\/images\/sv\/herb_overlay_dutch.png\" \/><\/p>\n<p><strong>Vous avez vu ce label de qualit\u00e9 exclusif sur un autre site web ?<\/strong>&nbsp;Contribuez \u00e0 vous prot\u00e9ger et \u00e0 prot\u00e9ger les autres consommateurs.<br \/>\nVeuillez envoyer un bref e-mail avec le site web correspondant \u00e0 l'adresse suivante :&nbsp;<a href=\"mailto:service@smartvital.eu?subject=Vraag%20%5BNL%5D%20-%20controleren%20kwaliteitszegel&amp;body=%0A%0ADas%20Qualit%C3%A4ts-Siegel%20wird%20nicht%20nur%20auf%20www.smartvital%20eu%20verwendet%2C%20sondern%20auch%20auch%20auf%20folgender%20Webseite%3A\"><span style=\"color:#0F6000;\">service@smartvital.eu<\/span><\/a><\/p>","protected":false},"excerpt":{"rendered":"<p>Herb-e-Concept is een Canadese onderneming, die sinds het jaar 2000 natuurlijke producten van voortreffelijke kwaliteit ontwikkelt en aanbiedt. Een unieke en buitengewone productcompositie in het sortiment van Herb-e-Concept is bijvoorbeeld LTO3. In het belang van de gebruiker worden alle producten volgens de hoge farmaceutische GMP- standaard geproduceerd. Informatie over de producent: Herb-e-Concept LES PRODUITS NATURELS [&hellip;]<\/p>\n","protected":false},"author":1,"featured_media":0,"parent":0,"menu_order":0,"comment_status":"closed","ping_status":"closed","template":"","meta":{"_acf_changed":false,"footnotes":""},"class_list":["post-9260","page","type-page","status-publish","hentry"],"acf":[],"_links":{"self":[{"href":"https:\/\/smartvital.eu\/fr\/wp-json\/wp\/v2\/pages\/9260","targetHints":{"allow":["GET"]}}],"collection":[{"href":"https:\/\/smartvital.eu\/fr\/wp-json\/wp\/v2\/pages"}],"about":[{"href":"https:\/\/smartvital.eu\/fr\/wp-json\/wp\/v2\/types\/page"}],"author":[{"embeddable":true,"href":"https:\/\/smartvital.eu\/fr\/wp-json\/wp\/v2\/users\/1"}],"replies":[{"embeddable":true,"href":"https:\/\/smartvital.eu\/fr\/wp-json\/wp\/v2\/comments?post=9260"}],"version-history":[{"count":0,"href":"https:\/\/smartvital.eu\/fr\/wp-json\/wp\/v2\/pages\/9260\/revisions"}],"wp:attachment":[{"href":"https:\/\/smartvital.eu\/fr\/wp-json\/wp\/v2\/media?parent=9260"}],"curies":[{"name":"wp","href":"https:\/\/api.w.org\/{rel}","templated":true}]}}