{"id":9271,"date":"2021-03-11T16:48:38","date_gmt":"2021-03-11T16:48:38","guid":{"rendered":"https:\/\/smartvital.eu\/?page_id=9271"},"modified":"2021-03-11T16:48:38","modified_gmt":"2021-03-11T16:48:38","slug":"les-avantages-de-smartvital","status":"publish","type":"page","link":"https:\/\/smartvital.eu\/fr\/de-smartvital-voordelen\/","title":{"rendered":"Les avantages du SmartVital"},"content":{"rendered":"<h1><a href=\"https:\/\/smartvital.eu\/fr\/shop_content.php\/?coID=21\" style=\"text-decoration:none;\"><img decoding=\"async\" alt=\"\" src=\"\/images\/checkbox.png\" \/> <span style=\"color:#f79646; font-size:12pt; font-weight:600;\">Produits de qualit\u00e9<\/span> <\/a><\/h1>\n<p>\n\tIngr\u00e9dients purs et naturels. La production est conforme aux normes internationales GMP.\n<\/p>\n<p style=\"text-align: right;\">\n\t<a href=\"https:\/\/smartvital.eu\/fr\/shop_content.php\/?coID=21\">Plus...<\/a>\n<\/p>\n<h1><a href=\"https:\/\/smartvital.eu\/fr\/shop_content.php\/?coID=22\" style=\"text-decoration:none;\"><img decoding=\"async\" alt=\"\" src=\"\/images\/checkbox.png\" \/> <span style=\"color:#f79646; font-size:12pt; font-weight:600;\">Produits s\u00fbrs<\/span> <\/a><\/h1>\n<p>\n\tTous les produits sont test\u00e9s et certifi\u00e9s par un expert alimentaire certifi\u00e9 par l'UE et par des experts asserment\u00e9s en droit et en chimie alimentaires.\n<\/p>\n<div style=\"text-align: right;\">\n\t<a href=\"https:\/\/smartvital.eu\/fr\/shop_content.php\/?coID=22\">Plus...<\/a>\n<\/div>\n<h1><a href=\"https:\/\/smartvital.eu\/fr\/shop_content.php\/?coID=23\" style=\"text-decoration:none;\"><img decoding=\"async\" alt=\"\" src=\"\/images\/checkbox.png\" \/> <span style=\"color:#f79646; font-size:12pt; font-weight:600;\">Service \u00e0 la client\u00e8le<\/span> <\/a><\/h1>\n<p>\n\tUne ligne d'assistance par e-mail pour toutes vos questions sur les produits et leur application, soutenue par l'expertise et les ann\u00e9es d'exp\u00e9rience du fabricant.\n<\/p>\n<div style=\"text-align: right;\">\n\t<a href=\"https:\/\/smartvital.eu\/fr\/shop_content.php\/?coID=23\">Plus...<\/a>\n<\/div>\n<h1><a href=\"https:\/\/smartvital.eu\/fr\/shop_content.php\/?coID=24\" style=\"text-decoration:none;\"><img decoding=\"async\" alt=\"\" src=\"\/images\/checkbox.png\" \/> <span style=\"color:#f79646; font-size:12pt; font-weight:600;\">Livraison rapide<\/span> <\/a><\/h1>\n<p>\n\tLivraisons aux Pays-Bas, en Allemagne et en Belgique en 1-2 jours ouvrables. Pour les autres pays et les \u00eeles Wadden, le d\u00e9lai de livraison est normalement de 4 \u00e0 6 jours ouvrables.\n<\/p>\n<p style=\"text-align: right;\">\n\t<a href=\"https:\/\/smartvital.eu\/fr\/shop_content.php\/?coID=24\">Plus...<\/a>\n<\/p>\n<h1><a href=\"https:\/\/smartvital.eu\/fr\/shop_content.php\/?coID=25\" style=\"text-decoration:none;\"><img decoding=\"async\" alt=\"\" src=\"\/images\/checkbox.png\" \/> <span style=\"color:#f79646; font-size:12pt; font-weight:600;\">Payez en toute s\u00e9curit\u00e9<\/span> <\/a><\/h1>\n<p>\n\tVous pouvez payer en toute s\u00e9curit\u00e9 de la mani\u00e8re qui vous convient le mieux. Vous pouvez choisir entre le paiement direct en ligne, le virement bancaire normal, le paiement par carte de cr\u00e9dit ou PayPal.\n<\/p>\n<p style=\"text-align: right;\">\n\t<a href=\"https:\/\/smartvital.eu\/fr\/shop_content.php\/?coID=25\">Plus...<\/a><\/p>","protected":false},"excerpt":{"rendered":"<p>Kwaliteitsproducten Zuivere, natuurlijke bestanddelen. Productie volgens de internationale GMP standaard. Meer&#8230; Veilige producten Alle producten zijn getest en gecertificeerd door een EU-gecertificeerde levensmiddelendeskundige en be&euml;digde deskundigen voor levensmiddelenrecht en -chemie. Meer&#8230; Klantenservice Een e-mail hotline voor al uw vragen over de producten en de toepassing ervan, ondersteund door de expertise en jarenlange ervaring van de [&hellip;]<\/p>\n","protected":false},"author":1,"featured_media":0,"parent":0,"menu_order":0,"comment_status":"closed","ping_status":"closed","template":"","meta":{"_acf_changed":false,"footnotes":""},"class_list":["post-9271","page","type-page","status-publish","hentry"],"acf":[],"_links":{"self":[{"href":"https:\/\/smartvital.eu\/fr\/wp-json\/wp\/v2\/pages\/9271","targetHints":{"allow":["GET"]}}],"collection":[{"href":"https:\/\/smartvital.eu\/fr\/wp-json\/wp\/v2\/pages"}],"about":[{"href":"https:\/\/smartvital.eu\/fr\/wp-json\/wp\/v2\/types\/page"}],"author":[{"embeddable":true,"href":"https:\/\/smartvital.eu\/fr\/wp-json\/wp\/v2\/users\/1"}],"replies":[{"embeddable":true,"href":"https:\/\/smartvital.eu\/fr\/wp-json\/wp\/v2\/comments?post=9271"}],"version-history":[{"count":0,"href":"https:\/\/smartvital.eu\/fr\/wp-json\/wp\/v2\/pages\/9271\/revisions"}],"wp:attachment":[{"href":"https:\/\/smartvital.eu\/fr\/wp-json\/wp\/v2\/media?parent=9271"}],"curies":[{"name":"wp","href":"https:\/\/api.w.org\/{rel}","templated":true}]}}