{"id":9352,"date":"2021-03-11T18:16:19","date_gmt":"2021-03-11T18:16:19","guid":{"rendered":"https:\/\/smartvital.eu\/?page_id=9352"},"modified":"2021-03-11T18:18:28","modified_gmt":"2021-03-11T18:18:28","slug":"clause-de-non-responsabilite","status":"publish","type":"page","link":"https:\/\/smartvital.eu\/fr\/disclaimer\/","title":{"rendered":"Avis de non-responsabilit\u00e9"},"content":{"rendered":"<div data-elementor-type=\"wp-page\" data-elementor-id=\"9352\" class=\"elementor elementor-9352\" data-elementor-post-type=\"page\">\n\t\t\t\t\t\t<section class=\"elementor-section elementor-top-section elementor-element elementor-element-061e8f0 elementor-section-boxed elementor-section-height-default elementor-section-height-default\" data-id=\"061e8f0\" data-element_type=\"section\" data-e-type=\"section\">\n\t\t\t\t\t\t<div class=\"elementor-container elementor-column-gap-default\">\n\t\t\t\t\t<div class=\"elementor-column elementor-col-100 elementor-top-column elementor-element elementor-element-1f4481e\" data-id=\"1f4481e\" data-element_type=\"column\" data-e-type=\"column\">\n\t\t\t<div class=\"elementor-widget-wrap elementor-element-populated\">\n\t\t\t\t\t\t<div class=\"elementor-element elementor-element-1452401 elementor-widget elementor-widget-text-editor\" data-id=\"1452401\" data-element_type=\"widget\" data-e-type=\"widget\" data-widget_type=\"text-editor.default\">\n\t\t\t\t<div class=\"elementor-widget-container\">\n\t\t\t\t\t\t\t\t\t<p>SmartVital est une entreprise de compl\u00e9ments alimentaires en ligne qui propose de nombreuses options int\u00e9ressantes en mati\u00e8re de produits de sant\u00e9 naturels. Nous ne sommes pas un prestataire m\u00e9dical agr\u00e9\u00e9 et nous ne pouvons donc pas offrir de conseils ou de produits pour diagnostiquer, traiter ou gu\u00e9rir une maladie. Il est important que vous contactiez votre m\u00e9decin ou votre th\u00e9rapeute si vous avez des questions ou des pr\u00e9occupations d'ordre m\u00e9dical.<\/p><p>Le contenu de ce site est destin\u00e9 \u00e0 des fins de r\u00e9f\u00e9rence et n'est pas destin\u00e9 \u00e0 remplacer les conseils d'un m\u00e9decin, d'un pharmacien ou d'un autre professionnel de la sant\u00e9 qualifi\u00e9. Vous ne devez pas utiliser ces informations comme un auto-diagnostic ou pour traiter un probl\u00e8me de sant\u00e9 ou une maladie. Vous devez consulter un m\u00e9decin avant de commencer un r\u00e9gime, un exercice ou un programme de suppl\u00e9mentation, avant de prendre des m\u00e9dicaments, ou si vous avez ou soup\u00e7onnez un probl\u00e8me de sant\u00e9 ou si vous \u00eates enceinte.<\/p><p>Lorsque vous recevez un article, lisez attentivement toutes les \u00e9tiquettes, les avertissements et les instructions d'utilisation. L'emballage et les mat\u00e9riaux r\u00e9els du produit peuvent contenir des informations plus nombreuses et\/ou diff\u00e9rentes de celles pr\u00e9sent\u00e9es sur ce site web. Contactez imm\u00e9diatement votre prestataire de soins si vous pensez avoir un probl\u00e8me m\u00e9dical. Les informations et les d\u00e9clarations figurant sur ce site web concernant les compl\u00e9ments alimentaires ne sont pas destin\u00e9es \u00e0 diagnostiquer, traiter, gu\u00e9rir ou pr\u00e9venir une maladie ou un probl\u00e8me de sant\u00e9.<\/p>\t\t\t\t\t\t\t\t<\/div>\n\t\t\t\t<\/div>\n\t\t\t\t\t<\/div>\n\t\t<\/div>\n\t\t\t\t\t<\/div>\n\t\t<\/section>\n\t\t\t\t<\/div>","protected":false},"excerpt":{"rendered":"<p>SmartVital is online bedrijf voor voedingssupplementen en we bieden veel geweldige opties in natuurlijke gezondheidsproducten. We zijn geen erkende medische zorgverlener en daarom kunnen we geen advies of producten aanbieden om een \u200b\u200bziekte te diagnosticeren, behandelen of genezen. Het is belangrijk dat u contact opneemt met uw arts of therapeut als u medische vragen of [&hellip;]<\/p>\n","protected":false},"author":1,"featured_media":0,"parent":0,"menu_order":0,"comment_status":"closed","ping_status":"closed","template":"","meta":{"_acf_changed":false,"footnotes":""},"class_list":["post-9352","page","type-page","status-publish","hentry"],"acf":[],"_links":{"self":[{"href":"https:\/\/smartvital.eu\/fr\/wp-json\/wp\/v2\/pages\/9352","targetHints":{"allow":["GET"]}}],"collection":[{"href":"https:\/\/smartvital.eu\/fr\/wp-json\/wp\/v2\/pages"}],"about":[{"href":"https:\/\/smartvital.eu\/fr\/wp-json\/wp\/v2\/types\/page"}],"author":[{"embeddable":true,"href":"https:\/\/smartvital.eu\/fr\/wp-json\/wp\/v2\/users\/1"}],"replies":[{"embeddable":true,"href":"https:\/\/smartvital.eu\/fr\/wp-json\/wp\/v2\/comments?post=9352"}],"version-history":[{"count":0,"href":"https:\/\/smartvital.eu\/fr\/wp-json\/wp\/v2\/pages\/9352\/revisions"}],"wp:attachment":[{"href":"https:\/\/smartvital.eu\/fr\/wp-json\/wp\/v2\/media?parent=9352"}],"curies":[{"name":"wp","href":"https:\/\/api.w.org\/{rel}","templated":true}]}}