{"id":10,"date":"2021-01-13T10:46:56","date_gmt":"2021-01-13T09:46:56","guid":{"rendered":"https:\/\/smartvital.eu\/?post_type=product&#038;p=10"},"modified":"2026-04-10T11:38:20","modified_gmt":"2026-04-10T09:38:20","slug":"lto3-insipide","status":"publish","type":"product","link":"https:\/\/smartvital.eu\/fr\/product\/lto3-smaakloos\/","title":{"rendered":"LTO\u00b3 Sans Saveur"},"content":{"rendered":"<div data-elementor-type=\"product-post\" data-elementor-id=\"10\" class=\"elementor elementor-10\" data-elementor-post-type=\"product\">\n\t\t\t\t\t\t<section class=\"elementor-section elementor-top-section elementor-element elementor-element-f4d06be elementor-section-boxed elementor-section-height-default elementor-section-height-default\" data-id=\"f4d06be\" data-element_type=\"section\" data-e-type=\"section\">\n\t\t\t\t\t\t<div class=\"elementor-container elementor-column-gap-default\">\n\t\t\t\t\t<div class=\"elementor-column elementor-col-100 elementor-top-column elementor-element elementor-element-afb99be\" data-id=\"afb99be\" data-element_type=\"column\" data-e-type=\"column\">\n\t\t\t<div class=\"elementor-widget-wrap elementor-element-populated\">\n\t\t\t\t\t\t<div class=\"elementor-element elementor-element-7edf4c4 elementor-widget elementor-widget-toggle\" data-id=\"7edf4c4\" data-element_type=\"widget\" data-e-type=\"widget\" data-widget_type=\"toggle.default\">\n\t\t\t\t<div class=\"elementor-widget-container\">\n\t\t\t\t\t\t\t<div class=\"elementor-toggle\">\n\t\t\t\t\t\t\t<div class=\"elementor-toggle-item\">\n\t\t\t\t\t<div id=\"elementor-tab-title-1331\" class=\"elementor-tab-title\" data-tab=\"1\" role=\"button\" aria-controls=\"elementor-tab-content-1331\" aria-expanded=\"false\">\n\t\t\t\t\t\t\t\t\t\t\t\t<span class=\"elementor-toggle-icon elementor-toggle-icon-left\" aria-hidden=\"true\">\n\t\t\t\t\t\t\t\t\t\t\t\t\t\t\t<span class=\"elementor-toggle-icon-closed\"><i class=\"fas fa-caret-right\"><\/i><\/span>\n\t\t\t\t\t\t\t\t<span class=\"elementor-toggle-icon-opened\"><i class=\"elementor-toggle-icon-opened fas fa-caret-up\"><\/i><\/span>\n\t\t\t\t\t\t\t\t\t\t\t\t\t<\/span>\n\t\t\t\t\t\t\t\t\t\t\t\t<a class=\"elementor-toggle-title\" tabindex=\"0\">Pourquoi si peu d'informations sur les produits ?<\/a>\n\t\t\t\t\t<\/div>\n\n\t\t\t\t\t<div id=\"elementor-tab-content-1331\" class=\"elementor-tab-content elementor-clearfix\" data-tab=\"1\" role=\"region\" aria-labelledby=\"elementor-tab-title-1331\"><p>En raison du r\u00e8glement europ\u00e9en sur les all\u00e9gations de sant\u00e9 (CE) n\u00b0 1924\/2006, entr\u00e9 en vigueur le 14 d\u00e9cembre 2012, nous ne sommes pas autoris\u00e9s \u00e0 fournir des informations d\u00e9taill\u00e9es sur nos compl\u00e9ments alimentaires ou leurs effets sur la sant\u00e9. De plus amples informations sur nos produits peuvent \u00eatre obtenues directement aupr\u00e8s du fabricant et dans les forums et portails d'information pertinents.\u00a0<\/p><p>La loi nous autorise \u00e0 vous informer davantage sur nos produits par t\u00e9l\u00e9phone et par courrier \u00e9lectronique.<\/p><\/div>\n\t\t\t\t<\/div>\n\t\t\t\t\t\t\t\t<\/div>\n\t\t\t\t\t\t<\/div>\n\t\t\t\t<\/div>\n\t\t\t\t\t<\/div>\n\t\t<\/div>\n\t\t\t\t\t<\/div>\n\t\t<\/section>\n\t\t\t\t<section class=\"elementor-section elementor-top-section elementor-element elementor-element-66e0c5f elementor-section-boxed elementor-section-height-default elementor-section-height-default\" data-id=\"66e0c5f\" data-element_type=\"section\" data-e-type=\"section\">\n\t\t\t\t\t\t<div class=\"elementor-container elementor-column-gap-default\">\n\t\t\t\t\t<div class=\"elementor-column elementor-col-100 elementor-top-column elementor-element elementor-element-6511889\" data-id=\"6511889\" data-element_type=\"column\" data-e-type=\"column\">\n\t\t\t<div class=\"elementor-widget-wrap elementor-element-populated\">\n\t\t\t\t\t\t<div class=\"elementor-element elementor-element-4804b33 elementor-widget elementor-widget-text-editor\" data-id=\"4804b33\" data-element_type=\"widget\" data-e-type=\"widget\" data-widget_type=\"text-editor.default\">\n\t\t\t\t<div class=\"elementor-widget-container\">\n\t\t\t\t\t\t\t\t\t<p>Chez SmartVital, vous achetez des LTO\u00b3 aupr\u00e8s du seul sp\u00e9cialiste soutenu par le fabricant.<\/p><p>Nous sommes le distributeur autoris\u00e9 et certifi\u00e9 de Herb-e-Concept en Europe.<\/p><p>Avec nous, vous \u00eates assur\u00e9 d'une assistance professionnelle et vous avez toujours la garantie de recevoir le LTO original.<sup>3.<\/sup><\/p><p>Ce produit est prot\u00e9g\u00e9 dans le monde entier par <a href=\"https:\/\/smartvital.eu\/fr\/la-propriete-intellectuelle\/\" target=\"_blank\" rel=\"noopener\">Licence de propri\u00e9t\u00e9 intellectuelle CA1281ST1013<\/a><\/p><p><a href=\"https:\/\/smartvital.eu\/wp-content\/uploads\/2024\/11\/Manuel-dutilisation-LTO3.pdf\" target=\"_blank\" rel=\"noopener\"><b>Cliquez ici pour consulter le manuel d'utilisation complet de LTO\u00b3.<\/b><\/a><\/p>\t\t\t\t\t\t\t\t<\/div>\n\t\t\t\t<\/div>\n\t\t\t\t\t<\/div>\n\t\t<\/div>\n\t\t\t\t\t<\/div>\n\t\t<\/section>\n\t\t\t\t<section class=\"elementor-section elementor-top-section elementor-element elementor-element-a5fb1c8 elementor-section-boxed elementor-section-height-default elementor-section-height-default\" data-id=\"a5fb1c8\" data-element_type=\"section\" data-e-type=\"section\">\n\t\t\t\t\t\t<div class=\"elementor-container elementor-column-gap-default\">\n\t\t\t\t\t<div class=\"elementor-column elementor-col-100 elementor-top-column elementor-element elementor-element-173db54\" data-id=\"173db54\" data-element_type=\"column\" data-e-type=\"column\">\n\t\t\t<div class=\"elementor-widget-wrap elementor-element-populated\">\n\t\t\t\t\t\t<div class=\"elementor-element elementor-element-80c7d86 elementor-widget elementor-widget-heading\" data-id=\"80c7d86\" data-element_type=\"widget\" data-e-type=\"widget\" data-widget_type=\"heading.default\">\n\t\t\t\t<div class=\"elementor-widget-container\">\n\t\t\t\t\t<h2 class=\"elementor-heading-title elementor-size-default\">Description du produit<\/h2>\t\t\t\t<\/div>\n\t\t\t\t<\/div>\n\t\t\t\t<div class=\"elementor-element elementor-element-8473c22 elementor-widget elementor-widget-text-editor\" data-id=\"8473c22\" data-element_type=\"widget\" data-e-type=\"widget\" data-widget_type=\"text-editor.default\">\n\t\t\t\t<div class=\"elementor-widget-container\">\n\t\t\t\t\t\t\t\t\t<p>Identique \u00e0 LTO<sup>3<\/sup>Mais il convient \u00e9galement aux enfants et aux adultes qui ne peuvent pas prendre de g\u00e9lules et qui doivent donc dissoudre le contenu de la g\u00e9lule dans un liquide.<\/p><h6>REMARQUE : le terme \"sans saveur\" fait r\u00e9f\u00e9rence au \"go\u00fbt de poisson\" sp\u00e9cifique ressenti lors de la consommation du contenu d'une g\u00e9lule ouverte. <i>LTO\u00b3 Original<\/i>est nettement moins pr\u00e9sent.<\/h6><p>Un produit naturel pur !<\/p><p>Complexe unique d'ingr\u00e9dients naturels avec MEG-3<sup>\u00ae<\/sup>\u00a0* dans Powder-loc\u2122 **, Scutellaria Lateriflora (Blue Glide), 5-N-\u00e9thyl-L-glutamine (L-Th\u00e9anine).<\/p><p>Contenu : 90 capsules<\/p>\t\t\t\t\t\t\t\t<\/div>\n\t\t\t\t<\/div>\n\t\t\t\t\t<\/div>\n\t\t<\/div>\n\t\t\t\t\t<\/div>\n\t\t<\/section>\n\t\t\t\t<section class=\"elementor-section elementor-top-section elementor-element elementor-element-ab002ce elementor-section-boxed elementor-section-height-default elementor-section-height-default\" data-id=\"ab002ce\" data-element_type=\"section\" data-e-type=\"section\">\n\t\t\t\t\t\t<div class=\"elementor-container elementor-column-gap-default\">\n\t\t\t\t\t<div class=\"elementor-column elementor-col-100 elementor-top-column elementor-element elementor-element-e3791dd\" data-id=\"e3791dd\" data-element_type=\"column\" data-e-type=\"column\">\n\t\t\t<div class=\"elementor-widget-wrap elementor-element-populated\">\n\t\t\t\t\t\t<div class=\"elementor-element elementor-element-b8d387e elementor-widget elementor-widget-heading\" data-id=\"b8d387e\" data-element_type=\"widget\" data-e-type=\"widget\" data-widget_type=\"heading.default\">\n\t\t\t\t<div class=\"elementor-widget-container\">\n\t\t\t\t\t<h2 class=\"elementor-heading-title elementor-size-default\">Ingr\u00e9dients<\/h2>\t\t\t\t<\/div>\n\t\t\t\t<\/div>\n\t\t\t\t<div class=\"elementor-element elementor-element-319c1ed elementor-widget elementor-widget-text-editor\" data-id=\"319c1ed\" data-element_type=\"widget\" data-e-type=\"widget\" data-widget_type=\"text-editor.default\">\n\t\t\t\t<div class=\"elementor-widget-container\">\n\t\t\t\t\t\t\t\t\t<p>MEG-3<sup>\u00ae<\/sup>\u00a0* dans Powder-loc\u2122 ** (om\u00e9ga-3\/-6 EPA &amp; DHA), Scutellaria Lateriflora - parties a\u00e9riennes uniquement (contient a.o. bioflavono\u00efde scutellarine et autres flavono\u00efdes, r\u00e9sines, tanins et huiles essentielles), concentr\u00e9 d'huile de poisson (exempt de m\u00e9taux lourds et d'impuret\u00e9s***) avec ascorbate de sodium antioxydant et tocoph\u00e9rols, huile de colza, huile de tournesol, ar\u00f4me naturel, acide alimentaire, acide citrique, pullulan (capsules), 5-N-\u00e9thyl-L-glutamine (L-Th\u00e9anine), agent anti-agglom\u00e9rant L-Leucine.<\/p>\t\t\t\t\t\t\t\t<\/div>\n\t\t\t\t<\/div>\n\t\t\t\t\t<\/div>\n\t\t<\/div>\n\t\t\t\t\t<\/div>\n\t\t<\/section>\n\t\t\t\t<section class=\"elementor-section elementor-top-section elementor-element elementor-element-d4d204a elementor-section-boxed elementor-section-height-default elementor-section-height-default\" data-id=\"d4d204a\" data-element_type=\"section\" data-e-type=\"section\">\n\t\t\t\t\t\t<div class=\"elementor-container elementor-column-gap-default\">\n\t\t\t\t\t<div class=\"elementor-column elementor-col-100 elementor-top-column elementor-element elementor-element-75f71e8\" data-id=\"75f71e8\" data-element_type=\"column\" data-e-type=\"column\">\n\t\t\t<div class=\"elementor-widget-wrap elementor-element-populated\">\n\t\t\t\t\t\t<div class=\"elementor-element elementor-element-573febe elementor-widget elementor-widget-text-editor\" data-id=\"573febe\" data-element_type=\"widget\" data-e-type=\"widget\" data-widget_type=\"text-editor.default\">\n\t\t\t\t<div class=\"elementor-widget-container\">\n\t\t\t\t\t\t\t\t\t<div class=\"info-content-table\"><table border=\"0\" cellspacing=\"0\" cellpadding=\"0\"><colgroup> <col width=\"156\" \/> <col width=\"92\" \/> <col span=\"2\" width=\"107\" \/><\/colgroup><tbody><tr><td width=\"156\" height=\"40\"><strong>Principaux composants :<\/strong><\/td><td class=\"xl65\" width=\"92\">Pour 100 g<\/td><td class=\"xl65\" width=\"107\">Par 2 capsules<\/td><td class=\"xl65\" width=\"107\">Par 3 capsules<\/td><\/tr><tr><td height=\"20\">Concentr\u00e9 d'huile de poisson<\/td><td class=\"xl66\">39,9 g<\/td><td class=\"xl66\">300 mg<\/td><td class=\"xl66\">450 mg<\/td><\/tr><tr><td height=\"20\">Acides gras om\u00e9ga-3\/-6<\/td><td class=\"xl66\">6,7 g<\/td><td class=\"xl66\">50 mg<\/td><td class=\"xl66\">75 mg<\/td><\/tr><tr><td height=\"20\">5-N-\u00e9thyl-L-glutamine<br \/>(L-Th\u00e9anine)<\/td><td class=\"xl66\">26,6 g<\/td><td class=\"xl66\">200 mg<\/td><td class=\"xl66\">300 mg<\/td><\/tr><tr><td height=\"20\">Armoise bleue<\/td><td class=\"xl66\">13,3 g<\/td><td class=\"xl66\">100 mg<\/td><td class=\"xl66\">150 mg<\/td><\/tr><\/tbody><\/table><\/div>\t\t\t\t\t\t\t\t<\/div>\n\t\t\t\t<\/div>\n\t\t\t\t\t<\/div>\n\t\t<\/div>\n\t\t\t\t\t<\/div>\n\t\t<\/section>\n\t\t\t\t<section class=\"elementor-section elementor-top-section elementor-element elementor-element-209c579 elementor-section-boxed elementor-section-height-default elementor-section-height-default\" data-id=\"209c579\" data-element_type=\"section\" data-e-type=\"section\">\n\t\t\t\t\t\t<div class=\"elementor-container elementor-column-gap-default\">\n\t\t\t\t\t<div class=\"elementor-column elementor-col-100 elementor-top-column elementor-element elementor-element-823d9dd\" data-id=\"823d9dd\" data-element_type=\"column\" data-e-type=\"column\">\n\t\t\t<div class=\"elementor-widget-wrap elementor-element-populated\">\n\t\t\t\t\t\t<div class=\"elementor-element elementor-element-53cb51e elementor-widget elementor-widget-text-editor\" data-id=\"53cb51e\" data-element_type=\"widget\" data-e-type=\"widget\" data-widget_type=\"text-editor.default\">\n\t\t\t\t<div class=\"elementor-widget-container\">\n\t\t\t\t\t\t\t\t\t<p>* MEG-3\u00ae* est un concentr\u00e9 d'huile de poisson insipide et extr\u00eamement pur, contenant des acides gras om\u00e9ga-3 et de l'ADN oc\u00e9anique antioxydant, am\u00e9lior\u00e9 par la microencapsulation Powder-loc\u2122 brevet\u00e9e.<br \/>** M\u00e9thode de microencapsulation Powder-loc\u2122 avec un double syst\u00e8me d'encapsulation.<br \/>*** Les processus minutieux de test et de nettoyage \u00e9liminent pratiquement tous les m\u00e9taux lourds et les impuret\u00e9s, ne laissant qu'un dixi\u00e8me environ des quantit\u00e9s autoris\u00e9es (par exemple par la CE, la NFSA, GOOD Omega-3\/-6).<\/p>\t\t\t\t\t\t\t\t<\/div>\n\t\t\t\t<\/div>\n\t\t\t\t\t<\/div>\n\t\t<\/div>\n\t\t\t\t\t<\/div>\n\t\t<\/section>\n\t\t\t\t<section class=\"elementor-section elementor-top-section elementor-element elementor-element-9ed51c6 elementor-section-boxed elementor-section-height-default elementor-section-height-default\" data-id=\"9ed51c6\" data-element_type=\"section\" data-e-type=\"section\">\n\t\t\t\t\t\t<div class=\"elementor-container elementor-column-gap-default\">\n\t\t\t\t\t<div class=\"elementor-column elementor-col-100 elementor-top-column elementor-element elementor-element-2c77c85\" data-id=\"2c77c85\" data-element_type=\"column\" data-e-type=\"column\">\n\t\t\t<div class=\"elementor-widget-wrap elementor-element-populated\">\n\t\t\t\t\t\t<div class=\"elementor-element elementor-element-2349ad2 elementor-widget elementor-widget-heading\" data-id=\"2349ad2\" data-element_type=\"widget\" data-e-type=\"widget\" data-widget_type=\"heading.default\">\n\t\t\t\t<div class=\"elementor-widget-container\">\n\t\t\t\t\t<h2 class=\"elementor-heading-title elementor-size-default\">Apports recommand\u00e9s<\/h2>\t\t\t\t<\/div>\n\t\t\t\t<\/div>\n\t\t\t\t<div class=\"elementor-element elementor-element-08b11a0 elementor-widget elementor-widget-text-editor\" data-id=\"08b11a0\" data-element_type=\"widget\" data-e-type=\"widget\" data-widget_type=\"text-editor.default\">\n\t\t\t\t<div class=\"elementor-widget-container\">\n\t\t\t\t\t\t\t\t\t<p>LTO\u00b3 no taste (sans go\u00fbt) est sp\u00e9cialement con\u00e7u pour \u00eatre ouvert et m\u00e9lang\u00e9 \u00e0 un liquide. Ainsi, vous ne ressentirez pas de go\u00fbt de poisson, comme c'est le cas lorsque vous ouvrez le LTO\u00b3 normal.\u00a0<\/p><p>Dissolvez le contenu des capsules dans un liquide (de pr\u00e9f\u00e9rence sans sucre) 10 minutes avant le petit-d\u00e9jeuner de chaque jour et avalez. Vous pouvez \u00e9galement avaler les g\u00e9lules.<\/p><p>La dose journali\u00e8re recommand\u00e9e de LTO\u00b3 flavourless est fonction du poids corporel.<\/p><p><strong>\u00c0 partir de 45 kg<\/strong>: 3 capsules par jour.\u00a0<\/p><p><strong>Moins de 45 kg<\/strong>: Pour un poids corporel de moins de 45 livres, prenez 2 capsules.<\/p><p>Si l'effet est insuffisant apr\u00e8s 2 semaines d'utilisation, vous pouvez ajuster la dose. Veuillez consulter le mode d'emploi ou nous envoyer un courrier \u00e0 l'adresse suivante\u00a0<a href=\"https:\/\/smartvital.eu\/fr\/contacter\/\" target=\"_blank\" rel=\"noopener\">formulaire de contact<\/a>.<\/p><p><strong>Personnes tr\u00e8s sensibles<\/strong>: Commencez par une capsule par jour. Ensuite, si n\u00e9cessaire, augmentez la dose d'une g\u00e9lule par semaine jusqu'\u00e0 l'obtention de l'effet d\u00e9sir\u00e9 (jusqu'\u00e0 3 g\u00e9lules).<\/p><p><strong>Animaux domestiques<\/strong>Jusqu'\u00e0 15 kg 1 capsule par jour. Entre 15 et 40 kilos 2 capsules et au-dessus de 40 kilos 3 capsules par jour.<\/p>\t\t\t\t\t\t\t\t<\/div>\n\t\t\t\t<\/div>\n\t\t\t\t\t<\/div>\n\t\t<\/div>\n\t\t\t\t\t<\/div>\n\t\t<\/section>\n\t\t\t\t<section class=\"elementor-section elementor-top-section elementor-element elementor-element-33e9fdb elementor-section-boxed elementor-section-height-default elementor-section-height-default\" data-id=\"33e9fdb\" data-element_type=\"section\" data-e-type=\"section\">\n\t\t\t\t\t\t<div class=\"elementor-container elementor-column-gap-default\">\n\t\t\t\t\t<div class=\"elementor-column elementor-col-100 elementor-top-column elementor-element elementor-element-451a232\" data-id=\"451a232\" data-element_type=\"column\" data-e-type=\"column\">\n\t\t\t<div class=\"elementor-widget-wrap elementor-element-populated\">\n\t\t\t\t\t\t<div class=\"elementor-element elementor-element-99b479d elementor-widget elementor-widget-heading\" data-id=\"99b479d\" data-element_type=\"widget\" data-e-type=\"widget\" data-widget_type=\"heading.default\">\n\t\t\t\t<div class=\"elementor-widget-container\">\n\t\t\t\t\t<h2 class=\"elementor-heading-title elementor-size-default\">Remarques<\/h2>\t\t\t\t<\/div>\n\t\t\t\t<\/div>\n\t\t\t\t<div class=\"elementor-element elementor-element-2f55dde elementor-widget elementor-widget-text-editor\" data-id=\"2f55dde\" data-element_type=\"widget\" data-e-type=\"widget\" data-widget_type=\"text-editor.default\">\n\t\t\t\t<div class=\"elementor-widget-container\">\n\t\t\t\t\t\t\t\t\t<p>Les compl\u00e9ments alimentaires ne remplacent pas une alimentation \u00e9quilibr\u00e9e et vari\u00e9e et un mode de vie sain. En cas de grossesse et d'allaitement, vous devez consulter un m\u00e9decin. Conserver hors de port\u00e9e des jeunes enfants. Conservez l'emballage ferm\u00e9 au frais et au sec.<\/p>\n<p>L'emballage est fait de 100% HDPE (High Density Polyethylene).<font face=\"Calibri, sans-serif\" color=\"#70ad47\"><span style=\"font-size: 14.6667px\"> <\/span><\/font>et ne contient pas de BPA (bisph\u00e9nol A).<br><\/p>\t\t\t\t\t\t\t\t<\/div>\n\t\t\t\t<\/div>\n\t\t\t\t\t<\/div>\n\t\t<\/div>\n\t\t\t\t\t<\/div>\n\t\t<\/section>\n\t\t\t\t<section class=\"elementor-section elementor-top-section elementor-element elementor-element-035e0e1 elementor-section-boxed elementor-section-height-default elementor-section-height-default\" data-id=\"035e0e1\" data-element_type=\"section\" data-e-type=\"section\">\n\t\t\t\t\t\t<div class=\"elementor-container elementor-column-gap-default\">\n\t\t\t\t\t<div class=\"elementor-column elementor-col-100 elementor-top-column elementor-element elementor-element-67f0a68\" data-id=\"67f0a68\" data-element_type=\"column\" data-e-type=\"column\">\n\t\t\t<div class=\"elementor-widget-wrap elementor-element-populated\">\n\t\t\t\t\t\t<div class=\"elementor-element elementor-element-2fd8949 elementor-widget elementor-widget-heading\" data-id=\"2fd8949\" data-element_type=\"widget\" data-e-type=\"widget\" data-widget_type=\"heading.default\">\n\t\t\t\t<div class=\"elementor-widget-container\">\n\t\t\t\t\t<h2 class=\"elementor-heading-title elementor-size-default\">Capsules utilis\u00e9es<\/h2>\t\t\t\t<\/div>\n\t\t\t\t<\/div>\n\t\t\t\t<div class=\"elementor-element elementor-element-25ca92d elementor-widget elementor-widget-text-editor\" data-id=\"25ca92d\" data-element_type=\"widget\" data-e-type=\"widget\" data-widget_type=\"text-editor.default\">\n\t\t\t\t<div class=\"elementor-widget-container\">\n\t\t\t\t\t\t\t\t\t<p>Plantcaps\u2122 est la nouvelle g\u00e9n\u00e9ration de g\u00e9lules v\u00e9g\u00e9tales fabriqu\u00e9es \u00e0 partir de Pullulan - un polysaccharide naturel hydrosoluble. Le pullulan est extrait de l'amidon de ma\u00efs par fermentation de la levure.<\/p><p>Le pullulan a \u00e9t\u00e9 syst\u00e9matiquement test\u00e9 pour sa qualit\u00e9 et sa s\u00e9curit\u00e9 et est actuellement de plus en plus utilis\u00e9 dans les produits pharmaceutiques et de consommation.<\/p><p>Les principales caract\u00e9ristiques de Plantcaps\u2122 sont :<\/p>\t\t\t\t\t\t\t\t<\/div>\n\t\t\t\t<\/div>\n\t\t\t\t\t<\/div>\n\t\t<\/div>\n\t\t\t\t\t<\/div>\n\t\t<\/section>\n\t\t\t\t<section class=\"elementor-section elementor-top-section elementor-element elementor-element-8166ef8 elementor-section-boxed elementor-section-height-default elementor-section-height-default\" data-id=\"8166ef8\" data-element_type=\"section\" data-e-type=\"section\">\n\t\t\t\t\t\t<div class=\"elementor-container elementor-column-gap-default\">\n\t\t\t\t\t<div class=\"elementor-column elementor-col-50 elementor-top-column elementor-element elementor-element-8a5850d\" data-id=\"8a5850d\" data-element_type=\"column\" data-e-type=\"column\">\n\t\t\t<div class=\"elementor-widget-wrap elementor-element-populated\">\n\t\t\t\t\t\t<div class=\"elementor-element elementor-element-1ab1182 elementor-icon-list--layout-traditional elementor-list-item-link-full_width elementor-widget elementor-widget-icon-list\" data-id=\"1ab1182\" data-element_type=\"widget\" data-e-type=\"widget\" data-widget_type=\"icon-list.default\">\n\t\t\t\t<div class=\"elementor-widget-container\">\n\t\t\t\t\t\t\t<ul class=\"elementor-icon-list-items\">\n\t\t\t\t\t\t\t<li class=\"elementor-icon-list-item\">\n\t\t\t\t\t\t\t\t\t\t\t<span class=\"elementor-icon-list-icon\">\n\t\t\t\t\t\t\t<i aria-hidden=\"true\" class=\"fas fa-circle\"><\/i>\t\t\t\t\t\t<\/span>\n\t\t\t\t\t\t\t\t\t\t<span class=\"elementor-icon-list-text\">Pur naturel<\/span>\n\t\t\t\t\t\t\t\t\t<\/li>\n\t\t\t\t\t\t\t\t<li class=\"elementor-icon-list-item\">\n\t\t\t\t\t\t\t\t\t\t\t<span class=\"elementor-icon-list-icon\">\n\t\t\t\t\t\t\t<i aria-hidden=\"true\" class=\"fas fa-circle\"><\/i>\t\t\t\t\t\t<\/span>\n\t\t\t\t\t\t\t\t\t\t<span class=\"elementor-icon-list-text\">Sans amidon<\/span>\n\t\t\t\t\t\t\t\t\t<\/li>\n\t\t\t\t\t\t\t\t<li class=\"elementor-icon-list-item\">\n\t\t\t\t\t\t\t\t\t\t\t<span class=\"elementor-icon-list-icon\">\n\t\t\t\t\t\t\t<i aria-hidden=\"true\" class=\"fas fa-circle\"><\/i>\t\t\t\t\t\t<\/span>\n\t\t\t\t\t\t\t\t\t\t<span class=\"elementor-icon-list-text\">Sans gluten<\/span>\n\t\t\t\t\t\t\t\t\t<\/li>\n\t\t\t\t\t\t\t\t<li class=\"elementor-icon-list-item\">\n\t\t\t\t\t\t\t\t\t\t\t<span class=\"elementor-icon-list-icon\">\n\t\t\t\t\t\t\t<i aria-hidden=\"true\" class=\"fas fa-circle\"><\/i>\t\t\t\t\t\t<\/span>\n\t\t\t\t\t\t\t\t\t\t<span class=\"elementor-icon-list-text\">Sans conservateurs<\/span>\n\t\t\t\t\t\t\t\t\t<\/li>\n\t\t\t\t\t\t\t\t<li class=\"elementor-icon-list-item\">\n\t\t\t\t\t\t\t\t\t\t\t<span class=\"elementor-icon-list-icon\">\n\t\t\t\t\t\t\t<i aria-hidden=\"true\" class=\"fas fa-circle\"><\/i>\t\t\t\t\t\t<\/span>\n\t\t\t\t\t\t\t\t\t\t<span class=\"elementor-icon-list-text\">Sans sources g\u00e9n\u00e9tiquement modifi\u00e9es (Non-GMO)<\/span>\n\t\t\t\t\t\t\t\t\t<\/li>\n\t\t\t\t\t\t\t\t<li class=\"elementor-icon-list-item\">\n\t\t\t\t\t\t\t\t\t\t\t<span class=\"elementor-icon-list-icon\">\n\t\t\t\t\t\t\t<i aria-hidden=\"true\" class=\"fas fa-circle\"><\/i>\t\t\t\t\t\t<\/span>\n\t\t\t\t\t\t\t\t\t\t<span class=\"elementor-icon-list-text\">Sans HPMC (Hydroxypropylm\u00e9thylcelluose)<\/span>\n\t\t\t\t\t\t\t\t\t<\/li>\n\t\t\t\t\t\t\t\t<li class=\"elementor-icon-list-item\">\n\t\t\t\t\t\t\t\t\t\t\t<span class=\"elementor-icon-list-icon\">\n\t\t\t\t\t\t\t<i aria-hidden=\"true\" class=\"fas fa-circle\"><\/i>\t\t\t\t\t\t<\/span>\n\t\t\t\t\t\t\t\t\t\t<span class=\"elementor-icon-list-text\">Convient aux diab\u00e9tiques et aux patients ayant un r\u00e9gime alimentaire restreint.<\/span>\n\t\t\t\t\t\t\t\t\t<\/li>\n\t\t\t\t\t\t<\/ul>\n\t\t\t\t\t\t<\/div>\n\t\t\t\t<\/div>\n\t\t\t\t\t<\/div>\n\t\t<\/div>\n\t\t\t\t<div class=\"elementor-column elementor-col-50 elementor-top-column elementor-element elementor-element-5457678\" data-id=\"5457678\" data-element_type=\"column\" data-e-type=\"column\">\n\t\t\t<div class=\"elementor-widget-wrap elementor-element-populated\">\n\t\t\t\t\t\t<div class=\"elementor-element elementor-element-3d5702e elementor-widget elementor-widget-image\" data-id=\"3d5702e\" data-element_type=\"widget\" data-e-type=\"widget\" data-widget_type=\"image.default\">\n\t\t\t\t<div class=\"elementor-widget-container\">\n\t\t\t\t\t\t\t\t\t\t\t\t<figure class=\"wp-caption\">\n\t\t\t\t\t\t\t\t\t\t<img fetchpriority=\"high\" decoding=\"async\" width=\"238\" height=\"211\" src=\"https:\/\/smartvital.eu\/wp-content\/uploads\/2021\/01\/plantcaps.jpg\" class=\"attachment-large size-large wp-image-8873\" alt=\"plantcaps\" srcset=\"https:\/\/smartvital.eu\/wp-content\/uploads\/2021\/01\/plantcaps.jpg 238w, https:\/\/smartvital.eu\/wp-content\/uploads\/2021\/01\/plantcaps-14x12.jpg 14w, https:\/\/smartvital.eu\/wp-content\/uploads\/2021\/01\/plantcaps-24x21.jpg 24w, https:\/\/smartvital.eu\/wp-content\/uploads\/2021\/01\/plantcaps-36x32.jpg 36w, https:\/\/smartvital.eu\/wp-content\/uploads\/2021\/01\/plantcaps-48x43.jpg 48w\" sizes=\"(max-width: 238px) 100vw, 238px\" \/>\t\t\t\t\t\t\t\t\t\t\t<figcaption class=\"widget-image-caption wp-caption-text\">Plantcaps<\/figcaption>\n\t\t\t\t\t\t\t\t\t\t<\/figure>\n\t\t\t\t\t\t\t\t\t<\/div>\n\t\t\t\t<\/div>\n\t\t\t\t\t<\/div>\n\t\t<\/div>\n\t\t\t\t\t<\/div>\n\t\t<\/section>\n\t\t\t\t<\/div>","protected":false},"excerpt":{"rendered":"<p>LTO<sup>3<\/sup>\u00a0Sans Saveur est un produit naturel 100% avec des ingr\u00e9dients \u00e9cologiques tr\u00e8s purs et de haute qualit\u00e9.<\/p>\n<p>Il am\u00e9liore la concentration et les performances d'apprentissage, procure un esprit clair, d\u00e9tend, remonte le moral, favorise le sommeil et augmente la vitalit\u00e9.<\/p>","protected":false},"featured_media":8859,"template":"","meta":{"_acf_changed":false},"product_brand":[],"product_cat":[609,659,16],"product_tag":[643,645,644,649,646,647,650,648],"class_list":{"0":"post-10","1":"product","2":"type-product","3":"status-publish","4":"has-post-thumbnail","6":"product_cat-lto3","7":"product_cat-producten-3950","8":"product_cat-supplementen","9":"product_tag-concentratie","10":"product_tag-heldere-geest","11":"product_tag-leerprestatie","12":"product_tag-nachtrust","13":"product_tag-ontspant","14":"product_tag-opbeurend","15":"product_tag-smaakloos","16":"product_tag-vitaliteit","18":"first","19":"instock","20":"taxable","21":"shipping-taxable","22":"purchasable","23":"product-type-simple"},"acf":[],"tiered_pricing_type":"fixed","tiered_pricing_fixed_rules":[],"tiered_pricing_product_settings":{"layout":"default","base_unit_name":{"singular":null,"plural":null},"default_variation":null},"tiered_pricing_minimum_quantity":null,"tiered_pricing_roles_data":[],"tiered_pricing_percentage_rules":[],"tiered_pricing_maximum_quantity":null,"tiered_pricing_quantity_step":null,"_links":{"self":[{"href":"https:\/\/smartvital.eu\/fr\/wp-json\/wp\/v2\/product\/10","targetHints":{"allow":["GET"]}}],"collection":[{"href":"https:\/\/smartvital.eu\/fr\/wp-json\/wp\/v2\/product"}],"about":[{"href":"https:\/\/smartvital.eu\/fr\/wp-json\/wp\/v2\/types\/product"}],"version-history":[{"count":4,"href":"https:\/\/smartvital.eu\/fr\/wp-json\/wp\/v2\/product\/10\/revisions"}],"predecessor-version":[{"id":64522,"href":"https:\/\/smartvital.eu\/fr\/wp-json\/wp\/v2\/product\/10\/revisions\/64522"}],"wp:featuredmedia":[{"embeddable":true,"href":"https:\/\/smartvital.eu\/fr\/wp-json\/wp\/v2\/media\/8859"}],"wp:attachment":[{"href":"https:\/\/smartvital.eu\/fr\/wp-json\/wp\/v2\/media?parent=10"}],"wp:term":[{"taxonomy":"product_brand","embeddable":true,"href":"https:\/\/smartvital.eu\/fr\/wp-json\/wp\/v2\/product_brand?post=10"},{"taxonomy":"product_cat","embeddable":true,"href":"https:\/\/smartvital.eu\/fr\/wp-json\/wp\/v2\/product_cat?post=10"},{"taxonomy":"product_tag","embeddable":true,"href":"https:\/\/smartvital.eu\/fr\/wp-json\/wp\/v2\/product_tag?post=10"}],"curies":[{"name":"wp","href":"https:\/\/api.w.org\/{rel}","templated":true}]}}