{"id":14,"date":"2021-01-13T10:53:42","date_gmt":"2021-01-13T09:53:42","guid":{"rendered":"https:\/\/smartvital.eu\/?post_type=product&#038;p=14"},"modified":"2026-04-05T20:48:33","modified_gmt":"2026-04-05T18:48:33","slug":"lto3-original","status":"publish","type":"product","link":"https:\/\/smartvital.eu\/fr\/product\/lto3-origineel\/","title":{"rendered":"LTO\u00b3 Original"},"content":{"rendered":"<div data-elementor-type=\"product-post\" data-elementor-id=\"14\" class=\"elementor elementor-14\" data-elementor-post-type=\"product\">\n\t\t\t\t\t\t<section class=\"elementor-section elementor-top-section elementor-element elementor-element-5f09221 elementor-section-boxed elementor-section-height-default elementor-section-height-default\" data-id=\"5f09221\" data-element_type=\"section\" data-e-type=\"section\">\n\t\t\t\t\t\t<div class=\"elementor-container elementor-column-gap-default\">\n\t\t\t\t\t<div class=\"elementor-column elementor-col-100 elementor-top-column elementor-element elementor-element-094554f\" data-id=\"094554f\" data-element_type=\"column\" data-e-type=\"column\">\n\t\t\t<div class=\"elementor-widget-wrap elementor-element-populated\">\n\t\t\t\t\t\t<div class=\"elementor-element elementor-element-deb7011 elementor-widget elementor-widget-toggle\" data-id=\"deb7011\" data-element_type=\"widget\" data-e-type=\"widget\" data-widget_type=\"toggle.default\">\n\t\t\t\t<div class=\"elementor-widget-container\">\n\t\t\t\t\t\t\t<div class=\"elementor-toggle\">\n\t\t\t\t\t\t\t<div class=\"elementor-toggle-item\">\n\t\t\t\t\t<div id=\"elementor-tab-title-2331\" class=\"elementor-tab-title\" data-tab=\"1\" role=\"button\" aria-controls=\"elementor-tab-content-2331\" aria-expanded=\"false\">\n\t\t\t\t\t\t\t\t\t\t\t\t<span class=\"elementor-toggle-icon elementor-toggle-icon-left\" aria-hidden=\"true\">\n\t\t\t\t\t\t\t\t\t\t\t\t\t\t\t<span class=\"elementor-toggle-icon-closed\"><i class=\"fas fa-caret-right\"><\/i><\/span>\n\t\t\t\t\t\t\t\t<span class=\"elementor-toggle-icon-opened\"><i class=\"elementor-toggle-icon-opened fas fa-caret-up\"><\/i><\/span>\n\t\t\t\t\t\t\t\t\t\t\t\t\t<\/span>\n\t\t\t\t\t\t\t\t\t\t\t\t<a class=\"elementor-toggle-title\" tabindex=\"0\">Pourquoi si peu d'informations sur les produits ?<\/a>\n\t\t\t\t\t<\/div>\n\n\t\t\t\t\t<div id=\"elementor-tab-content-2331\" class=\"elementor-tab-content elementor-clearfix\" data-tab=\"1\" role=\"region\" aria-labelledby=\"elementor-tab-title-2331\"><p>En raison du r\u00e8glement europ\u00e9en sur les all\u00e9gations de sant\u00e9 (CE) n\u00b0 1924\/2006, entr\u00e9 en vigueur le 14 d\u00e9cembre 2012, nous ne sommes pas autoris\u00e9s \u00e0 fournir des informations d\u00e9taill\u00e9es sur nos compl\u00e9ments alimentaires ou leurs effets sur la sant\u00e9. De plus amples informations sur nos produits peuvent \u00eatre obtenues directement aupr\u00e8s du fabricant et dans les forums et portails d'information pertinents.\u00a0<\/p><p>La loi nous autorise \u00e0 vous informer davantage sur nos produits par t\u00e9l\u00e9phone et par courrier \u00e9lectronique.<\/p><\/div>\n\t\t\t\t<\/div>\n\t\t\t\t\t\t\t\t<\/div>\n\t\t\t\t\t\t<\/div>\n\t\t\t\t<\/div>\n\t\t\t\t\t<\/div>\n\t\t<\/div>\n\t\t\t\t\t<\/div>\n\t\t<\/section>\n\t\t\t\t<section class=\"elementor-section elementor-top-section elementor-element elementor-element-20d07d47 elementor-section-boxed elementor-section-height-default elementor-section-height-default\" data-id=\"20d07d47\" data-element_type=\"section\" data-e-type=\"section\">\n\t\t\t\t\t\t<div class=\"elementor-container elementor-column-gap-default\">\n\t\t\t\t\t<div class=\"elementor-column elementor-col-100 elementor-top-column elementor-element elementor-element-969a3a4\" data-id=\"969a3a4\" data-element_type=\"column\" data-e-type=\"column\">\n\t\t\t<div class=\"elementor-widget-wrap elementor-element-populated\">\n\t\t\t\t\t\t<div class=\"elementor-element elementor-element-197b1520 elementor-widget elementor-widget-text-editor\" data-id=\"197b1520\" data-element_type=\"widget\" data-e-type=\"widget\" data-widget_type=\"text-editor.default\">\n\t\t\t\t<div class=\"elementor-widget-container\">\n\t\t\t\t\t\t\t\t\t<p>Chez SmartVital, vous achetez des LTO<sup>3<\/sup> chez le seul sp\u00e9cialiste soutenu par le fabricant.<\/p><p>Nous sommes le distributeur autoris\u00e9 et certifi\u00e9 de Herb-e-Concept en Europe.<\/p><p>Avec nous, vous \u00eates assur\u00e9 d'une assistance professionnelle et vous avez toujours la garantie de recevoir le LTO original.<sup>3.<\/sup><\/p><p>Ce produit est prot\u00e9g\u00e9 dans le monde entier par <a href=\"https:\/\/smartvital.eu\/fr\/la-propriete-intellectuelle\/\" target=\"_blank\" rel=\"noopener\">Licence de propri\u00e9t\u00e9 intellectuelle CA1281ST1013<\/a><\/p><p><a href=\"https:\/\/smartvital.eu\/wp-content\/uploads\/2024\/11\/Manuel-dutilisation-LTO3.pdf\" target=\"_blank\" rel=\"noopener\"><b>Cliquez ici pour consulter le manuel d'utilisation complet de LTO\u00b3.<\/b><\/a><\/p>\t\t\t\t\t\t\t\t<\/div>\n\t\t\t\t<\/div>\n\t\t\t\t\t<\/div>\n\t\t<\/div>\n\t\t\t\t\t<\/div>\n\t\t<\/section>\n\t\t\t\t<section class=\"elementor-section elementor-top-section elementor-element elementor-element-f6a66a5 elementor-section-boxed elementor-section-height-default elementor-section-height-default\" data-id=\"f6a66a5\" data-element_type=\"section\" data-e-type=\"section\">\n\t\t\t\t\t\t<div class=\"elementor-container elementor-column-gap-default\">\n\t\t\t\t\t<div class=\"elementor-column elementor-col-100 elementor-top-column elementor-element elementor-element-073ab3f\" data-id=\"073ab3f\" data-element_type=\"column\" data-e-type=\"column\">\n\t\t\t<div class=\"elementor-widget-wrap elementor-element-populated\">\n\t\t\t\t\t\t<div class=\"elementor-element elementor-element-060b331 elementor-widget elementor-widget-heading\" data-id=\"060b331\" data-element_type=\"widget\" data-e-type=\"widget\" data-widget_type=\"heading.default\">\n\t\t\t\t<div class=\"elementor-widget-container\">\n\t\t\t\t\t<h2 class=\"elementor-heading-title elementor-size-default\">Description du produit<\/h2>\t\t\t\t<\/div>\n\t\t\t\t<\/div>\n\t\t\t\t<div class=\"elementor-element elementor-element-5dacedf elementor-widget elementor-widget-text-editor\" data-id=\"5dacedf\" data-element_type=\"widget\" data-e-type=\"widget\" data-widget_type=\"text-editor.default\">\n\t\t\t\t<div class=\"elementor-widget-container\">\n\t\t\t\t\t\t\t\t\t<p>Un produit naturel pur !<\/p><p>Complexe unique d'ingr\u00e9dients naturels avec Sementis*, Scutellaria Lateriflora et 5-N-\u00e9thyl-L-glutamine (L-Th\u00e9anine).<\/p><p>Contenu : 90 capsules<\/p><p>\u00a0<\/p>\t\t\t\t\t\t\t\t<\/div>\n\t\t\t\t<\/div>\n\t\t\t\t\t<\/div>\n\t\t<\/div>\n\t\t\t\t\t<\/div>\n\t\t<\/section>\n\t\t\t\t<section class=\"elementor-section elementor-top-section elementor-element elementor-element-d62db21 elementor-section-boxed elementor-section-height-default elementor-section-height-default\" data-id=\"d62db21\" data-element_type=\"section\" data-e-type=\"section\">\n\t\t\t\t\t\t<div class=\"elementor-container elementor-column-gap-default\">\n\t\t\t\t\t<div class=\"elementor-column elementor-col-100 elementor-top-column elementor-element elementor-element-40ab44b\" data-id=\"40ab44b\" data-element_type=\"column\" data-e-type=\"column\">\n\t\t\t<div class=\"elementor-widget-wrap elementor-element-populated\">\n\t\t\t\t\t\t<div class=\"elementor-element elementor-element-ca58edd elementor-widget elementor-widget-heading\" data-id=\"ca58edd\" data-element_type=\"widget\" data-e-type=\"widget\" data-widget_type=\"heading.default\">\n\t\t\t\t<div class=\"elementor-widget-container\">\n\t\t\t\t\t<h2 class=\"elementor-heading-title elementor-size-default\">Ingr\u00e9dients<\/h2>\t\t\t\t<\/div>\n\t\t\t\t<\/div>\n\t\t\t\t<div class=\"elementor-element elementor-element-8ffba15 elementor-widget elementor-widget-text-editor\" data-id=\"8ffba15\" data-element_type=\"widget\" data-e-type=\"widget\" data-widget_type=\"text-editor.default\">\n\t\t\t\t<div class=\"elementor-widget-container\">\n\t\t\t\t\t\t\t\t\t<p>Sementis* (comprend de l'ADN oc\u00e9anique, des polynucl\u00e9otides, des om\u00e9ga-3\/-6 EPA et DHA, de l'arginine, des phospholipides, du s\u00e9l\u00e9nium, du zinc et de la vitamine C), Scutellaria Lateriflora - parties a\u00e9riennes uniquement (comprend le bioflavono\u00efde scutellarin et d'autres flavono\u00efdes, des r\u00e9sines, des tanins et des huiles essentielles), 5-N-\u00e9thyl-L-glutamine (L-Th\u00e9anine), agent anti-agglom\u00e9rant L-Leucine, capsule de Pullulan.<\/p>\t\t\t\t\t\t\t\t<\/div>\n\t\t\t\t<\/div>\n\t\t\t\t\t<\/div>\n\t\t<\/div>\n\t\t\t\t\t<\/div>\n\t\t<\/section>\n\t\t\t\t<section class=\"elementor-section elementor-top-section elementor-element elementor-element-338a166 elementor-section-boxed elementor-section-height-default elementor-section-height-default\" data-id=\"338a166\" data-element_type=\"section\" data-e-type=\"section\">\n\t\t\t\t\t\t<div class=\"elementor-container elementor-column-gap-default\">\n\t\t\t\t\t<div class=\"elementor-column elementor-col-100 elementor-top-column elementor-element elementor-element-a246730\" data-id=\"a246730\" data-element_type=\"column\" data-e-type=\"column\">\n\t\t\t<div class=\"elementor-widget-wrap elementor-element-populated\">\n\t\t\t\t\t\t<div class=\"elementor-element elementor-element-60c4b1e elementor-widget elementor-widget-text-editor\" data-id=\"60c4b1e\" data-element_type=\"widget\" data-e-type=\"widget\" data-widget_type=\"text-editor.default\">\n\t\t\t\t<div class=\"elementor-widget-container\">\n\t\t\t\t\t\t\t\t\t<div class=\"info-content-table\"><table border=\"0\" width=\"auto\" cellspacing=\"0\" cellpadding=\"0\"><colgroup> <col \/> <col \/> <col span=\"2\" \/> <\/colgroup><tbody><tr><td height=\"40\"><strong>Principaux composants<\/strong>:<\/td><td><strong>Pour 100 g<\/strong><\/td><td><strong>Par 2 capsules<\/strong><\/td><td><strong>Par 3 capsules<br \/><\/strong><\/td><\/tr><tr><td height=\"20\">Sementis<sup>*<\/sup><\/td><td>29,8 g<\/td><td>200 mg<\/td><td>300 mg<\/td><\/tr><tr><td height=\"20\">5-N-\u00e9thyl-L-glutamine<br \/>(L-Th\u00e9anine)<\/td><td>29,8 g<\/td><td>200 mg<\/td><td>300 mg<\/td><\/tr><tr><td height=\"20\">Armoise bleue<\/td><td>14,9 g<\/td><td>100 mg<\/td><td>150 mg<\/td><\/tr><\/tbody><\/table><\/div>\t\t\t\t\t\t\t\t<\/div>\n\t\t\t\t<\/div>\n\t\t\t\t\t<\/div>\n\t\t<\/div>\n\t\t\t\t\t<\/div>\n\t\t<\/section>\n\t\t\t\t<section class=\"elementor-section elementor-top-section elementor-element elementor-element-d973c40 elementor-section-boxed elementor-section-height-default elementor-section-height-default\" data-id=\"d973c40\" data-element_type=\"section\" data-e-type=\"section\">\n\t\t\t\t\t\t<div class=\"elementor-container elementor-column-gap-default\">\n\t\t\t\t\t<div class=\"elementor-column elementor-col-100 elementor-top-column elementor-element elementor-element-e07115d\" data-id=\"e07115d\" data-element_type=\"column\" data-e-type=\"column\">\n\t\t\t<div class=\"elementor-widget-wrap elementor-element-populated\">\n\t\t\t\t\t\t<div class=\"elementor-element elementor-element-2d44a62 elementor-widget elementor-widget-text-editor\" data-id=\"2d44a62\" data-element_type=\"widget\" data-e-type=\"widget\" data-widget_type=\"text-editor.default\">\n\t\t\t\t<div class=\"elementor-widget-container\">\n\t\t\t\t\t\t\t\t\t<p>* Sementis est une marque d\u00e9pos\u00e9e de OCEAN NUTRASCIENCES et contient de l'ADN oc\u00e9anique de 21% \u00e0 32%.<\/p>\t\t\t\t\t\t\t\t<\/div>\n\t\t\t\t<\/div>\n\t\t\t\t\t<\/div>\n\t\t<\/div>\n\t\t\t\t\t<\/div>\n\t\t<\/section>\n\t\t\t\t<section class=\"elementor-section elementor-top-section elementor-element elementor-element-bcc209b elementor-section-boxed elementor-section-height-default elementor-section-height-default\" data-id=\"bcc209b\" data-element_type=\"section\" data-e-type=\"section\">\n\t\t\t\t\t\t<div class=\"elementor-container elementor-column-gap-default\">\n\t\t\t\t\t<div class=\"elementor-column elementor-col-100 elementor-top-column elementor-element elementor-element-82e6573\" data-id=\"82e6573\" data-element_type=\"column\" data-e-type=\"column\">\n\t\t\t<div class=\"elementor-widget-wrap elementor-element-populated\">\n\t\t\t\t\t\t<div class=\"elementor-element elementor-element-a6c27fe elementor-widget elementor-widget-heading\" data-id=\"a6c27fe\" data-element_type=\"widget\" data-e-type=\"widget\" data-widget_type=\"heading.default\">\n\t\t\t\t<div class=\"elementor-widget-container\">\n\t\t\t\t\t<h2 class=\"elementor-heading-title elementor-size-default\">Apports recommand\u00e9s<\/h2>\t\t\t\t<\/div>\n\t\t\t\t<\/div>\n\t\t\t\t<div class=\"elementor-element elementor-element-c862eab elementor-widget elementor-widget-text-editor\" data-id=\"c862eab\" data-element_type=\"widget\" data-e-type=\"widget\" data-widget_type=\"text-editor.default\">\n\t\t\t\t<div class=\"elementor-widget-container\">\n\t\t\t\t\t\t\t\t\t<p>Pour une absorption optimale de LTO\u00b3, il est recommand\u00e9 de prendre les g\u00e9lules le matin, 10 minutes avant le petit-d\u00e9jeuner, avec une boisson, sans les m\u00e2cher. Il a parfois \u00e9t\u00e9 constat\u00e9 que la prise avec du lait et des produits sucr\u00e9s peut l\u00e9g\u00e8rement entraver l'absorption, r\u00e9duisant ainsi l'effet du produit.<\/p><p>L'apport journalier recommand\u00e9 en LTO\u00b3 d\u00e9pend du poids corporel.<\/p><p><strong>\u00c0 partir de 45 kg<\/strong>: 3 capsules par jour.\u00a0<\/p><p><strong>Moins de 45 kg<\/strong>: Pour un poids corporel de moins de 45 livres, prenez 2 capsules.<\/p><p>Si l'effet est insuffisant apr\u00e8s 2 semaines d'utilisation, vous pouvez ajuster la dose. Veuillez consulter le mode d'emploi ou nous envoyer un courrier \u00e0 l'adresse suivante\u00a0<a href=\"https:\/\/smartvital.eu\/fr\/contacter\/\" target=\"_blank\" rel=\"noopener\">formulaire de contact<\/a>.<\/p><p><strong>Personnes tr\u00e8s sensibles<\/strong>: Commencez par une capsule par jour. Ensuite, si n\u00e9cessaire, augmentez la dose d'une g\u00e9lule par semaine jusqu'\u00e0 l'obtention de l'effet d\u00e9sir\u00e9 (jusqu'\u00e0 3 g\u00e9lules).<\/p><p><strong>Animaux domestiques<\/strong>Jusqu'\u00e0 15 kg 1 capsule par jour. Entre 15 et 40 kilos 2 capsules et au-dessus de 40 kilos 3 capsules par jour.<\/p>\t\t\t\t\t\t\t\t<\/div>\n\t\t\t\t<\/div>\n\t\t\t\t\t<\/div>\n\t\t<\/div>\n\t\t\t\t\t<\/div>\n\t\t<\/section>\n\t\t\t\t<section class=\"elementor-section elementor-top-section elementor-element elementor-element-ee88190 elementor-section-boxed elementor-section-height-default elementor-section-height-default\" data-id=\"ee88190\" data-element_type=\"section\" data-e-type=\"section\">\n\t\t\t\t\t\t<div class=\"elementor-container elementor-column-gap-default\">\n\t\t\t\t\t<div class=\"elementor-column elementor-col-100 elementor-top-column elementor-element elementor-element-0df6fc9\" data-id=\"0df6fc9\" data-element_type=\"column\" data-e-type=\"column\">\n\t\t\t<div class=\"elementor-widget-wrap elementor-element-populated\">\n\t\t\t\t\t\t<div class=\"elementor-element elementor-element-e4ccc13 elementor-widget elementor-widget-heading\" data-id=\"e4ccc13\" data-element_type=\"widget\" data-e-type=\"widget\" data-widget_type=\"heading.default\">\n\t\t\t\t<div class=\"elementor-widget-container\">\n\t\t\t\t\t<h2 class=\"elementor-heading-title elementor-size-default\">Remarques<\/h2>\t\t\t\t<\/div>\n\t\t\t\t<\/div>\n\t\t\t\t<div class=\"elementor-element elementor-element-0973869 elementor-widget elementor-widget-text-editor\" data-id=\"0973869\" data-element_type=\"widget\" data-e-type=\"widget\" data-widget_type=\"text-editor.default\">\n\t\t\t\t<div class=\"elementor-widget-container\">\n\t\t\t\t\t\t\t\t\t<p>Les compl\u00e9ments alimentaires ne remplacent pas une alimentation \u00e9quilibr\u00e9e et vari\u00e9e et un mode de vie sain. Consulter un m\u00e9decin en cas de grossesse ou d'allaitement. Conserver hors de port\u00e9e des jeunes enfants. Gardez le r\u00e9cipient au frais et au sec.<\/p>\n<p style=\"text-indent: -24px\">&nbsp; &nbsp; &nbsp;L'emballage est fait de 100% HDPE (High Density Polyethylene).<font color=\"#70ad47\" face=\"Calibri, sans-serif\"><span style=\"font-size: 14.6667px\"> <\/span><\/font>et ne contient pas de BPA (bisph\u00e9nol A).<\/p>\t\t\t\t\t\t\t\t<\/div>\n\t\t\t\t<\/div>\n\t\t\t\t\t<\/div>\n\t\t<\/div>\n\t\t\t\t\t<\/div>\n\t\t<\/section>\n\t\t\t\t<section class=\"elementor-section elementor-top-section elementor-element elementor-element-4cd3e6c elementor-section-boxed elementor-section-height-default elementor-section-height-default\" data-id=\"4cd3e6c\" data-element_type=\"section\" data-e-type=\"section\">\n\t\t\t\t\t\t<div class=\"elementor-container elementor-column-gap-default\">\n\t\t\t\t\t<div class=\"elementor-column elementor-col-100 elementor-top-column elementor-element elementor-element-14913f4\" data-id=\"14913f4\" data-element_type=\"column\" data-e-type=\"column\">\n\t\t\t<div class=\"elementor-widget-wrap elementor-element-populated\">\n\t\t\t\t\t\t<div class=\"elementor-element elementor-element-05cb7d8 elementor-widget elementor-widget-heading\" data-id=\"05cb7d8\" data-element_type=\"widget\" data-e-type=\"widget\" data-widget_type=\"heading.default\">\n\t\t\t\t<div class=\"elementor-widget-container\">\n\t\t\t\t\t<h2 class=\"elementor-heading-title elementor-size-default\">Capsules utilis\u00e9es<\/h2>\t\t\t\t<\/div>\n\t\t\t\t<\/div>\n\t\t\t\t<div class=\"elementor-element elementor-element-7a3d897 elementor-widget elementor-widget-text-editor\" data-id=\"7a3d897\" data-element_type=\"widget\" data-e-type=\"widget\" data-widget_type=\"text-editor.default\">\n\t\t\t\t<div class=\"elementor-widget-container\">\n\t\t\t\t\t\t\t\t\t<p>Plantcaps\u2122 est la nouvelle g\u00e9n\u00e9ration de g\u00e9lules v\u00e9g\u00e9tales fabriqu\u00e9es \u00e0 partir de Pullulan - un polysaccharide naturel hydrosoluble. Le pullulan est extrait de l'amidon de ma\u00efs par fermentation de la levure.<\/p><p>Le pullulan a \u00e9t\u00e9 syst\u00e9matiquement test\u00e9 pour sa qualit\u00e9 et sa s\u00e9curit\u00e9 et est actuellement de plus en plus utilis\u00e9 dans les produits pharmaceutiques et de consommation.<\/p><p>Les principales caract\u00e9ristiques de Plantcaps\u2122 sont :<\/p>\t\t\t\t\t\t\t\t<\/div>\n\t\t\t\t<\/div>\n\t\t\t\t\t<\/div>\n\t\t<\/div>\n\t\t\t\t\t<\/div>\n\t\t<\/section>\n\t\t\t\t<section class=\"elementor-section elementor-top-section elementor-element elementor-element-ed51343 elementor-section-boxed elementor-section-height-default elementor-section-height-default\" data-id=\"ed51343\" data-element_type=\"section\" data-e-type=\"section\">\n\t\t\t\t\t\t<div class=\"elementor-container elementor-column-gap-default\">\n\t\t\t\t\t<div class=\"elementor-column elementor-col-50 elementor-top-column elementor-element elementor-element-dac424d\" data-id=\"dac424d\" data-element_type=\"column\" data-e-type=\"column\">\n\t\t\t<div class=\"elementor-widget-wrap elementor-element-populated\">\n\t\t\t\t\t\t<div class=\"elementor-element elementor-element-b6470d0 elementor-icon-list--layout-traditional elementor-list-item-link-full_width elementor-widget elementor-widget-icon-list\" data-id=\"b6470d0\" data-element_type=\"widget\" data-e-type=\"widget\" data-widget_type=\"icon-list.default\">\n\t\t\t\t<div class=\"elementor-widget-container\">\n\t\t\t\t\t\t\t<ul class=\"elementor-icon-list-items\">\n\t\t\t\t\t\t\t<li class=\"elementor-icon-list-item\">\n\t\t\t\t\t\t\t\t\t\t\t<span class=\"elementor-icon-list-icon\">\n\t\t\t\t\t\t\t<i aria-hidden=\"true\" class=\"fas fa-circle\"><\/i>\t\t\t\t\t\t<\/span>\n\t\t\t\t\t\t\t\t\t\t<span class=\"elementor-icon-list-text\">Pur naturel<\/span>\n\t\t\t\t\t\t\t\t\t<\/li>\n\t\t\t\t\t\t\t\t<li class=\"elementor-icon-list-item\">\n\t\t\t\t\t\t\t\t\t\t\t<span class=\"elementor-icon-list-icon\">\n\t\t\t\t\t\t\t<i aria-hidden=\"true\" class=\"fas fa-circle\"><\/i>\t\t\t\t\t\t<\/span>\n\t\t\t\t\t\t\t\t\t\t<span class=\"elementor-icon-list-text\">Sans amidon<\/span>\n\t\t\t\t\t\t\t\t\t<\/li>\n\t\t\t\t\t\t\t\t<li class=\"elementor-icon-list-item\">\n\t\t\t\t\t\t\t\t\t\t\t<span class=\"elementor-icon-list-icon\">\n\t\t\t\t\t\t\t<i aria-hidden=\"true\" class=\"fas fa-circle\"><\/i>\t\t\t\t\t\t<\/span>\n\t\t\t\t\t\t\t\t\t\t<span class=\"elementor-icon-list-text\">Sans gluten<\/span>\n\t\t\t\t\t\t\t\t\t<\/li>\n\t\t\t\t\t\t\t\t<li class=\"elementor-icon-list-item\">\n\t\t\t\t\t\t\t\t\t\t\t<span class=\"elementor-icon-list-icon\">\n\t\t\t\t\t\t\t<i aria-hidden=\"true\" class=\"fas fa-circle\"><\/i>\t\t\t\t\t\t<\/span>\n\t\t\t\t\t\t\t\t\t\t<span class=\"elementor-icon-list-text\">Sans conservateurs<\/span>\n\t\t\t\t\t\t\t\t\t<\/li>\n\t\t\t\t\t\t\t\t<li class=\"elementor-icon-list-item\">\n\t\t\t\t\t\t\t\t\t\t\t<span class=\"elementor-icon-list-icon\">\n\t\t\t\t\t\t\t<i aria-hidden=\"true\" class=\"fas fa-circle\"><\/i>\t\t\t\t\t\t<\/span>\n\t\t\t\t\t\t\t\t\t\t<span class=\"elementor-icon-list-text\">Sans sources g\u00e9n\u00e9tiquement modifi\u00e9es (Non-GMO)<\/span>\n\t\t\t\t\t\t\t\t\t<\/li>\n\t\t\t\t\t\t\t\t<li class=\"elementor-icon-list-item\">\n\t\t\t\t\t\t\t\t\t\t\t<span class=\"elementor-icon-list-icon\">\n\t\t\t\t\t\t\t<i aria-hidden=\"true\" class=\"fas fa-circle\"><\/i>\t\t\t\t\t\t<\/span>\n\t\t\t\t\t\t\t\t\t\t<span class=\"elementor-icon-list-text\">Sans HPMC (Hydroxypropylm\u00e9thylcelluose)<\/span>\n\t\t\t\t\t\t\t\t\t<\/li>\n\t\t\t\t\t\t\t\t<li class=\"elementor-icon-list-item\">\n\t\t\t\t\t\t\t\t\t\t\t<span class=\"elementor-icon-list-icon\">\n\t\t\t\t\t\t\t<i aria-hidden=\"true\" class=\"fas fa-circle\"><\/i>\t\t\t\t\t\t<\/span>\n\t\t\t\t\t\t\t\t\t\t<span class=\"elementor-icon-list-text\">Convient aux diab\u00e9tiques et aux patients ayant un r\u00e9gime alimentaire restreint.<\/span>\n\t\t\t\t\t\t\t\t\t<\/li>\n\t\t\t\t\t\t<\/ul>\n\t\t\t\t\t\t<\/div>\n\t\t\t\t<\/div>\n\t\t\t\t\t<\/div>\n\t\t<\/div>\n\t\t\t\t<div class=\"elementor-column elementor-col-50 elementor-top-column elementor-element elementor-element-29f8300\" data-id=\"29f8300\" data-element_type=\"column\" data-e-type=\"column\">\n\t\t\t<div class=\"elementor-widget-wrap elementor-element-populated\">\n\t\t\t\t\t\t<div class=\"elementor-element elementor-element-5870a59 elementor-widget elementor-widget-image\" data-id=\"5870a59\" data-element_type=\"widget\" data-e-type=\"widget\" data-widget_type=\"image.default\">\n\t\t\t\t<div class=\"elementor-widget-container\">\n\t\t\t\t\t\t\t\t\t\t\t\t<figure class=\"wp-caption\">\n\t\t\t\t\t\t\t\t\t\t<img fetchpriority=\"high\" decoding=\"async\" width=\"238\" height=\"211\" src=\"https:\/\/smartvital.eu\/wp-content\/uploads\/2021\/01\/plantcaps.jpg\" class=\"attachment-large size-large wp-image-8873\" alt=\"plantcaps\" srcset=\"https:\/\/smartvital.eu\/wp-content\/uploads\/2021\/01\/plantcaps.jpg 238w, https:\/\/smartvital.eu\/wp-content\/uploads\/2021\/01\/plantcaps-14x12.jpg 14w, https:\/\/smartvital.eu\/wp-content\/uploads\/2021\/01\/plantcaps-24x21.jpg 24w, https:\/\/smartvital.eu\/wp-content\/uploads\/2021\/01\/plantcaps-36x32.jpg 36w, https:\/\/smartvital.eu\/wp-content\/uploads\/2021\/01\/plantcaps-48x43.jpg 48w\" sizes=\"(max-width: 238px) 100vw, 238px\" \/>\t\t\t\t\t\t\t\t\t\t\t<figcaption class=\"widget-image-caption wp-caption-text\">Plantcaps<\/figcaption>\n\t\t\t\t\t\t\t\t\t\t<\/figure>\n\t\t\t\t\t\t\t\t\t<\/div>\n\t\t\t\t<\/div>\n\t\t\t\t\t<\/div>\n\t\t<\/div>\n\t\t\t\t\t<\/div>\n\t\t<\/section>\n\t\t\t\t<section class=\"elementor-section elementor-top-section elementor-element elementor-element-5ea867f elementor-section-boxed elementor-section-height-default elementor-section-height-default\" data-id=\"5ea867f\" data-element_type=\"section\" data-e-type=\"section\">\n\t\t\t\t\t\t<div class=\"elementor-container elementor-column-gap-default\">\n\t\t\t\t\t<div class=\"elementor-column elementor-col-100 elementor-top-column elementor-element elementor-element-a7440a8\" data-id=\"a7440a8\" data-element_type=\"column\" data-e-type=\"column\">\n\t\t\t<div class=\"elementor-widget-wrap elementor-element-populated\">\n\t\t\t\t\t\t<div class=\"elementor-element elementor-element-3515699 elementor-widget elementor-widget-spacer\" data-id=\"3515699\" data-element_type=\"widget\" data-e-type=\"widget\" data-widget_type=\"spacer.default\">\n\t\t\t\t<div class=\"elementor-widget-container\">\n\t\t\t\t\t\t\t<div class=\"elementor-spacer\">\n\t\t\t<div class=\"elementor-spacer-inner\"><\/div>\n\t\t<\/div>\n\t\t\t\t\t\t<\/div>\n\t\t\t\t<\/div>\n\t\t\t\t\t<\/div>\n\t\t<\/div>\n\t\t\t\t\t<\/div>\n\t\t<\/section>\n\t\t\t\t<section class=\"elementor-section elementor-top-section elementor-element elementor-element-8811857 elementor-section-boxed elementor-section-height-default elementor-section-height-default\" data-id=\"8811857\" data-element_type=\"section\" data-e-type=\"section\">\n\t\t\t\t\t\t<div class=\"elementor-container elementor-column-gap-default\">\n\t\t\t\t\t<div class=\"elementor-column elementor-col-100 elementor-top-column elementor-element elementor-element-361dc35\" data-id=\"361dc35\" data-element_type=\"column\" data-e-type=\"column\">\n\t\t\t<div class=\"elementor-widget-wrap\">\n\t\t\t\t\t\t\t<\/div>\n\t\t<\/div>\n\t\t\t\t\t<\/div>\n\t\t<\/section>\n\t\t\t\t<\/div>","protected":false},"excerpt":{"rendered":"<p>LTO<sup>3<\/sup> est un produit naturel 100% avec des ingr\u00e9dients \u00e9cologiques tr\u00e8s purs et de haute qualit\u00e9.<\/p>\n<p>Il am\u00e9liore la concentration et les performances d'apprentissage, procure un esprit clair, d\u00e9tend, remonte le moral, favorise le sommeil et augmente la vitalit\u00e9.<\/p>","protected":false},"featured_media":8855,"template":"","meta":{"_acf_changed":false},"product_brand":[],"product_cat":[609,659,16],"product_tag":[643,645,644,649,646,647,648],"class_list":{"0":"post-14","1":"product","2":"type-product","3":"status-publish","4":"has-post-thumbnail","6":"product_cat-lto3","7":"product_cat-producten-3950","8":"product_cat-supplementen","9":"product_tag-concentratie","10":"product_tag-heldere-geest","11":"product_tag-leerprestatie","12":"product_tag-nachtrust","13":"product_tag-ontspant","14":"product_tag-opbeurend","15":"product_tag-vitaliteit","17":"first","18":"instock","19":"taxable","20":"shipping-taxable","21":"purchasable","22":"product-type-simple"},"acf":[],"tiered_pricing_type":"fixed","tiered_pricing_fixed_rules":[],"tiered_pricing_product_settings":{"layout":"default","base_unit_name":{"singular":null,"plural":null},"default_variation":null},"tiered_pricing_minimum_quantity":null,"tiered_pricing_roles_data":[],"tiered_pricing_percentage_rules":[],"tiered_pricing_maximum_quantity":null,"tiered_pricing_quantity_step":null,"_links":{"self":[{"href":"https:\/\/smartvital.eu\/fr\/wp-json\/wp\/v2\/product\/14","targetHints":{"allow":["GET"]}}],"collection":[{"href":"https:\/\/smartvital.eu\/fr\/wp-json\/wp\/v2\/product"}],"about":[{"href":"https:\/\/smartvital.eu\/fr\/wp-json\/wp\/v2\/types\/product"}],"version-history":[{"count":4,"href":"https:\/\/smartvital.eu\/fr\/wp-json\/wp\/v2\/product\/14\/revisions"}],"predecessor-version":[{"id":64521,"href":"https:\/\/smartvital.eu\/fr\/wp-json\/wp\/v2\/product\/14\/revisions\/64521"}],"wp:featuredmedia":[{"embeddable":true,"href":"https:\/\/smartvital.eu\/fr\/wp-json\/wp\/v2\/media\/8855"}],"wp:attachment":[{"href":"https:\/\/smartvital.eu\/fr\/wp-json\/wp\/v2\/media?parent=14"}],"wp:term":[{"taxonomy":"product_brand","embeddable":true,"href":"https:\/\/smartvital.eu\/fr\/wp-json\/wp\/v2\/product_brand?post=14"},{"taxonomy":"product_cat","embeddable":true,"href":"https:\/\/smartvital.eu\/fr\/wp-json\/wp\/v2\/product_cat?post=14"},{"taxonomy":"product_tag","embeddable":true,"href":"https:\/\/smartvital.eu\/fr\/wp-json\/wp\/v2\/product_tag?post=14"}],"curies":[{"name":"wp","href":"https:\/\/api.w.org\/{rel}","templated":true}]}}