{"id":16,"date":"2021-01-13T10:58:10","date_gmt":"2021-01-13T09:58:10","guid":{"rendered":"https:\/\/smartvital.eu\/?post_type=product&#038;p=16"},"modified":"2026-04-14T18:44:05","modified_gmt":"2026-04-14T16:44:05","slug":"concept-meno","status":"publish","type":"product","link":"https:\/\/smartvital.eu\/fr\/product\/meno-concept\/","title":{"rendered":"Meno Concept"},"content":{"rendered":"<div data-elementor-type=\"product-post\" data-elementor-id=\"16\" class=\"elementor elementor-16\" data-elementor-post-type=\"product\">\n\t\t\t\t\t\t<section class=\"elementor-section elementor-top-section elementor-element elementor-element-b5a5475 elementor-section-boxed elementor-section-height-default elementor-section-height-default\" data-id=\"b5a5475\" data-element_type=\"section\" data-e-type=\"section\">\n\t\t\t\t\t\t<div class=\"elementor-container elementor-column-gap-default\">\n\t\t\t\t\t<div class=\"elementor-column elementor-col-100 elementor-top-column elementor-element elementor-element-43c310d\" data-id=\"43c310d\" data-element_type=\"column\" data-e-type=\"column\">\n\t\t\t<div class=\"elementor-widget-wrap elementor-element-populated\">\n\t\t\t\t\t\t<div class=\"elementor-element elementor-element-20e316d elementor-alert-info elementor-widget elementor-widget-alert\" data-id=\"20e316d\" data-element_type=\"widget\" data-e-type=\"widget\" data-widget_type=\"alert.default\">\n\t\t\t\t<div class=\"elementor-widget-container\">\n\t\t\t\t\t\t\t<div class=\"elementor-alert\" role=\"alert\">\n\n\t\t\t\t\t\t<span class=\"elementor-alert-title\">Meno Concept 40% promotion discount<\/span>\n\t\t\t\n\t\t\t\t\t\t<span class=\"elementor-alert-description\">Nous sommes officiellement autoris\u00e9s \u00e0 vendre les pots que nous avons en stock jusqu'en juin 2024, c'est pourquoi nous r\u00e9duisons temporairement le prix du 40%. Les pots de Meno Concept pourront \u00eatre conserv\u00e9s et utilis\u00e9s au moins jusqu'\u00e0 la fin de l'ann\u00e9e 2025.<\/span>\n\t\t\t\n\t\t\t\t\t\t<button type=\"button\" class=\"elementor-alert-dismiss\" aria-label=\"Ignorer cet avertissement.\">\n\t\t\t\t\t\t\t\t\t<span aria-hidden=\"true\">\u00d7<\/span>\n\t\t\t\t\t\t\t<\/button>\n\t\t\t\n\t\t<\/div>\n\t\t\t\t\t\t<\/div>\n\t\t\t\t<\/div>\n\t\t\t\t<div class=\"elementor-element elementor-element-8cb6e6f elementor-widget elementor-widget-toggle\" data-id=\"8cb6e6f\" data-element_type=\"widget\" data-e-type=\"widget\" data-widget_type=\"toggle.default\">\n\t\t\t\t<div class=\"elementor-widget-container\">\n\t\t\t\t\t\t\t<div class=\"elementor-toggle\">\n\t\t\t\t\t\t\t<div class=\"elementor-toggle-item\">\n\t\t\t\t\t<div id=\"elementor-tab-title-1471\" class=\"elementor-tab-title\" data-tab=\"1\" role=\"button\" aria-controls=\"elementor-tab-content-1471\" aria-expanded=\"false\">\n\t\t\t\t\t\t\t\t\t\t\t\t<span class=\"elementor-toggle-icon elementor-toggle-icon-left\" aria-hidden=\"true\">\n\t\t\t\t\t\t\t\t\t\t\t\t\t\t\t<span class=\"elementor-toggle-icon-closed\"><i class=\"fas fa-caret-right\"><\/i><\/span>\n\t\t\t\t\t\t\t\t<span class=\"elementor-toggle-icon-opened\"><i class=\"elementor-toggle-icon-opened fas fa-caret-up\"><\/i><\/span>\n\t\t\t\t\t\t\t\t\t\t\t\t\t<\/span>\n\t\t\t\t\t\t\t\t\t\t\t\t<a class=\"elementor-toggle-title\" tabindex=\"0\">Pourquoi si peu d'informations sur les produits ?<\/a>\n\t\t\t\t\t<\/div>\n\n\t\t\t\t\t<div id=\"elementor-tab-content-1471\" class=\"elementor-tab-content elementor-clearfix\" data-tab=\"1\" role=\"region\" aria-labelledby=\"elementor-tab-title-1471\"><p>En raison du r\u00e8glement europ\u00e9en sur les all\u00e9gations de sant\u00e9 (CE) n\u00b0 1924\/2006, entr\u00e9 en vigueur le 14 d\u00e9cembre 2012, nous ne sommes pas autoris\u00e9s \u00e0 fournir des informations d\u00e9taill\u00e9es sur nos compl\u00e9ments alimentaires ou leurs effets sur la sant\u00e9. De plus amples informations sur nos produits peuvent \u00eatre obtenues directement aupr\u00e8s du fabricant et dans les forums et portails d'information pertinents.\u00a0<\/p><p>La loi nous autorise \u00e0 vous informer davantage sur nos produits par t\u00e9l\u00e9phone et par courrier \u00e9lectronique.<\/p><\/div>\n\t\t\t\t<\/div>\n\t\t\t\t\t\t\t\t<\/div>\n\t\t\t\t\t\t<\/div>\n\t\t\t\t<\/div>\n\t\t\t\t\t<\/div>\n\t\t<\/div>\n\t\t\t\t\t<\/div>\n\t\t<\/section>\n\t\t\t\t<section class=\"elementor-section elementor-top-section elementor-element elementor-element-801d626 elementor-section-boxed elementor-section-height-default elementor-section-height-default\" data-id=\"801d626\" data-element_type=\"section\" data-e-type=\"section\">\n\t\t\t\t\t\t<div class=\"elementor-container elementor-column-gap-default\">\n\t\t\t\t\t<div class=\"elementor-column elementor-col-100 elementor-top-column elementor-element elementor-element-c36cccb\" data-id=\"c36cccb\" data-element_type=\"column\" data-e-type=\"column\">\n\t\t\t<div class=\"elementor-widget-wrap elementor-element-populated\">\n\t\t\t\t\t\t<div class=\"elementor-element elementor-element-aa2a0dd elementor-widget elementor-widget-heading\" data-id=\"aa2a0dd\" data-element_type=\"widget\" data-e-type=\"widget\" data-widget_type=\"heading.default\">\n\t\t\t\t<div class=\"elementor-widget-container\">\n\t\t\t\t\t<h2 class=\"elementor-heading-title elementor-size-default\">Description du produit<\/h2>\t\t\t\t<\/div>\n\t\t\t\t<\/div>\n\t\t\t\t<div class=\"elementor-element elementor-element-41b5cc5 elementor-widget elementor-widget-text-editor\" data-id=\"41b5cc5\" data-element_type=\"widget\" data-e-type=\"widget\" data-widget_type=\"text-editor.default\">\n\t\t\t\t<div class=\"elementor-widget-container\">\n\t\t\t\t\t\t\t\t\t<p>Un produit naturel pur !<\/p><p>Capsules aux extraits de plantes pour un soutien nutritionnel pendant la m\u00e9nopause<\/p><p>Contenu : 60 capsules<\/p>\t\t\t\t\t\t\t\t<\/div>\n\t\t\t\t<\/div>\n\t\t\t\t\t<\/div>\n\t\t<\/div>\n\t\t\t\t\t<\/div>\n\t\t<\/section>\n\t\t\t\t<section class=\"elementor-section elementor-top-section elementor-element elementor-element-00e7e28 elementor-section-boxed elementor-section-height-default elementor-section-height-default\" data-id=\"00e7e28\" data-element_type=\"section\" data-e-type=\"section\">\n\t\t\t\t\t\t<div class=\"elementor-container elementor-column-gap-default\">\n\t\t\t\t\t<div class=\"elementor-column elementor-col-100 elementor-top-column elementor-element elementor-element-0d10741\" data-id=\"0d10741\" data-element_type=\"column\" data-e-type=\"column\">\n\t\t\t<div class=\"elementor-widget-wrap elementor-element-populated\">\n\t\t\t\t\t\t<div class=\"elementor-element elementor-element-269d230 elementor-widget elementor-widget-heading\" data-id=\"269d230\" data-element_type=\"widget\" data-e-type=\"widget\" data-widget_type=\"heading.default\">\n\t\t\t\t<div class=\"elementor-widget-container\">\n\t\t\t\t\t<h2 class=\"elementor-heading-title elementor-size-default\">Ingr\u00e9dients<\/h2>\t\t\t\t<\/div>\n\t\t\t\t<\/div>\n\t\t\t\t<div class=\"elementor-element elementor-element-3217de7 elementor-widget elementor-widget-text-editor\" data-id=\"3217de7\" data-element_type=\"widget\" data-e-type=\"widget\" data-widget_type=\"text-editor.default\">\n\t\t\t\t<div class=\"elementor-widget-container\">\n\t\t\t\t\t\t\t\t\t<p>Extrait de dong quai (contient des phytoestrog\u00e8nes), fleurs de houblon moulues, Pullulan (capsule), extrait de soja, feuilles de sauge moulues (contient des flavono\u00efdes, des compos\u00e9s oestrog\u00e9niques, de la saponine, des antioxydants, des huiles essentielles), extrait d'igname sauvage (contient.(contenant notamment de la diosg\u00e9nine, des alcalo\u00efdes, des tanins), extrait de tr\u00e8fle rouge (contenant notamment des phytoestrog\u00e8nes, des isoflavones, des coumarines, des salicylates, des glycosides), agent anti-agglom\u00e9rant L-Leucine, pullulan (capsule).<\/p>\t\t\t\t\t\t\t\t<\/div>\n\t\t\t\t<\/div>\n\t\t\t\t\t<\/div>\n\t\t<\/div>\n\t\t\t\t\t<\/div>\n\t\t<\/section>\n\t\t\t\t<section class=\"elementor-section elementor-top-section elementor-element elementor-element-b0466ae elementor-section-boxed elementor-section-height-default elementor-section-height-default\" data-id=\"b0466ae\" data-element_type=\"section\" data-e-type=\"section\">\n\t\t\t\t\t\t<div class=\"elementor-container elementor-column-gap-default\">\n\t\t\t\t\t<div class=\"elementor-column elementor-col-100 elementor-top-column elementor-element elementor-element-0153e16\" data-id=\"0153e16\" data-element_type=\"column\" data-e-type=\"column\">\n\t\t\t<div class=\"elementor-widget-wrap elementor-element-populated\">\n\t\t\t\t\t\t<div class=\"elementor-element elementor-element-6880dfb elementor-widget elementor-widget-text-editor\" data-id=\"6880dfb\" data-element_type=\"widget\" data-e-type=\"widget\" data-widget_type=\"text-editor.default\">\n\t\t\t\t<div class=\"elementor-widget-container\">\n\t\t\t\t\t\t\t\t\t<div>\u00a0<\/div><div class=\"info-content-table\"><table border=\"0\" cellspacing=\"1\" cellpadding=\"1\"><tbody><tr><td><strong>Principaux composants :<\/strong><\/td><td><strong>Par capsule<\/strong><\/td><td><strong>Par 2 capsules<br \/><\/strong><\/td><\/tr><tr><td>Dong Quaiextract<br \/>(Angelica sinensis)<\/td><td align=\"center\" valign=\"middle\">100 mg<\/td><td align=\"center\" valign=\"middle\">200 mg<\/td><\/tr><tr><td>Terrain de Hopblossom<br \/>(Humulus lupulus)<\/td><td align=\"center\" valign=\"middle\">100 mg<\/td><td align=\"center\" valign=\"middle\">200 mg<\/td><\/tr><tr><td>Extrait de soja avec isoflavones<br \/>(Glycine max)<\/td><td align=\"center\" valign=\"middle\">65 mg<\/td><td align=\"center\" valign=\"middle\">130 mg<\/td><\/tr><tr><td>Feuille de sauge moulue<br \/>(Salvia officinalis)<\/td><td align=\"center\" valign=\"middle\">65 mg<\/td><td align=\"center\" valign=\"middle\">130 mg<\/td><\/tr><tr><td>Extrait d'igname sauvage<br \/>(Dioscorea villosa)<\/td><td align=\"center\" valign=\"middle\">60 mg<\/td><td align=\"center\" valign=\"middle\">120 mg<\/td><\/tr><tr><td>Extrait de tr\u00e8fle rouge<br \/>(Trifolium pratense)<\/td><td align=\"center\" valign=\"middle\">40 mg<\/td><td align=\"center\" valign=\"middle\">80 mg<\/td><\/tr><\/tbody><\/table><\/div>\t\t\t\t\t\t\t\t<\/div>\n\t\t\t\t<\/div>\n\t\t\t\t\t<\/div>\n\t\t<\/div>\n\t\t\t\t\t<\/div>\n\t\t<\/section>\n\t\t\t\t<section class=\"elementor-section elementor-top-section elementor-element elementor-element-b0a08da elementor-section-boxed elementor-section-height-default elementor-section-height-default\" data-id=\"b0a08da\" data-element_type=\"section\" data-e-type=\"section\">\n\t\t\t\t\t\t<div class=\"elementor-container elementor-column-gap-default\">\n\t\t\t\t\t<div class=\"elementor-column elementor-col-100 elementor-top-column elementor-element elementor-element-f167128\" data-id=\"f167128\" data-element_type=\"column\" data-e-type=\"column\">\n\t\t\t<div class=\"elementor-widget-wrap elementor-element-populated\">\n\t\t\t\t\t\t<div class=\"elementor-element elementor-element-670ad5b elementor-widget elementor-widget-heading\" data-id=\"670ad5b\" data-element_type=\"widget\" data-e-type=\"widget\" data-widget_type=\"heading.default\">\n\t\t\t\t<div class=\"elementor-widget-container\">\n\t\t\t\t\t<h2 class=\"elementor-heading-title elementor-size-default\">Apports recommand\u00e9s<\/h2>\t\t\t\t<\/div>\n\t\t\t\t<\/div>\n\t\t\t\t<div class=\"elementor-element elementor-element-9f94cdb elementor-widget elementor-widget-text-editor\" data-id=\"9f94cdb\" data-element_type=\"widget\" data-e-type=\"widget\" data-widget_type=\"text-editor.default\">\n\t\t\t\t<div class=\"elementor-widget-container\">\n\t\t\t\t\t\t\t\t\t<p>Prendre 2 capsules par jour, de pr\u00e9f\u00e9rence entre les repas.<\/p>\t\t\t\t\t\t\t\t<\/div>\n\t\t\t\t<\/div>\n\t\t\t\t\t<\/div>\n\t\t<\/div>\n\t\t\t\t\t<\/div>\n\t\t<\/section>\n\t\t\t\t<section class=\"elementor-section elementor-top-section elementor-element elementor-element-428ddfd elementor-section-boxed elementor-section-height-default elementor-section-height-default\" data-id=\"428ddfd\" data-element_type=\"section\" data-e-type=\"section\">\n\t\t\t\t\t\t<div class=\"elementor-container elementor-column-gap-default\">\n\t\t\t\t\t<div class=\"elementor-column elementor-col-100 elementor-top-column elementor-element elementor-element-8e969f2\" data-id=\"8e969f2\" data-element_type=\"column\" data-e-type=\"column\">\n\t\t\t<div class=\"elementor-widget-wrap elementor-element-populated\">\n\t\t\t\t\t\t<div class=\"elementor-element elementor-element-f7ab17a elementor-widget elementor-widget-heading\" data-id=\"f7ab17a\" data-element_type=\"widget\" data-e-type=\"widget\" data-widget_type=\"heading.default\">\n\t\t\t\t<div class=\"elementor-widget-container\">\n\t\t\t\t\t<h2 class=\"elementor-heading-title elementor-size-default\">Remarques<\/h2>\t\t\t\t<\/div>\n\t\t\t\t<\/div>\n\t\t\t\t<div class=\"elementor-element elementor-element-d5ca903 elementor-widget elementor-widget-text-editor\" data-id=\"d5ca903\" data-element_type=\"widget\" data-e-type=\"widget\" data-widget_type=\"text-editor.default\">\n\t\t\t\t<div class=\"elementor-widget-container\">\n\t\t\t\t\t\t\t\t\t<p>Les compl\u00e9ments alimentaires ne remplacent pas une alimentation \u00e9quilibr\u00e9e et vari\u00e9e et un mode de vie sain. La dose quotidienne recommand\u00e9e ne doit pas \u00eatre d\u00e9pass\u00e9e. En cas de grossesse ou d'allaitement, consultez un m\u00e9decin. Conserver hors de port\u00e9e des jeunes enfants. Conserver le r\u00e9cipient herm\u00e9tiquement ferm\u00e9 dans un endroit frais et sec.<\/p>\n<p>L'emballage est fait de 100% HDPE (High Density Polyethylene).<font face=\"Calibri, sans-serif\" color=\"#70ad47\"><span style=\"font-size: 14.6667px\"> <\/span><\/font>et ne contient pas de BPA (Bisph\u00e9nol-A).<br><\/p>\t\t\t\t\t\t\t\t<\/div>\n\t\t\t\t<\/div>\n\t\t\t\t\t<\/div>\n\t\t<\/div>\n\t\t\t\t\t<\/div>\n\t\t<\/section>\n\t\t\t\t<section class=\"elementor-section elementor-top-section elementor-element elementor-element-44ac6fc elementor-section-boxed elementor-section-height-default elementor-section-height-default\" data-id=\"44ac6fc\" data-element_type=\"section\" data-e-type=\"section\">\n\t\t\t\t\t\t<div class=\"elementor-container elementor-column-gap-default\">\n\t\t\t\t\t<div class=\"elementor-column elementor-col-100 elementor-top-column elementor-element elementor-element-cb491bc\" data-id=\"cb491bc\" data-element_type=\"column\" data-e-type=\"column\">\n\t\t\t<div class=\"elementor-widget-wrap elementor-element-populated\">\n\t\t\t\t\t\t<div class=\"elementor-element elementor-element-9ce4840 elementor-widget elementor-widget-heading\" data-id=\"9ce4840\" data-element_type=\"widget\" data-e-type=\"widget\" data-widget_type=\"heading.default\">\n\t\t\t\t<div class=\"elementor-widget-container\">\n\t\t\t\t\t<h2 class=\"elementor-heading-title elementor-size-default\">Capsules utilis\u00e9es<\/h2>\t\t\t\t<\/div>\n\t\t\t\t<\/div>\n\t\t\t\t<div class=\"elementor-element elementor-element-f39d66f elementor-widget elementor-widget-text-editor\" data-id=\"f39d66f\" data-element_type=\"widget\" data-e-type=\"widget\" data-widget_type=\"text-editor.default\">\n\t\t\t\t<div class=\"elementor-widget-container\">\n\t\t\t\t\t\t\t\t\t<p>Plantcaps\u2122 est la nouvelle g\u00e9n\u00e9ration de g\u00e9lules v\u00e9g\u00e9tales fabriqu\u00e9es \u00e0 partir de Pullulan - un polysaccharide naturel hydrosoluble. Le pullulan est extrait de l'amidon de ma\u00efs par fermentation de la levure.<\/p><p>Le pullulan a \u00e9t\u00e9 syst\u00e9matiquement test\u00e9 pour sa qualit\u00e9 et sa s\u00e9curit\u00e9 et est actuellement de plus en plus utilis\u00e9 dans les produits pharmaceutiques et de consommation.<\/p><p>Les principales caract\u00e9ristiques de Plantcaps\u2122 sont :<\/p>\t\t\t\t\t\t\t\t<\/div>\n\t\t\t\t<\/div>\n\t\t\t\t\t<\/div>\n\t\t<\/div>\n\t\t\t\t\t<\/div>\n\t\t<\/section>\n\t\t\t\t<section class=\"elementor-section elementor-top-section elementor-element elementor-element-b09299e elementor-section-boxed elementor-section-height-default elementor-section-height-default\" data-id=\"b09299e\" data-element_type=\"section\" data-e-type=\"section\">\n\t\t\t\t\t\t<div class=\"elementor-container elementor-column-gap-default\">\n\t\t\t\t\t<div class=\"elementor-column elementor-col-50 elementor-top-column elementor-element elementor-element-9a8f613\" data-id=\"9a8f613\" data-element_type=\"column\" data-e-type=\"column\">\n\t\t\t<div class=\"elementor-widget-wrap elementor-element-populated\">\n\t\t\t\t\t\t<div class=\"elementor-element elementor-element-ab26190 elementor-icon-list--layout-traditional elementor-list-item-link-full_width elementor-widget elementor-widget-icon-list\" data-id=\"ab26190\" data-element_type=\"widget\" data-e-type=\"widget\" data-widget_type=\"icon-list.default\">\n\t\t\t\t<div class=\"elementor-widget-container\">\n\t\t\t\t\t\t\t<ul class=\"elementor-icon-list-items\">\n\t\t\t\t\t\t\t<li class=\"elementor-icon-list-item\">\n\t\t\t\t\t\t\t\t\t\t\t<span class=\"elementor-icon-list-icon\">\n\t\t\t\t\t\t\t<i aria-hidden=\"true\" class=\"fas fa-circle\"><\/i>\t\t\t\t\t\t<\/span>\n\t\t\t\t\t\t\t\t\t\t<span class=\"elementor-icon-list-text\">Pur naturel<\/span>\n\t\t\t\t\t\t\t\t\t<\/li>\n\t\t\t\t\t\t\t\t<li class=\"elementor-icon-list-item\">\n\t\t\t\t\t\t\t\t\t\t\t<span class=\"elementor-icon-list-icon\">\n\t\t\t\t\t\t\t<i aria-hidden=\"true\" class=\"fas fa-circle\"><\/i>\t\t\t\t\t\t<\/span>\n\t\t\t\t\t\t\t\t\t\t<span class=\"elementor-icon-list-text\">Sans amidon<\/span>\n\t\t\t\t\t\t\t\t\t<\/li>\n\t\t\t\t\t\t\t\t<li class=\"elementor-icon-list-item\">\n\t\t\t\t\t\t\t\t\t\t\t<span class=\"elementor-icon-list-icon\">\n\t\t\t\t\t\t\t<i aria-hidden=\"true\" class=\"fas fa-circle\"><\/i>\t\t\t\t\t\t<\/span>\n\t\t\t\t\t\t\t\t\t\t<span class=\"elementor-icon-list-text\">Sans gluten<\/span>\n\t\t\t\t\t\t\t\t\t<\/li>\n\t\t\t\t\t\t\t\t<li class=\"elementor-icon-list-item\">\n\t\t\t\t\t\t\t\t\t\t\t<span class=\"elementor-icon-list-icon\">\n\t\t\t\t\t\t\t<i aria-hidden=\"true\" class=\"fas fa-circle\"><\/i>\t\t\t\t\t\t<\/span>\n\t\t\t\t\t\t\t\t\t\t<span class=\"elementor-icon-list-text\">Sans conservateurs<\/span>\n\t\t\t\t\t\t\t\t\t<\/li>\n\t\t\t\t\t\t\t\t<li class=\"elementor-icon-list-item\">\n\t\t\t\t\t\t\t\t\t\t\t<span class=\"elementor-icon-list-icon\">\n\t\t\t\t\t\t\t<i aria-hidden=\"true\" class=\"fas fa-circle\"><\/i>\t\t\t\t\t\t<\/span>\n\t\t\t\t\t\t\t\t\t\t<span class=\"elementor-icon-list-text\">Sans sources g\u00e9n\u00e9tiquement modifi\u00e9es (Non-GMO)<\/span>\n\t\t\t\t\t\t\t\t\t<\/li>\n\t\t\t\t\t\t\t\t<li class=\"elementor-icon-list-item\">\n\t\t\t\t\t\t\t\t\t\t\t<span class=\"elementor-icon-list-icon\">\n\t\t\t\t\t\t\t<i aria-hidden=\"true\" class=\"fas fa-circle\"><\/i>\t\t\t\t\t\t<\/span>\n\t\t\t\t\t\t\t\t\t\t<span class=\"elementor-icon-list-text\">Sans HPMC (Hydroxypropylm\u00e9thylcelluose)<\/span>\n\t\t\t\t\t\t\t\t\t<\/li>\n\t\t\t\t\t\t\t\t<li class=\"elementor-icon-list-item\">\n\t\t\t\t\t\t\t\t\t\t\t<span class=\"elementor-icon-list-icon\">\n\t\t\t\t\t\t\t<i aria-hidden=\"true\" class=\"fas fa-circle\"><\/i>\t\t\t\t\t\t<\/span>\n\t\t\t\t\t\t\t\t\t\t<span class=\"elementor-icon-list-text\">Convient aux diab\u00e9tiques et aux patients ayant un r\u00e9gime alimentaire restreint.<\/span>\n\t\t\t\t\t\t\t\t\t<\/li>\n\t\t\t\t\t\t<\/ul>\n\t\t\t\t\t\t<\/div>\n\t\t\t\t<\/div>\n\t\t\t\t\t<\/div>\n\t\t<\/div>\n\t\t\t\t<div class=\"elementor-column elementor-col-50 elementor-top-column elementor-element elementor-element-6c5a30b\" data-id=\"6c5a30b\" data-element_type=\"column\" data-e-type=\"column\">\n\t\t\t<div class=\"elementor-widget-wrap elementor-element-populated\">\n\t\t\t\t\t\t<div class=\"elementor-element elementor-element-17cd6fa elementor-widget elementor-widget-image\" data-id=\"17cd6fa\" data-element_type=\"widget\" data-e-type=\"widget\" data-widget_type=\"image.default\">\n\t\t\t\t<div class=\"elementor-widget-container\">\n\t\t\t\t\t\t\t\t\t\t\t\t<figure class=\"wp-caption\">\n\t\t\t\t\t\t\t\t\t\t<img fetchpriority=\"high\" decoding=\"async\" width=\"238\" height=\"211\" src=\"https:\/\/smartvital.eu\/wp-content\/uploads\/2021\/01\/plantcaps.jpg\" class=\"attachment-large size-large wp-image-8873\" alt=\"plantcaps\" srcset=\"https:\/\/smartvital.eu\/wp-content\/uploads\/2021\/01\/plantcaps.jpg 238w, https:\/\/smartvital.eu\/wp-content\/uploads\/2021\/01\/plantcaps-14x12.jpg 14w, https:\/\/smartvital.eu\/wp-content\/uploads\/2021\/01\/plantcaps-24x21.jpg 24w, https:\/\/smartvital.eu\/wp-content\/uploads\/2021\/01\/plantcaps-36x32.jpg 36w, https:\/\/smartvital.eu\/wp-content\/uploads\/2021\/01\/plantcaps-48x43.jpg 48w\" sizes=\"(max-width: 238px) 100vw, 238px\" \/>\t\t\t\t\t\t\t\t\t\t\t<figcaption class=\"widget-image-caption wp-caption-text\">Plantcaps\u2122<\/figcaption>\n\t\t\t\t\t\t\t\t\t\t<\/figure>\n\t\t\t\t\t\t\t\t\t<\/div>\n\t\t\t\t<\/div>\n\t\t\t\t\t<\/div>\n\t\t<\/div>\n\t\t\t\t\t<\/div>\n\t\t<\/section>\n\t\t\t\t<\/div>","protected":false},"excerpt":{"rendered":"<p>Meno Concept est con\u00e7u pour r\u00e9pondre aux besoins sp\u00e9cifiques des femmes en mati\u00e8re de sant\u00e9. Ce compl\u00e9ment naturel est compos\u00e9 d'ingr\u00e9dients traditionnellement utilis\u00e9s en phytoth\u00e9rapie pour r\u00e9duire l'inconfort et les sympt\u00f4mes de la m\u00e9nopause. Il aide \u00e0 r\u00e9duire les bouff\u00e9es de chaleur, les sueurs nocturnes et la transpiration excessive.<\/p>","protected":false},"featured_media":8862,"template":"","meta":{"_acf_changed":false},"product_brand":[],"product_cat":[659,16],"product_tag":[639,600,636,635,633,637,638,641,642,640,634],"class_list":{"0":"post-16","1":"product","2":"type-product","3":"status-publish","4":"has-post-thumbnail","6":"product_cat-producten-3950","7":"product_cat-supplementen","8":"product_tag-hartkloppingen","9":"product_tag-menopauze","10":"product_tag-nachtelijk-zweten","11":"product_tag-opvliegers","12":"product_tag-overgang","13":"product_tag-prikkelbaarheid","14":"product_tag-slapen","15":"product_tag-somberheid","16":"product_tag-vaginale-droogte","17":"product_tag-vermoeidheid","18":"product_tag-vrouwen","20":"first","21":"instock","22":"sale","23":"taxable","24":"shipping-taxable","25":"purchasable","26":"product-type-simple"},"acf":[],"tiered_pricing_type":"fixed","tiered_pricing_fixed_rules":[],"tiered_pricing_product_settings":{"layout":"default","base_unit_name":{"singular":null,"plural":null},"default_variation":null},"tiered_pricing_minimum_quantity":null,"tiered_pricing_roles_data":[],"tiered_pricing_percentage_rules":[],"tiered_pricing_maximum_quantity":null,"tiered_pricing_quantity_step":null,"_links":{"self":[{"href":"https:\/\/smartvital.eu\/fr\/wp-json\/wp\/v2\/product\/16","targetHints":{"allow":["GET"]}}],"collection":[{"href":"https:\/\/smartvital.eu\/fr\/wp-json\/wp\/v2\/product"}],"about":[{"href":"https:\/\/smartvital.eu\/fr\/wp-json\/wp\/v2\/types\/product"}],"version-history":[{"count":2,"href":"https:\/\/smartvital.eu\/fr\/wp-json\/wp\/v2\/product\/16\/revisions"}],"predecessor-version":[{"id":64523,"href":"https:\/\/smartvital.eu\/fr\/wp-json\/wp\/v2\/product\/16\/revisions\/64523"}],"wp:featuredmedia":[{"embeddable":true,"href":"https:\/\/smartvital.eu\/fr\/wp-json\/wp\/v2\/media\/8862"}],"wp:attachment":[{"href":"https:\/\/smartvital.eu\/fr\/wp-json\/wp\/v2\/media?parent=16"}],"wp:term":[{"taxonomy":"product_brand","embeddable":true,"href":"https:\/\/smartvital.eu\/fr\/wp-json\/wp\/v2\/product_brand?post=16"},{"taxonomy":"product_cat","embeddable":true,"href":"https:\/\/smartvital.eu\/fr\/wp-json\/wp\/v2\/product_cat?post=16"},{"taxonomy":"product_tag","embeddable":true,"href":"https:\/\/smartvital.eu\/fr\/wp-json\/wp\/v2\/product_tag?post=16"}],"curies":[{"name":"wp","href":"https:\/\/api.w.org\/{rel}","templated":true}]}}