{"id":19,"date":"2021-01-13T11:01:19","date_gmt":"2021-01-13T10:01:19","guid":{"rendered":"https:\/\/smartvital.eu\/?post_type=product&#038;p=19"},"modified":"2026-04-05T18:40:53","modified_gmt":"2026-04-05T16:40:53","slug":"concept-energetique","status":"publish","type":"product","link":"https:\/\/smartvital.eu\/fr\/product\/energie-concept\/","title":{"rendered":"\u00c9nergie Concept"},"content":{"rendered":"<div data-elementor-type=\"product-post\" data-elementor-id=\"19\" class=\"elementor elementor-19\" data-elementor-post-type=\"product\">\n\t\t\t\t\t\t<section class=\"elementor-section elementor-top-section elementor-element elementor-element-c2a8328 elementor-section-boxed elementor-section-height-default elementor-section-height-default\" data-id=\"c2a8328\" data-element_type=\"section\" data-e-type=\"section\">\n\t\t\t\t\t\t<div class=\"elementor-container elementor-column-gap-default\">\n\t\t\t\t\t<div class=\"elementor-column elementor-col-100 elementor-top-column elementor-element elementor-element-fae6691\" data-id=\"fae6691\" data-element_type=\"column\" data-e-type=\"column\">\n\t\t\t<div class=\"elementor-widget-wrap elementor-element-populated\">\n\t\t\t\t\t\t<div class=\"elementor-element elementor-element-b05ad91 elementor-widget elementor-widget-toggle\" data-id=\"b05ad91\" data-element_type=\"widget\" data-e-type=\"widget\" data-widget_type=\"toggle.default\">\n\t\t\t\t<div class=\"elementor-widget-container\">\n\t\t\t\t\t\t\t<div class=\"elementor-toggle\">\n\t\t\t\t\t\t\t<div class=\"elementor-toggle-item\">\n\t\t\t\t\t<div id=\"elementor-tab-title-1841\" class=\"elementor-tab-title\" data-tab=\"1\" role=\"button\" aria-controls=\"elementor-tab-content-1841\" aria-expanded=\"false\">\n\t\t\t\t\t\t\t\t\t\t\t\t<span class=\"elementor-toggle-icon elementor-toggle-icon-left\" aria-hidden=\"true\">\n\t\t\t\t\t\t\t\t\t\t\t\t\t\t\t<span class=\"elementor-toggle-icon-closed\"><i class=\"fas fa-caret-right\"><\/i><\/span>\n\t\t\t\t\t\t\t\t<span class=\"elementor-toggle-icon-opened\"><i class=\"elementor-toggle-icon-opened fas fa-caret-up\"><\/i><\/span>\n\t\t\t\t\t\t\t\t\t\t\t\t\t<\/span>\n\t\t\t\t\t\t\t\t\t\t\t\t<a class=\"elementor-toggle-title\" tabindex=\"0\">Pourquoi si peu d'informations sur les produits ?<\/a>\n\t\t\t\t\t<\/div>\n\n\t\t\t\t\t<div id=\"elementor-tab-content-1841\" class=\"elementor-tab-content elementor-clearfix\" data-tab=\"1\" role=\"region\" aria-labelledby=\"elementor-tab-title-1841\"><p>En raison du r\u00e8glement europ\u00e9en sur les all\u00e9gations de sant\u00e9 (CE) n\u00b0 1924\/2006, entr\u00e9 en vigueur le 14 d\u00e9cembre 2012, nous ne sommes pas autoris\u00e9s \u00e0 fournir des informations d\u00e9taill\u00e9es sur nos compl\u00e9ments alimentaires ou leurs effets sur la sant\u00e9. De plus amples informations sur nos produits peuvent \u00eatre obtenues directement aupr\u00e8s du fabricant et dans les forums et portails d'information pertinents.\u00a0<\/p><p>La loi nous autorise \u00e0 vous informer davantage sur nos produits par t\u00e9l\u00e9phone et par courrier \u00e9lectronique.<\/p><\/div>\n\t\t\t\t<\/div>\n\t\t\t\t\t\t\t\t<\/div>\n\t\t\t\t\t\t<\/div>\n\t\t\t\t<\/div>\n\t\t\t\t\t<\/div>\n\t\t<\/div>\n\t\t\t\t\t<\/div>\n\t\t<\/section>\n\t\t\t\t<section class=\"elementor-section elementor-top-section elementor-element elementor-element-6ceb56b elementor-section-boxed elementor-section-height-default elementor-section-height-default\" data-id=\"6ceb56b\" data-element_type=\"section\" data-e-type=\"section\">\n\t\t\t\t\t\t<div class=\"elementor-container elementor-column-gap-default\">\n\t\t\t\t\t<div class=\"elementor-column elementor-col-100 elementor-top-column elementor-element elementor-element-1bf7622\" data-id=\"1bf7622\" data-element_type=\"column\" data-e-type=\"column\">\n\t\t\t<div class=\"elementor-widget-wrap elementor-element-populated\">\n\t\t\t\t\t\t<div class=\"elementor-element elementor-element-e7a5012 elementor-widget elementor-widget-heading\" data-id=\"e7a5012\" data-element_type=\"widget\" data-e-type=\"widget\" data-widget_type=\"heading.default\">\n\t\t\t\t<div class=\"elementor-widget-container\">\n\t\t\t\t\t<h2 class=\"elementor-heading-title elementor-size-default\">Description du produit<\/h2>\t\t\t\t<\/div>\n\t\t\t\t<\/div>\n\t\t\t\t<div class=\"elementor-element elementor-element-d397f45 elementor-widget elementor-widget-text-editor\" data-id=\"d397f45\" data-element_type=\"widget\" data-e-type=\"widget\" data-widget_type=\"text-editor.default\">\n\t\t\t\t<div class=\"elementor-widget-container\">\n\t\t\t\t\t\t\t\t\t<p>Un produit naturel pur !<\/p><p>Complexe d'ingr\u00e9dients activateurs et vitalisants<\/p><p>Contenu : 60 capsules<\/p>\t\t\t\t\t\t\t\t<\/div>\n\t\t\t\t<\/div>\n\t\t\t\t\t<\/div>\n\t\t<\/div>\n\t\t\t\t\t<\/div>\n\t\t<\/section>\n\t\t\t\t<section class=\"elementor-section elementor-top-section elementor-element elementor-element-d8ae31f elementor-section-boxed elementor-section-height-default elementor-section-height-default\" data-id=\"d8ae31f\" data-element_type=\"section\" data-e-type=\"section\">\n\t\t\t\t\t\t<div class=\"elementor-container elementor-column-gap-default\">\n\t\t\t\t\t<div class=\"elementor-column elementor-col-100 elementor-top-column elementor-element elementor-element-c6884c0\" data-id=\"c6884c0\" data-element_type=\"column\" data-e-type=\"column\">\n\t\t\t<div class=\"elementor-widget-wrap elementor-element-populated\">\n\t\t\t\t\t\t<div class=\"elementor-element elementor-element-10faec1 elementor-widget elementor-widget-heading\" data-id=\"10faec1\" data-element_type=\"widget\" data-e-type=\"widget\" data-widget_type=\"heading.default\">\n\t\t\t\t<div class=\"elementor-widget-container\">\n\t\t\t\t\t<h2 class=\"elementor-heading-title elementor-size-default\">Ingr\u00e9dients<\/h2>\t\t\t\t<\/div>\n\t\t\t\t<\/div>\n\t\t\t\t<div class=\"elementor-element elementor-element-e458326 elementor-widget elementor-widget-text-editor\" data-id=\"e458326\" data-element_type=\"widget\" data-e-type=\"widget\" data-widget_type=\"text-editor.default\">\n\t\t\t\t<div class=\"elementor-widget-container\">\n\t\t\t\t\t\t\t\t\t<p>Extrait de maca (comprend des acides amin\u00e9s, des glucosinolates, des alcalo\u00efdes, des antioxydants, des acides gras om\u00e9ga-n), extrait de ginseng cor\u00e9en (comprend des gins\u00e9no\u00efdes, des acides amin\u00e9s), extrait de gel\u00e9e royale (comprend des acides amin\u00e9s, de la thiamine, de la riboflavine, de l'acide pantoth\u00e9nique, de la biotine, de l'acide folique), Pullulan (g\u00e9lules), agent anti-agglom\u00e9rant L-Leucine.<\/p>\t\t\t\t\t\t\t\t<\/div>\n\t\t\t\t<\/div>\n\t\t\t\t\t<\/div>\n\t\t<\/div>\n\t\t\t\t\t<\/div>\n\t\t<\/section>\n\t\t\t\t<section class=\"elementor-section elementor-top-section elementor-element elementor-element-43fadac elementor-section-boxed elementor-section-height-default elementor-section-height-default\" data-id=\"43fadac\" data-element_type=\"section\" data-e-type=\"section\">\n\t\t\t\t\t\t<div class=\"elementor-container elementor-column-gap-default\">\n\t\t\t\t\t<div class=\"elementor-column elementor-col-100 elementor-top-column elementor-element elementor-element-29b326b7\" data-id=\"29b326b7\" data-element_type=\"column\" data-e-type=\"column\">\n\t\t\t<div class=\"elementor-widget-wrap elementor-element-populated\">\n\t\t\t\t\t\t<div class=\"elementor-element elementor-element-e643c40 elementor-widget elementor-widget-text-editor\" data-id=\"e643c40\" data-element_type=\"widget\" data-e-type=\"widget\" data-widget_type=\"text-editor.default\">\n\t\t\t\t<div class=\"elementor-widget-container\">\n\t\t\t\t\t\t\t\t\t<div class=\"info-content-table\"><table border=\"0\" width=\"auto\" cellspacing=\"0\" cellpadding=\"0\"><colgroup> <col width=\"215\" \/> <col span=\"2\" width=\"122\" \/> <\/colgroup><tbody><tr><td width=\"215\" height=\"40\"><strong>Principaux composants :<\/strong><\/td><td width=\"122\"><strong>Par 2 capsules<\/strong><\/td><td width=\"122\"><strong>Par 3 capsules<\/strong><\/td><\/tr><tr><td width=\"215\" height=\"20\">Extrait de maca<br \/>(Lepidium meyenii)<\/td><td width=\"122\">400 mg<\/td><td width=\"122\">600 mg<\/td><\/tr><tr><td width=\"215\" height=\"20\">Extrait de ginseng<br \/>(Panax ginseng)<\/td><td width=\"122\">400 mg<\/td><td width=\"122\">600 mg<\/td><\/tr><tr><td width=\"215\" height=\"20\">Extrait de gel\u00e9e royale<\/td><td width=\"122\">200 mg<\/td><td width=\"122\">300 mg<\/td><\/tr><\/tbody><\/table><\/div>\t\t\t\t\t\t\t\t<\/div>\n\t\t\t\t<\/div>\n\t\t\t\t\t<\/div>\n\t\t<\/div>\n\t\t\t\t\t<\/div>\n\t\t<\/section>\n\t\t\t\t<section class=\"elementor-section elementor-top-section elementor-element elementor-element-a4b114d elementor-section-boxed elementor-section-height-default elementor-section-height-default\" data-id=\"a4b114d\" data-element_type=\"section\" data-e-type=\"section\">\n\t\t\t\t\t\t<div class=\"elementor-container elementor-column-gap-default\">\n\t\t\t\t\t<div class=\"elementor-column elementor-col-100 elementor-top-column elementor-element elementor-element-b261087\" data-id=\"b261087\" data-element_type=\"column\" data-e-type=\"column\">\n\t\t\t<div class=\"elementor-widget-wrap elementor-element-populated\">\n\t\t\t\t\t\t<div class=\"elementor-element elementor-element-5ebe569 elementor-widget elementor-widget-heading\" data-id=\"5ebe569\" data-element_type=\"widget\" data-e-type=\"widget\" data-widget_type=\"heading.default\">\n\t\t\t\t<div class=\"elementor-widget-container\">\n\t\t\t\t\t<h2 class=\"elementor-heading-title elementor-size-default\">Apports recommand\u00e9s<\/h2>\t\t\t\t<\/div>\n\t\t\t\t<\/div>\n\t\t\t\t<div class=\"elementor-element elementor-element-69cb9d0 elementor-widget elementor-widget-text-editor\" data-id=\"69cb9d0\" data-element_type=\"widget\" data-e-type=\"widget\" data-widget_type=\"text-editor.default\">\n\t\t\t\t<div class=\"elementor-widget-container\">\n\t\t\t\t\t\t\t\t\t<p>Prendre 2 \u00e0 3 capsules par jour 10 minutes avant le petit-d\u00e9jeuner avec une boisson, sans les m\u00e2cher.<\/p>\t\t\t\t\t\t\t\t<\/div>\n\t\t\t\t<\/div>\n\t\t\t\t\t<\/div>\n\t\t<\/div>\n\t\t\t\t\t<\/div>\n\t\t<\/section>\n\t\t\t\t<section class=\"elementor-section elementor-top-section elementor-element elementor-element-4c12244 elementor-section-boxed elementor-section-height-default elementor-section-height-default\" data-id=\"4c12244\" data-element_type=\"section\" data-e-type=\"section\">\n\t\t\t\t\t\t<div class=\"elementor-container elementor-column-gap-default\">\n\t\t\t\t\t<div class=\"elementor-column elementor-col-100 elementor-top-column elementor-element elementor-element-0be057d\" data-id=\"0be057d\" data-element_type=\"column\" data-e-type=\"column\">\n\t\t\t<div class=\"elementor-widget-wrap elementor-element-populated\">\n\t\t\t\t\t\t<div class=\"elementor-element elementor-element-101fe2a elementor-widget elementor-widget-heading\" data-id=\"101fe2a\" data-element_type=\"widget\" data-e-type=\"widget\" data-widget_type=\"heading.default\">\n\t\t\t\t<div class=\"elementor-widget-container\">\n\t\t\t\t\t<h2 class=\"elementor-heading-title elementor-size-default\">Remarques<\/h2>\t\t\t\t<\/div>\n\t\t\t\t<\/div>\n\t\t\t\t<div class=\"elementor-element elementor-element-6303d4f elementor-widget elementor-widget-text-editor\" data-id=\"6303d4f\" data-element_type=\"widget\" data-e-type=\"widget\" data-widget_type=\"text-editor.default\">\n\t\t\t\t<div class=\"elementor-widget-container\">\n\t\t\t\t\t\t\t\t\t<p>Les compl\u00e9ments alimentaires ne remplacent pas une alimentation \u00e9quilibr\u00e9e et vari\u00e9e et un mode de vie sain. La dose quotidienne recommand\u00e9e ne doit pas \u00eatre d\u00e9pass\u00e9e.<br \/>Consultez un m\u00e9decin si vous \u00eates enceinte ou si vous allaitez. Conserver hors de port\u00e9e des jeunes enfants. Conservez l'emballage ferm\u00e9 au frais et au sec.<\/p><p>L'emballage est fabriqu\u00e9 en PEHD 100% (poly\u00e9thyl\u00e8ne haute densit\u00e9) et ne contient pas de BPA (bisph\u00e9nol A).<\/p>\t\t\t\t\t\t\t\t<\/div>\n\t\t\t\t<\/div>\n\t\t\t\t\t<\/div>\n\t\t<\/div>\n\t\t\t\t\t<\/div>\n\t\t<\/section>\n\t\t\t\t<section class=\"elementor-section elementor-top-section elementor-element elementor-element-bed1de8 elementor-section-boxed elementor-section-height-default elementor-section-height-default\" data-id=\"bed1de8\" data-element_type=\"section\" data-e-type=\"section\">\n\t\t\t\t\t\t<div class=\"elementor-container elementor-column-gap-default\">\n\t\t\t\t\t<div class=\"elementor-column elementor-col-100 elementor-top-column elementor-element elementor-element-0dd8de5\" data-id=\"0dd8de5\" data-element_type=\"column\" data-e-type=\"column\">\n\t\t\t<div class=\"elementor-widget-wrap elementor-element-populated\">\n\t\t\t\t\t\t<div class=\"elementor-element elementor-element-931bb04 elementor-widget elementor-widget-heading\" data-id=\"931bb04\" data-element_type=\"widget\" data-e-type=\"widget\" data-widget_type=\"heading.default\">\n\t\t\t\t<div class=\"elementor-widget-container\">\n\t\t\t\t\t<h2 class=\"elementor-heading-title elementor-size-default\">Capsules utilis\u00e9es<\/h2>\t\t\t\t<\/div>\n\t\t\t\t<\/div>\n\t\t\t\t<div class=\"elementor-element elementor-element-f40da0d elementor-widget elementor-widget-text-editor\" data-id=\"f40da0d\" data-element_type=\"widget\" data-e-type=\"widget\" data-widget_type=\"text-editor.default\">\n\t\t\t\t<div class=\"elementor-widget-container\">\n\t\t\t\t\t\t\t\t\t<p>Plantcaps\u2122 est la nouvelle g\u00e9n\u00e9ration de g\u00e9lules v\u00e9g\u00e9tales fabriqu\u00e9es \u00e0 partir de Pullulan - un polysaccharide naturel hydrosoluble. Le pullulan est extrait de l'amidon de ma\u00efs par fermentation de la levure.<\/p><p>Le pullulan a \u00e9t\u00e9 syst\u00e9matiquement test\u00e9 pour sa qualit\u00e9 et sa s\u00e9curit\u00e9 et est actuellement de plus en plus utilis\u00e9 dans les produits pharmaceutiques et de consommation.<\/p><p>Les principales caract\u00e9ristiques de Plantcaps\u2122 sont :<\/p>\t\t\t\t\t\t\t\t<\/div>\n\t\t\t\t<\/div>\n\t\t\t\t\t<\/div>\n\t\t<\/div>\n\t\t\t\t\t<\/div>\n\t\t<\/section>\n\t\t\t\t<section class=\"elementor-section elementor-top-section elementor-element elementor-element-32417a0 elementor-section-boxed elementor-section-height-default elementor-section-height-default\" data-id=\"32417a0\" data-element_type=\"section\" data-e-type=\"section\">\n\t\t\t\t\t\t<div class=\"elementor-container elementor-column-gap-default\">\n\t\t\t\t\t<div class=\"elementor-column elementor-col-50 elementor-top-column elementor-element elementor-element-9c21bcd\" data-id=\"9c21bcd\" data-element_type=\"column\" data-e-type=\"column\">\n\t\t\t<div class=\"elementor-widget-wrap elementor-element-populated\">\n\t\t\t\t\t\t<div class=\"elementor-element elementor-element-ec1a288 elementor-icon-list--layout-traditional elementor-list-item-link-full_width elementor-widget elementor-widget-icon-list\" data-id=\"ec1a288\" data-element_type=\"widget\" data-e-type=\"widget\" data-widget_type=\"icon-list.default\">\n\t\t\t\t<div class=\"elementor-widget-container\">\n\t\t\t\t\t\t\t<ul class=\"elementor-icon-list-items\">\n\t\t\t\t\t\t\t<li class=\"elementor-icon-list-item\">\n\t\t\t\t\t\t\t\t\t\t\t<span class=\"elementor-icon-list-icon\">\n\t\t\t\t\t\t\t<i aria-hidden=\"true\" class=\"fas fa-circle\"><\/i>\t\t\t\t\t\t<\/span>\n\t\t\t\t\t\t\t\t\t\t<span class=\"elementor-icon-list-text\">Pur naturel<\/span>\n\t\t\t\t\t\t\t\t\t<\/li>\n\t\t\t\t\t\t\t\t<li class=\"elementor-icon-list-item\">\n\t\t\t\t\t\t\t\t\t\t\t<span class=\"elementor-icon-list-icon\">\n\t\t\t\t\t\t\t<i aria-hidden=\"true\" class=\"fas fa-circle\"><\/i>\t\t\t\t\t\t<\/span>\n\t\t\t\t\t\t\t\t\t\t<span class=\"elementor-icon-list-text\">Sans amidon<\/span>\n\t\t\t\t\t\t\t\t\t<\/li>\n\t\t\t\t\t\t\t\t<li class=\"elementor-icon-list-item\">\n\t\t\t\t\t\t\t\t\t\t\t<span class=\"elementor-icon-list-icon\">\n\t\t\t\t\t\t\t<i aria-hidden=\"true\" class=\"fas fa-circle\"><\/i>\t\t\t\t\t\t<\/span>\n\t\t\t\t\t\t\t\t\t\t<span class=\"elementor-icon-list-text\">Sans gluten<\/span>\n\t\t\t\t\t\t\t\t\t<\/li>\n\t\t\t\t\t\t\t\t<li class=\"elementor-icon-list-item\">\n\t\t\t\t\t\t\t\t\t\t\t<span class=\"elementor-icon-list-icon\">\n\t\t\t\t\t\t\t<i aria-hidden=\"true\" class=\"fas fa-circle\"><\/i>\t\t\t\t\t\t<\/span>\n\t\t\t\t\t\t\t\t\t\t<span class=\"elementor-icon-list-text\">Sans conservateurs<\/span>\n\t\t\t\t\t\t\t\t\t<\/li>\n\t\t\t\t\t\t\t\t<li class=\"elementor-icon-list-item\">\n\t\t\t\t\t\t\t\t\t\t\t<span class=\"elementor-icon-list-icon\">\n\t\t\t\t\t\t\t<i aria-hidden=\"true\" class=\"fas fa-circle\"><\/i>\t\t\t\t\t\t<\/span>\n\t\t\t\t\t\t\t\t\t\t<span class=\"elementor-icon-list-text\">Sans sources g\u00e9n\u00e9tiquement modifi\u00e9es (Non-GMO)<\/span>\n\t\t\t\t\t\t\t\t\t<\/li>\n\t\t\t\t\t\t\t\t<li class=\"elementor-icon-list-item\">\n\t\t\t\t\t\t\t\t\t\t\t<span class=\"elementor-icon-list-icon\">\n\t\t\t\t\t\t\t<i aria-hidden=\"true\" class=\"fas fa-circle\"><\/i>\t\t\t\t\t\t<\/span>\n\t\t\t\t\t\t\t\t\t\t<span class=\"elementor-icon-list-text\">Sans HPMC (Hydroxypropylm\u00e9thylcelluose)<\/span>\n\t\t\t\t\t\t\t\t\t<\/li>\n\t\t\t\t\t\t\t\t<li class=\"elementor-icon-list-item\">\n\t\t\t\t\t\t\t\t\t\t\t<span class=\"elementor-icon-list-icon\">\n\t\t\t\t\t\t\t<i aria-hidden=\"true\" class=\"fas fa-circle\"><\/i>\t\t\t\t\t\t<\/span>\n\t\t\t\t\t\t\t\t\t\t<span class=\"elementor-icon-list-text\">Convient aux diab\u00e9tiques et aux patients ayant un r\u00e9gime alimentaire restreint.<\/span>\n\t\t\t\t\t\t\t\t\t<\/li>\n\t\t\t\t\t\t<\/ul>\n\t\t\t\t\t\t<\/div>\n\t\t\t\t<\/div>\n\t\t\t\t\t<\/div>\n\t\t<\/div>\n\t\t\t\t<div class=\"elementor-column elementor-col-50 elementor-top-column elementor-element elementor-element-e355472\" data-id=\"e355472\" data-element_type=\"column\" data-e-type=\"column\">\n\t\t\t<div class=\"elementor-widget-wrap elementor-element-populated\">\n\t\t\t\t\t\t<div class=\"elementor-element elementor-element-c1ad9d9 elementor-widget elementor-widget-image\" data-id=\"c1ad9d9\" data-element_type=\"widget\" data-e-type=\"widget\" data-widget_type=\"image.default\">\n\t\t\t\t<div class=\"elementor-widget-container\">\n\t\t\t\t\t\t\t\t\t\t\t\t<figure class=\"wp-caption\">\n\t\t\t\t\t\t\t\t\t\t<img fetchpriority=\"high\" decoding=\"async\" width=\"238\" height=\"211\" src=\"https:\/\/smartvital.eu\/wp-content\/uploads\/2021\/01\/plantcaps.jpg\" class=\"attachment-large size-large wp-image-8873\" alt=\"plantcaps\" srcset=\"https:\/\/smartvital.eu\/wp-content\/uploads\/2021\/01\/plantcaps.jpg 238w, https:\/\/smartvital.eu\/wp-content\/uploads\/2021\/01\/plantcaps-14x12.jpg 14w, https:\/\/smartvital.eu\/wp-content\/uploads\/2021\/01\/plantcaps-24x21.jpg 24w, https:\/\/smartvital.eu\/wp-content\/uploads\/2021\/01\/plantcaps-36x32.jpg 36w, https:\/\/smartvital.eu\/wp-content\/uploads\/2021\/01\/plantcaps-48x43.jpg 48w\" sizes=\"(max-width: 238px) 100vw, 238px\" \/>\t\t\t\t\t\t\t\t\t\t\t<figcaption class=\"widget-image-caption wp-caption-text\">Plantcaps<\/figcaption>\n\t\t\t\t\t\t\t\t\t\t<\/figure>\n\t\t\t\t\t\t\t\t\t<\/div>\n\t\t\t\t<\/div>\n\t\t\t\t\t<\/div>\n\t\t<\/div>\n\t\t\t\t\t<\/div>\n\t\t<\/section>\n\t\t\t\t<\/div>","protected":false},"excerpt":{"rendered":"<p>\u00c9nergie Concept est un compl\u00e9ment naturel qui renforce le syst\u00e8me immunitaire, \u00e9quilibre le mauvais cholest\u00e9rol et la pression sanguine, et aide \u00e0 corriger certaines an\u00e9mies. Il est \u00e9galement utilis\u00e9 pour combattre le stress, la nervosit\u00e9 et la fatigue physique. Il est destin\u00e9 aux adultes qui souhaitent renforcer leur sant\u00e9 et augmenter leur \u00e9nergie, leur force et leur endurance.<\/p>","protected":false},"featured_media":8851,"template":"","meta":{"_acf_changed":false},"product_brand":[],"product_cat":[659,16],"product_tag":[601,630,657,629,656,628,631,648,632,655],"class_list":{"0":"post-19","1":"product","2":"type-product","3":"status-publish","4":"has-post-thumbnail","6":"product_cat-producten-3950","7":"product_cat-supplementen","8":"product_tag-energie","9":"product_tag-gezondheid","10":"product_tag-immuunsysteem","11":"product_tag-kracht","12":"product_tag-stressbestendigheid","13":"product_tag-uithoudingsvermogen","14":"product_tag-veerkracht","15":"product_tag-vitaliteit","16":"product_tag-volwassenen","17":"product_tag-weerstand","19":"first","20":"instock","21":"taxable","22":"shipping-taxable","23":"purchasable","24":"product-type-simple"},"acf":[],"tiered_pricing_type":"fixed","tiered_pricing_fixed_rules":[],"tiered_pricing_product_settings":{"layout":"default","base_unit_name":{"singular":null,"plural":null},"default_variation":null},"tiered_pricing_minimum_quantity":null,"tiered_pricing_roles_data":[],"tiered_pricing_percentage_rules":[],"tiered_pricing_maximum_quantity":null,"tiered_pricing_quantity_step":null,"_links":{"self":[{"href":"https:\/\/smartvital.eu\/fr\/wp-json\/wp\/v2\/product\/19","targetHints":{"allow":["GET"]}}],"collection":[{"href":"https:\/\/smartvital.eu\/fr\/wp-json\/wp\/v2\/product"}],"about":[{"href":"https:\/\/smartvital.eu\/fr\/wp-json\/wp\/v2\/types\/product"}],"version-history":[{"count":1,"href":"https:\/\/smartvital.eu\/fr\/wp-json\/wp\/v2\/product\/19\/revisions"}],"predecessor-version":[{"id":64524,"href":"https:\/\/smartvital.eu\/fr\/wp-json\/wp\/v2\/product\/19\/revisions\/64524"}],"wp:featuredmedia":[{"embeddable":true,"href":"https:\/\/smartvital.eu\/fr\/wp-json\/wp\/v2\/media\/8851"}],"wp:attachment":[{"href":"https:\/\/smartvital.eu\/fr\/wp-json\/wp\/v2\/media?parent=19"}],"wp:term":[{"taxonomy":"product_brand","embeddable":true,"href":"https:\/\/smartvital.eu\/fr\/wp-json\/wp\/v2\/product_brand?post=19"},{"taxonomy":"product_cat","embeddable":true,"href":"https:\/\/smartvital.eu\/fr\/wp-json\/wp\/v2\/product_cat?post=19"},{"taxonomy":"product_tag","embeddable":true,"href":"https:\/\/smartvital.eu\/fr\/wp-json\/wp\/v2\/product_tag?post=19"}],"curies":[{"name":"wp","href":"https:\/\/api.w.org\/{rel}","templated":true}]}}